{"id":647,"date":"2025-04-17T13:01:34","date_gmt":"2025-04-17T13:01:34","guid":{"rendered":"https:\/\/paadarauroravillas.com\/?page_id=647"},"modified":"2025-07-14T09:05:22","modified_gmt":"2025-07-14T09:05:22","slug":"husky-safari","status":"publish","type":"page","link":"https:\/\/paadarauroravillas.com\/it\/husky-safari\/","title":{"rendered":"Husky Safari"},"content":{"rendered":"<h2 class=\"wp-block-heading has-kenta-primary-color has-text-color has-link-color wp-elements-a1974cbc4ac430b74b3ff9357ace7c5b\">Husky Safari<\/h2>\n\n\n\n<p class=\"has-text-color has-link-color wp-elements-7e796ccc644a1ed916d76ee46f0bcd49\" style=\"color:#ffffff\"><strong>Su richiesta<\/strong><\/p>\n\n\n\n<p class=\"has-text-color has-link-color wp-elements-b73cef84f6a2707e61b9d072fb800e2d\" style=\"color:#ffffff\">3-5 km<\/p>\n\n\n\n<p class=\"has-text-color has-link-color wp-elements-7589b5493c92a43cf24fe2a25a9cb0d8\" style=\"color:#ffffff\">Durante il giro in slitta, la nostra guida vi insegner\u00e0 innanzitutto a guidare la slitta e vi illustrer\u00e0 le istruzioni di sicurezza per il giro. Vi sar\u00e0 poi data la vostra squadra di husky da guidare sul nostro bellissimo percorso nel paesaggio innevato. Durante la corsa ci sar\u00e0 una pausa e l'opportunit\u00e0 di scattare foto della vostra memorabile esperienza. Al ritorno potrete conoscere i cani, coccolarli e scattare foto con loro. Dopo il giro verranno servite bevande calde all'interno della kota riscaldata e si potr\u00e0 ascoltare la vita di un branco di alaskan husky in Lapponia.<\/p>\n\n\n\n<p class=\"has-text-color has-link-color wp-elements-9c61dea7b66fbfd3a0d2377ab4789cea\" style=\"color:#ffffff\">10 km<\/p>\n\n\n\n<p class=\"has-text-color has-link-color wp-elements-7589b5493c92a43cf24fe2a25a9cb0d8\" style=\"color:#ffffff\">Durante il giro in slitta, la nostra guida vi insegner\u00e0 innanzitutto a guidare la slitta e vi illustrer\u00e0 le istruzioni di sicurezza per il giro. Vi sar\u00e0 poi data la vostra squadra di husky da guidare sul nostro bellissimo percorso nel paesaggio innevato. Durante la corsa ci sar\u00e0 una pausa e l'opportunit\u00e0 di scattare foto della vostra memorabile esperienza. Al ritorno potrete conoscere i cani, coccolarli e scattare foto con loro. Dopo il giro verranno servite bevande calde all'interno della kota riscaldata e si potr\u00e0 ascoltare la vita di un branco di alaskan husky in Lapponia.<\/p>\n\n\n\n<p class=\"has-text-color has-link-color wp-elements-c13d872805e6944166eb26382c658ddb\" style=\"color:#ffffff\">Include bevande calde, caff\u00e8 o t\u00e8 da campo e altri spuntini.<\/p>\n\n\n\n<ul class=\"wp-block-list\">\n<li class=\"has-kenta-primary-active-color has-text-color has-link-color wp-elements-1c3e66cb3c4ca87f43165eb22a3575a4\"><strong>Durata:<\/strong>\u00a02-3 ore (5 km)\n<ul class=\"wp-block-list\">\n<li class=\"has-kenta-primary-active-color has-text-color has-link-color wp-elements-15afe9d98896f732da02b467a764a798\"><strong>Prezzo:<\/strong>\u00a0200 \u20ac a persona (minimo 2 persone)<\/li>\n<\/ul>\n<\/li>\n\n\n\n<li class=\"has-kenta-primary-active-color has-text-color has-link-color wp-elements-f0442444bd702d7308b00ba874fff241\"><strong>Durata:<\/strong>\u00a03-4 ore (10 km)\n<ul class=\"wp-block-list\">\n<li class=\"has-kenta-primary-active-color has-text-color has-link-color wp-elements-83bf253e7be17450edd38e845400247a\"><strong>Prezzo:<\/strong>\u00a0260 \u20ac a persona (minimo 2 persone)<\/li>\n<\/ul>\n<\/li>\n\n\n\n<li class=\"has-kenta-primary-active-color has-text-color has-link-color wp-elements-71b46b2ed6ad09c9f82cdb32edd71dc3\"><a href=\"https:\/\/paadarauroravillas.com\/it\/varausehdot\/\">Termini di prenotazione e cancellazione<\/a><\/li>\n<\/ul>\n\n\n\n<figure class=\"wp-block-image size-large\"><img loading=\"lazy\" decoding=\"async\" width=\"768\" height=\"1024\" src=\"https:\/\/paadarauroravillas.com\/wp-content\/uploads\/2025\/04\/IMG-20240416-WA0010-768x1024.jpg\" alt=\"\" class=\"wp-image-650\" srcset=\"https:\/\/paadarauroravillas.com\/wp-content\/uploads\/2025\/04\/IMG-20240416-WA0010-768x1024.jpg 768w, https:\/\/paadarauroravillas.com\/wp-content\/uploads\/2025\/04\/IMG-20240416-WA0010-225x300.jpg 225w, https:\/\/paadarauroravillas.com\/wp-content\/uploads\/2025\/04\/IMG-20240416-WA0010-1152x1536.jpg 1152w, https:\/\/paadarauroravillas.com\/wp-content\/uploads\/2025\/04\/IMG-20240416-WA0010-9x12.jpg 9w, https:\/\/paadarauroravillas.com\/wp-content\/uploads\/2025\/04\/IMG-20240416-WA0010.jpg 1200w\" sizes=\"auto, (max-width: 768px) 100vw, 768px\" \/><\/figure>\n\n\n\n<p><\/p>\n\n\n\n<p><\/p>","protected":false},"excerpt":{"rendered":"<p>Husky Safari By request 3-5 km On the sled ride our guide will first teach you how to ride a sled and go through the safety instructions for the ride. You will then be given your own team of huskies to drive on our beautiful trail in the snowy scenery. During the ride there will [&hellip;]<\/p>\n","protected":false},"author":2,"featured_media":0,"parent":0,"menu_order":0,"comment_status":"closed","ping_status":"closed","template":"","meta":{"_seopress_robots_primary_cat":"","_seopress_titles_title":"","_seopress_titles_desc":"","_seopress_robots_index":"","site-container-style":"default","site-container-layout":"default","site-sidebar-layout":"default","site-transparent-header":"default","disable-article-header":"default","disable-site-header":"default","disable-site-footer":"default","disable-content-area-spacing":"default","footnotes":""},"class_list":["post-647","page","type-page","status-publish","hentry"],"_links":{"self":[{"href":"https:\/\/paadarauroravillas.com\/it\/wp-json\/wp\/v2\/pages\/647","targetHints":{"allow":["GET"]}}],"collection":[{"href":"https:\/\/paadarauroravillas.com\/it\/wp-json\/wp\/v2\/pages"}],"about":[{"href":"https:\/\/paadarauroravillas.com\/it\/wp-json\/wp\/v2\/types\/page"}],"author":[{"embeddable":true,"href":"https:\/\/paadarauroravillas.com\/it\/wp-json\/wp\/v2\/users\/2"}],"replies":[{"embeddable":true,"href":"https:\/\/paadarauroravillas.com\/it\/wp-json\/wp\/v2\/comments?post=647"}],"version-history":[{"count":8,"href":"https:\/\/paadarauroravillas.com\/it\/wp-json\/wp\/v2\/pages\/647\/revisions"}],"predecessor-version":[{"id":670,"href":"https:\/\/paadarauroravillas.com\/it\/wp-json\/wp\/v2\/pages\/647\/revisions\/670"}],"wp:attachment":[{"href":"https:\/\/paadarauroravillas.com\/it\/wp-json\/wp\/v2\/media?parent=647"}],"curies":[{"name":"wp","href":"https:\/\/api.w.org\/{rel}","templated":true}]}}