{"id":575,"date":"2025-04-16T12:48:56","date_gmt":"2025-04-16T12:48:56","guid":{"rendered":"https:\/\/paadarauroravillas.com\/?page_id=575"},"modified":"2025-04-17T10:39:47","modified_gmt":"2025-04-17T10:39:47","slug":"programma-invernale-di-paadar-aurora-villas","status":"publish","type":"page","link":"https:\/\/paadarauroravillas.com\/it\/paadar-aurora-villas-winter-program\/","title":{"rendered":"Paadar Aurora Villas Winter Program"},"content":{"rendered":"<h1 class=\"wp-block-heading has-kenta-primary-color has-text-color has-link-color wp-elements-6c4f803461118240a348f823274de89f\"><strong>Panoramica del programma Northern Lights Paadar Aurora Villas:<\/strong><\/h1>\n\n\n\n<p>Portate i vostri cari in una fuga romantica e attiva dalla vita frenetica di tutti i giorni. Sperimentate un soggiorno unico alle Paadar Aurora Villas per osservare la danza dell'aurora boreale nei cieli bui. Con un'ampia scelta di attivit\u00e0 come (link) <strong>safari in motoslitta, vita quotidiana di un pastore di renne, escursioni con le racchette da neve, pesca nel ghiaccio artico<\/strong>e l'inseguimento dell'aurora boreale, vivrete un'esperienza davvero unica nel paese delle meraviglie invernali, in un ambiente selvaggio, unico e romantico che si trova solo nella Lapponia finlandese.<\/p>\n\n\n\n<p class=\"has-kenta-primary-active-color has-text-color has-link-color wp-elements-e52fa8fa9b02480623c7726d5f61fc4b\">Il prezzo \u00e8 per <strong>\"<\/strong><strong>Avventure nell'Artico e aurora boreale\". <\/strong>safari \u20ac<strong> 990 per persona<\/strong>\u00a0in base alla disponibilit\u00e0.\u00a0<\/p>\n\n\n\n<p>*Le attivit\u00e0 all'aperto dipendono dal tempo, soprattutto all'inizio della stagione (novembre) e alla fine della stagione (aprile).<\/p>\n\n\n\n<p class=\"has-kenta-primary-active-color has-text-color has-link-color wp-elements-4ad91df2d717d001ba183f76c3970e67\"><strong>Itinerario del tour:<\/strong><\/p>\n\n\n\n<h2 class=\"wp-block-heading has-kenta-primary-color has-text-color has-link-color wp-elements-5b9afc6e751529abb79e55c911a544d4\"><strong>Giorno 1: Benvenuti a Paadar Aurora Villas<\/strong><\/h2>\n\n\n\n<p>Ville Paadar Aurora<strong>&nbsp;<\/strong>\u00e8 un rifugio selvaggio unico nel suo genere, che offre una miscela perfetta di natura artica e comfort moderno, il tutto progettato per massimizzare la vista dell'aurora boreale. Il Paadar Aurora Villas offre una serie di attivit\u00e0 invernali come slitte trainate da husky, motoslitte e renne. Il Paadar Aurora Villas assicura un soggiorno indimenticabile nella Lapponia finlandese.<\/p>\n\n\n\n<h2 class=\"wp-block-heading has-kenta-primary-color has-text-color has-link-color wp-elements-19962b6c16fd14845a4ab12fe83b8c86\"><strong>Giorno 2 e seguenti: Avventure artiche e aurora boreale<\/strong><\/h2>\n\n\n\n<p>Le ville Paadar Aurora offrono una vasta gamma di attivit\u00e0: escursioni con le racchette da neve, pesca sul ghiaccio, inseguimento dell'aurora boreale, safari con le renne e in motoslitta. Consultate l'elenco separato delle attivit\u00e0 in modo da poter scegliere in anticipo o un programma gi\u00e0 pronto per rigenerarsi per il mondo esterno.<\/p>\n\n\n\n<p>Soggiornare in una Paadar Aurora Villa \u00e8 un'opportunit\u00e0 straordinaria per vivere l'aurora boreale come mai prima d'ora, con bellissime cabine dotate di sauna e jacuzzi all'aperto con una vista senza ostacoli dell'aurora boreale attraverso le finestre della villa o dall'esterno della calda jacuzzi.<\/p>\n\n\n\n<p><strong><\/strong><strong> &nbsp; <\/strong><strong>Programma Paadar Aurora Villas<\/strong><\/p>\n\n\n\n<p class=\"has-kenta-primary-active-color has-text-color has-link-color wp-elements-254c9fffa986c67720ae885536b690c1\"><strong>Abbiamo incluso nel prezzo di \"Avventure artiche e aurora boreale\":<\/strong><\/p>\n\n\n\n<h3 class=\"wp-block-heading has-kenta-primary-color has-text-color has-link-color wp-elements-9f2edcfcfeb4c380944f337f0437d152\"><strong>Safari in motoslitta:<\/strong><\/h3>\n\n\n\n<p>Cavalcate nella natura selvaggia dell'Artico in un'emozionante avventura in motoslitta! Attraversate foreste coperte di brina e paludi ghiacciate, ogni stagione rivela il suo fascino unico. Sentite la serenit\u00e0 dei paesaggi incontaminati della Lapponia mentre percorrete sentieri tortuosi, lasciandovi alle spalle le preoccupazioni quotidiane. Questo \u00e8 un viaggio indimenticabile nel paese delle meraviglie invernali della natura!<\/p>\n\n\n\n<h3 class=\"wp-block-heading has-kenta-primary-color has-text-color has-link-color wp-elements-a13366e95507d97089f24e0539d24128\"><strong>La vita quotidiana di un allevatore di renne:<\/strong><\/h3>\n\n\n\n<p>Assaporate un \"assaggio\" della vita quotidiana dei pastori di renne, partecipando all'alimentazione delle renne nella natura selvaggia. Il tour inizia con un breve trasferimento in auto alla fattoria e prosegue con una slitta in motoslitta fino alla mandria di renne. Il pastore di renne guider\u00e0 la motoslitta mentre voi potrete godervi il paesaggio dalla slitta. Dare da mangiare alle renne \u00e8 l'occasione perfetta per osservare questi animali pacifici. Mentre osservate le renne, godetevi un'accogliente pausa caff\u00e8 intorno al fuoco aperto. Questo \u00e8 un momento di tranquillit\u00e0 per le renne e i pastori insieme; una vita autentica e reale!<\/p>\n\n\n\n<h3 class=\"wp-block-heading has-kenta-primary-color has-text-color has-link-color wp-elements-ebd5b6542e0f1e265a2451486730c118\"><strong>Husky Safari:<\/strong><\/h3>\n\n\n\n<p>Scoprite la magia della Lapponia durante un safari con gli husky di 5-10 km (3 miglia)! Incontrate i cani entusiasti, scattate foto e imparate a conoscere il loro stile di vita artico prima di ricevere una guida esperta da parte di mushers esperti. Poi, prendete il controllo della vostra slitta mentre gli husky corrono attraverso i paesaggi innevati mozzafiato.<\/p>\n\n\n\n<h3 class=\"wp-block-heading has-kenta-primary-color has-text-color has-link-color wp-elements-b69762844dc5e56dbe8f66e65af69d25\"><strong>Pesca nel ghiaccio artico<\/strong><\/h3>\n\n\n\n<p>Godetevi una giornata divertente al lago Paatari, a soli dieci minuti a nord di Villa Paadari, dove imparerete le basi della tradizionale pesca invernale e vi concederete un pasto delizioso!<\/p>\n\n\n\n<p>Le nostre guide esperte vi insegneranno le autentiche tecniche di pesca sul ghiaccio lapponi, che includono:<\/p>\n\n\n\n<ul class=\"wp-block-list\">\n<li>Perforazione del ghiaccio (\"kairaaminen\")<\/li>\n\n\n\n<li>Pesca tradizionale sul ghiaccio (\"pilkkiminen\")<\/li>\n\n\n\n<li>Pesca con reti sotto il ghiaccio (\"juomustus\")<\/li>\n\n\n\n<li>Dimostrazione di preparazione del pesce<\/li>\n\n\n\n<li>Snack e posto per riscaldarsi<\/li>\n\n\n\n<li>Visita alla sauna tradizionale finlandese al fumo<\/li>\n<\/ul>\n\n\n\n<p>Questa esperienza \u00e8 perfetta per amici, coppie e famiglie. I bambini possono divertirsi con attivit\u00e0 come lo slittino e il kick sledding, assicurando a tutti un'esperienza memorabile.<\/p>\n\n\n\n<p>Le nostre acque fredde e limpide rendono il pesce incredibilmente fresco. Unitevi a noi in questa incredibile esperienza invernale.<\/p>","protected":false},"excerpt":{"rendered":"<p>Overview of the Northern Lights Paadar Aurora Villas Program: Take your loved ones on a romantic and active get-away from the busy everyday life. Experience a unique stay at Paadar Aurora Villas to watch the&nbsp;Northern Lights dance across the dark skies. With a wide selection of activities such as (links) snowmobile safaris, A reindeer herder&#8217;s [&hellip;]<\/p>\n","protected":false},"author":1,"featured_media":0,"parent":0,"menu_order":0,"comment_status":"closed","ping_status":"closed","template":"","meta":{"_seopress_robots_primary_cat":"","_seopress_titles_title":"Northern Lights Paadar Aurora Villas Program","_seopress_titles_desc":"Take your loved ones on a romantic and active get-away from the busy everyday life. Experience a unique stay at Paadar Aurora Villas to watch the\u00a0Northern Lights dance across the dark skies. With a wide selection of activities such as (links) snowmobile safaris, A reindeer herder's everyday life, snowshoeing,\u00a0Arctic icefishing, and northern lights chasing, you will experience a truly unique winter wonderland setting in the beautiful, unique and romantic wilderness surroundings only found in Finnish Lapland.","_seopress_robots_index":"","site-container-style":"default","site-container-layout":"default","site-sidebar-layout":"default","site-transparent-header":"default","disable-article-header":"default","disable-site-header":"default","disable-site-footer":"default","disable-content-area-spacing":"default","footnotes":""},"class_list":["post-575","page","type-page","status-publish","hentry"],"_links":{"self":[{"href":"https:\/\/paadarauroravillas.com\/it\/wp-json\/wp\/v2\/pages\/575","targetHints":{"allow":["GET"]}}],"collection":[{"href":"https:\/\/paadarauroravillas.com\/it\/wp-json\/wp\/v2\/pages"}],"about":[{"href":"https:\/\/paadarauroravillas.com\/it\/wp-json\/wp\/v2\/types\/page"}],"author":[{"embeddable":true,"href":"https:\/\/paadarauroravillas.com\/it\/wp-json\/wp\/v2\/users\/1"}],"replies":[{"embeddable":true,"href":"https:\/\/paadarauroravillas.com\/it\/wp-json\/wp\/v2\/comments?post=575"}],"version-history":[{"count":4,"href":"https:\/\/paadarauroravillas.com\/it\/wp-json\/wp\/v2\/pages\/575\/revisions"}],"predecessor-version":[{"id":630,"href":"https:\/\/paadarauroravillas.com\/it\/wp-json\/wp\/v2\/pages\/575\/revisions\/630"}],"wp:attachment":[{"href":"https:\/\/paadarauroravillas.com\/it\/wp-json\/wp\/v2\/media?parent=575"}],"curies":[{"name":"wp","href":"https:\/\/api.w.org\/{rel}","templated":true}]}}