{"id":570,"date":"2025-04-16T12:42:53","date_gmt":"2025-04-16T12:42:53","guid":{"rendered":"https:\/\/paadarauroravillas.com\/?page_id=570"},"modified":"2025-04-16T12:42:53","modified_gmt":"2025-04-16T12:42:53","slug":"escursioni-sul-sentiero-juutua","status":"publish","type":"page","link":"https:\/\/paadarauroravillas.com\/it\/hiking-on-the-juutua-trail\/","title":{"rendered":"Escursione sul sentiero Juutua"},"content":{"rendered":"<div style=\"height:17px\" aria-hidden=\"true\" class=\"wp-block-spacer\"><\/div>\n\n\n\n<h2 class=\"wp-block-heading has-kenta-primary-color has-text-color has-link-color wp-elements-00d1dd76269e1b1fbcd66f904aa10550\"><strong>Escursione sul sentiero Juutua<\/strong><\/h2>\n\n\n\n<p class=\"has-text-color has-link-color wp-elements-30fc74e88c64f636dbc199cb25303f6b\" style=\"color:#fffefe\"><strong>Su richiesta<\/strong><\/p>\n\n\n\n<p class=\"has-text-color has-link-color wp-elements-9b69127fd91aa411e8924f4c1a7147f1\" style=\"color:#fffefe\">Godetevi l'escursione lungo il sentiero Juutua (6,3 km): Ascoltate le rapide del fiume Juutua, gustate uno spuntino al rifugio sul fiume e attraversate le acque ruggenti di J\u00e4niskoski attraverso un ponte sospeso. Il fiume Juutua \u00e8 uno dei migliori fiumi d'Europa per le trote.<\/p>\n\n\n\n<p class=\"has-text-color has-link-color wp-elements-04e549dff8939ff26f82f5e0ad75e3f3\" style=\"color:#ffffff\">Le magnifiche rapide di J\u00e4niskoski stupiscono i visitatori tutto l'anno. L'acqua scorre con una tale forza che le rapide non si ghiacciano mai, nemmeno durante il pi\u00f9 freddo gelo invernale. Un ponte sospeso attraversa lo J\u00e4niskoski e, dopo aver attraversato il fiume, si pu\u00f2 ammirare il torrente da un rifugio in riva al fiume. Il rifugio, situato a met\u00e0 del percorso, \u00e8 il luogo ideale per una pausa.<\/p>\n\n\n\n<p class=\"has-text-color has-link-color wp-elements-760b2be5ac8700eda43dc366fd5d1360\" style=\"color:#ffffff\">Il sentiero di Juutua \u00e8 perfetto per le famiglie e si adatta agli escursionisti di tutti i tipi. La parte meridionale del sentiero \u00e8 illuminata e tenuta aperta durante l'inverno, con ampi sentieri di ghiaia che la rendono accessibile a passeggini e sedie a rotelle. La parte settentrionale, invece, \u00e8 illuminata solo dalla luce naturale e presenta sentieri stretti attraverso fitte foreste.<\/p>\n\n\n\n<p class=\"has-text-color has-link-color wp-elements-24f19afaeb0d2805de543ecb32c19637\" style=\"color:#fffefe\">Le rive di Juutua sono sempre state un'ancora di salvezza per le popolazioni, fornendo ricche catture di pesce e storie raccontate tra le pietre del fiume. Il percorso comprende tavole naturalistiche progettate per ispirare un apprezzamento pi\u00f9 profondo dell'ambiente circostante. Le illustrazioni sono realizzate dall'artista di Inari Merja Aletta Ranttila.<\/p>\n\n\n\n<ul class=\"wp-block-list\">\n<li class=\"has-kenta-primary-active-color has-text-color has-link-color wp-elements-e5998741592f615ccf6ba10a1f40f7c8\"><strong>Durata:<\/strong> 3 ore<\/li>\n<\/ul>\n\n\n\n<ul class=\"wp-block-list\">\n<li class=\"has-kenta-primary-active-color has-text-color has-link-color wp-elements-460cecf1e5577535c7c4ff6979814c18\"><strong>Prezzo:<\/strong> 50 \u20ac per persona\/trasporto (massimo 4 persone\/minimo 2 persone per direzione)<\/li>\n<\/ul>\n\n\n\n<ul class=\"wp-block-list\">\n<li class=\"has-kenta-primary-active-color has-text-color has-link-color wp-elements-71b46b2ed6ad09c9f82cdb32edd71dc3\"><a href=\"https:\/\/paadarauroravillas.com\/it\/varausehdot\/\">Termini di prenotazione e cancellazione<\/a><\/li>\n<\/ul>\n\n\n\n<div class=\"wp-block-columns is-layout-flex wp-container-core-columns-is-layout-28f84493 wp-block-columns-is-layout-flex\">\n<div class=\"wp-block-column is-layout-flow wp-block-column-is-layout-flow\">\n<figure class=\"wp-block-image\"><img decoding=\"async\" src=\"https:\/\/lh7-rt.googleusercontent.com\/docsz\/AD_4nXdyA6gADZyOqPNzKdb46Stq_eEtG6vdLv2l8ZnTm7TosHOH-kM2K56nNyQbFoSuylET0r10XyniurONdg1cCslowRGB9C1mjTfARnzZ6F3KBZTlRcUrvSC54zpJ0cdhTo2iJWg5zg?key=QuGAegPTcuiA9rDIhmqy6zPe\" alt=\"Una persona con un cappello rosso su una barca I contenuti generati dall&#039;AI possono essere errati.\"\/><\/figure>\n<\/div>\n\n\n\n<div class=\"wp-block-column is-layout-flow wp-block-column-is-layout-flow\">\n<figure class=\"wp-block-image\"><img decoding=\"async\" src=\"https:\/\/lh7-rt.googleusercontent.com\/docsz\/AD_4nXe-HX0Q4VbgaiLepDzJOa3-s7WnglX4WJPQDNFMmybAHYdvvpK4X-YUSouWkm94ysKv_yfl4m9rXS6s8qKoOxj7ih91riOA__WFXQlAKz99SsbutpuhPLyGhuLpYoiCVCFoRViuGQ?key=QuGAegPTcuiA9rDIhmqy6zPe\" alt=\"Uno specchio d&#039;acqua con nuvole e cielo blu I contenuti generati dall&#039;AI possono essere errati.\"\/><\/figure>\n<\/div>\n<\/div>\n\n\n\n<p><\/p>","protected":false},"excerpt":{"rendered":"<p>Hiking on the Juutua Trail By request Enjoy hiking along the Juutua Trail (6.3 km): Listen to the whitewater rapids of Juutua River, savor snacks at the riverside shelter, and cross over J\u00e4niskoski&#8217;s roaring waters via a suspension bridge. Juutua River is one of Europe&#8217;s best trout rivers. J\u00e4niskoski&#8217;s magnificent rapids amaze visitors year-round. The [&hellip;]<\/p>\n","protected":false},"author":1,"featured_media":0,"parent":0,"menu_order":0,"comment_status":"closed","ping_status":"closed","template":"","meta":{"_seopress_robots_primary_cat":"","_seopress_titles_title":"","_seopress_titles_desc":"","_seopress_robots_index":"","site-container-style":"default","site-container-layout":"default","site-sidebar-layout":"default","site-transparent-header":"default","disable-article-header":"default","disable-site-header":"default","disable-site-footer":"default","disable-content-area-spacing":"default","footnotes":""},"class_list":["post-570","page","type-page","status-publish","hentry"],"_links":{"self":[{"href":"https:\/\/paadarauroravillas.com\/it\/wp-json\/wp\/v2\/pages\/570","targetHints":{"allow":["GET"]}}],"collection":[{"href":"https:\/\/paadarauroravillas.com\/it\/wp-json\/wp\/v2\/pages"}],"about":[{"href":"https:\/\/paadarauroravillas.com\/it\/wp-json\/wp\/v2\/types\/page"}],"author":[{"embeddable":true,"href":"https:\/\/paadarauroravillas.com\/it\/wp-json\/wp\/v2\/users\/1"}],"replies":[{"embeddable":true,"href":"https:\/\/paadarauroravillas.com\/it\/wp-json\/wp\/v2\/comments?post=570"}],"version-history":[{"count":1,"href":"https:\/\/paadarauroravillas.com\/it\/wp-json\/wp\/v2\/pages\/570\/revisions"}],"predecessor-version":[{"id":573,"href":"https:\/\/paadarauroravillas.com\/it\/wp-json\/wp\/v2\/pages\/570\/revisions\/573"}],"wp:attachment":[{"href":"https:\/\/paadarauroravillas.com\/it\/wp-json\/wp\/v2\/media?parent=570"}],"curies":[{"name":"wp","href":"https:\/\/api.w.org\/{rel}","templated":true}]}}