{"id":520,"date":"2025-04-16T12:02:49","date_gmt":"2025-04-16T12:02:49","guid":{"rendered":"https:\/\/paadarauroravillas.com\/?page_id=520"},"modified":"2025-04-17T11:36:50","modified_gmt":"2025-04-17T11:36:50","slug":"programma-estivo-autunnale","status":"publish","type":"page","link":"https:\/\/paadarauroravillas.com\/it\/summer-autumn-program\/","title":{"rendered":"Pacchetti Estate&amp;Autunno"},"content":{"rendered":"<h1 class=\"wp-block-heading has-kenta-primary-color has-text-color has-link-color wp-elements-b030eeb38fefa716681afc484409e79d\"><strong>Panoramica del programma Mid Sun Paadar Aurora Villas:<\/strong><\/h1>\n\n\n\n<p>Portate i vostri cari in una fuga romantica e attiva dalla vita frenetica di tutti i giorni. Sperimentate un soggiorno unico al Paadar Aurora Villas per vivere il sole di mezza notte. Con un'ampia scelta di attivit\u00e0 come (link) <strong>Gita in barca sul lago Paadar, gita in barca per la pesca e il fiume, Huskies, Siida ja Crociera ed escursione sul lago Inari<\/strong>Vivrete un'esperienza davvero unica nel paese delle meraviglie estive, in un ambiente selvaggio, unico e romantico che si trova solo nella Lapponia finlandese.<\/p>\n\n\n\n<p class=\"has-kenta-primary-active-color has-text-color has-link-color wp-elements-23fb947a469d0180593f736b180c0a37\">Il prezzo \u00e8 per <strong>\"Avventure estive e sole di mezza notte\" <\/strong>\u20ac<strong> 890 per persona<\/strong>\u00a0in base alla disponibilit\u00e0.\u00a0<\/p>\n\n\n\n<p>*Le attivit\u00e0 estive dipendono dal tempo&nbsp;<\/p>\n\n\n\n<p class=\"has-kenta-primary-active-color has-text-color has-link-color wp-elements-4ad91df2d717d001ba183f76c3970e67\"><strong>Itinerario del tour:<\/strong><\/p>\n\n\n\n<h2 class=\"wp-block-heading has-kenta-primary-color has-text-color has-link-color wp-elements-5b9afc6e751529abb79e55c911a544d4\"><strong>Giorno 1: Benvenuti a Paadar Aurora Villas<\/strong><\/h2>\n\n\n\n<p>Ville Paadar Aurora<strong>&nbsp;<\/strong>\u00e8 un rifugio selvaggio unico nel suo genere che offre un perfetto connubio tra natura e comfort moderno, il tutto progettato per massimizzare la vista sul sole di mezzanotte. Il Paadar Aurora Villas offre una serie di attivit\u00e0 estive come gite in barca sul lago Paadar, battute di pesca, escursioni con gli husky e crociere sul lago Inari. Il Paadar Aurora Villas assicura un soggiorno indimenticabile nella Lapponia finlandese.<\/p>\n\n\n\n<h2 class=\"wp-block-heading has-kenta-primary-color has-text-color has-link-color wp-elements-f3d8feea5d4e70adf11d39532787b41b\"><strong>Giorno 2 e seguenti: Avventure estive e sole di mezza notte<\/strong>&nbsp;<\/h2>\n\n\n\n<p>Le Ville Paadar Aurora offrono una vasta gamma di attivit\u00e0 estive. Consultate l'elenco separato delle attivit\u00e0 e dei servizi, in modo da poter scegliere in anticipo o con un programma gi\u00e0 pronto, come sotto riportato, per rigenerarsi per il mondo esterno.<\/p>\n\n\n\n<p>Soggiornare in una Villa Paadar Aurora \u00e8 un'opportunit\u00e0 straordinaria per sperimentare il Sole di Mezzanotte come mai prima d'ora, con bellissime cabine dotate di sauna e jacuzzi all'aperto con una vista senza ostacoli del Sole di Mezzanotte attraverso le finestre della Villa o dall'esterno della calda jacuzzi.<\/p>\n\n\n\n<p><strong><\/strong><strong> &nbsp; <\/strong><strong>Programma Paadar Aurora Villas<\/strong><\/p>\n\n\n\n<p class=\"has-kenta-primary-active-color has-text-color has-link-color wp-elements-88bd20e3df5f5c8fbfac99be9b391b1c\"><strong>Abbiamo incluso nel prezzo \"Avventure estive e sole di mezza notte\":<\/strong><\/p>\n\n\n\n<h3 class=\"wp-block-heading has-kenta-primary-color has-text-color has-link-color wp-elements-171160b7b5b647c6336e2ac2bcf0ff7e\">Crociera sul lago Paadar, avventura di pesca o crociera al sole di mezzanotte<\/h3>\n\n\n\n<p>Scoprite lo splendido lago Paadar con un tour guidato in barca. Durante la navigazione, sarete affascinati dalla serena bellezza di questo lago selvaggio, con le sue spiagge sabbiose lungo il fiume Lemmenjoki e gli edifici storici sulla riva che riflettono un modo di vivere ricco e vario. Faremo una pausa per un caff\u00e8 e uno spuntino prima di continuare il nostro viaggio.<\/p>\n\n\n\n<h3 class=\"wp-block-heading has-kenta-primary-color has-text-color has-link-color wp-elements-736b55318bd70254181d01ba1dffcfe8\"><strong>Huskies<\/strong><\/h3>\n\n\n\n<p>un'avventura con gli husky, dove i nostri cani vi condurranno nelle profondit\u00e0 della natura selvaggia della Lapponia finlandese, mostrandovi la bellezza mozzafiato della regione. Ogni ospite sar\u00e0 abbinato al proprio compagno husky per la passeggiata, con la nostra guida esperta a fare da guida. Anche i nostri cani pi\u00f9 anziani non vedono l'ora di unirsi al branco, godendo delle attenzioni e dell'affetto che ricevono durante il viaggio. Durante l'escursione, faremo una pausa per gustare snack e bevande, mentre la guida condivider\u00e0 affascinanti approfondimenti sulla vita dei nostri amati husky.<\/p>\n\n\n\n<h3 class=\"wp-block-heading has-kenta-primary-color has-text-color has-link-color wp-elements-7b94c6b6c31c385f7d83cf34f1ec6efe\"><strong>Crociera SIIDA e Lago Inari:&nbsp;<\/strong><\/h3>\n\n\n\n<p>Visitate da soli Siida - il Museo S\u00e1mi e il Centro visitatori della Lapponia. Le mostre mostrano come la natura e l'uomo si siano adattati alle condizioni estreme dell'ambiente nordico. Fotografie, video, diorami, paesaggi sonori e oggetti originali vi guideranno attraverso le stagioni e il passato.&nbsp;<\/p>\n\n\n\n<p>Imbarcatevi per una crociera sul Lago Inari, un lago selvaggio e incontaminato con 3.318 isole. Durante il viaggio, visiterete la famosa isola di \"Ukko\" (\u00c4ijih), un antico sito sacro un tempo utilizzato per i rituali sacrificali S\u00e1mi.<\/p>\n\n\n\n<h3 class=\"wp-block-heading has-kenta-primary-color has-text-color has-link-color wp-elements-b60f85008958c0f6aebbda4629edc60a\"><strong>Escursione al Parco Nazionale di Lemmenjoki<\/strong><\/h3>\n\n\n\n<p>Possibilit\u00e0 di visitare il centro informazioni del parco.&nbsp;<\/p>\n\n\n\n<p>Sentiero naturale di Lemmenjoki 4,5 km: parte da Njurkulahti e segue il corso del fiume Lemmenjoki. All'inizio del percorso si trovano vecchie fosse per la caccia al cervo e formazioni di creste. Dopo pochi chilometri il percorso svolta verso est e si snoda attraverso dolci foreste di pini per tornare al punto di partenza. Sono presenti un sito per il fuoco e pannelli informativi.<\/p>\n\n\n\n<p><\/p>","protected":false},"excerpt":{"rendered":"<p>Overview of the Mid Sun Paadar Aurora Villas Program: Take your loved ones on a romantic and active get-away from the busy everyday life. Experience a unique stay at Paadar Aurora Villas to experience the Mid Night Sun. With a wide selection of activities such as (links) Lake Paadar boat trip, Fishing and river boat [&hellip;]<\/p>\n","protected":false},"author":1,"featured_media":0,"parent":0,"menu_order":0,"comment_status":"closed","ping_status":"closed","template":"","meta":{"_seopress_robots_primary_cat":"","_seopress_titles_title":"The Mid Sun Paadar Aurora Villas Program","_seopress_titles_desc":"Experience a unique stay at Paadar Aurora Villas to experience the Mid Night Sun. With a wide selection of activities such as (links) Lake Paadar boat trip, Fishing and river boat trip, Huskiis, Siida ja Lake Inari Cruising and hiking trip, you will experience a truly unique summer wonderland setting in the beautiful, unique and romantic wilderness surroundings only found in Finnish Lapland.","_seopress_robots_index":"","site-container-style":"default","site-container-layout":"default","site-sidebar-layout":"default","site-transparent-header":"default","disable-article-header":"default","disable-site-header":"default","disable-site-footer":"default","disable-content-area-spacing":"default","footnotes":""},"class_list":["post-520","page","type-page","status-publish","hentry"],"_links":{"self":[{"href":"https:\/\/paadarauroravillas.com\/it\/wp-json\/wp\/v2\/pages\/520","targetHints":{"allow":["GET"]}}],"collection":[{"href":"https:\/\/paadarauroravillas.com\/it\/wp-json\/wp\/v2\/pages"}],"about":[{"href":"https:\/\/paadarauroravillas.com\/it\/wp-json\/wp\/v2\/types\/page"}],"author":[{"embeddable":true,"href":"https:\/\/paadarauroravillas.com\/it\/wp-json\/wp\/v2\/users\/1"}],"replies":[{"embeddable":true,"href":"https:\/\/paadarauroravillas.com\/it\/wp-json\/wp\/v2\/comments?post=520"}],"version-history":[{"count":4,"href":"https:\/\/paadarauroravillas.com\/it\/wp-json\/wp\/v2\/pages\/520\/revisions"}],"predecessor-version":[{"id":638,"href":"https:\/\/paadarauroravillas.com\/it\/wp-json\/wp\/v2\/pages\/520\/revisions\/638"}],"wp:attachment":[{"href":"https:\/\/paadarauroravillas.com\/it\/wp-json\/wp\/v2\/media?parent=520"}],"curies":[{"name":"wp","href":"https:\/\/api.w.org\/{rel}","templated":true}]}}