{"id":240,"date":"2024-04-22T09:16:34","date_gmt":"2024-04-22T09:16:34","guid":{"rendered":"https:\/\/paadarauroravillas.com\/?page_id=240"},"modified":"2024-05-23T10:07:18","modified_gmt":"2024-05-23T10:07:18","slug":"dichiarazione-sulla-privacy","status":"publish","type":"page","link":"https:\/\/paadarauroravillas.com\/it\/privacy-statement\/","title":{"rendered":"Informativa sulla privacy"},"content":{"rendered":"<p><strong>Questo \u00e8 il registro e la dichiarazione sulla privacy di Paadar Aurora Villas in conformit\u00e0 con il Regolamento generale sulla protezione dei dati (GDPR) dell'UE. Creato il 23.05.2024. Ultima modifica 23.05.2024.<\/strong><\/p>\n\n\n\n<ol class=\"wp-block-list\">\n<li><strong>Titolare del trattamento dei dati<\/strong><br><strong>TK Kimara<\/strong>, <strong>Rantalantie 52 A<\/strong>, <strong>91600 Utaj\u00e4rvi<\/strong><\/li>\n\n\n\n<li><strong>Persona di contatto responsabile del registro<br><\/strong>Tero Kemil\u00e4, sales@paadarauroravillas.com<\/li>\n\n\n\n<li><strong>Nome del registro<br><\/strong>Registro clienti, registro marketing<\/li>\n\n\n\n<li><strong>Base giuridica e finalit\u00e0 del trattamento dei dati personali<br><\/strong>La base giuridica per il trattamento dei dati personali ai sensi del Regolamento generale sulla protezione dei dati dell'UE \u00e8:<br>- Consenso della persona<br>Lo scopo del trattamento dei dati personali \u00e8 quello di comunicare con i clienti e il marketing<br>I dati non sono utilizzati per processi decisionali automatizzati o per la profilazione.<\/li>\n\n\n\n<li><strong>Contenuto dei dati del registro<br><\/strong>Le informazioni memorizzate nel registro comprendono: nome della persona, posizione, societ\u00e0\/organizzazione, informazioni di contatto (numero di telefono, indirizzo e-mail) indirizzi di siti web, indirizzo IP della connessione di rete, ID\/profili nei servizi di social media, informazioni sui servizi ordinati e sulle loro modifiche, informazioni di fatturazione, altre informazioni relative al rapporto con il cliente e ai servizi ordinati.<br><br>Il periodo massimo di archiviazione dei dati \u00e8 di un anno.<br><br>Gli indirizzi IP dei visitatori del sito web e i cookie necessari per le funzioni del servizio sono trattati sulla base di un interesse legittimo, ad esempio per garantire la sicurezza dei dati e raccogliere informazioni statistiche sui visitatori del sito web nei casi in cui possono essere considerati dati personali. Se necessario, il consenso verr\u00e0 richiesto separatamente per i cookie di terze parti.<\/li>\n\n\n\n<li><strong>Fonti di informazione regolari<br><\/strong>Le informazioni memorizzate nel registro sono ottenute dal cliente, ad esempio tramite messaggi inviati tramite moduli web, e-mail, telefono, servizi di social media, contratti, incontri con i clienti e altre situazioni in cui il cliente rivela i propri dati.<br>Le informazioni sulle persone di contatto di aziende e altre organizzazioni possono essere raccolte anche da fonti pubbliche, come siti web, servizi di directory e altre aziende.<\/li>\n\n\n\n<li><strong>Divulgazione regolare di dati e trasferimento di dati al di fuori dell'UE o del SEE<\/strong><br>I dati non vengono regolarmente divulgati ad altre parti. Le informazioni possono essere pubblicate nella misura concordata con il cliente.<br>I dati possono anche essere trasferiti dal responsabile del trattamento al di fuori dell'UE o del SEE.<br>Il sito web utilizza Google Analytics.<\/li>\n\n\n\n<li><strong>Principi di protezione del registro<br><\/strong>Il registro viene gestito con cura e i dati elaborati con l'aiuto dei sistemi informatici sono protetti in modo adeguato. Quando i dati del registro vengono archiviati su server Internet, la sicurezza fisica e digitale del loro hardware viene curata in modo appropriato.<br>Il responsabile del trattamento garantisce che i dati memorizzati, i diritti di accesso al server e altre informazioni critiche per la sicurezza dei dati personali siano trattati in modo confidenziale e solo dai dipendenti a cui appartengono.<\/li>\n\n\n\n<li><strong>Diritto di ispezione e diritto di richiedere la correzione dei dati<br><\/strong>Ogni persona iscritta nel registro ha il diritto di verificare i propri dati memorizzati nel registro e di richiedere la correzione di eventuali dati errati o il completamento di dati incompleti. Se una persona desidera verificare i dati memorizzati su di lei o chiederne la correzione, la richiesta deve essere inviata per iscritto al responsabile del trattamento. Se necessario, il responsabile del trattamento pu\u00f2 chiedere al richiedente di dimostrare la propria identit\u00e0. Il responsabile del trattamento risponder\u00e0 al cliente entro il termine stabilito dal Regolamento generale sulla protezione dei dati dell'UE (di solito entro un mese).<br><\/li>\n\n\n\n<li><strong>Altri diritti relativi al trattamento dei dati personali<br><\/strong>Una persona iscritta nel registro ha il diritto di richiedere la rimozione dei dati personali che la riguardano dal registro (\"diritto all'oblio\"). Gli interessati hanno anche altri diritti ai sensi del Regolamento generale sulla protezione dei dati dell'UE, come quello di limitare il trattamento dei dati personali in determinate situazioni. Le richieste devono essere inviate per iscritto al responsabile del trattamento. Se necessario, il responsabile del trattamento pu\u00f2 chiedere al richiedente di dimostrare la propria identit\u00e0. Il responsabile del trattamento risponder\u00e0 al cliente entro il termine stabilito dal Regolamento generale sulla protezione dei dati dell'UE (di solito entro un mese).<\/li>\n<\/ol>","protected":false},"excerpt":{"rendered":"<p>Questo \u00e8 il registro e la dichiarazione sulla privacy di Paadar Aurora Villas in conformit\u00e0 con il Regolamento generale sulla protezione dei dati (GDPR) dell'UE. Creato il 23.05.2024. Ultima modifica 23.05.2024.<\/p>","protected":false},"author":1,"featured_media":0,"parent":0,"menu_order":0,"comment_status":"closed","ping_status":"closed","template":"","meta":{"_seopress_robots_primary_cat":"","_seopress_titles_title":"","_seopress_titles_desc":"","_seopress_robots_index":"","_seopress_analysis_target_kw":"","site-container-style":"default","site-container-layout":"default","site-sidebar-layout":"default","site-transparent-header":"default","disable-article-header":"default","disable-site-header":"default","disable-site-footer":"default","disable-content-area-spacing":"default","footnotes":""},"class_list":["post-240","page","type-page","status-publish","hentry"],"_links":{"self":[{"href":"https:\/\/paadarauroravillas.com\/it\/wp-json\/wp\/v2\/pages\/240","targetHints":{"allow":["GET"]}}],"collection":[{"href":"https:\/\/paadarauroravillas.com\/it\/wp-json\/wp\/v2\/pages"}],"about":[{"href":"https:\/\/paadarauroravillas.com\/it\/wp-json\/wp\/v2\/types\/page"}],"author":[{"embeddable":true,"href":"https:\/\/paadarauroravillas.com\/it\/wp-json\/wp\/v2\/users\/1"}],"replies":[{"embeddable":true,"href":"https:\/\/paadarauroravillas.com\/it\/wp-json\/wp\/v2\/comments?post=240"}],"version-history":[{"count":3,"href":"https:\/\/paadarauroravillas.com\/it\/wp-json\/wp\/v2\/pages\/240\/revisions"}],"predecessor-version":[{"id":463,"href":"https:\/\/paadarauroravillas.com\/it\/wp-json\/wp\/v2\/pages\/240\/revisions\/463"}],"wp:attachment":[{"href":"https:\/\/paadarauroravillas.com\/it\/wp-json\/wp\/v2\/media?parent=240"}],"curies":[{"name":"wp","href":"https:\/\/api.w.org\/{rel}","templated":true}]}}