{"id":619,"date":"2025-04-16T13:30:36","date_gmt":"2025-04-16T13:30:36","guid":{"rendered":"https:\/\/paadarauroravillas.com\/?page_id=619"},"modified":"2025-04-23T06:20:41","modified_gmt":"2025-04-23T06:20:41","slug":"services-de-restauration","status":"publish","type":"page","link":"https:\/\/paadarauroravillas.com\/fr\/catering-services\/","title":{"rendered":"SERVICES DE RESTAURATION"},"content":{"rendered":"<div class=\"wp-block-kenta-blocks-spacer kb-spacer-217a7822 kb-spacer\" aria-hidden=\"true\"><\/div>\n\n\n\n<p><\/p>\n\n\n\n<h1 class=\"wp-block-heading has-kenta-primary-color has-text-color has-link-color wp-elements-364feb099b77cd65410d091d60003ced\"><strong>SERVICES DE RESTAURATION<\/strong><\/h1>\n\n\n\n<div class=\"wp-block-columns is-layout-flex wp-container-core-columns-is-layout-28f84493 wp-block-columns-is-layout-flex\">\n<div class=\"wp-block-column is-layout-flow wp-block-column-is-layout-flow\">\n<p>Vous \u00eates curieux \u00e0 l'id\u00e9e de passer des vacances sans avoir \u00e0 cuisiner ni m\u00eame \u00e0 faire les courses ? Ou bien vous aimeriez simplement profiter de la nourriture de quelqu'un d'autre le temps d'une soir\u00e9e ? Commandez de la nourriture chez nous, directement sur votre lieu de travail - des repas pr\u00eats \u00e0 l'emploi ou des services d'\u00e9picerie.<\/p>\n\n\n\n<p>Nous proposons des options \u00e0 la fois traditionnelles et modernes en mati\u00e8re de nourriture, de service et de pr\u00e9sentation.<\/p>\n\n\n\n<p>Notre objectif est d'offrir \u00e0 nos clients la meilleure exp\u00e9rience gastronomique finlandaise possible, associ\u00e9e \u00e0 un service personnalis\u00e9.<\/p>\n\n\n\n<p>Toutes les offres sont adapt\u00e9es \u00e0 vos pr\u00e9f\u00e9rences, personnalis\u00e9es en un forfait qui vous convient parfaitement. Aucun d\u00e9fi culinaire n'est trop grand. Nous sommes heureux d'organiser tous les services de mani\u00e8re flexible, du petit-d\u00e9jeuner au d\u00eener, qu'ils soient servis ou livr\u00e9s.<\/p>\n<\/div>\n\n\n\n<div class=\"wp-block-column is-layout-flow wp-block-column-is-layout-flow\">\n<figure class=\"wp-block-image is-resized is-style-rounded\"><img decoding=\"async\" src=\"https:\/\/lh7-rt.googleusercontent.com\/slidesz\/AGV_vUfubCp6q3ab1NRqsVnvPYPSlqokR-ttpnQi8_6Ac8ui83_6_2qJMuGtYtX7ZteqhV-Lxn0jcoJOwWcuUQ2SqBvY6hZhymASk6EMdxjGUvp9GYIWGZh7b1cKg77l-OJHRAIzwLmbgQ=s2048?key=l-Xxc9x5bqX9B7YtcwjZl2nM\" alt=\"\" style=\"width:310px;height:auto\"\/><\/figure>\n\n\n\n<figure class=\"wp-block-image aligncenter is-resized is-style-rounded\"><img decoding=\"async\" src=\"https:\/\/lh7-rt.googleusercontent.com\/slidesz\/AGV_vUfd96WGtDCBeD5XW9nbb_E-EPQJVi_XA-oTfqfKp1Gb1loAczGiFYWSrcN-Ok6vdorqYiKrHA8_bb3XFywTRc3oLB-Zf6e6uXWg9bLI8tBzY93L950c5GFcxcSXwA8BztiUDnPs=s2048?key=l-Xxc9x5bqX9B7YtcwjZl2nM\" alt=\"\" style=\"width:254px;height:auto\"\/><\/figure>\n<\/div>\n<\/div>\n\n\n\n<p class=\"has-text-align-left\">Nous livrons, installons et nettoyons. Nous sommes ravis de servir ou de pr\u00e9parer pour votre occasion.<\/p>\n\n\n\n<p class=\"has-text-align-left\">Nous nous occupons \u00e9galement des courses non alimentaires jusqu'\u00e0 votre r\u00e9frig\u00e9rateur.<\/p>\n\n\n\n<p class=\"has-text-align-left\">Renseignez-vous sur nos services de chef priv\u00e9, nos menus gastronomiques et nos exp\u00e9riences culinaires personnalis\u00e9es.<\/p>\n\n\n\n<div style=\"height:7px\" aria-hidden=\"true\" class=\"wp-block-spacer\"><\/div>\n\n\n\n<h2 class=\"wp-block-heading has-text-align-center has-kenta-primary-active-color has-text-color has-link-color wp-elements-67c8f122c7ffbf0a9e72007eb2203480\">Petit d\u00e9jeuner<\/h2>\n\n\n\n<div class=\"wp-block-columns is-layout-flex wp-container-core-columns-is-layout-28f84493 wp-block-columns-is-layout-flex\">\n<div class=\"wp-block-column is-layout-flow wp-block-column-is-layout-flow\">\n<ul class=\"wp-block-list\">\n<li>Granola croustillant maison et yaourt<\/li>\n\n\n\n<li>Assortiment de pains noirs et l\u00e9gers<\/li>\n\n\n\n<li>beurre, p\u00e2te \u00e0 tartiner<\/li>\n\n\n\n<li>\u0153ufs durs<\/li>\n\n\n\n<li>jambon, escalope de dinde, fromage<\/li>\n\n\n\n<li>tomates, concombres, poivrons et laitue<\/li>\n\n\n\n<li>pain fromage<\/li>\n\n\n\n<li>Fruits assortis<\/li>\n\n\n\n<li>lait, jus frais et jus d'airelles maison<\/li>\n\n\n\n<li>caf\u00e9, th\u00e9, sucre,<\/li>\n\n\n\n<li>petits bonbons<\/li>\n<\/ul>\n<\/div>\n\n\n\n<div class=\"wp-block-column is-layout-flow wp-block-column-is-layout-flow\">\n<figure class=\"wp-block-image\"><img decoding=\"async\" src=\"https:\/\/lh7-rt.googleusercontent.com\/slidesz\/AGV_vUfyiwscJd-SlWY8NpwhuhyR7e0oLg3UFZ4uGgzSJ8y8PQiZ6bJgbVU3KflhIi8hdFn60tLchT62TYL9Pb5fhPfhsn9hv9TBoZadsZkf5kXIuOYdWllq91NQ-44cbvrv3uB-hY87RA=s2048?key=l-Xxc9x5bqX9B7YtcwjZl2nM\" alt=\"\"\/><\/figure>\n<\/div>\n<\/div>\n\n\n\n<div style=\"height:7px\" aria-hidden=\"true\" class=\"wp-block-spacer\"><\/div>\n\n\n\n<h2 class=\"wp-block-heading has-text-align-center has-kenta-primary-active-color has-text-color has-link-color wp-elements-26d0daed54326faa430bc9381e0affbe\">D\u00e9jeuner\/d\u00eener<\/h2>\n\n\n\n<div class=\"wp-block-columns is-layout-flex wp-container-core-columns-is-layout-28f84493 wp-block-columns-is-layout-flex\">\n<div class=\"wp-block-column is-layout-flow wp-block-column-is-layout-flow\">\n<figure class=\"wp-block-image\"><img decoding=\"async\" src=\"https:\/\/lh7-rt.googleusercontent.com\/slidesz\/AGV_vUe1Dh83YOob8LuU0EtmY_FqSNXbQbh-56-4_-LcrZYrujRsw7qeIZnWRo6lU7oTuBMRngm-bh6Gv4p66IwFus11tbvqf5rHCO9U7hWqEwvOrlpqcwBHZGkJ2a1F12L5jRUz7DOnRA=s2048?key=l-Xxc9x5bqX9B7YtcwjZl2nM\" alt=\"\"\/><\/figure>\n<\/div>\n\n\n\n<div class=\"wp-block-column is-layout-flow wp-block-column-is-layout-flow\">\n<ul class=\"wp-block-list\">\n<li>Soupe cr\u00e9meuse au saumon&nbsp;<\/li>\n\n\n\n<li>Soupe \u00e0 la viande de renne&nbsp;<\/li>\n\n\n\n<li>Soupe de champignons des bois&nbsp;<\/li>\n\n\n\n<li>La tentation du jambon&nbsp;<\/li>\n\n\n\n<li>La tentation du saumon&nbsp;<\/li>\n\n\n\n<li>Tentation de renne fum\u00e9&nbsp;<\/li>\n\n\n\n<li>Lasagnes&nbsp;<\/li>\n\n\n\n<li>Poisson du jour, rago\u00fbt de champignons maison, et&nbsp;<\/li>\n\n\n\n<li>Pur\u00e9e de pommes de terre aux herbes&nbsp;<\/li>\n\n\n\n<li>filet de porc \u00e0 la sauce wisky cr\u00e9meuse,&nbsp;<\/li>\n\n\n\n<li>pommes de terre r\u00f6sti&nbsp;<\/li>\n\n\n\n<li>R\u00f4ti de renne, pur\u00e9e de pommes de terre, maison&nbsp;<\/li>\n\n\n\n<li>confiture d'airelles et cornichons&nbsp;<\/li>\n<\/ul>\n\n\n\n<p>Poulet au fromage Aura, pommes de terre \u00e0 la cr\u00e8me&nbsp;&nbsp;<\/p>\n<\/div>\n<\/div>\n\n\n\n<div style=\"height:7px\" aria-hidden=\"true\" class=\"wp-block-spacer\"><\/div>\n\n\n\n<h2 class=\"wp-block-heading has-text-align-center has-kenta-primary-active-color has-text-color has-link-color wp-elements-494c9438156552194872c7dee13b904c\">D\u00eener \u00e0 3 plats<\/h2>\n\n\n\n<div class=\"wp-block-columns is-layout-flex wp-container-core-columns-is-layout-28f84493 wp-block-columns-is-layout-flex\">\n<div class=\"wp-block-column is-layout-flow wp-block-column-is-layout-flow\">\n<ul class=\"wp-block-list\">\n<li>R\u00f4ti de renne, mayonnaise \u00e0 l'\u00e9pinette, champignons&nbsp;<\/li>\n\n\n\n<li>Poitrine de b\u0153uf cuite \u00e0 l'\u00e9touff\u00e9e avec pommes de terre r\u00f6sti&nbsp;<\/li>\n\n\n\n<li>Cr\u00e8me br\u00fbl\u00e9e et compote de canneberges maison&nbsp;<\/li>\n<\/ul>\n\n\n\n<ul class=\"wp-block-list\">\n<li>Soupe velout\u00e9e aux champignons des bois&nbsp;<\/li>\n\n\n\n<li>R\u00f4ti de b\u0153uf de renne, g\u00e2teau de pommes de terre en b\u00e2tonnets, et&nbsp;<\/li>\n\n\n\n<li>sauce aux airelles fonc\u00e9es&nbsp;<\/li>\n\n\n\n<li>Hillapannacotta&nbsp;<\/li>\n<\/ul>\n\n\n\n<ul class=\"wp-block-list\">\n<li>Ecrevisses fum\u00e9es \u00e0 froid, sauce \u00e0 l'aneth, et&nbsp;<\/li>\n\n\n\n<li>le fenouil en pousses d'\u00e9pic\u00e9a,&nbsp;<\/li>\n\n\n\n<li>Poulet r\u00f4ti au beurre d'ail&nbsp;<\/li>\n\n\n\n<li>Mousse au chocolat blanc avec confiture &nbsp;<\/li>\n<\/ul>\n<\/div>\n\n\n\n<div class=\"wp-block-column is-layout-flow wp-block-column-is-layout-flow\">\n<figure class=\"wp-block-image\"><img decoding=\"async\" src=\"https:\/\/lh7-rt.googleusercontent.com\/slidesz\/AGV_vUcXMgskf2siwuJoTZfYkNV-TyP3usZ2WbC4p-sbB68Ddq3rxpr2-cpLPg7qKeeLHuWx3Mn5A2Dbpyh06xzK2XxcPJdR5aLtMUnWO7K_izNXtIZEFvHjYjCJsv61HyMDLOSiBe7QlA=s2048?key=l-Xxc9x5bqX9B7YtcwjZl2nM\" alt=\"\"\/><\/figure>\n<\/div>\n<\/div>","protected":false},"excerpt":{"rendered":"<p>CATERING SERVICES Curious about the idea of a holiday without the pressure of cooking or even grocery shopping? Or would it simply be lovely to enjoy someone else&#8217;s food for a night? Order food from us directly to your location\u2014ready-made meals or grocery shopping services. We offer both traditional and modern options in food, service, [&hellip;]<\/p>\n","protected":false},"author":1,"featured_media":0,"parent":0,"menu_order":0,"comment_status":"closed","ping_status":"closed","template":"","meta":{"_seopress_robots_primary_cat":"","_seopress_titles_title":"","_seopress_titles_desc":"","_seopress_robots_index":"","site-container-style":"default","site-container-layout":"default","site-sidebar-layout":"default","site-transparent-header":"default","disable-article-header":"default","disable-site-header":"default","disable-site-footer":"default","disable-content-area-spacing":"default","footnotes":""},"class_list":["post-619","page","type-page","status-publish","hentry"],"_links":{"self":[{"href":"https:\/\/paadarauroravillas.com\/fr\/wp-json\/wp\/v2\/pages\/619","targetHints":{"allow":["GET"]}}],"collection":[{"href":"https:\/\/paadarauroravillas.com\/fr\/wp-json\/wp\/v2\/pages"}],"about":[{"href":"https:\/\/paadarauroravillas.com\/fr\/wp-json\/wp\/v2\/types\/page"}],"author":[{"embeddable":true,"href":"https:\/\/paadarauroravillas.com\/fr\/wp-json\/wp\/v2\/users\/1"}],"replies":[{"embeddable":true,"href":"https:\/\/paadarauroravillas.com\/fr\/wp-json\/wp\/v2\/comments?post=619"}],"version-history":[{"count":3,"href":"https:\/\/paadarauroravillas.com\/fr\/wp-json\/wp\/v2\/pages\/619\/revisions"}],"predecessor-version":[{"id":667,"href":"https:\/\/paadarauroravillas.com\/fr\/wp-json\/wp\/v2\/pages\/619\/revisions\/667"}],"wp:attachment":[{"href":"https:\/\/paadarauroravillas.com\/fr\/wp-json\/wp\/v2\/media?parent=619"}],"curies":[{"name":"wp","href":"https:\/\/api.w.org\/{rel}","templated":true}]}}