{"id":590,"date":"2025-04-16T13:08:02","date_gmt":"2025-04-16T13:08:02","guid":{"rendered":"https:\/\/paadarauroravillas.com\/?page_id=590"},"modified":"2025-04-16T13:08:03","modified_gmt":"2025-04-16T13:08:03","slug":"une-journee-dans-la-vie-dun-eleveur-de-rennes","status":"publish","type":"page","link":"https:\/\/paadarauroravillas.com\/fr\/a-day-in-the-life-of-a-reindeer-herder\/","title":{"rendered":"UNE JOURN\u00c9E DANS LA VIE D'UN \u00c9LEVEUR DE RENNES"},"content":{"rendered":"<div style=\"height:17px\" aria-hidden=\"true\" class=\"wp-block-spacer\"><\/div>\n\n\n\n<h2 class=\"wp-block-heading has-kenta-primary-color has-text-color has-link-color wp-elements-248be9fe453657ff235b87b07da5d0f3\">UNE JOURN\u00c9E DANS LA VIE D'UN \u00c9LEVEUR DE RENNES<\/h2>\n\n\n\n<p class=\"has-text-color has-link-color wp-elements-30fc74e88c64f636dbc199cb25303f6b\" style=\"color:#fffefe\"><strong>Sur demande<\/strong><\/p>\n\n\n\n<p class=\"has-text-color has-link-color wp-elements-bd834e918aa841f92a82645af41c58b1\" style=\"color:#fffefe\"><strong>D\u00e9couvrez la vie quotidienne d'un \u00e9leveur de rennes :<\/strong> Plongez dans la vie authentique d'un \u00e9leveur de rennes en participant \u00e0 l'alimentation des rennes en pleine nature. L'excursion commence par un court trajet en voiture jusqu'\u00e0 la ferme et se poursuit par une promenade en tra\u00eeneau \u00e0 neige jusqu'au troupeau de rennes. L'\u00e9leveur conduit la motoneige tandis que vous profitez de la vue depuis le tra\u00eeneau. Nourrir les rennes est l'occasion id\u00e9ale d'observer ces cr\u00e9atures calmes. Pendant que vous observez les rennes, profitez d'une pause-caf\u00e9 confortable pr\u00e8s d'un feu ouvert. C'est un moment de paix partag\u00e9 entre les rennes et les \u00e9leveurs - une vie authentique et authentique !<\/p>\n\n\n\n<p class=\"has-text-color has-link-color wp-elements-16bede6f93570476b18277787054ebc0\" style=\"color:#fffefe\">Comprend des boissons chaudes, du caf\u00e9 ou du th\u00e9 au feu de camp et d'autres en-cas.<\/p>\n\n\n\n<ul class=\"wp-block-list\">\n<li class=\"has-kenta-primary-active-color has-text-color has-link-color wp-elements-e5998741592f615ccf6ba10a1f40f7c8\"><strong>Dur\u00e9e de l'enqu\u00eate :<\/strong> 3 heures<\/li>\n<\/ul>\n\n\n\n<ul class=\"wp-block-list\">\n<li class=\"has-kenta-primary-active-color has-text-color has-link-color wp-elements-4ed3ed2af5ef64801d8e9db39437561f\"><strong>Prix :<\/strong> 200 \u20ac par personne (minimum 2 personnes)<\/li>\n<\/ul>\n\n\n\n<ul class=\"wp-block-list\">\n<li class=\"has-kenta-primary-active-color has-text-color has-link-color wp-elements-71b46b2ed6ad09c9f82cdb32edd71dc3\"><a href=\"https:\/\/paadarauroravillas.com\/fr\/varausehdot\/\">Conditions de r\u00e9servation et d'annulation<\/a><\/li>\n<\/ul>\n\n\n\n<div class=\"wp-block-columns is-layout-flex wp-container-core-columns-is-layout-28f84493 wp-block-columns-is-layout-flex\">\n<div class=\"wp-block-column is-layout-flow wp-block-column-is-layout-flow\">\n<figure class=\"wp-block-image\"><img decoding=\"async\" src=\"https:\/\/lh7-rt.googleusercontent.com\/docsz\/AD_4nXeRhTGVbn-_S-uQsX4CHhUAfQUYu8zVr8tMobp5_j9Ljc20NbJ1_VVXQjz0dRyFdKTWZPexTxPqoxWODl_6RljKvY-_ji2OHoC8Yp0KzjepKQeJFt2luqpx46pzgjrmMYrpi8oqaw?key=UuR9w2vYqIiEYx13kPdF6NWl\" alt=\"Un renne avec des bois dans la neige Le contenu g\u00e9n\u00e9r\u00e9 par l&#039;IA peut \u00eatre incorrect.\"\/><\/figure>\n<\/div>\n\n\n\n<div class=\"wp-block-column is-layout-flow wp-block-column-is-layout-flow\">\n<figure class=\"wp-block-image\"><img decoding=\"async\" src=\"https:\/\/lh7-rt.googleusercontent.com\/docsz\/AD_4nXcbKLpeIS6pmJfM1JCesC86lnFAG4TnlGdV0xNAbPh-8rcWy-cM90QPG68REJuCF7pU6WqMEfzw_6gvxS7edySE6ODyCfwT8AbgzjPQtUbivSiYMvAx0Wv96nF5dUybcwen-O72?key=UuR9w2vYqIiEYx13kPdF6NWl\" alt=\"Un enfant \u00e0 c\u00f4t\u00e9 d&#039;un renne Le contenu g\u00e9n\u00e9r\u00e9 par l&#039;IA peut \u00eatre incorrect.\"\/><\/figure>\n<\/div>\n<\/div>\n\n\n\n<p><\/p>","protected":false},"excerpt":{"rendered":"<p>A DAY IN THE LIFE OF A REINDEER HERDER By request Experience the daily life of a reindeer herder: Immerse yourself in the authentic life of a reindeer herder by participating in reindeer feeding in the wilderness. The trip begins with a short car ride to the farm and continues with a snowmobile sleigh ride [&hellip;]<\/p>\n","protected":false},"author":1,"featured_media":0,"parent":0,"menu_order":0,"comment_status":"closed","ping_status":"closed","template":"","meta":{"_seopress_robots_primary_cat":"","_seopress_titles_title":"","_seopress_titles_desc":"","_seopress_robots_index":"","_seopress_analysis_target_kw":"","site-container-style":"default","site-container-layout":"default","site-sidebar-layout":"default","site-transparent-header":"default","disable-article-header":"default","disable-site-header":"default","disable-site-footer":"default","disable-content-area-spacing":"default","footnotes":""},"class_list":["post-590","page","type-page","status-publish","hentry"],"_links":{"self":[{"href":"https:\/\/paadarauroravillas.com\/fr\/wp-json\/wp\/v2\/pages\/590","targetHints":{"allow":["GET"]}}],"collection":[{"href":"https:\/\/paadarauroravillas.com\/fr\/wp-json\/wp\/v2\/pages"}],"about":[{"href":"https:\/\/paadarauroravillas.com\/fr\/wp-json\/wp\/v2\/types\/page"}],"author":[{"embeddable":true,"href":"https:\/\/paadarauroravillas.com\/fr\/wp-json\/wp\/v2\/users\/1"}],"replies":[{"embeddable":true,"href":"https:\/\/paadarauroravillas.com\/fr\/wp-json\/wp\/v2\/comments?post=590"}],"version-history":[{"count":1,"href":"https:\/\/paadarauroravillas.com\/fr\/wp-json\/wp\/v2\/pages\/590\/revisions"}],"predecessor-version":[{"id":593,"href":"https:\/\/paadarauroravillas.com\/fr\/wp-json\/wp\/v2\/pages\/590\/revisions\/593"}],"wp:attachment":[{"href":"https:\/\/paadarauroravillas.com\/fr\/wp-json\/wp\/v2\/media?parent=590"}],"curies":[{"name":"wp","href":"https:\/\/api.w.org\/{rel}","templated":true}]}}