{"id":586,"date":"2025-04-16T13:05:53","date_gmt":"2025-04-16T13:05:53","guid":{"rendered":"https:\/\/paadarauroravillas.com\/?page_id=586"},"modified":"2025-04-16T13:05:53","modified_gmt":"2025-04-16T13:05:53","slug":"peche-arctique","status":"publish","type":"page","link":"https:\/\/paadarauroravillas.com\/fr\/arctic-fishing\/","title":{"rendered":"ARCTIC FISHING"},"content":{"rendered":"<div style=\"height:17px\" aria-hidden=\"true\" class=\"wp-block-spacer\"><\/div>\n\n\n\n<h2 class=\"wp-block-heading has-kenta-primary-color has-text-color has-link-color wp-elements-e83e8cf16583ac47effc159f0a7c7104\">VOYAGE DE P\u00caCHE DANS L'ARCTIQUE<\/h2>\n\n\n\n<p class=\"has-text-color has-link-color wp-elements-30fc74e88c64f636dbc199cb25303f6b\" style=\"color:#fffefe\"><strong>Sur demande<\/strong><\/p>\n\n\n\n<p class=\"has-text-color has-link-color wp-elements-ce19b529c2a7c17e2e112c0ffa144d4f\" style=\"color:#fffefe\">Passez une journ\u00e9e agr\u00e9able \u00e0 Paattari, \u00e0 dix minutes au nord de Villa Paadari, o\u00f9 vous apprendrez les rudiments de la p\u00eache sur glace traditionnelle et d\u00e9gusterez un d\u00e9licieux repas !<\/p>\n\n\n\n<p class=\"has-text-color has-link-color wp-elements-d16212f638b0ed4e2acd0de6f7d8c880\" style=\"color:#fffefe\">Nos guides comp\u00e9tents vous enseigneront les techniques authentiques de la p\u00eache sur glace en Laponie, notamment :<\/p>\n\n\n\n<p class=\"has-text-color has-link-color wp-elements-16027ee88238cc0503dfb0d08c91b314\" style=\"color:#fffefe\">Cette exp\u00e9rience est parfaite pour les amis, les couples et les familles. Les enfants peuvent profiter d'activit\u00e9s telles que la luge et le kick-sledding, pour que chacun vive une exp\u00e9rience m\u00e9morable.<\/p>\n\n\n\n<ul class=\"wp-block-list\">\n<li class=\"has-kenta-primary-active-color has-text-color has-link-color wp-elements-79481c4bbf123d2e8aebfb4f30563c7c\">P\u00eache \u00e0 la perche sur le lac de Villa Paadari<\/li>\n<\/ul>\n\n\n\n<ul class=\"wp-block-list\">\n<li class=\"has-kenta-primary-active-color has-text-color has-link-color wp-elements-f3618489bdc79ed837d780c0372083cd\">Pause avec collation (pain maison, poisson sal\u00e9 et boissons chaudes) et possibilit\u00e9 de se r\u00e9chauffer dans une cabane au bord du lac.<\/li>\n<\/ul>\n\n\n\n<ul class=\"wp-block-list\">\n<li class=\"has-kenta-primary-active-color has-text-color has-link-color wp-elements-246de634b09fdbf25e82ee83d5d21e18\">Exp\u00e9rimenter les filets de p\u00eache sous la glace<\/li>\n<\/ul>\n\n\n\n<ul class=\"wp-block-list\">\n<li class=\"has-kenta-primary-active-color has-text-color has-link-color wp-elements-db90196e59eb688219a1a017db1666fc\">Introduction \u00e0 l'ancien \"sauna \u00e0 fum\u00e9e\" traditionnel<\/li>\n<\/ul>\n\n\n\n<ul class=\"wp-block-list\">\n<li class=\"has-kenta-primary-active-color has-text-color has-link-color wp-elements-ee5df5e1f4671811e429da91c661ca93\"><strong>Dur\u00e9e de l'enqu\u00eate :<\/strong> 4 heures<\/li>\n<\/ul>\n\n\n\n<ul class=\"wp-block-list\">\n<li class=\"has-kenta-primary-active-color has-text-color has-link-color wp-elements-ae972939fd2d76a51daead0527134fab\"><strong>Prix :<\/strong> 200 \u20ac par personne<\/li>\n<\/ul>\n\n\n\n<ul class=\"wp-block-list\">\n<li class=\"has-kenta-primary-active-color has-text-color has-link-color wp-elements-71b46b2ed6ad09c9f82cdb32edd71dc3\"><a href=\"https:\/\/paadarauroravillas.com\/fr\/varausehdot\/\">Conditions de r\u00e9servation et d'annulation<\/a><\/li>\n<\/ul>\n\n\n\n<div class=\"wp-block-columns is-layout-flex wp-container-core-columns-is-layout-28f84493 wp-block-columns-is-layout-flex\">\n<div class=\"wp-block-column is-layout-flow wp-block-column-is-layout-flow\">\n<figure class=\"wp-block-image\"><img decoding=\"async\" src=\"https:\/\/lh7-rt.googleusercontent.com\/docsz\/AD_4nXeLSG6njV_vClGv74pFkzIBR9jOE2avnSudy1tojQSTkq42jo_mchKqEK1EhbxZZf0CpYthp81j7fYcjVxwZa_qR3QKlPM_A-MZ68D_RX6hhu81FS0xwR0QDHvKJ9Xn_A3tQ1yFig?key=UuR9w2vYqIiEYx13kPdF6NWl\" alt=\"Une personne tenant un poisson en l&#039;air Le contenu g\u00e9n\u00e9r\u00e9 par l&#039;IA peut \u00eatre incorrect.\"\/><\/figure>\n<\/div>\n\n\n\n<div class=\"wp-block-column is-layout-flow wp-block-column-is-layout-flow\">\n<figure class=\"wp-block-image\"><img decoding=\"async\" src=\"https:\/\/lh7-rt.googleusercontent.com\/docsz\/AD_4nXeYEHnuofS5UjEgryiTftjpr7_C6hbvNec84HKwI68ktHrwYpDPgAdsbt1zwwq9rWIx7mGD8k6OC4zHO0uDrE96iLI7-JzQuYJQ4BuK0t7Y-yOITsI3a2Aj9fb0ltfSzC1blcxDaw?key=UuR9w2vYqIiEYx13kPdF6NWl\" alt=\"Hommes p\u00eachant sur la glace Le contenu g\u00e9n\u00e9r\u00e9 par l&#039;IA peut \u00eatre incorrect.\"\/><\/figure>\n<\/div>\n<\/div>\n\n\n\n<div class=\"wp-block-columns is-layout-flex wp-container-core-columns-is-layout-28f84493 wp-block-columns-is-layout-flex\">\n<div class=\"wp-block-column is-layout-flow wp-block-column-is-layout-flow\">\n<figure class=\"wp-block-image\"><img decoding=\"async\" src=\"https:\/\/lh7-rt.googleusercontent.com\/docsz\/AD_4nXcB9BQrKcrHT0iIHOaoe_Ql0zZTR-1C1lQYkB3LtVxk_jOsmSEMV0BWERWQk-hQNel2jxGUA4Ztm-Aw0KJ02PssxEZoIOtbhn-VrYv3dioXXK9Ds1fhqMoNsG43FCIhEy92bCFMfQ?key=UuR9w2vYqIiEYx13kPdF6NWl\" alt=\"Une personne p\u00eachant sur la glace avec un tas de poissons Le contenu g\u00e9n\u00e9r\u00e9 par l&#039;IA peut \u00eatre incorrect.\"\/><\/figure>\n<\/div>\n\n\n\n<div class=\"wp-block-column is-layout-flow wp-block-column-is-layout-flow\">\n<figure class=\"wp-block-image\"><img decoding=\"async\" src=\"https:\/\/lh7-rt.googleusercontent.com\/docsz\/AD_4nXfSm4nYfUb3XQzqJg2B_QxcsXf2_RLpqsMgkV88uyicWfNaLPC2OYUSZ9VP5G2chPzNLQ9-ryB6UXdQBnV3Cvle15A2OvIlC-g_rDtt42_xQnfPWaWKZdpkSBuRqxDtzaqkziFI6g?key=UuR9w2vYqIiEYx13kPdF6NWl\" alt=\"Une personne en veste rouge avec un filet sur la neige Le contenu g\u00e9n\u00e9r\u00e9 par l&#039;IA peut \u00eatre incorrect.\"\/><\/figure>\n<\/div>\n<\/div>\n\n\n\n<p><\/p>","protected":false},"excerpt":{"rendered":"<p>ARCTIC FISHING TRIP By request Enjoy a fun day at Paattari, just ten minutes north of Villa Paadari, where you&#8217;ll learn the basics of traditional ice fishing and savor a delicious meal! Our skilled guides will teach you authentic Lapland ice fishing techniques, including: This experience is perfect for friends, couples, and families. Children can [&hellip;]<\/p>\n","protected":false},"author":1,"featured_media":0,"parent":0,"menu_order":0,"comment_status":"closed","ping_status":"closed","template":"","meta":{"_seopress_robots_primary_cat":"","_seopress_titles_title":"","_seopress_titles_desc":"","_seopress_robots_index":"","site-container-style":"default","site-container-layout":"default","site-sidebar-layout":"default","site-transparent-header":"default","disable-article-header":"default","disable-site-header":"default","disable-site-footer":"default","disable-content-area-spacing":"default","footnotes":""},"class_list":["post-586","page","type-page","status-publish","hentry"],"_links":{"self":[{"href":"https:\/\/paadarauroravillas.com\/fr\/wp-json\/wp\/v2\/pages\/586","targetHints":{"allow":["GET"]}}],"collection":[{"href":"https:\/\/paadarauroravillas.com\/fr\/wp-json\/wp\/v2\/pages"}],"about":[{"href":"https:\/\/paadarauroravillas.com\/fr\/wp-json\/wp\/v2\/types\/page"}],"author":[{"embeddable":true,"href":"https:\/\/paadarauroravillas.com\/fr\/wp-json\/wp\/v2\/users\/1"}],"replies":[{"embeddable":true,"href":"https:\/\/paadarauroravillas.com\/fr\/wp-json\/wp\/v2\/comments?post=586"}],"version-history":[{"count":1,"href":"https:\/\/paadarauroravillas.com\/fr\/wp-json\/wp\/v2\/pages\/586\/revisions"}],"predecessor-version":[{"id":589,"href":"https:\/\/paadarauroravillas.com\/fr\/wp-json\/wp\/v2\/pages\/586\/revisions\/589"}],"wp:attachment":[{"href":"https:\/\/paadarauroravillas.com\/fr\/wp-json\/wp\/v2\/media?parent=586"}],"curies":[{"name":"wp","href":"https:\/\/api.w.org\/{rel}","templated":true}]}}