{"id":579,"date":"2025-04-16T13:11:35","date_gmt":"2025-04-16T13:11:35","guid":{"rendered":"https:\/\/paadarauroravillas.com\/?page_id=579"},"modified":"2025-04-23T06:21:18","modified_gmt":"2025-04-23T06:21:18","slug":"activites-dhiver","status":"publish","type":"page","link":"https:\/\/paadarauroravillas.com\/fr\/winter-activities\/","title":{"rendered":"Activit\u00e9s d'hiver"},"content":{"rendered":"<p><\/p>\n\n\n\n\n\n\n\n\n\n<div class=\"wp-block-kenta-blocks-group kb-group-d6d46ad5 kb-group\"><div class=\"kb-group-inner-container\">\n<p class=\"has-text-align-center has-kenta-primary-color has-text-color has-link-color wp-elements-1562073af028c556a7e5f32d3c0a9cab\" style=\"margin-top:0;margin-bottom:0;font-style:normal;font-weight:700;text-transform:uppercase\">Ce que nous faisons<\/p>\n\n\n\n<h2 class=\"wp-block-heading has-text-align-center has-kenta-font-large-font-size\" style=\"margin-top:0;margin-bottom:0\">ACTIVIT\u00c9S D'HIVER<\/h2>\n\n\n\n<div class=\"wp-block-columns is-layout-flex wp-container-core-columns-is-layout-f196b389 wp-block-columns-is-layout-flex\" style=\"margin-top:0;margin-bottom:0;padding-top:var(--wp--preset--spacing--50);padding-bottom:var(--wp--preset--spacing--50)\">\n<div class=\"wp-block-column has-border-color has-kenta-base-200-border-color is-layout-flow wp-block-column-is-layout-flow\">\n<div class=\"wp-block-group has-kenta-base-background-color has-background has-global-padding is-layout-constrained wp-block-group-is-layout-constrained\" style=\"border-radius:24px\">\n<figure class=\"wp-block-image\"><img decoding=\"async\" src=\"https:\/\/lh7-rt.googleusercontent.com\/docsz\/AD_4nXeCFgXKGQvNV1fjAACQoS_LZnonxIauqAdrpzaEbSR_BRLWICwDcJcLDMMS-6sLtvFEx4U_QwQH9_zrCdpPE3eYfalUXpt014dmB9MCpx8fGklUYOHOauA9r7w0bmulB1cnEyfYkw?key=UuR9w2vYqIiEYx13kPdF6NWl\" alt=\"Une personne agenouill\u00e9e \u00e0 c\u00f4t\u00e9 d&#039;une motoneige Le contenu g\u00e9n\u00e9r\u00e9 par l&#039;IA peut \u00eatre incorrect.\"\/><\/figure>\n\n\n\n<div class=\"wp-block-group has-global-padding is-layout-constrained wp-container-core-group-is-layout-c7e4baee wp-block-group-is-layout-constrained\" style=\"padding-top:0;padding-right:var(--wp--preset--spacing--50);padding-bottom:var(--wp--preset--spacing--50);padding-left:var(--wp--preset--spacing--50)\">\n<h3 class=\"wp-block-heading has-kenta-font-medium-font-size\" style=\"margin-top:0;margin-bottom:0\"><strong>SAFARI EN MOTONEIGE<\/strong><\/h3>\n\n\n\n<p>Un safari en motoneige o\u00f9 l'on apprend les rudiments de la conduite dans des paysages hivernaux. Apr\u00e8s une premi\u00e8re introduction, nous partons \u00e0 la d\u00e9couverte des paysages enneig\u00e9s. Pendant le trajet, nous d\u00e9gustons une boisson chaude.<\/p>\n\n\n\n<p><a href=\"https:\/\/paadarauroravillas.com\/fr\/safari-en-motoneige\/\">Lire la suite \u2192<\/a><\/p>\n<\/div>\n<\/div>\n<\/div>\n\n\n\n<div class=\"wp-block-column has-border-color has-kenta-base-200-border-color is-layout-flow wp-block-column-is-layout-flow\">\n<div class=\"wp-block-group has-kenta-base-background-color has-background has-global-padding is-layout-constrained wp-block-group-is-layout-constrained\" style=\"border-radius:24px\">\n<figure class=\"wp-block-image\"><img decoding=\"async\" src=\"https:\/\/lh7-rt.googleusercontent.com\/docsz\/AD_4nXeLSG6njV_vClGv74pFkzIBR9jOE2avnSudy1tojQSTkq42jo_mchKqEK1EhbxZZf0CpYthp81j7fYcjVxwZa_qR3QKlPM_A-MZ68D_RX6hhu81FS0xwR0QDHvKJ9Xn_A3tQ1yFig?key=UuR9w2vYqIiEYx13kPdF6NWl\" alt=\"Une personne tenant un poisson en l&#039;air Le contenu g\u00e9n\u00e9r\u00e9 par l&#039;IA peut \u00eatre incorrect.\"\/><\/figure>\n\n\n\n<div class=\"wp-block-group has-global-padding is-layout-constrained wp-container-core-group-is-layout-c7e4baee wp-block-group-is-layout-constrained\" style=\"padding-top:0;padding-right:var(--wp--preset--spacing--50);padding-bottom:var(--wp--preset--spacing--50);padding-left:var(--wp--preset--spacing--50)\">\n<h3 class=\"wp-block-heading has-kenta-font-medium-font-size\" style=\"margin-top:0;margin-bottom:0\"><strong>VOYAGE DE P\u00caCHE DANS L'ARCTIQUE<\/strong><\/h3>\n\n\n\n<p>Passez une journ\u00e9e agr\u00e9able \u00e0 Paattari, \u00e0 dix minutes au nord de Villa Paadari, o\u00f9 vous apprendrez les rudiments de la p\u00eache sur glace traditionnelle et d\u00e9gusterez un d\u00e9licieux repas !<\/p>\n\n\n\n<p><a href=\"https:\/\/paadarauroravillas.com\/fr\/excursion-en-bateau-a-la-tombee-de-la-nuit\/\">Lire la suite \u2192<\/a><\/p>\n<\/div>\n<\/div>\n<\/div>\n<\/div>\n\n\n\n<div class=\"wp-block-columns is-layout-flex wp-container-core-columns-is-layout-f196b389 wp-block-columns-is-layout-flex\" style=\"margin-top:0;margin-bottom:0;padding-top:var(--wp--preset--spacing--50);padding-bottom:var(--wp--preset--spacing--50)\">\n<div class=\"wp-block-column has-border-color has-kenta-base-200-border-color is-layout-flow wp-block-column-is-layout-flow\">\n<div class=\"wp-block-group has-kenta-base-background-color has-background has-global-padding is-layout-constrained wp-block-group-is-layout-constrained\" style=\"border-radius:24px\">\n<figure class=\"wp-block-image\"><img decoding=\"async\" src=\"https:\/\/lh7-rt.googleusercontent.com\/docsz\/AD_4nXeRhTGVbn-_S-uQsX4CHhUAfQUYu8zVr8tMobp5_j9Ljc20NbJ1_VVXQjz0dRyFdKTWZPexTxPqoxWODl_6RljKvY-_ji2OHoC8Yp0KzjepKQeJFt2luqpx46pzgjrmMYrpi8oqaw?key=UuR9w2vYqIiEYx13kPdF6NWl\" alt=\"Un renne avec des bois dans la neige Le contenu g\u00e9n\u00e9r\u00e9 par l&#039;IA peut \u00eatre incorrect.\"\/><\/figure>\n\n\n\n<div class=\"wp-block-group has-global-padding is-layout-constrained wp-container-core-group-is-layout-c7e4baee wp-block-group-is-layout-constrained\" style=\"padding-top:0;padding-right:var(--wp--preset--spacing--50);padding-bottom:var(--wp--preset--spacing--50);padding-left:var(--wp--preset--spacing--50)\">\n<h3 class=\"wp-block-heading has-kenta-font-medium-font-size\" style=\"margin-top:0;margin-bottom:0\"><strong>UNE JOURN\u00c9E DANS LA VIE D'UN \u00c9LEVEUR DE RENNES<\/strong><\/h3>\n\n\n\n<p><strong>D\u00e9couvrez la vie quotidienne d'un \u00e9leveur de rennes :<\/strong> Plongez dans la vie authentique d'un \u00e9leveur de rennes en participant \u00e0 l'alimentation des rennes dans la nature.<\/p>\n\n\n\n<p><a href=\"https:\/\/paadarauroravillas.com\/fr\/une-journee-dans-la-vie-dun-eleveur-de-rennes\/\">Lire la suite \u2192<\/a><\/p>\n<\/div>\n<\/div>\n<\/div>\n\n\n\n<div class=\"wp-block-column has-border-color has-kenta-base-200-border-color is-layout-flow wp-block-column-is-layout-flow\">\n<div class=\"wp-block-group has-kenta-base-background-color has-background has-global-padding is-layout-constrained wp-block-group-is-layout-constrained\" style=\"border-radius:24px\">\n<figure class=\"wp-block-image\"><img decoding=\"async\" src=\"https:\/\/lh7-rt.googleusercontent.com\/docsz\/AD_4nXff8SWlvXW1n4Kb-NM_Hl4ojeBmLyelvTNSGmQsp5wlohoyZUArzfJxaC5NRZ5BT1TP7Navek-fici1Q8kFPh2zGwZm8_fqRRSs-o6AtXrlqR80Ekse3VLYFZf-R3t-8xKjw186tA?key=UuR9w2vYqIiEYx13kPdF6NWl\" alt=\"Une personne marchant dans la neige Le contenu g\u00e9n\u00e9r\u00e9 par l&#039;IA peut \u00eatre incorrect.\"\/><\/figure>\n\n\n\n<div class=\"wp-block-group has-global-padding is-layout-constrained wp-container-core-group-is-layout-c7e4baee wp-block-group-is-layout-constrained\" style=\"padding-top:0;padding-right:var(--wp--preset--spacing--50);padding-bottom:var(--wp--preset--spacing--50);padding-left:var(--wp--preset--spacing--50)\">\n<h3 class=\"wp-block-heading has-kenta-font-medium-font-size\" style=\"margin-top:0;margin-bottom:0\"><strong>AVENTURE EN RAQUETTES<\/strong><\/h3>\n\n\n\n<p>Aventure - D\u00e9couvrez la magie de l'hiver et les secrets des filets de p\u00eache !<\/p>\n\n\n\n<p><a href=\"https:\/\/paadarauroravillas.com\/fr\/aventure-en-raquettes\/\">Lire la suite \u2192<\/a><\/p>\n<\/div>\n<\/div>\n<\/div>\n<\/div>\n\n\n\n<div class=\"wp-block-columns is-layout-flex wp-container-core-columns-is-layout-f196b389 wp-block-columns-is-layout-flex\" style=\"margin-top:0;margin-bottom:0;padding-top:var(--wp--preset--spacing--50);padding-bottom:var(--wp--preset--spacing--50)\">\n<div class=\"wp-block-column has-border-color has-kenta-base-200-border-color is-layout-flow wp-block-column-is-layout-flow\">\n<div class=\"wp-block-group has-kenta-base-background-color has-background has-global-padding is-layout-constrained wp-block-group-is-layout-constrained\" style=\"border-radius:24px\">\n<figure class=\"wp-block-image size-large\"><img loading=\"lazy\" decoding=\"async\" width=\"1024\" height=\"768\" src=\"https:\/\/paadarauroravillas.com\/wp-content\/uploads\/2025\/04\/IMG-20240416-WA0004-1-1024x768.jpg\" alt=\"\" class=\"wp-image-645\" srcset=\"https:\/\/paadarauroravillas.com\/wp-content\/uploads\/2025\/04\/IMG-20240416-WA0004-1-1024x768.jpg 1024w, https:\/\/paadarauroravillas.com\/wp-content\/uploads\/2025\/04\/IMG-20240416-WA0004-1-300x225.jpg 300w, https:\/\/paadarauroravillas.com\/wp-content\/uploads\/2025\/04\/IMG-20240416-WA0004-1-768x576.jpg 768w, https:\/\/paadarauroravillas.com\/wp-content\/uploads\/2025\/04\/IMG-20240416-WA0004-1-1536x1152.jpg 1536w, https:\/\/paadarauroravillas.com\/wp-content\/uploads\/2025\/04\/IMG-20240416-WA0004-1-16x12.jpg 16w, https:\/\/paadarauroravillas.com\/wp-content\/uploads\/2025\/04\/IMG-20240416-WA0004-1.jpg 1600w\" sizes=\"auto, (max-width: 1024px) 100vw, 1024px\" \/><\/figure>\n\n\n\n<div class=\"wp-block-group has-global-padding is-layout-constrained wp-container-core-group-is-layout-c7e4baee wp-block-group-is-layout-constrained\" style=\"padding-top:0;padding-right:var(--wp--preset--spacing--50);padding-bottom:var(--wp--preset--spacing--50);padding-left:var(--wp--preset--spacing--50)\">\n<h3 class=\"wp-block-heading has-kenta-font-medium-font-size\" style=\"margin-top:0;margin-bottom:0\"><strong>Husky Safari<\/strong><\/h3>\n\n\n\n<p><strong>Faites l'exp\u00e9rience du safari avec les huskys :<\/strong> Ce programme, adapt\u00e9 aux familles avec enfants, commence par des le\u00e7ons de conduite, apr\u00e8s quoi vous apprendrez \u00e0 diriger vous-m\u00eame un tra\u00eeneau \u00e0 chiens en toute s\u00e9curit\u00e9.<\/p>\n\n\n\n<p><a href=\"https:\/\/paadarauroravillas.com\/fr\/safari-en-traineau-a-chiens\/\">Lire la suite \u2192<\/a><\/p>\n<\/div>\n<\/div>\n<\/div>\n\n\n\n<div class=\"wp-block-column has-border-color has-kenta-base-200-border-color is-layout-flow wp-block-column-is-layout-flow\"><\/div>\n<\/div>\n<\/div><\/div>\n\n\n\n<p><\/p>","protected":false},"excerpt":{"rendered":"","protected":false},"author":1,"featured_media":0,"parent":0,"menu_order":0,"comment_status":"closed","ping_status":"closed","template":"","meta":{"_seopress_robots_primary_cat":"","_seopress_titles_title":"Paadar Aurora Villas Winter Activities","_seopress_titles_desc":"Paadar Aurora Villas Winter Activities","_seopress_robots_index":"","site-container-style":"default","site-container-layout":"default","site-sidebar-layout":"default","site-transparent-header":"default","disable-article-header":"default","disable-site-header":"default","disable-site-footer":"default","disable-content-area-spacing":"default","footnotes":""},"class_list":["post-579","page","type-page","status-publish","hentry"],"_links":{"self":[{"href":"https:\/\/paadarauroravillas.com\/fr\/wp-json\/wp\/v2\/pages\/579","targetHints":{"allow":["GET"]}}],"collection":[{"href":"https:\/\/paadarauroravillas.com\/fr\/wp-json\/wp\/v2\/pages"}],"about":[{"href":"https:\/\/paadarauroravillas.com\/fr\/wp-json\/wp\/v2\/types\/page"}],"author":[{"embeddable":true,"href":"https:\/\/paadarauroravillas.com\/fr\/wp-json\/wp\/v2\/users\/1"}],"replies":[{"embeddable":true,"href":"https:\/\/paadarauroravillas.com\/fr\/wp-json\/wp\/v2\/comments?post=579"}],"version-history":[{"count":4,"href":"https:\/\/paadarauroravillas.com\/fr\/wp-json\/wp\/v2\/pages\/579\/revisions"}],"predecessor-version":[{"id":668,"href":"https:\/\/paadarauroravillas.com\/fr\/wp-json\/wp\/v2\/pages\/579\/revisions\/668"}],"wp:attachment":[{"href":"https:\/\/paadarauroravillas.com\/fr\/wp-json\/wp\/v2\/media?parent=579"}],"curies":[{"name":"wp","href":"https:\/\/api.w.org\/{rel}","templated":true}]}}