{"id":575,"date":"2025-04-16T12:48:56","date_gmt":"2025-04-16T12:48:56","guid":{"rendered":"https:\/\/paadarauroravillas.com\/?page_id=575"},"modified":"2025-04-17T10:39:47","modified_gmt":"2025-04-17T10:39:47","slug":"programme-dhiver-des-villas-paadar-aurora","status":"publish","type":"page","link":"https:\/\/paadarauroravillas.com\/fr\/paadar-aurora-villas-winter-program\/","title":{"rendered":"Paadar Aurora Villas Winter Program"},"content":{"rendered":"<h1 class=\"wp-block-heading has-kenta-primary-color has-text-color has-link-color wp-elements-6c4f803461118240a348f823274de89f\"><strong>Aper\u00e7u du programme Northern Lights Paadar Aurora Villas :<\/strong><\/h1>\n\n\n\n<p>Offrez \u00e0 vos proches une escapade romantique et active loin de l'agitation de la vie quotidienne. Faites l'exp\u00e9rience d'un s\u00e9jour unique \u00e0 Paadar Aurora Villas et observez les aurores bor\u00e9ales danser dans le ciel noir. Avec une large s\u00e9lection d'activit\u00e9s telles que (liens) <strong>safaris en motoneige, vie quotidienne d'un \u00e9leveur de rennes, randonn\u00e9es en raquettes, p\u00eache sur glace dans l'Arctique<\/strong>Vous pourrez ainsi profiter d'un cadre hivernal exceptionnel dans une nature sauvage magnifique, unique et romantique que l'on ne trouve qu'en Laponie finlandaise.<\/p>\n\n\n\n<p class=\"has-kenta-primary-active-color has-text-color has-link-color wp-elements-e52fa8fa9b02480623c7726d5f61fc4b\">Le prix est pour <strong>\"<\/strong><strong>Aventures arctiques et aurores bor\u00e9ales <\/strong>safaris \u20ac<strong> 990 par personne<\/strong>\u00a0en fonction des disponibilit\u00e9s.\u00a0<\/p>\n\n\n\n<p>*Les activit\u00e9s de plein air d\u00e9pendent des conditions m\u00e9t\u00e9orologiques, en particulier au d\u00e9but de la saison (novembre) et \u00e0 la fin de la saison (avril).<\/p>\n\n\n\n<p class=\"has-kenta-primary-active-color has-text-color has-link-color wp-elements-4ad91df2d717d001ba183f76c3970e67\"><strong>Itin\u00e9raire de la visite :<\/strong><\/p>\n\n\n\n<h2 class=\"wp-block-heading has-kenta-primary-color has-text-color has-link-color wp-elements-5b9afc6e751529abb79e55c911a544d4\"><strong>Jour 1 : Bienvenue \u00e0 Paadar Aurora Villas<\/strong><\/h2>\n\n\n\n<p>Paadar Aurora Villas<strong>&nbsp;<\/strong>Le Paadar Aurora Villas est un lieu de retraite unique situ\u00e9 en pleine nature, offrant un m\u00e9lange parfait de nature arctique et de confort moderne, le tout con\u00e7u pour maximiser la vue sur les aurores bor\u00e9ales. Le Paadar Aurora Villas propose une vari\u00e9t\u00e9 d'activit\u00e9s hivernales telles que le tra\u00eeneau \u00e0 huskies, la motoneige et le renne. Le Paadar Aurora Villas vous garantit un s\u00e9jour inoubliable en Laponie finlandaise.<\/p>\n\n\n\n<h2 class=\"wp-block-heading has-kenta-primary-color has-text-color has-link-color wp-elements-19962b6c16fd14845a4ab12fe83b8c86\"><strong>Jour 2 et suivants : Aventures arctiques et aurores bor\u00e9ales<\/strong><\/h2>\n\n\n\n<p>Les Paadar Aurora Villas proposent une vaste gamme d'activit\u00e9s : randonn\u00e9es en raquettes, p\u00eache sur glace, chasse aux aurores bor\u00e9ales, safaris \u00e0 dos de renne et en motoneige. Consultez la liste s\u00e9par\u00e9e des activit\u00e9s afin de pouvoir choisir \u00e0 l'avance ou le programme pr\u00eat \u00e0 l'emploi ci-dessous pour faire le plein d'\u00e9nergie avant d'entrer dans le monde ext\u00e9rieur.<\/p>\n\n\n\n<p>S\u00e9journer dans une villa Paadar Aurora est une occasion remarquable de d\u00e9couvrir les aurores bor\u00e9ales comme jamais auparavant, avec de magnifiques cabines dot\u00e9es d'un sauna et d'un jacuzzi ext\u00e9rieur offrant une vue imprenable sur les aurores bor\u00e9ales \u00e0 travers les fen\u00eatres de la villa ou depuis l'ext\u00e9rieur du jacuzzi chauff\u00e9.<\/p>\n\n\n\n<p><strong><\/strong><strong> &nbsp; <\/strong><strong>Programme Paadar Aurora Villas<\/strong><\/p>\n\n\n\n<p class=\"has-kenta-primary-active-color has-text-color has-link-color wp-elements-254c9fffa986c67720ae885536b690c1\"><strong>Nous avons inclus dans le prix de \"Arctic Adventures &amp; Northern Lights\" :<\/strong><\/p>\n\n\n\n<h3 class=\"wp-block-heading has-kenta-primary-color has-text-color has-link-color wp-elements-9f2edcfcfeb4c380944f337f0437d152\"><strong>Safari en motoneige :<\/strong><\/h3>\n\n\n\n<p>Partez \u00e0 l'aventure en motoneige dans les r\u00e9gions sauvages de l'Arctique ! Traversez des for\u00eats couvertes de givre et des marais gel\u00e9s, chaque saison r\u00e9v\u00e9lant son charme unique. Ressentez la s\u00e9r\u00e9nit\u00e9 des paysages intacts de la Laponie en parcourant les sentiers sinueux, laissant derri\u00e8re vous les soucis quotidiens. C'est un voyage inoubliable au pays des merveilles de la nature !<\/p>\n\n\n\n<h3 class=\"wp-block-heading has-kenta-primary-color has-text-color has-link-color wp-elements-a13366e95507d97089f24e0539d24128\"><strong>La vie quotidienne d'un \u00e9leveur de rennes :<\/strong><\/h3>\n\n\n\n<p>Go\u00fbtez \u00e0 la vie quotidienne d'un \u00e9leveur de rennes en participant \u00e0 l'alimentation de ses rennes dans la nature. L'excursion commence par un court transfert en voiture jusqu'\u00e0 la ferme et se poursuit par une balade en motoneige jusqu'au troupeau de rennes. L'\u00e9leveur de rennes conduira la motoneige tandis que vous pourrez admirer le paysage depuis le tra\u00eeneau. En nourrissant les rennes, vous aurez l'occasion d'observer ces animaux paisibles. Tout en observant les rennes, profitez d'une pause-caf\u00e9 confortable autour d'un feu ouvert. C'est un moment de tranquillit\u00e9 pour les rennes et les \u00e9leveurs, un moment authentique et r\u00e9el !<\/p>\n\n\n\n<h3 class=\"wp-block-heading has-kenta-primary-color has-text-color has-link-color wp-elements-ebd5b6542e0f1e265a2451486730c118\"><strong>Husky Safari :<\/strong><\/h3>\n\n\n\n<p>D\u00e9couvrez la magie de la Laponie lors d'un safari \u00e0 dos de husky de 5 \u00e0 10 km ! Rencontrez les chiens enthousiastes, prenez des photos et d\u00e9couvrez leur mode de vie arctique avant de recevoir les conseils avis\u00e9s de mushers chevronn\u00e9s. Prenez ensuite le contr\u00f4le de votre tra\u00eeneau pendant que les huskies traversent des paysages enneig\u00e9s \u00e0 couper le souffle.<\/p>\n\n\n\n<h3 class=\"wp-block-heading has-kenta-primary-color has-text-color has-link-color wp-elements-b69762844dc5e56dbe8f66e65af69d25\"><strong>P\u00eache blanche dans l'Arctique<\/strong><\/h3>\n\n\n\n<p>Passez une journ\u00e9e agr\u00e9able au lac Paatari, \u00e0 seulement dix minutes au nord de la Villa Paadari, o\u00f9 vous apprendrez les rudiments de la p\u00eache hivernale traditionnelle et d\u00e9gusterez un d\u00e9licieux repas !<\/p>\n\n\n\n<p>Nos guides experts vous enseigneront les techniques authentiques de p\u00eache sur glace des Lapons :<\/p>\n\n\n\n<ul class=\"wp-block-list\">\n<li>Forage de la glace (\"kairaaminen\")<\/li>\n\n\n\n<li>P\u00eache traditionnelle sur glace (\"pilkkiminen\")<\/li>\n\n\n\n<li>P\u00eache au filet sous la glace (\"juomustus\")<\/li>\n\n\n\n<li>D\u00e9monstration de pr\u00e9paration du poisson<\/li>\n\n\n\n<li>En-cas et endroit pour se r\u00e9chauffer<\/li>\n\n\n\n<li>Visite du sauna traditionnel finlandais<\/li>\n<\/ul>\n\n\n\n<p>Cette exp\u00e9rience est parfaite pour les amis, les couples et les familles. Les enfants peuvent profiter d'activit\u00e9s comme le toboggan et la luge, pour que tout le monde vive une exp\u00e9rience m\u00e9morable.<\/p>\n\n\n\n<p>Nos eaux froides et claires rendent le poisson incroyablement frais. Rejoignez-nous pour cette incroyable exp\u00e9rience hivernale.<\/p>","protected":false},"excerpt":{"rendered":"<p>Overview of the Northern Lights Paadar Aurora Villas Program: Take your loved ones on a romantic and active get-away from the busy everyday life. Experience a unique stay at Paadar Aurora Villas to watch the&nbsp;Northern Lights dance across the dark skies. With a wide selection of activities such as (links) snowmobile safaris, A reindeer herder&#8217;s [&hellip;]<\/p>\n","protected":false},"author":1,"featured_media":0,"parent":0,"menu_order":0,"comment_status":"closed","ping_status":"closed","template":"","meta":{"_seopress_robots_primary_cat":"","_seopress_titles_title":"Northern Lights Paadar Aurora Villas Program","_seopress_titles_desc":"Take your loved ones on a romantic and active get-away from the busy everyday life. Experience a unique stay at Paadar Aurora Villas to watch the\u00a0Northern Lights dance across the dark skies. With a wide selection of activities such as (links) snowmobile safaris, A reindeer herder's everyday life, snowshoeing,\u00a0Arctic icefishing, and northern lights chasing, you will experience a truly unique winter wonderland setting in the beautiful, unique and romantic wilderness surroundings only found in Finnish Lapland.","_seopress_robots_index":"","site-container-style":"default","site-container-layout":"default","site-sidebar-layout":"default","site-transparent-header":"default","disable-article-header":"default","disable-site-header":"default","disable-site-footer":"default","disable-content-area-spacing":"default","footnotes":""},"class_list":["post-575","page","type-page","status-publish","hentry"],"_links":{"self":[{"href":"https:\/\/paadarauroravillas.com\/fr\/wp-json\/wp\/v2\/pages\/575","targetHints":{"allow":["GET"]}}],"collection":[{"href":"https:\/\/paadarauroravillas.com\/fr\/wp-json\/wp\/v2\/pages"}],"about":[{"href":"https:\/\/paadarauroravillas.com\/fr\/wp-json\/wp\/v2\/types\/page"}],"author":[{"embeddable":true,"href":"https:\/\/paadarauroravillas.com\/fr\/wp-json\/wp\/v2\/users\/1"}],"replies":[{"embeddable":true,"href":"https:\/\/paadarauroravillas.com\/fr\/wp-json\/wp\/v2\/comments?post=575"}],"version-history":[{"count":4,"href":"https:\/\/paadarauroravillas.com\/fr\/wp-json\/wp\/v2\/pages\/575\/revisions"}],"predecessor-version":[{"id":630,"href":"https:\/\/paadarauroravillas.com\/fr\/wp-json\/wp\/v2\/pages\/575\/revisions\/630"}],"wp:attachment":[{"href":"https:\/\/paadarauroravillas.com\/fr\/wp-json\/wp\/v2\/media?parent=575"}],"curies":[{"name":"wp","href":"https:\/\/api.w.org\/{rel}","templated":true}]}}