{"id":570,"date":"2025-04-16T12:42:53","date_gmt":"2025-04-16T12:42:53","guid":{"rendered":"https:\/\/paadarauroravillas.com\/?page_id=570"},"modified":"2025-04-16T12:42:53","modified_gmt":"2025-04-16T12:42:53","slug":"randonnee-sur-le-sentier-juutua","status":"publish","type":"page","link":"https:\/\/paadarauroravillas.com\/fr\/hiking-on-the-juutua-trail\/","title":{"rendered":"Randonn\u00e9e sur le sentier Juutua"},"content":{"rendered":"<div style=\"height:17px\" aria-hidden=\"true\" class=\"wp-block-spacer\"><\/div>\n\n\n\n<h2 class=\"wp-block-heading has-kenta-primary-color has-text-color has-link-color wp-elements-00d1dd76269e1b1fbcd66f904aa10550\"><strong>Randonn\u00e9e sur le sentier Juutua<\/strong><\/h2>\n\n\n\n<p class=\"has-text-color has-link-color wp-elements-30fc74e88c64f636dbc199cb25303f6b\" style=\"color:#fffefe\"><strong>Sur demande<\/strong><\/p>\n\n\n\n<p class=\"has-text-color has-link-color wp-elements-9b69127fd91aa411e8924f4c1a7147f1\" style=\"color:#fffefe\">Profitez de la randonn\u00e9e sur le sentier Juutua (6,3 km) : \u00c9coutez les rapides de la rivi\u00e8re Juutua, savourez un en-cas au refuge situ\u00e9 au bord de la rivi\u00e8re et traversez les eaux tumultueuses de J\u00e4niskoski gr\u00e2ce \u00e0 un pont suspendu. La rivi\u00e8re Juutua est l'une des meilleures rivi\u00e8res \u00e0 truites d'Europe.<\/p>\n\n\n\n<p class=\"has-text-color has-link-color wp-elements-04e549dff8939ff26f82f5e0ad75e3f3\" style=\"color:#ffffff\">Les magnifiques rapides de J\u00e4niskoski \u00e9merveillent les visiteurs tout au long de l'ann\u00e9e. L'eau coule avec une telle force que les rapides ne g\u00e8lent jamais, m\u00eame par les plus grands froids de l'hiver. Un pont suspendu enjambe le J\u00e4niskoski et, apr\u00e8s avoir travers\u00e9 la rivi\u00e8re, vous pourrez admirer le torrent depuis un abri situ\u00e9 au bord de la rivi\u00e8re. L'abri, situ\u00e9 \u00e0 mi-chemin du sentier, est un endroit id\u00e9al pour faire une pause.<\/p>\n\n\n\n<p class=\"has-text-color has-link-color wp-elements-760b2be5ac8700eda43dc366fd5d1360\" style=\"color:#ffffff\">Le sentier Juutua est id\u00e9al pour les familles et convient aux randonneurs d'un jour de toutes sortes. La partie sud du sentier est \u00e9clair\u00e9e et reste ouverte pendant l'hiver, avec de larges chemins de gravier qui la rendent accessible aux poussettes et aux fauteuils roulants. En revanche, la partie nord n'est \u00e9clair\u00e9e que par la lumi\u00e8re naturelle et comporte des sentiers \u00e9troits traversant des for\u00eats denses.<\/p>\n\n\n\n<p class=\"has-text-color has-link-color wp-elements-24f19afaeb0d2805de543ecb32c19637\" style=\"color:#fffefe\">Les rives de Juutua ont toujours \u00e9t\u00e9 une ligne de vie pour les gens, offrant de riches prises de poissons et des histoires racont\u00e9es parmi les pierres de la rivi\u00e8re. Le sentier comprend des panneaux sur la nature con\u00e7us pour inspirer une appr\u00e9ciation plus profonde de l'environnement. Les illustrations sont l'\u0153uvre de l'artiste Merja Aletta Ranttila, bas\u00e9e \u00e0 Inari.<\/p>\n\n\n\n<ul class=\"wp-block-list\">\n<li class=\"has-kenta-primary-active-color has-text-color has-link-color wp-elements-e5998741592f615ccf6ba10a1f40f7c8\"><strong>Dur\u00e9e de l'enqu\u00eate :<\/strong> 3 heures<\/li>\n<\/ul>\n\n\n\n<ul class=\"wp-block-list\">\n<li class=\"has-kenta-primary-active-color has-text-color has-link-color wp-elements-460cecf1e5577535c7c4ff6979814c18\"><strong>Prix :<\/strong> 50 \u20ac par personne\/transport (maximum 4 personnes\/minimum 2 personnes par direction)<\/li>\n<\/ul>\n\n\n\n<ul class=\"wp-block-list\">\n<li class=\"has-kenta-primary-active-color has-text-color has-link-color wp-elements-71b46b2ed6ad09c9f82cdb32edd71dc3\"><a href=\"https:\/\/paadarauroravillas.com\/fr\/varausehdot\/\">Conditions de r\u00e9servation et d'annulation<\/a><\/li>\n<\/ul>\n\n\n\n<div class=\"wp-block-columns is-layout-flex wp-container-core-columns-is-layout-28f84493 wp-block-columns-is-layout-flex\">\n<div class=\"wp-block-column is-layout-flow wp-block-column-is-layout-flow\">\n<figure class=\"wp-block-image\"><img decoding=\"async\" src=\"https:\/\/lh7-rt.googleusercontent.com\/docsz\/AD_4nXdyA6gADZyOqPNzKdb46Stq_eEtG6vdLv2l8ZnTm7TosHOH-kM2K56nNyQbFoSuylET0r10XyniurONdg1cCslowRGB9C1mjTfARnzZ6F3KBZTlRcUrvSC54zpJ0cdhTo2iJWg5zg?key=QuGAegPTcuiA9rDIhmqy6zPe\" alt=\"Une personne coiff\u00e9e d&#039;un chapeau rouge sur un bateau Le contenu g\u00e9n\u00e9r\u00e9 par l&#039;IA peut \u00eatre incorrect.\"\/><\/figure>\n<\/div>\n\n\n\n<div class=\"wp-block-column is-layout-flow wp-block-column-is-layout-flow\">\n<figure class=\"wp-block-image\"><img decoding=\"async\" src=\"https:\/\/lh7-rt.googleusercontent.com\/docsz\/AD_4nXe-HX0Q4VbgaiLepDzJOa3-s7WnglX4WJPQDNFMmybAHYdvvpK4X-YUSouWkm94ysKv_yfl4m9rXS6s8qKoOxj7ih91riOA__WFXQlAKz99SsbutpuhPLyGhuLpYoiCVCFoRViuGQ?key=QuGAegPTcuiA9rDIhmqy6zPe\" alt=\"Une \u00e9tendue d&#039;eau avec des nuages et un ciel bleu Le contenu g\u00e9n\u00e9r\u00e9 par l&#039;IA peut \u00eatre incorrect.\"\/><\/figure>\n<\/div>\n<\/div>\n\n\n\n<p><\/p>","protected":false},"excerpt":{"rendered":"<p>Hiking on the Juutua Trail By request Enjoy hiking along the Juutua Trail (6.3 km): Listen to the whitewater rapids of Juutua River, savor snacks at the riverside shelter, and cross over J\u00e4niskoski&#8217;s roaring waters via a suspension bridge. Juutua River is one of Europe&#8217;s best trout rivers. J\u00e4niskoski&#8217;s magnificent rapids amaze visitors year-round. The [&hellip;]<\/p>\n","protected":false},"author":1,"featured_media":0,"parent":0,"menu_order":0,"comment_status":"closed","ping_status":"closed","template":"","meta":{"_seopress_robots_primary_cat":"","_seopress_titles_title":"","_seopress_titles_desc":"","_seopress_robots_index":"","site-container-style":"default","site-container-layout":"default","site-sidebar-layout":"default","site-transparent-header":"default","disable-article-header":"default","disable-site-header":"default","disable-site-footer":"default","disable-content-area-spacing":"default","footnotes":""},"class_list":["post-570","page","type-page","status-publish","hentry"],"_links":{"self":[{"href":"https:\/\/paadarauroravillas.com\/fr\/wp-json\/wp\/v2\/pages\/570","targetHints":{"allow":["GET"]}}],"collection":[{"href":"https:\/\/paadarauroravillas.com\/fr\/wp-json\/wp\/v2\/pages"}],"about":[{"href":"https:\/\/paadarauroravillas.com\/fr\/wp-json\/wp\/v2\/types\/page"}],"author":[{"embeddable":true,"href":"https:\/\/paadarauroravillas.com\/fr\/wp-json\/wp\/v2\/users\/1"}],"replies":[{"embeddable":true,"href":"https:\/\/paadarauroravillas.com\/fr\/wp-json\/wp\/v2\/comments?post=570"}],"version-history":[{"count":1,"href":"https:\/\/paadarauroravillas.com\/fr\/wp-json\/wp\/v2\/pages\/570\/revisions"}],"predecessor-version":[{"id":573,"href":"https:\/\/paadarauroravillas.com\/fr\/wp-json\/wp\/v2\/pages\/570\/revisions\/573"}],"wp:attachment":[{"href":"https:\/\/paadarauroravillas.com\/fr\/wp-json\/wp\/v2\/media?parent=570"}],"curies":[{"name":"wp","href":"https:\/\/api.w.org\/{rel}","templated":true}]}}