{"id":566,"date":"2025-04-16T12:41:24","date_gmt":"2025-04-16T12:41:24","guid":{"rendered":"https:\/\/paadarauroravillas.com\/?page_id=566"},"modified":"2025-04-16T12:41:24","modified_gmt":"2025-04-16T12:41:24","slug":"randonnee-dans-le-parc-national-de-lemmenjoki","status":"publish","type":"page","link":"https:\/\/paadarauroravillas.com\/fr\/hiking-in-lemmenjoki-national-park\/","title":{"rendered":"Randonn\u00e9e dans le parc national de Lemmenjoki"},"content":{"rendered":"<div style=\"height:17px\" aria-hidden=\"true\" class=\"wp-block-spacer\"><\/div>\n\n\n\n<h2 class=\"wp-block-heading has-kenta-primary-color has-text-color has-link-color wp-elements-231f4966ce27ef0f48cc93a6e4e06708\">Randonn\u00e9e dans le parc national de Lemmenjoki<\/h2>\n\n\n\n<p class=\"has-text-color has-link-color wp-elements-30fc74e88c64f636dbc199cb25303f6b\" style=\"color:#fffefe\"><strong>Sur demande<\/strong><\/p>\n\n\n\n<p class=\"has-text-color has-link-color wp-elements-0c5f8b125a42cd1f735f1e76f1013f73\" style=\"color:#fffefe\">Randonn\u00e9e dans le parc national de Lemmenjoki avec possibilit\u00e9 de visiter le centre d'information du parc. Vous pouvez choisir entre deux itin\u00e9raires :<\/p>\n\n\n\n<p class=\"has-text-color has-link-color wp-elements-4c019195c1af76a9cc0afec51a89d4a6\" style=\"color:#ffffff\"><strong>Sentier naturel de Lemmenjoki (4,5 km) :<\/strong> Le sentier commence \u00e0 Njurkulahti et suit le cours de la rivi\u00e8re Lemmenjoki. Au d\u00e9but du sentier, vous trouverez d'anciennes fosses de chasse au renne et des formations de cr\u00eates. Apr\u00e8s quelques kilom\u00e8tres, le sentier tourne vers l'est et serpente \u00e0 travers des for\u00eats de pins vallonn\u00e9es pour revenir \u00e0 son point de d\u00e9part. Des foyers et des panneaux d'information jalonnent le parcours.<\/p>\n\n\n\n<p class=\"has-text-color has-link-color wp-elements-b2ba0c09800777641fe89b6434a5bedf\" style=\"color:#fffefe\"><strong>Boucle de Joenkielinen (18 km) :<\/strong> Cet itin\u00e9raire commence \u00e0 Njurkulahti, en direction de la colline de Joenkielinen, o\u00f9 des vues \u00e0 couper le souffle sur le parc national de Lemmenjoki et la zone de nature sauvage de Hammastunturi vous attendent au sommet. Sur le chemin du retour vers Njurkulahti, l'itin\u00e9raire suit la rivi\u00e8re Lemmenjoki. Le long du sentier, il y a quatre foyers et une cabane traditionnelle lapone (lapinkota).<\/p>\n\n\n\n<ul class=\"wp-block-list\">\n<li class=\"has-kenta-primary-active-color has-text-color has-link-color wp-elements-b9be018352b235547de942d02b45d1fe\"><strong>Dur\u00e9e de l'enqu\u00eate :<\/strong> <\/li>\n<\/ul>\n\n\n\n<ul class=\"wp-block-list\">\n<li class=\"has-kenta-primary-active-color has-text-color has-link-color wp-elements-bce584ee6d526c3eb5e02fb8edda30e0\"><strong>Prix<\/strong>50 \u20ac par personne\/transport (maximum 4 personnes\/minimum 2 personnes par direction)<\/li>\n<\/ul>\n\n\n\n<ul class=\"wp-block-list\">\n<li class=\"has-kenta-primary-active-color has-text-color has-link-color wp-elements-71b46b2ed6ad09c9f82cdb32edd71dc3\"><a href=\"https:\/\/paadarauroravillas.com\/fr\/varausehdot\/\">Conditions de r\u00e9servation et d'annulation<\/a><\/li>\n<\/ul>\n\n\n\n<div class=\"wp-block-columns is-layout-flex wp-container-core-columns-is-layout-28f84493 wp-block-columns-is-layout-flex\">\n<div class=\"wp-block-column is-layout-flow wp-block-column-is-layout-flow\">\n<figure class=\"wp-block-image\"><img decoding=\"async\" src=\"https:\/\/lh7-rt.googleusercontent.com\/docsz\/AD_4nXfVj92YOOSgKAFMajYBbxGYw247-o1jQM80MVwONSqLfewkhMm-mGZ7dfOpCafDhaIDdjndRz3Jx433XodFtTpEx5EkZjFI2QWWfnnD-6IDEd5Cjes_5HkNmDHMtfwhVmhorSHkyw?key=QuGAegPTcuiA9rDIhmqy6zPe\" alt=\"Un signe dans les bois Le contenu g\u00e9n\u00e9r\u00e9 par l&#039;IA peut \u00eatre incorrect.\"\/><\/figure>\n<\/div>\n\n\n\n<div class=\"wp-block-column is-layout-flow wp-block-column-is-layout-flow\">\n<figure class=\"wp-block-image\"><img decoding=\"async\" src=\"https:\/\/lh7-rt.googleusercontent.com\/docsz\/AD_4nXcdB4JN8EOTG8BoDpNebth2wI02_fStODe26jRdoSomcjg7Qn_TTsXwJtQvAsp9Vky13i-IvWeQM3-RPx252GPq7_lVrMWsd1JGX1vRJKC15s6bBQfXv6kRxmIu9y_iV3eBxEbIdA?key=QuGAegPTcuiA9rDIhmqy6zPe\" alt=\"Un feu br\u00fblant dans un foyer Le contenu g\u00e9n\u00e9r\u00e9 par l&#039;IA peut \u00eatre incorrect.\"\/><\/figure>\n<\/div>\n<\/div>\n\n\n\n<p><\/p>","protected":false},"excerpt":{"rendered":"<p>Hiking in Lemmenjoki National Park By request Hiking trip to Lemmenjoki National Park with the opportunity to visit the park&#8217;s information center. You can choose between two routes: Lemmenjoki Nature Trail (4.5 km): Starts in Njurkulahti and follows the course of the Lemmenjoki River. At the beginning of the trail, you&#8217;ll find old reindeer hunting [&hellip;]<\/p>\n","protected":false},"author":1,"featured_media":0,"parent":0,"menu_order":0,"comment_status":"closed","ping_status":"closed","template":"","meta":{"_seopress_robots_primary_cat":"","_seopress_titles_title":"","_seopress_titles_desc":"","_seopress_robots_index":"","site-container-style":"default","site-container-layout":"default","site-sidebar-layout":"default","site-transparent-header":"default","disable-article-header":"default","disable-site-header":"default","disable-site-footer":"default","disable-content-area-spacing":"default","footnotes":""},"class_list":["post-566","page","type-page","status-publish","hentry"],"_links":{"self":[{"href":"https:\/\/paadarauroravillas.com\/fr\/wp-json\/wp\/v2\/pages\/566","targetHints":{"allow":["GET"]}}],"collection":[{"href":"https:\/\/paadarauroravillas.com\/fr\/wp-json\/wp\/v2\/pages"}],"about":[{"href":"https:\/\/paadarauroravillas.com\/fr\/wp-json\/wp\/v2\/types\/page"}],"author":[{"embeddable":true,"href":"https:\/\/paadarauroravillas.com\/fr\/wp-json\/wp\/v2\/users\/1"}],"replies":[{"embeddable":true,"href":"https:\/\/paadarauroravillas.com\/fr\/wp-json\/wp\/v2\/comments?post=566"}],"version-history":[{"count":1,"href":"https:\/\/paadarauroravillas.com\/fr\/wp-json\/wp\/v2\/pages\/566\/revisions"}],"predecessor-version":[{"id":569,"href":"https:\/\/paadarauroravillas.com\/fr\/wp-json\/wp\/v2\/pages\/566\/revisions\/569"}],"wp:attachment":[{"href":"https:\/\/paadarauroravillas.com\/fr\/wp-json\/wp\/v2\/media?parent=566"}],"curies":[{"name":"wp","href":"https:\/\/api.w.org\/{rel}","templated":true}]}}