{"id":562,"date":"2025-04-16T12:39:01","date_gmt":"2025-04-16T12:39:01","guid":{"rendered":"https:\/\/paadarauroravillas.com\/?page_id=562"},"modified":"2025-04-16T12:39:02","modified_gmt":"2025-04-16T12:39:02","slug":"croisiere-sur-le-siida-et-le-lac-inari","status":"publish","type":"page","link":"https:\/\/paadarauroravillas.com\/fr\/siida-and-lake-inari-cruise\/","title":{"rendered":"Croisi\u00e8re sur le Siida et le lac Inari"},"content":{"rendered":"<div style=\"height:17px\" aria-hidden=\"true\" class=\"wp-block-spacer\"><\/div>\n\n\n\n<h2 class=\"wp-block-heading has-kenta-primary-color has-text-color has-link-color wp-elements-df679b7544091e7af7257360db5a6745\">Croisi\u00e8re sur le Siida et le lac Inari<\/h2>\n\n\n\n<p class=\"has-text-color has-link-color wp-elements-30fc74e88c64f636dbc199cb25303f6b\" style=\"color:#fffefe\"><strong>Sur demande<\/strong><\/p>\n\n\n\n<p class=\"has-text-color has-link-color wp-elements-ceca25c5172af50f6b653719a3307c8c\" style=\"color:#fffefe\">Visitez Siida - le mus\u00e9e sami et le centre de la nature de Laponie - en toute ind\u00e9pendance. Les expositions montrent comment la nature et les hommes se sont adapt\u00e9s aux conditions extr\u00eames de l'environnement nordique. Des photographies, des vid\u00e9os, des dioramas, des paysages sonores et des objets authentiques \u00e9poustouflants vous guident \u00e0 travers les saisons et le pass\u00e9. Le caf\u00e9 ou le d\u00e9jeuner au Sarrit \u00e0 Siida est \u00e0 votre charge. Dur\u00e9e de la visite : 3-4 heures.<\/p>\n\n\n\n<p class=\"has-text-color has-link-color wp-elements-eb4031c07748a7a957706c8ea477d9f0\" style=\"color:#fffefe\">\u00c0 13h00, embarquement pour une croisi\u00e8re sur le lac Inari, un magnifique lac sauvage compos\u00e9 de 3 318 \u00eeles. Vous visiterez l'une d'entre elles, la c\u00e9l\u00e8bre \u00eele \"Ukko\" (\u00c4ijih), un ancien site sacrificiel du peuple sami Inari. Dur\u00e9e : 2 heures.<\/p>\n\n\n\n<p class=\"has-text-color has-link-color wp-elements-af0234d0448a982742cf502ea1cd28b1\" style=\"color:#ffffff\">Temps libre pour visiter les boutiques d'artisanat d'Inari et explorer le village.<\/p>\n\n\n\n<ul class=\"wp-block-list\">\n<li class=\"has-kenta-primary-active-color has-text-color has-link-color wp-elements-e0fabb97be9a35735cd15c18cebb3648\">Si les conditions m\u00e9t\u00e9orologiques le permettent. <\/li>\n<\/ul>\n\n\n\n<ul class=\"wp-block-list\">\n<li class=\"has-kenta-primary-active-color has-text-color has-link-color wp-elements-0480baf3671de372114d0d1ae501b471\"><strong>Dur\u00e9e totale<\/strong>: 5 heures<\/li>\n<\/ul>\n\n\n\n<ul class=\"wp-block-list\">\n<li class=\"has-kenta-primary-active-color has-text-color has-link-color wp-elements-fad17a3005e76787db3f6b00ba3d7a69\">Prix : 220 \u20ac par personne (maximum 4 personnes\/minimum 2 personnes)<\/li>\n<\/ul>\n\n\n\n<ul class=\"wp-block-list\">\n<li class=\"has-kenta-primary-active-color has-text-color has-link-color wp-elements-71b46b2ed6ad09c9f82cdb32edd71dc3\"><a href=\"https:\/\/paadarauroravillas.com\/fr\/varausehdot\/\">Conditions de r\u00e9servation et d'annulation<\/a><\/li>\n<\/ul>\n\n\n\n<div class=\"wp-block-columns is-layout-flex wp-container-core-columns-is-layout-28f84493 wp-block-columns-is-layout-flex\">\n<div class=\"wp-block-column is-layout-flow wp-block-column-is-layout-flow\">\n<figure class=\"wp-block-image\"><img decoding=\"async\" src=\"https:\/\/lh7-rt.googleusercontent.com\/docsz\/AD_4nXdz4QnEpAb9F046iZdLI0IW9iOEquhPqlKA8mFOc9UU-EdIlZhlvdqAhneYznj0zI2EHNhlgxzmnQEj9bdHfYcS1Z0jW1K0QfqsbK2UgiAwmFnCMXcmdZs0YhjKzICJZ78MuA37XQ?key=QuGAegPTcuiA9rDIhmqy6zPe\" alt=\"\"\/><\/figure>\n<\/div>\n\n\n\n<div class=\"wp-block-column is-layout-flow wp-block-column-is-layout-flow\">\n<figure class=\"wp-block-image\"><img decoding=\"async\" src=\"https:\/\/lh7-rt.googleusercontent.com\/docsz\/AD_4nXePQY692TX19hY9UdZ9_Qadj4ZdN_1lnQnkQOZp08Iv4rjRrZ7bbW2CGcZAYMtFYHfXyqCKujvplJG7KFW6HMg2WJ28cyJRg5_Y09VtUC7xrL1H7ZvF9-fej5jXMnmYr2Qq8NmG?key=QuGAegPTcuiA9rDIhmqy6zPe\" alt=\"Une pi\u00e8ce avec une vitrine et une personne debout devant celle-ci. Le contenu g\u00e9n\u00e9r\u00e9 par l&#039;IA peut \u00eatre incorrect.\"\/><\/figure>\n<\/div>\n<\/div>\n\n\n\n<p><\/p>","protected":false},"excerpt":{"rendered":"<p>Siida and Lake Inari Cruise By request Visit Siida \u2013 the S\u00e1mi Museum and Nature Center of Lapland \u2013 independently. The exhibitions showcase how nature and people have adapted to the extreme conditions of the northern environment. Stunning photographs, videos, dioramas, soundscapes, and authentic artifacts guide you through the seasons and the past. Coffee or [&hellip;]<\/p>\n","protected":false},"author":1,"featured_media":0,"parent":0,"menu_order":0,"comment_status":"closed","ping_status":"closed","template":"","meta":{"_seopress_robots_primary_cat":"","_seopress_titles_title":"","_seopress_titles_desc":"","_seopress_robots_index":"","site-container-style":"default","site-container-layout":"default","site-sidebar-layout":"default","site-transparent-header":"default","disable-article-header":"default","disable-site-header":"default","disable-site-footer":"default","disable-content-area-spacing":"default","footnotes":""},"class_list":["post-562","page","type-page","status-publish","hentry"],"_links":{"self":[{"href":"https:\/\/paadarauroravillas.com\/fr\/wp-json\/wp\/v2\/pages\/562","targetHints":{"allow":["GET"]}}],"collection":[{"href":"https:\/\/paadarauroravillas.com\/fr\/wp-json\/wp\/v2\/pages"}],"about":[{"href":"https:\/\/paadarauroravillas.com\/fr\/wp-json\/wp\/v2\/types\/page"}],"author":[{"embeddable":true,"href":"https:\/\/paadarauroravillas.com\/fr\/wp-json\/wp\/v2\/users\/1"}],"replies":[{"embeddable":true,"href":"https:\/\/paadarauroravillas.com\/fr\/wp-json\/wp\/v2\/comments?post=562"}],"version-history":[{"count":1,"href":"https:\/\/paadarauroravillas.com\/fr\/wp-json\/wp\/v2\/pages\/562\/revisions"}],"predecessor-version":[{"id":565,"href":"https:\/\/paadarauroravillas.com\/fr\/wp-json\/wp\/v2\/pages\/562\/revisions\/565"}],"wp:attachment":[{"href":"https:\/\/paadarauroravillas.com\/fr\/wp-json\/wp\/v2\/media?parent=562"}],"curies":[{"name":"wp","href":"https:\/\/api.w.org\/{rel}","templated":true}]}}