{"id":550,"date":"2025-04-16T12:32:35","date_gmt":"2025-04-16T12:32:35","guid":{"rendered":"https:\/\/paadarauroravillas.com\/?page_id=550"},"modified":"2025-04-16T12:32:35","modified_gmt":"2025-04-16T12:32:35","slug":"voyage-de-peche","status":"publish","type":"page","link":"https:\/\/paadarauroravillas.com\/fr\/fishing-trip\/","title":{"rendered":"Voyage de p\u00eache"},"content":{"rendered":"<div style=\"height:17px\" aria-hidden=\"true\" class=\"wp-block-spacer\"><\/div>\n\n\n\n<h2 class=\"wp-block-heading has-kenta-primary-color has-text-color has-link-color wp-elements-8e627be5845f6a95a3aa47235b874567\"><strong>Voyage de p\u00eache<\/strong><\/h2>\n\n\n\n<p class=\"has-text-color has-link-color wp-elements-30fc74e88c64f636dbc199cb25303f6b\" style=\"color:#fffefe\"><strong>Sur demande<\/strong><\/p>\n\n\n\n<p class=\"has-text-color has-link-color wp-elements-998cb5f9fd9bfd5a2c33ee4b56b48e6d\" style=\"color:#fffefe\">La p\u00eache est un \u00e9l\u00e9ment essentiel de la vie sur les rives du lac Paadarj\u00e4rvi. Ce lac sauvage offre d'innombrables lieux de p\u00eache et des paysages \u00e0 couper le souffle.<\/p>\n\n\n\n<ul class=\"wp-block-list\">\n<li class=\"has-kenta-primary-active-color has-text-color has-link-color wp-elements-2ad6c0e5082b08902817ad19988aeace\"><strong>Heure de d\u00e9part : <\/strong>08:00 du 3 juin au 2 ao\u00fbt<\/li>\n<\/ul>\n\n\n\n<ul class=\"wp-block-list\">\n<li class=\"has-kenta-primary-active-color has-text-color has-link-color wp-elements-e0fabb97be9a35735cd15c18cebb3648\">Si les conditions m\u00e9t\u00e9orologiques le permettent. <\/li>\n<\/ul>\n\n\n\n<ul class=\"wp-block-list\">\n<li class=\"has-kenta-primary-active-color has-text-color has-link-color wp-elements-5ae049cdc8af8fa9b79934b554c9ff84\"><strong>Dur\u00e9e de l'enqu\u00eate :<\/strong> 2,5-3 heures <\/li>\n<\/ul>\n\n\n\n<ul class=\"wp-block-list\">\n<li class=\"has-kenta-primary-active-color has-text-color has-link-color wp-elements-e1f2c7934170310291b8c0933f882bc8\"><strong>Prix :<\/strong> 200 \u20ac par personne (maximum 4 personnes\/minimum 2 personnes)<\/li>\n<\/ul>\n\n\n\n<ul class=\"wp-block-list\">\n<li class=\"has-kenta-primary-active-color has-text-color has-link-color wp-elements-71b46b2ed6ad09c9f82cdb32edd71dc3\"><a href=\"https:\/\/paadarauroravillas.com\/fr\/varausehdot\/\">Conditions de r\u00e9servation et d'annulation<\/a><\/li>\n<\/ul>\n\n\n\n<div class=\"wp-block-columns is-layout-flex wp-container-core-columns-is-layout-28f84493 wp-block-columns-is-layout-flex\">\n<div class=\"wp-block-column is-layout-flow wp-block-column-is-layout-flow\">\n<figure class=\"wp-block-image\"><img decoding=\"async\" src=\"https:\/\/lh7-rt.googleusercontent.com\/docsz\/AD_4nXc9BITC1Ne4el8Txae6kyz2N0kcZpFcxkglapKhuZkcIwKPVIfcCl6Q0yT19BZaA0qem0dhqso4EeppBq-QDi7SVZlTdT6_5KS1h7B1VUC0EuA40-9oYxBo3tUtJOJLe-0ExKHv?key=QuGAegPTcuiA9rDIhmqy6zPe\" alt=\"Une personne en gilet de sauvetage tenant un poisson dans un bateau Le contenu g\u00e9n\u00e9r\u00e9 par l&#039;IA peut \u00eatre incorrect.\"\/><\/figure>\n<\/div>\n\n\n\n<div class=\"wp-block-column is-layout-flow wp-block-column-is-layout-flow\">\n<figure class=\"wp-block-image\"><img decoding=\"async\" src=\"https:\/\/lh7-rt.googleusercontent.com\/docsz\/AD_4nXdElIfAmFwcGoGIvguEIYYv1MgJG7xcHhClvTryrxYz2Rnk5ddST6AHDhiWrj0i_pyY3vIcPXgydspOcdbM7kWWCCnZesIhnjjzEEcF8zf-rIAQ4Zuf6muijl0rQR7aZP6EdfM4Xg?key=QuGAegPTcuiA9rDIhmqy6zPe\" alt=\"\"\/><\/figure>\n<\/div>\n<\/div>\n\n\n\n<p><\/p>","protected":false},"excerpt":{"rendered":"<p>Fishing Trip By request Fishing is an essential part of life on the shores of Lake Paadarj\u00e4rvi. This wilderness lake offers countless fishing spots and breathtaking scenery.<\/p>","protected":false},"author":1,"featured_media":0,"parent":0,"menu_order":0,"comment_status":"closed","ping_status":"closed","template":"","meta":{"_seopress_robots_primary_cat":"","_seopress_titles_title":"","_seopress_titles_desc":"","_seopress_robots_index":"","site-container-style":"default","site-container-layout":"default","site-sidebar-layout":"default","site-transparent-header":"default","disable-article-header":"default","disable-site-header":"default","disable-site-footer":"default","disable-content-area-spacing":"default","footnotes":""},"class_list":["post-550","page","type-page","status-publish","hentry"],"_links":{"self":[{"href":"https:\/\/paadarauroravillas.com\/fr\/wp-json\/wp\/v2\/pages\/550","targetHints":{"allow":["GET"]}}],"collection":[{"href":"https:\/\/paadarauroravillas.com\/fr\/wp-json\/wp\/v2\/pages"}],"about":[{"href":"https:\/\/paadarauroravillas.com\/fr\/wp-json\/wp\/v2\/types\/page"}],"author":[{"embeddable":true,"href":"https:\/\/paadarauroravillas.com\/fr\/wp-json\/wp\/v2\/users\/1"}],"replies":[{"embeddable":true,"href":"https:\/\/paadarauroravillas.com\/fr\/wp-json\/wp\/v2\/comments?post=550"}],"version-history":[{"count":1,"href":"https:\/\/paadarauroravillas.com\/fr\/wp-json\/wp\/v2\/pages\/550\/revisions"}],"predecessor-version":[{"id":553,"href":"https:\/\/paadarauroravillas.com\/fr\/wp-json\/wp\/v2\/pages\/550\/revisions\/553"}],"wp:attachment":[{"href":"https:\/\/paadarauroravillas.com\/fr\/wp-json\/wp\/v2\/media?parent=550"}],"curies":[{"name":"wp","href":"https:\/\/api.w.org\/{rel}","templated":true}]}}