{"id":545,"date":"2025-04-16T12:30:37","date_gmt":"2025-04-16T12:30:37","guid":{"rendered":"https:\/\/paadarauroravillas.com\/?page_id=545"},"modified":"2025-04-16T12:30:37","modified_gmt":"2025-04-16T12:30:37","slug":"excursion-en-bateau-a-la-tombee-de-la-nuit","status":"publish","type":"page","link":"https:\/\/paadarauroravillas.com\/fr\/midnight-boat-trip\/","title":{"rendered":"Promenade en bateau de minuit"},"content":{"rendered":"<div style=\"height:17px\" aria-hidden=\"true\" class=\"wp-block-spacer\"><\/div>\n\n\n\n<h2 class=\"wp-block-heading has-kenta-primary-color has-text-color has-link-color wp-elements-746bd784d9cccf72dd5d10bffbb57c9a\"><strong>Promenade en bateau de minuit<\/strong><\/h2>\n\n\n\n<p class=\"has-text-color has-link-color wp-elements-30fc74e88c64f636dbc199cb25303f6b\" style=\"color:#fffefe\"><strong>Sur demande<\/strong><\/p>\n\n\n\n<p class=\"has-text-color has-link-color wp-elements-c51ad8ae362c8bd23a1006acd6637e49\" style=\"color:#fffefe\">Embarquez pour admirer le soleil de minuit sur le lac Paadarj\u00e4rvi. Le soleil reste au-dessus de l'horizon toute la nuit.<\/p>\n\n\n\n<ul class=\"wp-block-list\">\n<li class=\"has-kenta-primary-active-color has-text-color has-link-color wp-elements-3e2765409e1fab1ba6764420725a684b\">Heure de d\u00e9part : 22h00 du 10 juin au 15 septembre<\/li>\n<\/ul>\n\n\n\n<ul class=\"wp-block-list\">\n<li class=\"has-kenta-primary-active-color has-text-color has-link-color wp-elements-e0fabb97be9a35735cd15c18cebb3648\">Si les conditions m\u00e9t\u00e9orologiques le permettent. <\/li>\n<\/ul>\n\n\n\n<ul class=\"wp-block-list\">\n<li class=\"has-kenta-primary-active-color has-text-color has-link-color wp-elements-54bf86f605e19eac3e5e5d526e3033ff\"><strong>La dur\u00e9e<\/strong>: 2 heures<\/li>\n<\/ul>\n\n\n\n<ul class=\"wp-block-list\">\n<li class=\"has-kenta-primary-active-color has-text-color has-link-color wp-elements-e1f2c7934170310291b8c0933f882bc8\"><strong>Prix :<\/strong> 200 \u20ac par personne (maximum 4 personnes\/minimum 2 personnes)<\/li>\n<\/ul>\n\n\n\n<ul class=\"wp-block-list\">\n<li class=\"has-kenta-primary-active-color has-text-color has-link-color wp-elements-71b46b2ed6ad09c9f82cdb32edd71dc3\"><a href=\"https:\/\/paadarauroravillas.com\/fr\/varausehdot\/\">Conditions de r\u00e9servation et d'annulation<\/a><\/li>\n<\/ul>\n\n\n\n<div class=\"wp-block-columns is-layout-flex wp-container-core-columns-is-layout-28f84493 wp-block-columns-is-layout-flex\">\n<div class=\"wp-block-column is-layout-flow wp-block-column-is-layout-flow\">\n<figure class=\"wp-block-image\"><img decoding=\"async\" src=\"https:\/\/lh7-rt.googleusercontent.com\/docsz\/AD_4nXfex6-uTtwa4p37Y0jIk525IZKz3fpDyHXBI5Lim-kJElJJREXrvmIYnSVMj3mn9ILYsTwBpf97QgUDkVFxlhVp9l83hjr69fDhE7sYIXD-CmPfkp4Ha4_nBtLgRTEulW7ez1CQYw?key=QuGAegPTcuiA9rDIhmqy6zPe\" alt=\"Coucher de soleil sur une \u00e9tendue d&#039;eau Le contenu g\u00e9n\u00e9r\u00e9 par l&#039;IA peut \u00eatre incorrect.\"\/><\/figure>\n<\/div>\n\n\n\n<div class=\"wp-block-column is-layout-flow wp-block-column-is-layout-flow\">\n<figure class=\"wp-block-image\"><img decoding=\"async\" src=\"https:\/\/lh7-rt.googleusercontent.com\/docsz\/AD_4nXeK99MphsBYjq9FUxPQo9XYe4e2nI02SauJKgf8Fd6yROMl4UfzkQ49YS7E7Bq0xNCq6DY7dUU56yu0ZDL0-jHEduR8cdVKJXWcJoWRPGOE4QkCu16oG3GEWEm5SGtpwgAW-wS1WQ?key=QuGAegPTcuiA9rDIhmqy6zPe\" alt=\"Un arc-en-ciel au-dessus d&#039;une \u00e9tendue d&#039;eau Le contenu g\u00e9n\u00e9r\u00e9 par l&#039;IA peut \u00eatre incorrect.\"\/><\/figure>\n<\/div>\n<\/div>\n\n\n\n<p><\/p>","protected":false},"excerpt":{"rendered":"<p>Midnight Boat Trip By request Embark on a journey to admire the midnight sun over Lake Paadarj\u00e4rvi. The sun stays above the horizon throughout the night.<\/p>","protected":false},"author":1,"featured_media":0,"parent":0,"menu_order":0,"comment_status":"closed","ping_status":"closed","template":"","meta":{"_seopress_robots_primary_cat":"","_seopress_titles_title":"","_seopress_titles_desc":"","_seopress_robots_index":"","site-container-style":"default","site-container-layout":"default","site-sidebar-layout":"default","site-transparent-header":"default","disable-article-header":"default","disable-site-header":"default","disable-site-footer":"default","disable-content-area-spacing":"default","footnotes":""},"class_list":["post-545","page","type-page","status-publish","hentry"],"_links":{"self":[{"href":"https:\/\/paadarauroravillas.com\/fr\/wp-json\/wp\/v2\/pages\/545","targetHints":{"allow":["GET"]}}],"collection":[{"href":"https:\/\/paadarauroravillas.com\/fr\/wp-json\/wp\/v2\/pages"}],"about":[{"href":"https:\/\/paadarauroravillas.com\/fr\/wp-json\/wp\/v2\/types\/page"}],"author":[{"embeddable":true,"href":"https:\/\/paadarauroravillas.com\/fr\/wp-json\/wp\/v2\/users\/1"}],"replies":[{"embeddable":true,"href":"https:\/\/paadarauroravillas.com\/fr\/wp-json\/wp\/v2\/comments?post=545"}],"version-history":[{"count":1,"href":"https:\/\/paadarauroravillas.com\/fr\/wp-json\/wp\/v2\/pages\/545\/revisions"}],"predecessor-version":[{"id":549,"href":"https:\/\/paadarauroravillas.com\/fr\/wp-json\/wp\/v2\/pages\/545\/revisions\/549"}],"wp:attachment":[{"href":"https:\/\/paadarauroravillas.com\/fr\/wp-json\/wp\/v2\/media?parent=545"}],"curies":[{"name":"wp","href":"https:\/\/api.w.org\/{rel}","templated":true}]}}