{"id":539,"date":"2025-04-16T12:27:42","date_gmt":"2025-04-16T12:27:42","guid":{"rendered":"https:\/\/paadarauroravillas.com\/?page_id=539"},"modified":"2025-04-16T12:28:12","modified_gmt":"2025-04-16T12:28:12","slug":"excursion-en-bateau-sur-le-lac-paadar","status":"publish","type":"page","link":"https:\/\/paadarauroravillas.com\/fr\/boat-trip-on-lake-paadar\/","title":{"rendered":"Excursion en bateau sur le lac Paadar"},"content":{"rendered":"<div style=\"height:17px\" aria-hidden=\"true\" class=\"wp-block-spacer\"><\/div>\n\n\n\n<h2 class=\"wp-block-heading has-kenta-primary-color has-text-color has-link-color wp-elements-f87a4c32ed41c4ee0d419080ea184509\">Excursion en bateau sur le lac Paadar<\/h2>\n\n\n\n<p class=\"has-text-color has-link-color wp-elements-30fc74e88c64f636dbc199cb25303f6b\" style=\"color:#fffefe\"><strong>Sur demande<\/strong><\/p>\n\n\n\n<p class=\"has-text-color has-link-color wp-elements-9be0d9016e79a8a52b53baf56eb83ad5\" style=\"color:#fffefe\">D\u00e9couvrez le magnifique lac Paadarj\u00e4rvi lors d'une excursion guid\u00e9e en bateau. Pendant le voyage, nous admirerons la beaut\u00e9 du lac sauvage, les plages de sable de Lemmenjoki, ainsi que les complexes de b\u00e2timents anciens et nouveaux le long de la rive, qui refl\u00e8tent un mode de vie diversifi\u00e9. <\/p>\n\n\n\n<p class=\"has-text-color has-link-color wp-elements-1e74d5b161a2407689ea05ec6377b22a\" style=\"color:#fffefe\">Nous ferons une pause pour d\u00e9guster un caf\u00e9 et des en-cas avant de poursuivre la visite.<\/p>\n\n\n\n<ul class=\"wp-block-list\">\n<li class=\"has-kenta-primary-active-color has-text-color has-link-color wp-elements-918c8dfe52ac9c00eb4969f9b6f2f526\"><strong>Heure de d\u00e9part : <\/strong>17:00 du 10 juin au 15 septembre<\/li>\n<\/ul>\n\n\n\n<ul class=\"wp-block-list\">\n<li class=\"has-kenta-primary-active-color has-text-color has-link-color wp-elements-e0fabb97be9a35735cd15c18cebb3648\">Si les conditions m\u00e9t\u00e9orologiques le permettent. <\/li>\n<\/ul>\n\n\n\n<ul class=\"wp-block-list\">\n<li class=\"has-kenta-primary-active-color has-text-color has-link-color wp-elements-5ae049cdc8af8fa9b79934b554c9ff84\"><strong>Dur\u00e9e de l'enqu\u00eate :<\/strong> 2,5-3 heures <\/li>\n<\/ul>\n\n\n\n<ul class=\"wp-block-list\">\n<li class=\"has-kenta-primary-active-color has-text-color has-link-color wp-elements-e1f2c7934170310291b8c0933f882bc8\"><strong>Prix :<\/strong> 200 \u20ac par personne (maximum 4 personnes\/minimum 2 personnes)<\/li>\n<\/ul>\n\n\n\n<ul class=\"wp-block-list\">\n<li class=\"has-kenta-primary-active-color has-text-color has-link-color wp-elements-71b46b2ed6ad09c9f82cdb32edd71dc3\"><a href=\"https:\/\/paadarauroravillas.com\/fr\/varausehdot\/\">Conditions de r\u00e9servation et d'annulation<\/a><\/li>\n<\/ul>\n\n\n\n<div class=\"wp-block-columns is-layout-flex wp-container-core-columns-is-layout-28f84493 wp-block-columns-is-layout-flex\">\n<div class=\"wp-block-column is-layout-flow wp-block-column-is-layout-flow\">\n<figure class=\"wp-block-image\"><img decoding=\"async\" src=\"https:\/\/lh7-rt.googleusercontent.com\/docsz\/AD_4nXdyA6gADZyOqPNzKdb46Stq_eEtG6vdLv2l8ZnTm7TosHOH-kM2K56nNyQbFoSuylET0r10XyniurONdg1cCslowRGB9C1mjTfARnzZ6F3KBZTlRcUrvSC54zpJ0cdhTo2iJWg5zg?key=QuGAegPTcuiA9rDIhmqy6zPe\" alt=\"Une personne coiff\u00e9e d&#039;un chapeau rouge sur un bateau Le contenu g\u00e9n\u00e9r\u00e9 par l&#039;IA peut \u00eatre incorrect.\"\/><\/figure>\n<\/div>\n\n\n\n<div class=\"wp-block-column is-layout-flow wp-block-column-is-layout-flow\">\n<figure class=\"wp-block-image\"><img decoding=\"async\" src=\"https:\/\/lh7-rt.googleusercontent.com\/docsz\/AD_4nXe-HX0Q4VbgaiLepDzJOa3-s7WnglX4WJPQDNFMmybAHYdvvpK4X-YUSouWkm94ysKv_yfl4m9rXS6s8qKoOxj7ih91riOA__WFXQlAKz99SsbutpuhPLyGhuLpYoiCVCFoRViuGQ?key=QuGAegPTcuiA9rDIhmqy6zPe\" alt=\"Une \u00e9tendue d&#039;eau avec des nuages et un ciel bleu Le contenu g\u00e9n\u00e9r\u00e9 par l&#039;IA peut \u00eatre incorrect.\"\/><\/figure>\n<\/div>\n<\/div>\n\n\n\n<p><\/p>","protected":false},"excerpt":{"rendered":"<p>Boat Trip on Lake Paadar By request Experience the magnificent Lake Paadarj\u00e4rvi on a guided boat trip. During the journey, we will admire the beauty of the wilderness lake, see the sandy beaches of Lemmenjoki, as well as old and new building complexes along the shore, which reflect a diverse way of life. We will [&hellip;]<\/p>\n","protected":false},"author":1,"featured_media":0,"parent":0,"menu_order":0,"comment_status":"closed","ping_status":"closed","template":"","meta":{"_seopress_robots_primary_cat":"","_seopress_titles_title":"","_seopress_titles_desc":"","_seopress_robots_index":"","site-container-style":"default","site-container-layout":"default","site-sidebar-layout":"default","site-transparent-header":"default","disable-article-header":"default","disable-site-header":"default","disable-site-footer":"default","disable-content-area-spacing":"default","footnotes":""},"class_list":["post-539","page","type-page","status-publish","hentry"],"_links":{"self":[{"href":"https:\/\/paadarauroravillas.com\/fr\/wp-json\/wp\/v2\/pages\/539","targetHints":{"allow":["GET"]}}],"collection":[{"href":"https:\/\/paadarauroravillas.com\/fr\/wp-json\/wp\/v2\/pages"}],"about":[{"href":"https:\/\/paadarauroravillas.com\/fr\/wp-json\/wp\/v2\/types\/page"}],"author":[{"embeddable":true,"href":"https:\/\/paadarauroravillas.com\/fr\/wp-json\/wp\/v2\/users\/1"}],"replies":[{"embeddable":true,"href":"https:\/\/paadarauroravillas.com\/fr\/wp-json\/wp\/v2\/comments?post=539"}],"version-history":[{"count":3,"href":"https:\/\/paadarauroravillas.com\/fr\/wp-json\/wp\/v2\/pages\/539\/revisions"}],"predecessor-version":[{"id":544,"href":"https:\/\/paadarauroravillas.com\/fr\/wp-json\/wp\/v2\/pages\/539\/revisions\/544"}],"wp:attachment":[{"href":"https:\/\/paadarauroravillas.com\/fr\/wp-json\/wp\/v2\/media?parent=539"}],"curies":[{"name":"wp","href":"https:\/\/api.w.org\/{rel}","templated":true}]}}