{"id":523,"date":"2025-04-16T12:19:09","date_gmt":"2025-04-16T12:19:09","guid":{"rendered":"https:\/\/paadarauroravillas.com\/?page_id=523"},"modified":"2025-04-16T12:43:21","modified_gmt":"2025-04-16T12:43:21","slug":"eteactivites-dautomne","status":"publish","type":"page","link":"https:\/\/paadarauroravillas.com\/fr\/summerautumn-activities\/","title":{"rendered":"Activit\u00e9s d'\u00e9t\u00e9 et d'automne"},"content":{"rendered":"<p><\/p>\n\n\n\n\n\n\n\n\n\n<div class=\"wp-block-kenta-blocks-group kb-group-d6d46ad5 kb-group\"><div class=\"kb-group-inner-container\">\n<p class=\"has-text-align-center has-kenta-primary-color has-text-color has-link-color wp-elements-1562073af028c556a7e5f32d3c0a9cab\" style=\"margin-top:0;margin-bottom:0;font-style:normal;font-weight:700;text-transform:uppercase\">Ce que nous faisons<\/p>\n\n\n\n<h2 class=\"wp-block-heading has-text-align-center has-kenta-font-large-font-size\" style=\"margin-top:0;margin-bottom:0\">ACTIVIT\u00c9S D'\u00c9T\u00c9 ET D'AUTOMNE<\/h2>\n\n\n\n<div class=\"wp-block-columns is-layout-flex wp-container-core-columns-is-layout-f196b389 wp-block-columns-is-layout-flex\" style=\"margin-top:0;margin-bottom:0;padding-top:var(--wp--preset--spacing--50);padding-bottom:var(--wp--preset--spacing--50)\">\n<div class=\"wp-block-column has-border-color has-kenta-base-200-border-color is-layout-flow wp-block-column-is-layout-flow\">\n<div class=\"wp-block-group has-kenta-base-background-color has-background has-global-padding is-layout-constrained wp-block-group-is-layout-constrained\" style=\"border-radius:24px\">\n<figure class=\"wp-block-image has-custom-border is-style-default\" style=\"margin-top:0;margin-bottom:0\"><img decoding=\"async\" src=\"https:\/\/lh7-rt.googleusercontent.com\/docsz\/AD_4nXe-HX0Q4VbgaiLepDzJOa3-s7WnglX4WJPQDNFMmybAHYdvvpK4X-YUSouWkm94ysKv_yfl4m9rXS6s8qKoOxj7ih91riOA__WFXQlAKz99SsbutpuhPLyGhuLpYoiCVCFoRViuGQ?key=QuGAegPTcuiA9rDIhmqy6zPe\" alt=\"Une \u00e9tendue d&#039;eau avec des nuages et un ciel bleu Le contenu g\u00e9n\u00e9r\u00e9 par l&#039;IA peut \u00eatre incorrect.\" style=\"border-radius:16px\"\/><\/figure>\n\n\n\n<div class=\"wp-block-group has-global-padding is-layout-constrained wp-container-core-group-is-layout-c7e4baee wp-block-group-is-layout-constrained\" style=\"padding-top:0;padding-right:var(--wp--preset--spacing--50);padding-bottom:var(--wp--preset--spacing--50);padding-left:var(--wp--preset--spacing--50)\">\n<h3 class=\"wp-block-heading has-kenta-font-medium-font-size\" style=\"margin-top:0;margin-bottom:0\"><strong>Excursion en bateau sur le lac Paadar<\/strong><\/h3>\n\n\n\n<p>D\u00e9couvrez le magnifique lac Paadarj\u00e4rvi en embarquant pour une excursion guid\u00e9e en bateau. <\/p>\n\n\n\n<p><a href=\"https:\/\/paadarauroravillas.com\/fr\/excursion-en-bateau-sur-le-lac-paadar\/\">Lire la suite \u2192<\/a><\/p>\n<\/div>\n<\/div>\n<\/div>\n\n\n\n<div class=\"wp-block-column has-border-color has-kenta-base-200-border-color is-layout-flow wp-block-column-is-layout-flow\">\n<div class=\"wp-block-group has-kenta-base-background-color has-background has-global-padding is-layout-constrained wp-block-group-is-layout-constrained\" style=\"border-radius:24px\">\n<figure class=\"wp-block-image has-custom-border\"><img decoding=\"async\" src=\"https:\/\/lh7-rt.googleusercontent.com\/docsz\/AD_4nXfex6-uTtwa4p37Y0jIk525IZKz3fpDyHXBI5Lim-kJElJJREXrvmIYnSVMj3mn9ILYsTwBpf97QgUDkVFxlhVp9l83hjr69fDhE7sYIXD-CmPfkp4Ha4_nBtLgRTEulW7ez1CQYw?key=QuGAegPTcuiA9rDIhmqy6zPe\" alt=\"Coucher de soleil sur une \u00e9tendue d&#039;eau Le contenu g\u00e9n\u00e9r\u00e9 par l&#039;IA peut \u00eatre incorrect.\" style=\"border-radius:16px\"\/><\/figure>\n\n\n\n<div class=\"wp-block-group has-global-padding is-layout-constrained wp-container-core-group-is-layout-c7e4baee wp-block-group-is-layout-constrained\" style=\"padding-top:0;padding-right:var(--wp--preset--spacing--50);padding-bottom:var(--wp--preset--spacing--50);padding-left:var(--wp--preset--spacing--50)\">\n<h3 class=\"wp-block-heading has-kenta-font-medium-font-size\" style=\"margin-top:0;margin-bottom:0\"><strong>Promenade en bateau de minuit<\/strong><\/h3>\n\n\n\n<p>Embarquez pour admirer le soleil de minuit sur le lac Paadarj\u00e4rvi. Le soleil reste au-dessus de l'horizon toute la nuit.<\/p>\n\n\n\n<p><a href=\"https:\/\/paadarauroravillas.com\/fr\/excursion-en-bateau-a-la-tombee-de-la-nuit\/\">Lire la suite \u2192<\/a><\/p>\n<\/div>\n<\/div>\n<\/div>\n<\/div>\n\n\n\n<div class=\"wp-block-columns is-layout-flex wp-container-core-columns-is-layout-f196b389 wp-block-columns-is-layout-flex\" style=\"margin-top:0;margin-bottom:0;padding-top:var(--wp--preset--spacing--50);padding-bottom:var(--wp--preset--spacing--50)\">\n<div class=\"wp-block-column has-border-color has-kenta-base-200-border-color is-layout-flow wp-block-column-is-layout-flow\">\n<div class=\"wp-block-group has-kenta-base-background-color has-background has-global-padding is-layout-constrained wp-block-group-is-layout-constrained\" style=\"border-radius:24px\">\n<figure class=\"wp-block-image has-custom-border\"><img decoding=\"async\" src=\"https:\/\/lh7-rt.googleusercontent.com\/docsz\/AD_4nXc9BITC1Ne4el8Txae6kyz2N0kcZpFcxkglapKhuZkcIwKPVIfcCl6Q0yT19BZaA0qem0dhqso4EeppBq-QDi7SVZlTdT6_5KS1h7B1VUC0EuA40-9oYxBo3tUtJOJLe-0ExKHv?key=QuGAegPTcuiA9rDIhmqy6zPe\" alt=\"Une personne en gilet de sauvetage tenant un poisson dans un bateau Le contenu g\u00e9n\u00e9r\u00e9 par l&#039;IA peut \u00eatre incorrect.\" style=\"border-radius:16px\"\/><\/figure>\n\n\n\n<div class=\"wp-block-group has-global-padding is-layout-constrained wp-container-core-group-is-layout-c7e4baee wp-block-group-is-layout-constrained\" style=\"padding-top:0;padding-right:var(--wp--preset--spacing--50);padding-bottom:var(--wp--preset--spacing--50);padding-left:var(--wp--preset--spacing--50)\">\n<h3 class=\"wp-block-heading has-kenta-font-medium-font-size\" style=\"margin-top:0;margin-bottom:0\"><strong>Voyage de p\u00eache<\/strong><\/h3>\n\n\n\n<p>La p\u00eache est un \u00e9l\u00e9ment essentiel de la vie sur les rives du lac Paadarj\u00e4rvi. Ce lac sauvage offre d'innombrables lieux de p\u00eache et des paysages \u00e0 couper le souffle.<\/p>\n\n\n\n<p><a href=\"https:\/\/paadarauroravillas.com\/fr\/voyage-de-peche\/\">Lire la suite \u2192<\/a><\/p>\n<\/div>\n<\/div>\n<\/div>\n\n\n\n<div class=\"wp-block-column has-border-color has-kenta-base-200-border-color is-layout-flow wp-block-column-is-layout-flow\">\n<div class=\"wp-block-group has-kenta-base-background-color has-background has-global-padding is-layout-constrained wp-block-group-is-layout-constrained\" style=\"border-radius:24px\">\n<figure class=\"wp-block-image has-custom-border\"><img decoding=\"async\" src=\"https:\/\/lh7-rt.googleusercontent.com\/docsz\/AD_4nXdq4aOM1kieJ3HXY3-fXLt9ticSIdugYxrhWOLDA_CAvpvkU6krLxCuRuYp4La93h3LChEGtDSHgfhmwxxx5NAva3R074HDSHXI7TzZGusWaNno9Z2EkTwd103k5SmiC390xm7m?key=QuGAegPTcuiA9rDIhmqy6zPe\" alt=\"Un bateau sur une remorque sur un lac Le contenu g\u00e9n\u00e9r\u00e9 par l&#039;IA peut \u00eatre incorrect.\" style=\"border-radius:16px\"\/><\/figure>\n\n\n\n<div class=\"wp-block-group has-global-padding is-layout-constrained wp-container-core-group-is-layout-c7e4baee wp-block-group-is-layout-constrained\" style=\"padding-top:0;padding-right:var(--wp--preset--spacing--50);padding-bottom:var(--wp--preset--spacing--50);padding-left:var(--wp--preset--spacing--50)\">\n<h3 class=\"wp-block-heading has-kenta-font-medium-font-size\" style=\"margin-top:0;margin-bottom:0\"><strong>Location de bateaux \u00e0 moteur<\/strong><\/h3>\n\n\n\n<p>Avec un bateau \u00e0 moteur \u00e9quip\u00e9 d'un d\u00e9tecteur de poissons, vous pouvez explorer d'innombrables sites de p\u00eache et profiter de paysages \u00e0 couper le souffle.<\/p>\n\n\n\n<p><a href=\"https:\/\/paadarauroravillas.com\/fr\/location-de-bateaux-a-moteur\/\">Lire la suite \u2192<\/a><\/p>\n<\/div>\n<\/div>\n<\/div>\n<\/div>\n\n\n\n<div class=\"wp-block-columns is-layout-flex wp-container-core-columns-is-layout-f196b389 wp-block-columns-is-layout-flex\" style=\"margin-top:0;margin-bottom:0;padding-top:var(--wp--preset--spacing--50);padding-bottom:var(--wp--preset--spacing--50)\">\n<div class=\"wp-block-column has-border-color has-kenta-base-200-border-color is-layout-flow wp-block-column-is-layout-flow\">\n<div class=\"wp-block-group has-kenta-base-background-color has-background has-global-padding is-layout-constrained wp-block-group-is-layout-constrained\" style=\"border-radius:24px\">\n<figure class=\"wp-block-image has-custom-border\"><img decoding=\"async\" src=\"https:\/\/lh7-rt.googleusercontent.com\/docsz\/AD_4nXc602oftdmSCxKKxD5KygvXBuPzC9gk52ubJSMLbaWdGmwY3x0R9XCPjry234u0hHIQk0tc7Ifpg6c6101GexnBrnuwZ89Z1kn9UKnyIBOi2Q0qm-MABOANdIvN1SVTw9kiTqE4BA?key=QuGAegPTcuiA9rDIhmqy6zPe\" alt=\"Une pi\u00e8ce en bois avec un banc et un seau Le contenu g\u00e9n\u00e9r\u00e9 par l&#039;IA peut \u00eatre incorrect.\" style=\"border-radius:16px\"\/><\/figure>\n\n\n\n<div class=\"wp-block-group has-global-padding is-layout-constrained wp-container-core-group-is-layout-c7e4baee wp-block-group-is-layout-constrained\" style=\"padding-top:0;padding-right:var(--wp--preset--spacing--50);padding-bottom:var(--wp--preset--spacing--50);padding-left:var(--wp--preset--spacing--50)\">\n<h3 class=\"wp-block-heading has-kenta-font-medium-font-size\" style=\"margin-top:0;margin-bottom:0\"><strong><strong>Location du sauna Kelohonka<\/strong><\/strong><\/h3>\n\n\n\n<p>Location d'un sauna Kelohonka sur les rives du lac Paadarj\u00e4rvi. Comprend les serviettes et les articles de toilette, tels que le shampoing et d'autres produits de premi\u00e8re n\u00e9cessit\u00e9.<\/p>\n\n\n\n<p><a href=\"https:\/\/paadarauroravillas.com\/fr\/location-dun-sauna-kelohonka\/\">Lire la suite \u2192<\/a><\/p>\n<\/div>\n<\/div>\n<\/div>\n\n\n\n<div class=\"wp-block-column has-border-color has-kenta-base-200-border-color is-layout-flow wp-block-column-is-layout-flow\">\n<div class=\"wp-block-group has-kenta-base-background-color has-background has-global-padding is-layout-constrained wp-block-group-is-layout-constrained\" style=\"border-radius:24px\">\n<figure class=\"wp-block-image has-custom-border\"><img decoding=\"async\" src=\"https:\/\/lh7-rt.googleusercontent.com\/docsz\/AD_4nXdz4QnEpAb9F046iZdLI0IW9iOEquhPqlKA8mFOc9UU-EdIlZhlvdqAhneYznj0zI2EHNhlgxzmnQEj9bdHfYcS1Z0jW1K0QfqsbK2UgiAwmFnCMXcmdZs0YhjKzICJZ78MuA37XQ?key=QuGAegPTcuiA9rDIhmqy6zPe\" alt=\"\" style=\"border-radius:16px\"\/><\/figure>\n\n\n\n<div class=\"wp-block-group has-global-padding is-layout-constrained wp-container-core-group-is-layout-c7e4baee wp-block-group-is-layout-constrained\" style=\"padding-top:0;padding-right:var(--wp--preset--spacing--50);padding-bottom:var(--wp--preset--spacing--50);padding-left:var(--wp--preset--spacing--50)\">\n<h3 class=\"wp-block-heading has-kenta-font-medium-font-size\" style=\"margin-top:0;margin-bottom:0\"><strong><strong>Croisi\u00e8re sur le Siida et le lac Inari<\/strong><\/strong><\/h3>\n\n\n\n<p>Visite ind\u00e9pendante de Siida, le mus\u00e9e sami et le centre de la nature de Laponie.<\/p>\n\n\n\n<p><a href=\"https:\/\/paadarauroravillas.com\/fr\/croisiere-sur-le-siida-et-le-lac-inari\/\">Lire la suite \u2192<\/a><\/p>\n<\/div>\n<\/div>\n<\/div>\n<\/div>\n\n\n\n<div class=\"wp-block-columns is-layout-flex wp-container-core-columns-is-layout-f196b389 wp-block-columns-is-layout-flex\" style=\"margin-top:0;margin-bottom:0;padding-top:var(--wp--preset--spacing--50);padding-bottom:var(--wp--preset--spacing--50)\">\n<div class=\"wp-block-column has-border-color has-kenta-base-200-border-color is-layout-flow wp-block-column-is-layout-flow\">\n<div class=\"wp-block-group has-kenta-base-background-color has-background has-global-padding is-layout-constrained wp-block-group-is-layout-constrained\" style=\"border-radius:24px\">\n<figure class=\"wp-block-image has-custom-border\"><img decoding=\"async\" src=\"https:\/\/lh7-rt.googleusercontent.com\/docsz\/AD_4nXcdB4JN8EOTG8BoDpNebth2wI02_fStODe26jRdoSomcjg7Qn_TTsXwJtQvAsp9Vky13i-IvWeQM3-RPx252GPq7_lVrMWsd1JGX1vRJKC15s6bBQfXv6kRxmIu9y_iV3eBxEbIdA?key=QuGAegPTcuiA9rDIhmqy6zPe\" alt=\"Un feu br\u00fblant dans un foyer Le contenu g\u00e9n\u00e9r\u00e9 par l&#039;IA peut \u00eatre incorrect.\" style=\"border-radius:16px\"\/><\/figure>\n\n\n\n<div class=\"wp-block-group has-global-padding is-layout-constrained wp-container-core-group-is-layout-c7e4baee wp-block-group-is-layout-constrained\" style=\"padding-top:0;padding-right:var(--wp--preset--spacing--50);padding-bottom:var(--wp--preset--spacing--50);padding-left:var(--wp--preset--spacing--50)\">\n<h3 class=\"wp-block-heading has-kenta-font-medium-font-size\" style=\"margin-top:0;margin-bottom:0\"><strong><strong>Randonn\u00e9e dans le parc national de Lemmenjoki<\/strong><\/strong><\/h3>\n\n\n\n<p>Explorez la beaut\u00e9 du parc national de Lemmenjoki lors d'une randonn\u00e9e.<\/p>\n\n\n\n<p><a href=\"https:\/\/paadarauroravillas.com\/fr\/randonnee-dans-le-parc-national-de-lemmenjoki\/\">Lire la suite \u2192<\/a><\/p>\n<\/div>\n<\/div>\n<\/div>\n\n\n\n<div class=\"wp-block-column has-border-color has-kenta-base-200-border-color is-layout-flow wp-block-column-is-layout-flow\">\n<div class=\"wp-block-group has-kenta-base-background-color has-background has-global-padding is-layout-constrained wp-block-group-is-layout-constrained\" style=\"border-radius:24px\">\n<figure class=\"wp-block-image has-custom-border\"><img decoding=\"async\" src=\"https:\/\/lh7-rt.googleusercontent.com\/docsz\/AD_4nXfGI1b0LxMLbg4OzvwVlQW44EbgNpgOMpF_KlokQd2a0D9WgGMjj1yr9uGF8Ei_8cxs7fEUjmQk5fH7EAO4afxks2n5t548n3S1FEnDABjGPgO0BmoPo1mFNwj0wsCXS_v23q987w?key=QuGAegPTcuiA9rDIhmqy6zPe\" alt=\"Une rivi\u00e8re avec des arbres et des rochers Le contenu g\u00e9n\u00e9r\u00e9 par l&#039;IA peut \u00eatre incorrect.\" style=\"border-radius:16px\"\/><\/figure>\n\n\n\n<div class=\"wp-block-group has-global-padding is-layout-constrained wp-container-core-group-is-layout-c7e4baee wp-block-group-is-layout-constrained\" style=\"padding-top:0;padding-right:var(--wp--preset--spacing--50);padding-bottom:var(--wp--preset--spacing--50);padding-left:var(--wp--preset--spacing--50)\">\n<h3 class=\"wp-block-heading has-kenta-font-medium-font-size\" style=\"margin-top:0;margin-bottom:0\"><strong><strong>Randonn\u00e9e sur le sentier Juutua<\/strong><\/strong><\/h3>\n\n\n\n<p>J\u00e4niskoski, avec ses impressionnants rapides, captive les visiteurs \u00e9t\u00e9 comme hiver. L'eau coule avec une telle force que les rapides ne g\u00e8lent jamais, m\u00eame lors des gel\u00e9es hivernales les plus rudes.<\/p>\n\n\n\n<p><a href=\"https:\/\/paadarauroravillas.com\/fr\/randonnee-sur-le-sentier-juutua\/\">Lire la suite \u2192<\/a><\/p>\n<\/div>\n<\/div>\n<\/div>\n<\/div>\n<\/div><\/div>\n\n\n\n<p><\/p>","protected":false},"excerpt":{"rendered":"","protected":false},"author":1,"featured_media":0,"parent":0,"menu_order":0,"comment_status":"closed","ping_status":"closed","template":"","meta":{"_seopress_robots_primary_cat":"","_seopress_titles_title":"Paadar Aurora Villas Summer & Autumn Activities","_seopress_titles_desc":"Paadar Aurora Villas Summer & Autumn Activities","_seopress_robots_index":"","site-container-style":"default","site-container-layout":"default","site-sidebar-layout":"default","site-transparent-header":"default","disable-article-header":"default","disable-site-header":"default","disable-site-footer":"default","disable-content-area-spacing":"default","footnotes":""},"class_list":["post-523","page","type-page","status-publish","hentry"],"_links":{"self":[{"href":"https:\/\/paadarauroravillas.com\/fr\/wp-json\/wp\/v2\/pages\/523","targetHints":{"allow":["GET"]}}],"collection":[{"href":"https:\/\/paadarauroravillas.com\/fr\/wp-json\/wp\/v2\/pages"}],"about":[{"href":"https:\/\/paadarauroravillas.com\/fr\/wp-json\/wp\/v2\/types\/page"}],"author":[{"embeddable":true,"href":"https:\/\/paadarauroravillas.com\/fr\/wp-json\/wp\/v2\/users\/1"}],"replies":[{"embeddable":true,"href":"https:\/\/paadarauroravillas.com\/fr\/wp-json\/wp\/v2\/comments?post=523"}],"version-history":[{"count":7,"href":"https:\/\/paadarauroravillas.com\/fr\/wp-json\/wp\/v2\/pages\/523\/revisions"}],"predecessor-version":[{"id":634,"href":"https:\/\/paadarauroravillas.com\/fr\/wp-json\/wp\/v2\/pages\/523\/revisions\/634"}],"wp:attachment":[{"href":"https:\/\/paadarauroravillas.com\/fr\/wp-json\/wp\/v2\/media?parent=523"}],"curies":[{"name":"wp","href":"https:\/\/api.w.org\/{rel}","templated":true}]}}