{"id":514,"date":"2025-04-16T10:57:31","date_gmt":"2025-04-16T10:57:31","guid":{"rendered":"https:\/\/paadarauroravillas.com\/?page_id=514"},"modified":"2025-04-16T11:58:24","modified_gmt":"2025-04-16T11:58:24","slug":"varausehdot","status":"publish","type":"page","link":"https:\/\/paadarauroravillas.com\/fr\/varausehdot\/","title":{"rendered":"Conditions de r\u00e9servation et d'annulation"},"content":{"rendered":"<h1 class=\"wp-block-heading has-kenta-primary-color has-text-color has-link-color wp-elements-2922e2b66f952ec1e706d4442844641d\"><br>R\u00c9SERVATIONS ET PAIEMENTS<\/h1>\n\n\n\n<h2 class=\"wp-block-heading\">Conditions de paiement<\/h2>\n\n\n\n<p>Les r\u00e9servations doivent \u00eatre pay\u00e9es avant l'arriv\u00e9e comme suit :<\/p>\n\n\n\n<h6 class=\"wp-block-heading\">R\u00e9servations d'h\u00e9bergement, d'activit\u00e9s et de transport :<\/h6>\n\n\n\n<ul class=\"wp-block-list\">\n<li>Au moment de la r\u00e9servation, le montant total de la r\u00e9servation.<\/li>\n<\/ul>\n\n\n\n<p><strong>Autres fois<\/strong><\/p>\n\n\n\n<ul class=\"wp-block-list\">\n<li>Au moment de la r\u00e9servation, 30% du montant total de la r\u00e9servation.<\/li>\n\n\n\n<li>30 jours avant la date de r\u00e9servation, paiement du solde.<\/li>\n<\/ul>\n\n\n\n<p>La r\u00e9servation est consid\u00e9r\u00e9e comme confirm\u00e9e lorsque l'acompte ou le paiement final est effectu\u00e9. Les paiements bancaires doivent \u00eatre effectu\u00e9s avant la date d'\u00e9ch\u00e9ance. Paadar Aurora Villas se r\u00e9serve le droit d'annuler la r\u00e9servation si le paiement n'est pas effectu\u00e9 \u00e0 la date pr\u00e9vue ou si le r\u00e9servataire ne fournit pas les d\u00e9tails de sa carte de cr\u00e9dit pour assurer la confirmation.<\/p>\n\n\n\n<h3 class=\"wp-block-heading\"><strong>Modes de paiement :<\/strong><\/h3>\n\n\n\n<ul class=\"wp-block-list\">\n<li>Liens de paiement<\/li>\n\n\n\n<li>Visa et Mastercard<\/li>\n\n\n\n<li>Banques en ligne finlandaises<\/li>\n<\/ul>\n\n\n\n<h3 class=\"wp-block-heading\">Politique d'annulation :<\/h3>\n\n\n\n<p>Toutes les annulations et les demandes de renseignements relatives aux annulations doivent \u00eatre envoy\u00e9es par courrier \u00e9lectronique \u00e0 sales@paadarauroravillas.com.\u00a0<\/p>\n\n\n\n<h4 class=\"wp-block-heading\">R\u00e9servations d'h\u00e9bergement, d'activit\u00e9s et de transport :<\/h4>\n\n\n\n<p>Si le client annule la r\u00e9servation avant le d\u00e9but de la p\u00e9riode de r\u00e9servation :<\/p>\n\n\n\n<ul class=\"wp-block-list\">\n<li>Au moins 90 jours avant : 50 \u20ac de frais de dossier<\/li>\n\n\n\n<li>Au moins 30 jours avant : 30% frais d'annulation du montant total de la r\u00e9servation<\/li>\n<\/ul>\n\n\n\n<h4 class=\"wp-block-heading\">Cas m\u00e9dicaux :<\/h4>\n\n\n\n<p>En cas de maladie, les conditions g\u00e9n\u00e9rales d'annulation s'appliquent. Nous recommandons \u00e0 tous nos clients de souscrire une assurance voyage.<\/p>\n\n\n\n<h4 class=\"wp-block-heading\">Responsabilit\u00e9 :<\/h4>\n\n\n\n<ul class=\"wp-block-list\">\n<li>Paadar Aurora Villas n'est pas responsable des pertes ou des d\u00e9penses encourues en raison de retards ou de changements de vols, d'accidents, de dommages, de n\u00e9gligence, de maladies, de conditions m\u00e9t\u00e9orologiques ou de toute autre raison impr\u00e9vue.<\/li>\n\n\n\n<li>La dur\u00e9e des circuits est indicative de la dur\u00e9e moyenne du programme. La dur\u00e9e du circuit peut \u00eatre modifi\u00e9e en raison des conditions routi\u00e8res, m\u00e9t\u00e9orologiques ou d'autres conditions impr\u00e9vues. Visit Inari n'est pas responsable des frais suppl\u00e9mentaires encourus par les participants en raison de retards.<\/li>\n\n\n\n<li>La Villa Paadar Aurora a le droit d'annuler en cas de force majeure (par exemple, guerre, gr\u00e8ve, conditions m\u00e9t\u00e9orologiques, conditions d'enneigement ou autres obstacles li\u00e9s aux conditions naturelles, etc.) Dans ce cas, les participants ont droit \u00e0 un remboursement int\u00e9gral.<\/li>\n\n\n\n<li>Si le service n'est pas enti\u00e8rement pay\u00e9 \u00e0 la date d'\u00e9ch\u00e9ance ou si les donn\u00e9es de la carte de cr\u00e9dit sont incompl\u00e8tes ou incorrectes, le service ne sera pas fourni.<\/li>\n<\/ul>\n\n\n\n<h4 class=\"wp-block-heading\">Assurance et responsabilit\u00e9 :<\/h4>\n\n\n\n<p><strong>Motoneige :<\/strong><\/p>\n\n\n\n<ul class=\"wp-block-list\">\n<li>Les motoneiges sont assur\u00e9es comme l'exige la loi finlandaise. Cette assurance couvre le conducteur et le passager en cas d'accident. L'assurance couvre \u00e9galement les dommages caus\u00e9s \u00e0 d'autres personnes et v\u00e9hicules.<br><\/li>\n\n\n\n<li>Le conducteur de la motoneige doit \u00eatre \u00e2g\u00e9 d'au moins 18 ans et poss\u00e9der un permis de conduire valide.<br><\/li>\n\n\n\n<li>Les enfants de moins de 12 ans voyagent dans le tra\u00eeneau du guide lors des safaris en motoneige.<br><\/li>\n\n\n\n<li>Les participants sont enti\u00e8rement responsables de la motoneige qui leur est confi\u00e9e et des dommages qu'elle pourrait subir. La franchise en cas de dommages est de 900 euros par motoneige et par cas.<br><\/li>\n\n\n\n<li>Les participants peuvent acheter une exon\u00e9ration de franchise pour 28 euros, ce qui r\u00e9duit la franchise de 900 euros \u00e0 150 euros.<br><\/li>\n\n\n\n<li>La loi finlandaise interdit la conduite de v\u00e9hicules sous l'influence de l'alcool, de substances intoxicantes ou de drogues.<br><\/li>\n\n\n\n<li>Le port du casque est obligatoire pour tous les participants aux safaris en motoneige.<\/li>\n<\/ul>\n\n\n\n<h3 class=\"wp-block-heading\">Droit applicable et juridiction :<\/h3>\n\n\n\n<p>Les litiges seront r\u00e9solus par la n\u00e9gociation entre les parties. S'il n'est pas possible de parvenir \u00e0 un accord par la n\u00e9gociation, les litiges seront r\u00e9gl\u00e9s par le tribunal de district d'Helsinki. Le droit finlandais s'applique \u00e0 l'accord.<\/p>\n\n\n\n<p><\/p>","protected":false},"excerpt":{"rendered":"<p>RESERVATIONS AND PAYMENTS Payment terms Reservations must be paid prior to arrival as follows: Accommodation, Activities, and Transportation Reservations: Other times The reservation is considered confirmed when the deposit or final payment is made. Payments through the bank must be completed by the due date. Paadar Aurora Villas reserves the right to cancel the reservation [&hellip;]<\/p>\n","protected":false},"author":1,"featured_media":0,"parent":0,"menu_order":0,"comment_status":"closed","ping_status":"closed","template":"","meta":{"_seopress_robots_primary_cat":"","_seopress_titles_title":"","_seopress_titles_desc":"","_seopress_robots_index":"","site-container-style":"default","site-container-layout":"default","site-sidebar-layout":"default","site-transparent-header":"default","disable-article-header":"default","disable-site-header":"default","disable-site-footer":"default","disable-content-area-spacing":"default","footnotes":""},"class_list":["post-514","page","type-page","status-publish","hentry"],"_links":{"self":[{"href":"https:\/\/paadarauroravillas.com\/fr\/wp-json\/wp\/v2\/pages\/514","targetHints":{"allow":["GET"]}}],"collection":[{"href":"https:\/\/paadarauroravillas.com\/fr\/wp-json\/wp\/v2\/pages"}],"about":[{"href":"https:\/\/paadarauroravillas.com\/fr\/wp-json\/wp\/v2\/types\/page"}],"author":[{"embeddable":true,"href":"https:\/\/paadarauroravillas.com\/fr\/wp-json\/wp\/v2\/users\/1"}],"replies":[{"embeddable":true,"href":"https:\/\/paadarauroravillas.com\/fr\/wp-json\/wp\/v2\/comments?post=514"}],"version-history":[{"count":2,"href":"https:\/\/paadarauroravillas.com\/fr\/wp-json\/wp\/v2\/pages\/514\/revisions"}],"predecessor-version":[{"id":530,"href":"https:\/\/paadarauroravillas.com\/fr\/wp-json\/wp\/v2\/pages\/514\/revisions\/530"}],"wp:attachment":[{"href":"https:\/\/paadarauroravillas.com\/fr\/wp-json\/wp\/v2\/media?parent=514"}],"curies":[{"name":"wp","href":"https:\/\/api.w.org\/{rel}","templated":true}]}}