{"id":320,"date":"2024-04-30T09:29:47","date_gmt":"2024-04-30T09:29:47","guid":{"rendered":"https:\/\/paadarauroravillas.com\/?page_id=320"},"modified":"2024-07-12T06:15:40","modified_gmt":"2024-07-12T06:15:40","slug":"services","status":"publish","type":"page","link":"https:\/\/paadarauroravillas.com\/fr\/paadar-aurora-villages\/services\/","title":{"rendered":"Services"},"content":{"rendered":"<h1 class=\"wp-block-heading has-text-align-center\">Services<\/h1>\n\n\n\n<div class=\"wp-block-group alignfull has-global-padding is-layout-constrained wp-block-group-is-layout-constrained\" style=\"padding-top:var(--wp--preset--spacing--80);padding-bottom:var(--wp--preset--spacing--80)\">\n<div class=\"wp-block-media-text has-media-on-the-right is-stacked-on-mobile\"><div class=\"wp-block-media-text__content\">\n<div class=\"wp-block-kenta-blocks-heading kb-heading kb-heading-h2 kb-heading-f648e618\"><h2 class=\"\"><strong><strong>Aventure priv\u00e9e en raquettes - D\u00e9couvrez la magie de l'hiver et les secrets des filets de p\u00eache ! <\/strong><\/strong><\/h2><\/div>\n\n\n\n<p>Participez \u00e0 une excursion en raquettes inoubliable qui vous fera d\u00e9couvrir les paysages \u00e9poustouflants de la Laponie. Cette excursion priv\u00e9e est con\u00e7ue exclusivement pour votre groupe. La dur\u00e9e de l'excursion est d'environ 3 heures, au cours desquelles vous d\u00e9couvrirez non seulement les raquettes \u00e0 neige, mais aussi les secrets des filets de p\u00eache traditionnels en hiver. Notre guide, qui est un p\u00eacheur exp\u00e9riment\u00e9, vous fera d\u00e9couvrir le monde des filets de p\u00eache hivernale et vous expliquera leur fonctionnement. Vous verrez avec le guide s'il y a du poisson dans les filets. \u00c0 mi-parcours, nous ferons une pause pr\u00e8s du feu de camp pour d\u00e9guster des boissons chaudes et de d\u00e9licieux en-cas inclus dans le voyage.<\/p>\n\n\n\n<div class=\"wp-block-kenta-blocks-heading kb-heading kb-heading-h2 kb-heading-df0dcbb2\"><h2 class=\"\">D\u00e9tails du voyage<\/h2><\/div>\n\n\n\n<ul class=\"wp-block-list\">\n<li>Dur\u00e9e de la visite : Environ 3 heures<\/li>\n\n\n\n<li>Available:1.12.2024\u201315.4.2025<\/li>\n\n\n\n<li>Le prix comprend une excursion priv\u00e9e pour votre groupe uniquement, des raquettes, un guide anglophone et une petite collation et une boisson chaude au coin du feu.<\/li>\n\n\n\n<li>Taille du groupe : min. 2 personnes, max. 16 personnes -Veuillez noter que l'excursion n'est pas adapt\u00e9e aux enfants de moins de 8 ans.<\/li>\n<\/ul>\n\n\n\n<p>Venez faire de la raquette et vous immerger&nbsp;<\/p>\n<\/div><figure class=\"wp-block-media-text__media\"><img loading=\"lazy\" decoding=\"async\" width=\"1024\" height=\"1024\" src=\"https:\/\/paadarauroravillas.com\/wp-content\/uploads\/2024\/05\/SnowShoe.jpeg\" alt=\"\" class=\"wp-image-342 size-full\" srcset=\"https:\/\/paadarauroravillas.com\/wp-content\/uploads\/2024\/05\/SnowShoe.jpeg 1024w, https:\/\/paadarauroravillas.com\/wp-content\/uploads\/2024\/05\/SnowShoe-300x300.jpeg 300w, https:\/\/paadarauroravillas.com\/wp-content\/uploads\/2024\/05\/SnowShoe-150x150.jpeg 150w, https:\/\/paadarauroravillas.com\/wp-content\/uploads\/2024\/05\/SnowShoe-768x768.jpeg 768w, https:\/\/paadarauroravillas.com\/wp-content\/uploads\/2024\/05\/SnowShoe-12x12.jpeg 12w\" sizes=\"auto, (max-width: 1024px) 100vw, 1024px\" \/><\/figure><\/div>\n<\/div>\n\n\n\n<div class=\"wp-block-group alignfull has-global-padding is-layout-constrained wp-block-group-is-layout-constrained\" style=\"padding-top:var(--wp--preset--spacing--80);padding-bottom:var(--wp--preset--spacing--80)\">\n<div class=\"wp-block-media-text is-stacked-on-mobile\"><figure class=\"wp-block-media-text__media\"><img loading=\"lazy\" decoding=\"async\" width=\"1024\" height=\"1024\" src=\"https:\/\/paadarauroravillas.com\/wp-content\/uploads\/2024\/05\/SnowShoeAurora.jpeg\" alt=\"\" class=\"wp-image-344 size-full\" srcset=\"https:\/\/paadarauroravillas.com\/wp-content\/uploads\/2024\/05\/SnowShoeAurora.jpeg 1024w, https:\/\/paadarauroravillas.com\/wp-content\/uploads\/2024\/05\/SnowShoeAurora-300x300.jpeg 300w, https:\/\/paadarauroravillas.com\/wp-content\/uploads\/2024\/05\/SnowShoeAurora-150x150.jpeg 150w, https:\/\/paadarauroravillas.com\/wp-content\/uploads\/2024\/05\/SnowShoeAurora-768x768.jpeg 768w, https:\/\/paadarauroravillas.com\/wp-content\/uploads\/2024\/05\/SnowShoeAurora-12x12.jpeg 12w\" sizes=\"auto, (max-width: 1024px) 100vw, 1024px\" \/><\/figure><div class=\"wp-block-media-text__content\">\n<div class=\"wp-block-kenta-blocks-heading kb-heading kb-heading-h2 kb-heading-bd92023e\"><h2 class=\"\"><strong><strong>Randonn\u00e9e en raquettes de nuit magique<\/strong><\/strong><\/h2><\/div>\n\n\n\n<p>Faites l'exp\u00e9rience d'une excursion en raquettes inoubliable \u00e0 travers les paysages captivants des lacs de Laponie et la beaut\u00e9 de la nuit. Cette excursion priv\u00e9e est con\u00e7ue exclusivement pour votre groupe. Avancez dans la neige, guid\u00e9s par des raquettes, et plongez dans un cadre magique o\u00f9 le ciel \u00e9toil\u00e9 et la possibilit\u00e9 d'assister \u00e0 des aurores bor\u00e9ales cr\u00e9ent une exp\u00e9rience inoubliable. \u00c0 mi-parcours, nous ferons une pause pr\u00e8s du feu de camp pour d\u00e9guster des boissons chaudes et de d\u00e9licieux en-cas inclus dans le voyage.<\/p>\n\n\n\n<div class=\"wp-block-kenta-blocks-heading kb-heading kb-heading-h2 kb-heading-33036357\"><h2 class=\"\">D\u00e9tails du voyage<\/h2><\/div>\n\n\n\n<ul class=\"wp-block-list\">\n<li>Dur\u00e9e de la visite : Environ 2,5 heures<\/li>\n\n\n\n<li>Disponible : 1.12.2024 -15.4.2025<\/li>\n\n\n\n<li>Horaire du voyage : 19 h 30 \u00e0 22 h 00<\/li>\n\n\n\n<li>Le prix comprend une excursion priv\u00e9e pour votre groupe uniquement, un guide anglophone et une petite collation et une boisson chaude au coin du feu.<\/li>\n\n\n\n<li>Taille du groupe : min. 2 personnes, max. 10 personnes -Veuillez noter que l'excursion n'est pas adapt\u00e9e aux enfants de moins de 8 ans.<\/li>\n<\/ul>\n\n\n\n<p>Rejoignez-nous dans cette aventure m\u00e9morable o\u00f9 la nature r\u00e9v\u00e8le ce qu'elle a de meilleur - peut-\u00eatre que cette nuit-l\u00e0, les aurores bor\u00e9ales orneront le ciel juste au-dessus de vous.<\/p>\n\n\n\n<p><em>Veuillez noter que l'observation d'une aurore bor\u00e9ale est soumise aux conditions naturelles et ne peut \u00eatre garantie.<\/em><\/p>\n<\/div><\/div>\n<\/div>\n\n\n\n<div class=\"wp-block-group alignfull has-global-padding is-layout-constrained wp-block-group-is-layout-constrained\" style=\"padding-top:var(--wp--preset--spacing--80);padding-bottom:var(--wp--preset--spacing--80)\">\n<div class=\"wp-block-media-text has-media-on-the-right is-stacked-on-mobile\"><div class=\"wp-block-media-text__content\">\n<div class=\"wp-block-kenta-blocks-heading kb-heading kb-heading-h2 kb-heading-361e0048\"><h2 class=\"\"><strong><strong>Promenade nocturne magique sur le lac Paadar<br><\/strong><\/strong><\/h2><\/div>\n\n\n\n<p>Vivez une excursion en raquettes inoubliable \u00e0 travers les paysages lacustres captivants de la Laponie et la beaut\u00e9 de la nuit. Entrez dans la neige et plongez dans un cadre magique o\u00f9 le ciel \u00e9toil\u00e9 et la possibilit\u00e9 d'observer une aurore bor\u00e9ale cr\u00e9ent une exp\u00e9rience inoubliable au coin du feu pour d\u00e9guster des boissons chaudes et de d\u00e9licieux en-cas inclus dans le voyage.<\/p>\n\n\n\n<div class=\"wp-block-kenta-blocks-heading kb-heading kb-heading-h2 kb-heading-b0574c87\"><h2 class=\"\">D\u00e9tails du voyage<\/h2><\/div>\n\n\n\n<ul class=\"wp-block-list\">\n<li>Dur\u00e9e de la visite : Environ 2,5 heures<\/li>\n\n\n\n<li>Disponible : 1.12.2024 -15.4.2025<\/li>\n\n\n\n<li>Horaire du voyage : 19 h 30 \u00e0 22 h 00<\/li>\n\n\n\n<li>Le prix comprend une excursion priv\u00e9e pour votre groupe uniquement, un guide anglophone et une petite collation et une boisson chaude au coin du feu.<\/li>\n\n\n\n<li>Taille du groupe : min. 2 personnes, max. 10 personnes -Veuillez noter que l'excursion n'est pas adapt\u00e9e aux enfants de moins de 8 ans.<\/li>\n<\/ul>\n\n\n\n<p>Rejoignez-nous dans cette aventure m\u00e9morable o\u00f9 la nature r\u00e9v\u00e8le ce qu'elle a de meilleur - peut-\u00eatre que cette nuit-l\u00e0, les aurores bor\u00e9ales orneront le ciel juste au-dessus de vous.<\/p>\n\n\n\n<p><em>Veuillez noter que l'observation d'une aurore bor\u00e9ale est soumise aux conditions naturelles et ne peut \u00eatre garantie.<\/em><\/p>\n<\/div><figure class=\"wp-block-media-text__media\"><img loading=\"lazy\" decoding=\"async\" width=\"1024\" height=\"1024\" src=\"https:\/\/paadarauroravillas.com\/wp-content\/uploads\/2024\/05\/SnowShoeAuroraPaadar.jpeg\" alt=\"\" class=\"wp-image-343 size-full\" srcset=\"https:\/\/paadarauroravillas.com\/wp-content\/uploads\/2024\/05\/SnowShoeAuroraPaadar.jpeg 1024w, https:\/\/paadarauroravillas.com\/wp-content\/uploads\/2024\/05\/SnowShoeAuroraPaadar-300x300.jpeg 300w, https:\/\/paadarauroravillas.com\/wp-content\/uploads\/2024\/05\/SnowShoeAuroraPaadar-150x150.jpeg 150w, https:\/\/paadarauroravillas.com\/wp-content\/uploads\/2024\/05\/SnowShoeAuroraPaadar-768x768.jpeg 768w, https:\/\/paadarauroravillas.com\/wp-content\/uploads\/2024\/05\/SnowShoeAuroraPaadar-12x12.jpeg 12w\" sizes=\"auto, (max-width: 1024px) 100vw, 1024px\" \/><\/figure><\/div>\n<\/div>\n\n\n\n<div class=\"wp-block-group alignfull has-global-padding is-layout-constrained wp-block-group-is-layout-constrained\" style=\"padding-top:var(--wp--preset--spacing--80);padding-bottom:var(--wp--preset--spacing--80)\">\n<div class=\"wp-block-media-text is-stacked-on-mobile\"><figure class=\"wp-block-media-text__media\"><img loading=\"lazy\" decoding=\"async\" width=\"1024\" height=\"1024\" src=\"https:\/\/paadarauroravillas.com\/wp-content\/uploads\/2024\/05\/Catering.jpeg\" alt=\"\" class=\"wp-image-345 size-full\" srcset=\"https:\/\/paadarauroravillas.com\/wp-content\/uploads\/2024\/05\/Catering.jpeg 1024w, https:\/\/paadarauroravillas.com\/wp-content\/uploads\/2024\/05\/Catering-300x300.jpeg 300w, https:\/\/paadarauroravillas.com\/wp-content\/uploads\/2024\/05\/Catering-150x150.jpeg 150w, https:\/\/paadarauroravillas.com\/wp-content\/uploads\/2024\/05\/Catering-768x768.jpeg 768w, https:\/\/paadarauroravillas.com\/wp-content\/uploads\/2024\/05\/Catering-12x12.jpeg 12w\" sizes=\"auto, (max-width: 1024px) 100vw, 1024px\" \/><\/figure><div class=\"wp-block-media-text__content\">\n<div class=\"wp-block-kenta-blocks-heading kb-heading kb-heading-h2 kb-heading-60316211\"><h2 class=\"\">Restauration - petit-d\u00e9jeuner, d\u00e9jeuner, d\u00eener.&nbsp;<\/h2><\/div>\n\n\n\n<p>Nous proposons un service de restauration du petit-d\u00e9jeuner au d\u00eener. Vous pouvez choisir de vous faire livrer directement \u00e0 votre logement ou de venir chercher vous-m\u00eame votre commande.<\/p>\n\n\n\n<div class=\"wp-block-buttons is-layout-flex wp-block-buttons-is-layout-flex\"><\/div>\n<\/div><\/div>\n<\/div>","protected":false},"excerpt":{"rendered":"<p>Services Join an unforgettable snowshoeing excursion that will take you to Lapland&#8217;s stunning landscapes. This private excursion is exclusively designed for your group. The duration of the trip is approximately 3 hours, during which you&#8217;ll not only experience snowshoeing but also uncover the secrets of traditional winter fishing nets. Our guide, who is an experienced [&hellip;]<\/p>\n","protected":false},"author":1,"featured_media":0,"parent":22,"menu_order":0,"comment_status":"closed","ping_status":"closed","template":"","meta":{"_seopress_robots_primary_cat":"","_seopress_titles_title":"Paadar Aurora Villas Services","_seopress_titles_desc":"Services- Paadar Aurora Villas","_seopress_robots_index":"","site-container-style":"default","site-container-layout":"default","site-sidebar-layout":"default","site-transparent-header":"default","disable-article-header":"default","disable-site-header":"default","disable-site-footer":"default","disable-content-area-spacing":"default","footnotes":""},"class_list":["post-320","page","type-page","status-publish","hentry"],"_links":{"self":[{"href":"https:\/\/paadarauroravillas.com\/fr\/wp-json\/wp\/v2\/pages\/320","targetHints":{"allow":["GET"]}}],"collection":[{"href":"https:\/\/paadarauroravillas.com\/fr\/wp-json\/wp\/v2\/pages"}],"about":[{"href":"https:\/\/paadarauroravillas.com\/fr\/wp-json\/wp\/v2\/types\/page"}],"author":[{"embeddable":true,"href":"https:\/\/paadarauroravillas.com\/fr\/wp-json\/wp\/v2\/users\/1"}],"replies":[{"embeddable":true,"href":"https:\/\/paadarauroravillas.com\/fr\/wp-json\/wp\/v2\/comments?post=320"}],"version-history":[{"count":8,"href":"https:\/\/paadarauroravillas.com\/fr\/wp-json\/wp\/v2\/pages\/320\/revisions"}],"predecessor-version":[{"id":489,"href":"https:\/\/paadarauroravillas.com\/fr\/wp-json\/wp\/v2\/pages\/320\/revisions\/489"}],"up":[{"embeddable":true,"href":"https:\/\/paadarauroravillas.com\/fr\/wp-json\/wp\/v2\/pages\/22"}],"wp:attachment":[{"href":"https:\/\/paadarauroravillas.com\/fr\/wp-json\/wp\/v2\/media?parent=320"}],"curies":[{"name":"wp","href":"https:\/\/api.w.org\/{rel}","templated":true}]}}