{"id":240,"date":"2024-04-22T09:16:34","date_gmt":"2024-04-22T09:16:34","guid":{"rendered":"https:\/\/paadarauroravillas.com\/?page_id=240"},"modified":"2024-05-23T10:07:18","modified_gmt":"2024-05-23T10:07:18","slug":"declaration-de-confidentialite","status":"publish","type":"page","link":"https:\/\/paadarauroravillas.com\/fr\/privacy-statement\/","title":{"rendered":"D\u00e9claration de confidentialit\u00e9"},"content":{"rendered":"<p><strong>Ceci est le registre de Paadar Aurora Villas et la d\u00e9claration de confidentialit\u00e9 conform\u00e9ment au r\u00e8glement g\u00e9n\u00e9ral sur la protection des donn\u00e9es de l'UE (GDPR). Cr\u00e9\u00e9 le 23.05.2024. Derni\u00e8re modification le 23.05.2024.<\/strong><\/p>\n\n\n\n<ol class=\"wp-block-list\">\n<li><strong>Responsable du traitement des donn\u00e9es<\/strong><br><strong>TK Kimara<\/strong>, <strong>Rantalantie 52 A<\/strong>, <strong>91600 Utaj\u00e4rvi<\/strong><\/li>\n\n\n\n<li><strong>Personne de contact responsable du registre<br><\/strong>Tero Kemil\u00e4, sales@paadarauroravillas.com<\/li>\n\n\n\n<li><strong>Nom du registre<br><\/strong>Registre des clients, Registre marketing<\/li>\n\n\n\n<li><strong>Base juridique et finalit\u00e9 du traitement des donn\u00e9es \u00e0 caract\u00e8re personnel<br><\/strong>La base juridique du traitement des donn\u00e9es personnelles en vertu du r\u00e8glement g\u00e9n\u00e9ral sur la protection des donn\u00e9es de l'UE est la suivante :<br>- Consentement de la personne<br>L'objectif du traitement des donn\u00e9es personnelles est de communiquer avec les clients et de faire du marketing.<br>Les donn\u00e9es ne sont pas utilis\u00e9es \u00e0 des fins de prise de d\u00e9cision automatis\u00e9e ou de profilage<\/li>\n\n\n\n<li><strong>Contenu des donn\u00e9es du registre<br><\/strong>Les informations stock\u00e9es dans le registre comprennent : le nom de la personne, sa fonction, son entreprise\/organisation, ses coordonn\u00e9es (num\u00e9ro de t\u00e9l\u00e9phone, adresse \u00e9lectronique), l'adresse du site web, l'adresse IP de la connexion au r\u00e9seau, les identifiants\/profils dans les services de m\u00e9dias sociaux, les informations sur les services command\u00e9s et leurs modifications, les informations de facturation, d'autres informations li\u00e9es \u00e0 la relation avec le client et aux services command\u00e9s.<br><br>La dur\u00e9e maximale de conservation des donn\u00e9es est d'un an.<br><br>Les adresses IP des visiteurs du site web et les cookies n\u00e9cessaires aux fonctions du service sont trait\u00e9s sur la base de l'int\u00e9r\u00eat l\u00e9gitime, par exemple pour assurer la s\u00e9curit\u00e9 des donn\u00e9es et pour collecter des informations statistiques sur les visiteurs du site web dans les cas o\u00f9 elles peuvent \u00eatre consid\u00e9r\u00e9es comme des donn\u00e9es \u00e0 caract\u00e8re personnel. Le cas \u00e9ch\u00e9ant, le consentement sera demand\u00e9 s\u00e9par\u00e9ment pour les cookies de tiers.<\/li>\n\n\n\n<li><strong>Sources d'information r\u00e9guli\u00e8res<br><\/strong>Les informations stock\u00e9es dans le registre sont obtenues aupr\u00e8s du client, par exemple par le biais de messages envoy\u00e9s via des formulaires Web, par courrier \u00e9lectronique, par t\u00e9l\u00e9phone, par des services de m\u00e9dias sociaux, par des contrats, par des r\u00e9unions avec les clients et dans d'autres situations o\u00f9 le client divulgue ses donn\u00e9es.<br>Les informations sur les personnes de contact des entreprises et autres organisations peuvent \u00e9galement \u00eatre collect\u00e9es \u00e0 partir de sources publiques, telles que des sites web, des services d'annuaire et d'autres entreprises.<\/li>\n\n\n\n<li><strong>Divulgation r\u00e9guli\u00e8re de donn\u00e9es et transfert de donn\u00e9es en dehors de l'UE ou de l'EEE<\/strong><br>Les donn\u00e9es ne sont pas r\u00e9guli\u00e8rement divulgu\u00e9es \u00e0 d'autres parties. Les informations peuvent \u00eatre publi\u00e9es dans la mesure convenue avec le client.<br>Les donn\u00e9es peuvent \u00e9galement \u00eatre transf\u00e9r\u00e9es par le responsable du traitement en dehors de l'UE ou de l'EEE.<br>Le site utilise Google Analytics.<\/li>\n\n\n\n<li><strong>Principes de protection des registres<br><\/strong>Le registre est trait\u00e9 avec soin et les donn\u00e9es trait\u00e9es \u00e0 l'aide de syst\u00e8mes d'information sont prot\u00e9g\u00e9es de mani\u00e8re appropri\u00e9e. Lorsque les donn\u00e9es du registre sont stock\u00e9es sur des serveurs Internet, la s\u00e9curit\u00e9 physique et num\u00e9rique de leur mat\u00e9riel est assur\u00e9e de mani\u00e8re appropri\u00e9e.<br>Le responsable du traitement veille \u00e0 ce que les donn\u00e9es stock\u00e9es, les droits d'acc\u00e8s au serveur et les autres informations essentielles \u00e0 la s\u00e9curit\u00e9 des donn\u00e9es \u00e0 caract\u00e8re personnel soient trait\u00e9s de mani\u00e8re confidentielle et uniquement par les employ\u00e9s dont c'est la fonction.<\/li>\n\n\n\n<li><strong>Droit d'inspection et droit de demander la rectification des donn\u00e9es<br><\/strong>Toute personne inscrite au registre a le droit de v\u00e9rifier les donn\u00e9es la concernant qui y sont enregistr\u00e9es et d'exiger que les donn\u00e9es incorrectes soient corrig\u00e9es ou que les donn\u00e9es incompl\u00e8tes soient compl\u00e9t\u00e9es. Si une personne souhaite v\u00e9rifier les donn\u00e9es stock\u00e9es \u00e0 son sujet ou en demander la correction, la demande doit \u00eatre adress\u00e9e par \u00e9crit au responsable du traitement, qui peut, le cas \u00e9ch\u00e9ant, demander au demandeur de prouver son identit\u00e9. Le responsable du traitement r\u00e9pondra au client dans le d\u00e9lai fix\u00e9 par le r\u00e8glement g\u00e9n\u00e9ral sur la protection des donn\u00e9es de l'UE (g\u00e9n\u00e9ralement dans un d\u00e9lai d'un mois).<br><\/li>\n\n\n\n<li><strong>Autres droits li\u00e9s au traitement des donn\u00e9es personnelles<br><\/strong>Une personne inscrite au registre a le droit de demander que les donn\u00e9es personnelles la concernant soient supprim\u00e9es du registre (\"droit \u00e0 l'oubli\"). Les personnes concern\u00e9es disposent \u00e9galement d'autres droits en vertu du r\u00e8glement g\u00e9n\u00e9ral sur la protection des donn\u00e9es de l'UE, tels que la limitation du traitement des donn\u00e9es \u00e0 caract\u00e8re personnel dans certaines situations. Les demandes doivent \u00eatre adress\u00e9es par \u00e9crit au responsable du traitement. Si n\u00e9cessaire, le responsable du traitement peut demander au demandeur de prouver son identit\u00e9. Le responsable du traitement r\u00e9pondra au client dans le d\u00e9lai fix\u00e9 par le r\u00e8glement g\u00e9n\u00e9ral sur la protection des donn\u00e9es de l'UE (g\u00e9n\u00e9ralement dans un d\u00e9lai d'un mois).<\/li>\n<\/ol>","protected":false},"excerpt":{"rendered":"<p>This is Paadar Aurora Villas register and privacy statement in accordance with the EU&#8217;s General Data Protection Regulation (GDPR). Created on 23.05.2024. Last modified 23.05.2024.<\/p>","protected":false},"author":1,"featured_media":0,"parent":0,"menu_order":0,"comment_status":"closed","ping_status":"closed","template":"","meta":{"_seopress_robots_primary_cat":"","_seopress_titles_title":"","_seopress_titles_desc":"","_seopress_robots_index":"","site-container-style":"default","site-container-layout":"default","site-sidebar-layout":"default","site-transparent-header":"default","disable-article-header":"default","disable-site-header":"default","disable-site-footer":"default","disable-content-area-spacing":"default","footnotes":""},"class_list":["post-240","page","type-page","status-publish","hentry"],"_links":{"self":[{"href":"https:\/\/paadarauroravillas.com\/fr\/wp-json\/wp\/v2\/pages\/240","targetHints":{"allow":["GET"]}}],"collection":[{"href":"https:\/\/paadarauroravillas.com\/fr\/wp-json\/wp\/v2\/pages"}],"about":[{"href":"https:\/\/paadarauroravillas.com\/fr\/wp-json\/wp\/v2\/types\/page"}],"author":[{"embeddable":true,"href":"https:\/\/paadarauroravillas.com\/fr\/wp-json\/wp\/v2\/users\/1"}],"replies":[{"embeddable":true,"href":"https:\/\/paadarauroravillas.com\/fr\/wp-json\/wp\/v2\/comments?post=240"}],"version-history":[{"count":3,"href":"https:\/\/paadarauroravillas.com\/fr\/wp-json\/wp\/v2\/pages\/240\/revisions"}],"predecessor-version":[{"id":463,"href":"https:\/\/paadarauroravillas.com\/fr\/wp-json\/wp\/v2\/pages\/240\/revisions\/463"}],"wp:attachment":[{"href":"https:\/\/paadarauroravillas.com\/fr\/wp-json\/wp\/v2\/media?parent=240"}],"curies":[{"name":"wp","href":"https:\/\/api.w.org\/{rel}","templated":true}]}}