{"id":22,"date":"2024-04-19T10:37:23","date_gmt":"2024-04-19T10:37:23","guid":{"rendered":"https:\/\/paadarauroravillas.com\/?page_id=22"},"modified":"2025-07-21T11:41:12","modified_gmt":"2025-07-21T11:41:12","slug":"paadar-aurora-villages","status":"publish","type":"page","link":"https:\/\/paadarauroravillas.com\/fr\/","title":{"rendered":"Accueil"},"content":{"rendered":"<div class=\"wp-block-kenta-blocks-cover kb-cover-962e5d61 kb-cover kb-cover-has-overlay\"><video playsinline class=\"kb-background-video\" autoplay loop muted src=\"https:\/\/paadarauroravillas.com\/wp-content\/uploads\/2025\/04\/VID-20240904-WA0012.mp4\" style=\"object-position:50% 65%\"><\/video><div class=\"kb-cover-inner-container\">\n<div class=\"wp-block-kenta-blocks-heading kb-heading kb-heading-h1 kb-heading-c00858b7\"><h1 class=\"\">Paadar Aurora Villas<\/h1><\/div>\n\n\n\n<p class=\"has-text-align-center has-text-color has-link-color wp-elements-297e39d8563f7a7a8f25d6f774d3258f\" style=\"color:#ffffff\"><strong>Situ\u00e9es dans les paysages vierges d'Inari, en Finlande, ces villas de luxe de style scandinave offrent un m\u00e9lange exquis de confort, d'\u00e9quipements modernes et de beaut\u00e9 naturelle impressionnante. Chaque villa, qui dispose d'une plage priv\u00e9e, d'un bain \u00e0 remous et d'un sauna toute l'ann\u00e9e, invite ses h\u00f4tes \u00e0 une retraite inoubliable dans la nature sauvage et intacte de la Laponie.<\/strong> <br><a href=\"https:\/\/scanmagazine.co.uk\/paadar-aurora-villas-tranquil-villa-retreats-in-finlands-untouched-wilderness\/\" data-type=\"link\" data-id=\"https:\/\/scanmagazine.co.uk\/paadar-aurora-villas-tranquil-villa-retreats-in-finlands-untouched-wilderness\/\">-Nd\u00e9la Faye, Scan Magazine<\/a><\/p>\n<\/div><\/div>\n\n\n\n<div class=\"wp-block-kenta-blocks-group kb-group-d6d46ad5 kb-group\"><div class=\"kb-group-inner-container\">\n<div class=\"wp-block-columns is-layout-flex wp-container-core-columns-is-layout-f196b389 wp-block-columns-is-layout-flex\" style=\"margin-top:0;margin-bottom:0;padding-top:var(--wp--preset--spacing--50);padding-bottom:var(--wp--preset--spacing--50)\">\n<div class=\"wp-block-column has-border-color has-kenta-base-200-border-color is-layout-flow wp-block-column-is-layout-flow\">\n<div class=\"wp-block-group has-kenta-base-background-color has-background has-global-padding is-layout-constrained wp-block-group-is-layout-constrained\" style=\"border-radius:24px\">\n<figure class=\"wp-block-image size-full has-custom-border\"><a href=\"https:\/\/paadarauroravillas.com\/fr\/villa-paadari\/\"><img loading=\"lazy\" decoding=\"async\" width=\"1024\" height=\"576\" src=\"https:\/\/paadarauroravillas.com\/wp-content\/uploads\/2024\/04\/Paadari.jpg\" alt=\"\" class=\"wp-image-69\" style=\"border-top-left-radius:16px;border-top-right-radius:16px;border-bottom-left-radius:0px;border-bottom-right-radius:0px\" srcset=\"https:\/\/paadarauroravillas.com\/wp-content\/uploads\/2024\/04\/Paadari.jpg 1024w, https:\/\/paadarauroravillas.com\/wp-content\/uploads\/2024\/04\/Paadari-300x169.jpg 300w, https:\/\/paadarauroravillas.com\/wp-content\/uploads\/2024\/04\/Paadari-768x432.jpg 768w, https:\/\/paadarauroravillas.com\/wp-content\/uploads\/2024\/04\/Paadari-18x10.jpg 18w\" sizes=\"auto, (max-width: 1024px) 100vw, 1024px\" \/><\/a><\/figure>\n\n\n\n<div class=\"wp-block-group has-global-padding is-layout-constrained wp-container-core-group-is-layout-c7e4baee wp-block-group-is-layout-constrained\" style=\"padding-top:0;padding-right:var(--wp--preset--spacing--50);padding-bottom:var(--wp--preset--spacing--50);padding-left:var(--wp--preset--spacing--50)\">\n<h3 class=\"wp-block-heading has-text-align-center has-kenta-font-medium-font-size\" style=\"margin-top:0;margin-bottom:0\"><a href=\"https:\/\/paadarauroravillas.com\/fr\/villa-paadari\/\" title=\"Villa Paadari\">Villa Paadari<\/a><\/h3>\n\n\n\n<p class=\"has-text-align-center\"><strong>Luxus Villa Paadari<\/strong>&nbsp;vous invite dans un havre de paix au bord du lac \u00e0 Inari, avec une maison en bois de 80 m\u00b2 dot\u00e9e de tout le confort moderne. C'est une escapade parfaite pour six personnes, avec des vues imprenables, une plage priv\u00e9e et un jacuzzi, le tout \u00e0 proximit\u00e9 des aurores bor\u00e9ales.<\/p>\n<\/div>\n<\/div>\n<\/div>\n\n\n\n<div class=\"wp-block-column has-border-color has-kenta-base-200-border-color is-layout-flow wp-block-column-is-layout-flow\">\n<div class=\"wp-block-group has-kenta-base-background-color has-background has-global-padding is-layout-constrained wp-block-group-is-layout-constrained\" style=\"border-radius:24px\">\n<figure class=\"wp-block-image size-full has-custom-border\"><a href=\"https:\/\/paadarauroravillas.com\/fr\/villa-paatari\/\"><img loading=\"lazy\" decoding=\"async\" width=\"1019\" height=\"573\" src=\"https:\/\/paadarauroravillas.com\/wp-content\/uploads\/2024\/04\/Paatari-edited.jpg\" alt=\"\" class=\"wp-image-314\" style=\"border-top-left-radius:16px;border-top-right-radius:16px;border-bottom-left-radius:0px;border-bottom-right-radius:0px\" srcset=\"https:\/\/paadarauroravillas.com\/wp-content\/uploads\/2024\/04\/Paatari-edited.jpg 1019w, https:\/\/paadarauroravillas.com\/wp-content\/uploads\/2024\/04\/Paatari-edited-300x169.jpg 300w, https:\/\/paadarauroravillas.com\/wp-content\/uploads\/2024\/04\/Paatari-edited-768x432.jpg 768w, https:\/\/paadarauroravillas.com\/wp-content\/uploads\/2024\/04\/Paatari-edited-18x10.jpg 18w\" sizes=\"auto, (max-width: 1019px) 100vw, 1019px\" \/><\/a><\/figure>\n\n\n\n<div class=\"wp-block-group has-global-padding is-layout-constrained wp-container-core-group-is-layout-c7e4baee wp-block-group-is-layout-constrained\" style=\"padding-top:0;padding-right:var(--wp--preset--spacing--50);padding-bottom:var(--wp--preset--spacing--50);padding-left:var(--wp--preset--spacing--50)\">\n<h3 class=\"wp-block-heading has-text-align-center has-kenta-font-medium-font-size\" style=\"margin-top:0;margin-bottom:0\"><a href=\"https:\/\/paadarauroravillas.com\/fr\/villa-paatari\/\" title=\"Villa Paatari\">Villa Paatari<\/a><\/h3>\n\n\n\n<p class=\"has-text-align-center\"><strong>Villa Paatari<\/strong>&nbsp;propose une escapade sereine au bord du lac \u00e0 Inari, avec une maison en bois de 80 m\u00b2 et un appartement de 35 m\u00b2, dot\u00e9s d'\u00e9quipements modernes, d'une plage priv\u00e9e et d'un jacuzzi ext\u00e9rieur. Id\u00e9al pour dix personnes, c'est un endroit parfait pour profiter de la nature et des aurores bor\u00e9ales.<\/p>\n<\/div>\n<\/div>\n<\/div>\n<\/div>\n\n\n\n<div class=\"wp-block-columns is-layout-flex wp-container-core-columns-is-layout-f196b389 wp-block-columns-is-layout-flex\" style=\"margin-top:0;margin-bottom:0;padding-top:var(--wp--preset--spacing--50);padding-bottom:var(--wp--preset--spacing--50)\">\n<div class=\"wp-block-column has-border-color has-kenta-base-200-border-color is-layout-flow wp-block-column-is-layout-flow\">\n<div class=\"wp-block-group has-kenta-base-background-color has-background has-global-padding is-layout-constrained wp-block-group-is-layout-constrained\" style=\"border-radius:24px\">\n<figure class=\"wp-block-image size-full has-custom-border\"><a href=\"https:\/\/paadarauroravillas.com\/fr\/villa-paadari-house\/\"><img loading=\"lazy\" decoding=\"async\" width=\"1024\" height=\"576\" src=\"https:\/\/paadarauroravillas.com\/wp-content\/uploads\/2024\/04\/Paadari-House-edited.jpg\" alt=\"\" class=\"wp-image-313\" style=\"border-top-left-radius:16px;border-top-right-radius:16px;border-bottom-left-radius:0px;border-bottom-right-radius:0px\" srcset=\"https:\/\/paadarauroravillas.com\/wp-content\/uploads\/2024\/04\/Paadari-House-edited.jpg 1024w, https:\/\/paadarauroravillas.com\/wp-content\/uploads\/2024\/04\/Paadari-House-edited-300x169.jpg 300w, https:\/\/paadarauroravillas.com\/wp-content\/uploads\/2024\/04\/Paadari-House-edited-768x432.jpg 768w, https:\/\/paadarauroravillas.com\/wp-content\/uploads\/2024\/04\/Paadari-House-edited-18x10.jpg 18w\" sizes=\"auto, (max-width: 1024px) 100vw, 1024px\" \/><\/a><\/figure>\n\n\n\n<div class=\"wp-block-group has-global-padding is-layout-constrained wp-container-core-group-is-layout-c7e4baee wp-block-group-is-layout-constrained\" style=\"padding-top:0;padding-right:var(--wp--preset--spacing--50);padding-bottom:var(--wp--preset--spacing--50);padding-left:var(--wp--preset--spacing--50)\">\n<h3 class=\"wp-block-heading has-text-align-center has-kenta-font-medium-font-size\" style=\"margin-top:0;margin-bottom:0\"><a href=\"https:\/\/paadarauroravillas.com\/fr\/villa-paadari-house\/\" title=\"Villa Paadari House\">Villa Paadari House<\/a><\/h3>\n\n\n\n<p class=\"has-text-align-center\"><strong>Villa Paadarin House<\/strong>\u00a0est une charmante maison en bois de 40m\u00b2 \u00e0 Inari, parfaite pour quatre personnes. Elle offre une vue imprenable sur le lac, une plage priv\u00e9e et un sauna. Elle est facilement accessible depuis les a\u00e9roports locaux et propose des services optionnels pour un s\u00e9jour m\u00e9morable.<\/p>\n<\/div>\n<\/div>\n<\/div>\n\n\n\n<div class=\"wp-block-column has-border-color has-kenta-base-200-border-color is-layout-flow wp-block-column-is-layout-flow\">\n<div class=\"wp-block-group has-kenta-base-background-color has-background has-global-padding is-layout-constrained wp-block-group-is-layout-constrained\" style=\"border-radius:24px\">\n<figure class=\"wp-block-gallery has-nested-images columns-default is-cropped wp-block-gallery-1 is-layout-flex wp-block-gallery-is-layout-flex\">\n<figure class=\"wp-block-image size-full has-custom-border\"><a href=\"https:\/\/paadarauroravillas.com\/fr\/villa-paadar\/\"><img loading=\"lazy\" decoding=\"async\" width=\"1024\" height=\"576\" data-id=\"312\" src=\"https:\/\/paadarauroravillas.com\/wp-content\/uploads\/2024\/04\/Paadar-edited-1.jpg\" alt=\"\" class=\"wp-image-312\" style=\"border-top-left-radius:16px;border-top-right-radius:16px;border-bottom-left-radius:0px;border-bottom-right-radius:0px\" srcset=\"https:\/\/paadarauroravillas.com\/wp-content\/uploads\/2024\/04\/Paadar-edited-1.jpg 1024w, https:\/\/paadarauroravillas.com\/wp-content\/uploads\/2024\/04\/Paadar-edited-1-300x169.jpg 300w, https:\/\/paadarauroravillas.com\/wp-content\/uploads\/2024\/04\/Paadar-edited-1-768x432.jpg 768w, https:\/\/paadarauroravillas.com\/wp-content\/uploads\/2024\/04\/Paadar-edited-1-18x10.jpg 18w\" sizes=\"auto, (max-width: 1024px) 100vw, 1024px\" \/><\/a><\/figure>\n<\/figure>\n\n\n\n<div class=\"wp-block-group has-global-padding is-layout-constrained wp-container-core-group-is-layout-c7e4baee wp-block-group-is-layout-constrained\" style=\"padding-top:0;padding-right:var(--wp--preset--spacing--50);padding-bottom:var(--wp--preset--spacing--50);padding-left:var(--wp--preset--spacing--50)\">\n<h3 class=\"wp-block-heading has-text-align-center has-kenta-font-medium-font-size\" style=\"margin-top:0;margin-bottom:0\"><a href=\"https:\/\/paadarauroravillas.com\/fr\/villa-paadar\/\" title=\"Villa Paadar\">Villa Paadar<\/a><\/h3>\n\n\n\n<p class=\"has-text-align-center\">S'\u00e9chapper vers <strong>Villa Paadar<\/strong>Villa luxueuse en rondins au bord du lac Paatari, \u00e0 Inari. Elle peut accueillir huit personnes et dispose d'\u00e9quipements, d'un sauna et d'un jacuzzi. Pr\u00e8s du parc national de Lemmenjoki, l'aventure vous attend.<\/p>\n<\/div>\n<\/div>\n<\/div>\n<\/div>\n\n\n\n<div class=\"wp-block-columns is-layout-flex wp-container-core-columns-is-layout-f196b389 wp-block-columns-is-layout-flex\" style=\"margin-top:0;margin-bottom:0;padding-top:var(--wp--preset--spacing--50);padding-bottom:var(--wp--preset--spacing--50)\">\n<div class=\"wp-block-column has-border-color has-kenta-base-200-border-color is-layout-flow wp-block-column-is-layout-flow\">\n<div class=\"wp-block-group has-kenta-base-background-color has-background has-global-padding is-layout-constrained wp-block-group-is-layout-constrained\" style=\"border-radius:24px\">\n<figure class=\"wp-block-image size-full has-custom-border\"><img loading=\"lazy\" decoding=\"async\" width=\"1024\" height=\"498\" src=\"https:\/\/paadarauroravillas.com\/wp-content\/uploads\/2025\/07\/577268422.jpg\" alt=\"\" class=\"wp-image-682\" style=\"border-top-left-radius:16px;border-top-right-radius:16px;border-bottom-left-radius:0px;border-bottom-right-radius:0px\" srcset=\"https:\/\/paadarauroravillas.com\/wp-content\/uploads\/2025\/07\/577268422.jpg 1024w, https:\/\/paadarauroravillas.com\/wp-content\/uploads\/2025\/07\/577268422-300x146.jpg 300w, https:\/\/paadarauroravillas.com\/wp-content\/uploads\/2025\/07\/577268422-768x374.jpg 768w, https:\/\/paadarauroravillas.com\/wp-content\/uploads\/2025\/07\/577268422-18x9.jpg 18w\" sizes=\"auto, (max-width: 1024px) 100vw, 1024px\" \/><\/figure>\n\n\n\n<div class=\"wp-block-group has-global-padding is-layout-constrained wp-container-core-group-is-layout-c7e4baee wp-block-group-is-layout-constrained\" style=\"padding-top:0;padding-right:var(--wp--preset--spacing--50);padding-bottom:var(--wp--preset--spacing--50);padding-left:var(--wp--preset--spacing--50)\">\n<h3 class=\"wp-block-heading has-text-align-center has-kenta-font-medium-font-size\" style=\"margin-top:0;margin-bottom:0\"><a href=\"https:\/\/paadarauroravillas.com\/fr\/villa-hakala\/\">Villa Hakala<\/a><\/h3>\n\n\n\n<p class=\"has-text-align-center\">S'\u00e9chapper vers <strong>Villa Hakala<\/strong>L'auberge de jeunesse, une retraite moderne au bord du lac \u00e0 Utaj\u00e4rvi. Il peut accueillir quatre personnes et offre une vue imprenable sur le lac, un sauna, un bain \u00e0 remous et une piscine. Entour\u00e9 par la nature et \u00e0 proximit\u00e9 d'aventures en plein air, c'est l'endroit id\u00e9al pour une escapade en Finlande.<\/p>\n<\/div>\n<\/div>\n<\/div>\n\n\n\n<div class=\"wp-block-column has-border-color has-kenta-base-200-border-color is-layout-flow wp-block-column-is-layout-flow\"><\/div>\n<\/div>\n<\/div><\/div>","protected":false},"excerpt":{"rendered":"","protected":false},"author":1,"featured_media":0,"parent":0,"menu_order":0,"comment_status":"closed","ping_status":"closed","template":"","meta":{"_seopress_robots_primary_cat":"","_seopress_titles_title":"Paadar Aurora Villas","_seopress_titles_desc":"Experience Lapland in one of our Exclusive Villas","_seopress_robots_index":"","site-container-style":"default","site-container-layout":"default","site-sidebar-layout":"default","site-transparent-header":"default","disable-article-header":"default","disable-site-header":"default","disable-site-footer":"default","disable-content-area-spacing":"default","footnotes":""},"class_list":["post-22","page","type-page","status-publish","hentry"],"_links":{"self":[{"href":"https:\/\/paadarauroravillas.com\/fr\/wp-json\/wp\/v2\/pages\/22","targetHints":{"allow":["GET"]}}],"collection":[{"href":"https:\/\/paadarauroravillas.com\/fr\/wp-json\/wp\/v2\/pages"}],"about":[{"href":"https:\/\/paadarauroravillas.com\/fr\/wp-json\/wp\/v2\/types\/page"}],"author":[{"embeddable":true,"href":"https:\/\/paadarauroravillas.com\/fr\/wp-json\/wp\/v2\/users\/1"}],"replies":[{"embeddable":true,"href":"https:\/\/paadarauroravillas.com\/fr\/wp-json\/wp\/v2\/comments?post=22"}],"version-history":[{"count":23,"href":"https:\/\/paadarauroravillas.com\/fr\/wp-json\/wp\/v2\/pages\/22\/revisions"}],"predecessor-version":[{"id":700,"href":"https:\/\/paadarauroravillas.com\/fr\/wp-json\/wp\/v2\/pages\/22\/revisions\/700"}],"wp:attachment":[{"href":"https:\/\/paadarauroravillas.com\/fr\/wp-json\/wp\/v2\/media?parent=22"}],"curies":[{"name":"wp","href":"https:\/\/api.w.org\/{rel}","templated":true}]}}