{"id":598,"date":"2025-04-16T13:10:16","date_gmt":"2025-04-16T13:10:16","guid":{"rendered":"https:\/\/paadarauroravillas.com\/?page_id=598"},"modified":"2025-04-16T13:10:17","modified_gmt":"2025-04-16T13:10:17","slug":"lumikenkaseikkailu","status":"publish","type":"page","link":"https:\/\/paadarauroravillas.com\/fi\/snowshoe-adventure\/","title":{"rendered":"LUMIKENK\u00c4SEIKKAILU"},"content":{"rendered":"<div style=\"height:17px\" aria-hidden=\"true\" class=\"wp-block-spacer\"><\/div>\n\n\n\n<h2 class=\"wp-block-heading has-kenta-primary-color has-text-color has-link-color wp-elements-680ced5556ed6c8ca957ece273301140\">LUMIKENK\u00c4SEIKKAILU<\/h2>\n\n\n\n<p class=\"has-text-color has-link-color wp-elements-30fc74e88c64f636dbc199cb25303f6b\" style=\"color:#fffefe\"><strong>Pyynn\u00f6st\u00e4<\/strong><\/p>\n\n\n\n<p class=\"has-text-color has-link-color wp-elements-f04b5e1dccbb4eb9b3e348a5a93e85e2\" style=\"color:#fffefe\"><strong>Seikkailu - Koe talven taika ja kalaverkkojen salaisuudet!<\/strong> Osallistu unohtumattomaan lumikenk\u00e4seikkailuun, joka vie sinut l\u00e4pi Lapin upeiden maisemien. T\u00e4m\u00e4 yksityinen retki on suunniteltu yksinomaan ryhm\u00e4llesi. Retki kest\u00e4\u00e4 noin 3 tuntia, ja sen aikana nautitte lumikenk\u00e4ilyst\u00e4, mutta my\u00f6s tutustutte perinteisten talvikalastusverkkojen salaisuuksiin. Kokenut kalastusoppaamme perehdytt\u00e4\u00e4 teid\u00e4t talvikalastusverkkojen maailmaan ja selitt\u00e4\u00e4, miten ne toimivat. Oppaan avulla n\u00e4et, onko verkoissa kaloja.<\/p>\n\n\n\n<p class=\"has-text-color has-link-color wp-elements-13efe25207f932aef6d4a10ffdf7c219\" style=\"color:#fffefe\">Matkan puoliv\u00e4liss\u00e4 pys\u00e4hdymme leirinuotiolle nauttimaan l\u00e4mpimist\u00e4 juomista ja matkan hintaan kuuluvista herkullisista v\u00e4lipaloista. <em>S\u00e4\u00e4olosuhteista riippuen<\/em><\/p>\n\n\n\n<ul class=\"wp-block-list\">\n<li class=\"has-kenta-primary-active-color has-text-color has-link-color wp-elements-e5998741592f615ccf6ba10a1f40f7c8\"><strong>Kesto:<\/strong> 3 tuntia<\/li>\n<\/ul>\n\n\n\n<ul class=\"wp-block-list\">\n<li class=\"has-kenta-primary-active-color has-text-color has-link-color wp-elements-90320d004b6107d9f73b81ff25820819\"><strong>Hinta:<\/strong> 200 \u20ac per henkil\u00f6 (sis\u00e4lt\u00e4\u00e4 lumikeng\u00e4t, opastuksen ja virvokkeet).<\/li>\n<\/ul>\n\n\n\n<ul class=\"wp-block-list\">\n<li class=\"has-kenta-primary-active-color has-text-color has-link-color wp-elements-71b46b2ed6ad09c9f82cdb32edd71dc3\"><a href=\"https:\/\/paadarauroravillas.com\/fi\/varausehdot\/\">Varaus- ja peruutusehdot<\/a><\/li>\n<\/ul>\n\n\n\n<div class=\"wp-block-columns is-layout-flex wp-container-core-columns-is-layout-28f84493 wp-block-columns-is-layout-flex\">\n<div class=\"wp-block-column is-layout-flow wp-block-column-is-layout-flow\">\n<figure class=\"wp-block-image\"><img decoding=\"async\" src=\"https:\/\/lh7-rt.googleusercontent.com\/docsz\/AD_4nXff8SWlvXW1n4Kb-NM_Hl4ojeBmLyelvTNSGmQsp5wlohoyZUArzfJxaC5NRZ5BT1TP7Navek-fici1Q8kFPh2zGwZm8_fqRRSs-o6AtXrlqR80Ekse3VLYFZf-R3t-8xKjw186tA?key=UuR9w2vYqIiEYx13kPdF6NWl\" alt=\"Henkil\u00f6 k\u00e4velee lumessaAI:n tuottama sis\u00e4lt\u00f6 voi olla virheellist\u00e4.\"\/><\/figure>\n<\/div>\n<\/div>\n\n\n\n<p><\/p>","protected":false},"excerpt":{"rendered":"<p>SNOWSHOE ADVENTURE By request Adventure \u2013 Experience the magic of winter and the secrets of fishing nets! Join an unforgettable snowshoe adventure that takes you through the stunning landscapes of Lapland. This private excursion is designed exclusively for your group. The trip lasts approximately 3 hours, during which you&#8217;ll not only enjoy snowshoeing but also [&hellip;]<\/p>\n","protected":false},"author":1,"featured_media":0,"parent":0,"menu_order":0,"comment_status":"closed","ping_status":"closed","template":"","meta":{"_seopress_robots_primary_cat":"","_seopress_titles_title":"","_seopress_titles_desc":"","_seopress_robots_index":"","site-container-style":"default","site-container-layout":"default","site-sidebar-layout":"default","site-transparent-header":"default","disable-article-header":"default","disable-site-header":"default","disable-site-footer":"default","disable-content-area-spacing":"default","footnotes":""},"class_list":["post-598","page","type-page","status-publish","hentry"],"_links":{"self":[{"href":"https:\/\/paadarauroravillas.com\/fi\/wp-json\/wp\/v2\/pages\/598","targetHints":{"allow":["GET"]}}],"collection":[{"href":"https:\/\/paadarauroravillas.com\/fi\/wp-json\/wp\/v2\/pages"}],"about":[{"href":"https:\/\/paadarauroravillas.com\/fi\/wp-json\/wp\/v2\/types\/page"}],"author":[{"embeddable":true,"href":"https:\/\/paadarauroravillas.com\/fi\/wp-json\/wp\/v2\/users\/1"}],"replies":[{"embeddable":true,"href":"https:\/\/paadarauroravillas.com\/fi\/wp-json\/wp\/v2\/comments?post=598"}],"version-history":[{"count":1,"href":"https:\/\/paadarauroravillas.com\/fi\/wp-json\/wp\/v2\/pages\/598\/revisions"}],"predecessor-version":[{"id":601,"href":"https:\/\/paadarauroravillas.com\/fi\/wp-json\/wp\/v2\/pages\/598\/revisions\/601"}],"wp:attachment":[{"href":"https:\/\/paadarauroravillas.com\/fi\/wp-json\/wp\/v2\/media?parent=598"}],"curies":[{"name":"wp","href":"https:\/\/api.w.org\/{rel}","templated":true}]}}