{"id":575,"date":"2025-04-16T12:48:56","date_gmt":"2025-04-16T12:48:56","guid":{"rendered":"https:\/\/paadarauroravillas.com\/?page_id=575"},"modified":"2025-04-17T10:39:47","modified_gmt":"2025-04-17T10:39:47","slug":"paadar-aurora-villas-talviohjelma","status":"publish","type":"page","link":"https:\/\/paadarauroravillas.com\/fi\/paadar-aurora-villas-winter-program\/","title":{"rendered":"Paadar Aurora Villas Talviohjelma"},"content":{"rendered":"<h1 class=\"wp-block-heading has-kenta-primary-color has-text-color has-link-color wp-elements-6c4f803461118240a348f823274de89f\"><strong>Yleiskatsaus Northern Lights Paadar Aurora Villas -ohjelmaan:<\/strong><\/h1>\n\n\n\n<p>Vie rakkaasi romanttiselle ja aktiiviselle pakomatkalle kiireisest\u00e4 arjesta. Koe ainutlaatuinen y\u00f6pyminen Paadar Aurora Villas -hotellissa ja katsele revontulien tanssia pime\u00e4ll\u00e4 taivaalla. Laaja valikoima aktiviteetteja, kuten (linkit) <strong>moottorikelkkasafarit, poromiehen arki, lumikenk\u00e4ily, arktinen j\u00e4\u00e4kalastus.<\/strong>ja revontulijahtiin, koet todella ainutlaatuisen talven ihmemaailman kauniissa, ainutlaatuisessa ja romanttisessa er\u00e4maaymp\u00e4rist\u00f6ss\u00e4, jota l\u00f6ytyy vain Suomen Lapista.<\/p>\n\n\n\n<p class=\"has-kenta-primary-active-color has-text-color has-link-color wp-elements-e52fa8fa9b02480623c7726d5f61fc4b\">Hinta on <strong>\"<\/strong><strong>Arktiset seikkailut &amp; revontulet\" <\/strong>safarit \u20ac<strong> 990 per henkil\u00f6<\/strong>\u00a0saatavuuden mukaan.\u00a0<\/p>\n\n\n\n<p>*Ulkoilma-aktiviteetit riippuvat s\u00e4\u00e4st\u00e4 erityisesti kauden alussa (marraskuussa) ja lopussa (huhtikuussa).<\/p>\n\n\n\n<p class=\"has-kenta-primary-active-color has-text-color has-link-color wp-elements-4ad91df2d717d001ba183f76c3970e67\"><strong>Matkaohjelma:<\/strong><\/p>\n\n\n\n<h2 class=\"wp-block-heading has-kenta-primary-color has-text-color has-link-color wp-elements-5b9afc6e751529abb79e55c911a544d4\"><strong>P\u00e4iv\u00e4 1: Tervetuloa Paadar Aurora Villas -hotellille.<\/strong><\/h2>\n\n\n\n<p>Paadar Aurora Villas<strong>&nbsp;<\/strong>on ainutlaatuinen er\u00e4mainen retriitti, joka tarjoaa t\u00e4ydellisen yhdistelm\u00e4n arktista luontoa ja modernia mukavuutta, ja se on suunniteltu maksimoimaan revontulien n\u00e4kym\u00e4t. Paadar Aurora Villas tarjoaa erilaisia talviaktiviteetteja, kuten huskykelkkailua, moottorikelkkailua ja poroajelua. Paadar Aurora Villas takaa unohtumattoman oleskelun Suomen Lapissa.<\/p>\n\n\n\n<h2 class=\"wp-block-heading has-kenta-primary-color has-text-color has-link-color wp-elements-19962b6c16fd14845a4ab12fe83b8c86\"><strong>P\u00e4iv\u00e4 2 ja siit\u00e4 eteenp\u00e4in: Arktiset seikkailut ja revontulet<\/strong><\/h2>\n\n\n\n<p>Paadar Aurora Villas tarjoaa laajan valikoiman aktiviteetteja lumikenk\u00e4vaelluksesta, j\u00e4\u00e4kalastuksesta, revontuliajelusta, poro- ja moottorikelkkasafareista. Katso erillinen luettelo aktiviteeteista, jotta voit valita joko etuk\u00e4teen tai valmiin ohjelman kuten alla, jotta voit virkist\u00e4yty\u00e4 ulkomaailmaan.<\/p>\n\n\n\n<p>Y\u00f6pyminen Paadar Aurora Villassa on merkitt\u00e4v\u00e4 tilaisuus kokea revontulet ennenn\u00e4kem\u00e4tt\u00f6m\u00e4ll\u00e4 tavalla, sill\u00e4 kauniissa m\u00f6kiss\u00e4 on sauna ja ulkoporeallas, josta on esteet\u00f6n n\u00e4kym\u00e4 revontulille huvilan ikkunoista tai l\u00e4mpim\u00e4st\u00e4 ulkoporealtaasta.<\/p>\n\n\n\n<p><strong><\/strong><strong> &nbsp; <\/strong><strong>Paadar Aurora Villas -ohjelma<\/strong><\/p>\n\n\n\n<p class=\"has-kenta-primary-active-color has-text-color has-link-color wp-elements-254c9fffa986c67720ae885536b690c1\"><strong>Olemme sis\u00e4llytt\u00e4neet hintaan \"Arctic Adventures &amp; Northern Lights\":<\/strong><\/p>\n\n\n\n<h3 class=\"wp-block-heading has-kenta-primary-color has-text-color has-link-color wp-elements-9f2edcfcfeb4c380944f337f0437d152\"><strong>Moottorikelkkasafari:<\/strong><\/h3>\n\n\n\n<p>Aja arktiseen er\u00e4maahan j\u00e4nnitt\u00e4v\u00e4ll\u00e4 moottorikelkkaseikkailulla! Kulje huurteisten metsien ja j\u00e4\u00e4tyneiden soiden halki, ja jokainen vuodenaika tuo esiin oman ainutlaatuisen vieh\u00e4tyksens\u00e4. Tunne Lapin koskemattomien maisemien tyyneys, kun kuljeskelet mutkittelevilla poluilla ja j\u00e4t\u00e4t arjen huolet taaksesi. T\u00e4m\u00e4 on unohtumaton matka luonnon talviseen ihmemaahan!<\/p>\n\n\n\n<h3 class=\"wp-block-heading has-kenta-primary-color has-text-color has-link-color wp-elements-a13366e95507d97089f24e0539d24128\"><strong>Poronhoitajan arkea:<\/strong><\/h3>\n\n\n\n<p>Nauti \"maistiaisista\" poromiehen todellisesta arkiel\u00e4m\u00e4st\u00e4 osallistumalla porojen ruokintaan er\u00e4maassa. Retki alkaa lyhyell\u00e4 autokuljetuksella maatilalle ja jatkuu moottorikelkan kelkkailulla porolauman luo. Poromies ajaa moottorikelkkaa, kun taas sin\u00e4 voit nauttia maisemista kelkasta k\u00e4sin. Porojen ruokkiminen antaa sinulle t\u00e4ydellisen tilaisuuden tarkkailla n\u00e4it\u00e4 rauhallisia el\u00e4imi\u00e4. Nauti poroja tarkkaillessasi viihtyis\u00e4st\u00e4 kahvitauosta avotulen \u00e4\u00e4rell\u00e4. T\u00e4m\u00e4 on porojen ja paimentajien yhteist\u00e4 rauhallista aikaa; aitoa ja todellista el\u00e4m\u00e4\u00e4!<\/p>\n\n\n\n<h3 class=\"wp-block-heading has-kenta-primary-color has-text-color has-link-color wp-elements-ebd5b6542e0f1e265a2451486730c118\"><strong>Husky Safari:<\/strong><\/h3>\n\n\n\n<p>Koe Lapin taika 5-10 kilometrin (3 mailin) huskysafarilla! Tutustu innokkaisiin koiriin, ota valokuvia ja opi niiden arktisesta el\u00e4m\u00e4ntavasta, ennen kuin saat asiantuntevaa opastusta kokeneilta mushereilta. Ota sitten kelkka haltuun, kun huskyt ajavat kilpaa henke\u00e4salpaavien lumisten maisemien halki.<\/p>\n\n\n\n<h3 class=\"wp-block-heading has-kenta-primary-color has-text-color has-link-color wp-elements-b69762844dc5e56dbe8f66e65af69d25\"><strong>Arktinen j\u00e4\u00e4kalastus<\/strong><\/h3>\n\n\n\n<p>Nauti hauskasta p\u00e4iv\u00e4st\u00e4 Paatarij\u00e4rvell\u00e4, vain kymmenen minuutin p\u00e4\u00e4ss\u00e4 Villa Paadarista pohjoiseen, jossa opit perinteisen talvikalastuksen perusteet ja nautit herkullisen aterian!<\/p>\n\n\n\n<p>Asiantuntevat oppaamme opettavat sinulle aitoja lappilaisia j\u00e4\u00e4kalastustekniikoita, joihin kuuluvat:<\/p>\n\n\n\n<ul class=\"wp-block-list\">\n<li>J\u00e4\u00e4n poraaminen (\"kairaaminen\")<\/li>\n\n\n\n<li>Perinteinen j\u00e4\u00e4kalastus (\"pilkkiminen\")<\/li>\n\n\n\n<li>J\u00e4\u00e4nalainen verkkokalastus (\"juomustus\")<\/li>\n\n\n\n<li>Kalojen valmistuksen esittely<\/li>\n\n\n\n<li>V\u00e4lipaloja ja l\u00e4mmittelypaikkoja<\/li>\n\n\n\n<li>Perinteinen suomalainen savusaunavierailu<\/li>\n<\/ul>\n\n\n\n<p>T\u00e4m\u00e4 kokemus sopii erinomaisesti yst\u00e4ville, pariskunnille ja perheille. Lapset voivat nauttia kelkkailusta ja potkukelkkailusta, mik\u00e4 takaa kaikille ikimuistoisen kokemuksen.<\/p>\n\n\n\n<p>Kylm\u00e4t, kirkkaat vedet tekev\u00e4t kalasta uskomattoman tuoretta. Tule mukaan t\u00e4h\u00e4n uskomattomaan talvikokemukseen.<\/p>","protected":false},"excerpt":{"rendered":"<p>Overview of the Northern Lights Paadar Aurora Villas Program: Take your loved ones on a romantic and active get-away from the busy everyday life. Experience a unique stay at Paadar Aurora Villas to watch the&nbsp;Northern Lights dance across the dark skies. With a wide selection of activities such as (links) snowmobile safaris, A reindeer herder&#8217;s [&hellip;]<\/p>\n","protected":false},"author":1,"featured_media":0,"parent":0,"menu_order":0,"comment_status":"closed","ping_status":"closed","template":"","meta":{"_seopress_robots_primary_cat":"","_seopress_titles_title":"Northern Lights Paadar Aurora Villas Program","_seopress_titles_desc":"Take your loved ones on a romantic and active get-away from the busy everyday life. Experience a unique stay at Paadar Aurora Villas to watch the\u00a0Northern Lights dance across the dark skies. With a wide selection of activities such as (links) snowmobile safaris, A reindeer herder's everyday life, snowshoeing,\u00a0Arctic icefishing, and northern lights chasing, you will experience a truly unique winter wonderland setting in the beautiful, unique and romantic wilderness surroundings only found in Finnish Lapland.","_seopress_robots_index":"","site-container-style":"default","site-container-layout":"default","site-sidebar-layout":"default","site-transparent-header":"default","disable-article-header":"default","disable-site-header":"default","disable-site-footer":"default","disable-content-area-spacing":"default","footnotes":""},"class_list":["post-575","page","type-page","status-publish","hentry"],"_links":{"self":[{"href":"https:\/\/paadarauroravillas.com\/fi\/wp-json\/wp\/v2\/pages\/575","targetHints":{"allow":["GET"]}}],"collection":[{"href":"https:\/\/paadarauroravillas.com\/fi\/wp-json\/wp\/v2\/pages"}],"about":[{"href":"https:\/\/paadarauroravillas.com\/fi\/wp-json\/wp\/v2\/types\/page"}],"author":[{"embeddable":true,"href":"https:\/\/paadarauroravillas.com\/fi\/wp-json\/wp\/v2\/users\/1"}],"replies":[{"embeddable":true,"href":"https:\/\/paadarauroravillas.com\/fi\/wp-json\/wp\/v2\/comments?post=575"}],"version-history":[{"count":4,"href":"https:\/\/paadarauroravillas.com\/fi\/wp-json\/wp\/v2\/pages\/575\/revisions"}],"predecessor-version":[{"id":630,"href":"https:\/\/paadarauroravillas.com\/fi\/wp-json\/wp\/v2\/pages\/575\/revisions\/630"}],"wp:attachment":[{"href":"https:\/\/paadarauroravillas.com\/fi\/wp-json\/wp\/v2\/media?parent=575"}],"curies":[{"name":"wp","href":"https:\/\/api.w.org\/{rel}","templated":true}]}}