{"id":570,"date":"2025-04-16T12:42:53","date_gmt":"2025-04-16T12:42:53","guid":{"rendered":"https:\/\/paadarauroravillas.com\/?page_id=570"},"modified":"2025-04-16T12:42:53","modified_gmt":"2025-04-16T12:42:53","slug":"vaellus-juutuan-polulla","status":"publish","type":"page","link":"https:\/\/paadarauroravillas.com\/fi\/hiking-on-the-juutua-trail\/","title":{"rendered":"Patikointi Juutuan polulla"},"content":{"rendered":"<div style=\"height:17px\" aria-hidden=\"true\" class=\"wp-block-spacer\"><\/div>\n\n\n\n<h2 class=\"wp-block-heading has-kenta-primary-color has-text-color has-link-color wp-elements-00d1dd76269e1b1fbcd66f904aa10550\"><strong>Patikointi Juutuan polulla<\/strong><\/h2>\n\n\n\n<p class=\"has-text-color has-link-color wp-elements-30fc74e88c64f636dbc199cb25303f6b\" style=\"color:#fffefe\"><strong>Pyynn\u00f6st\u00e4<\/strong><\/p>\n\n\n\n<p class=\"has-text-color has-link-color wp-elements-9b69127fd91aa411e8924f4c1a7147f1\" style=\"color:#fffefe\">Nauti vaelluksesta Juutuan polulla (6,3 km): Kuuntele Juutua-joen koskenlaskua, nauti ev\u00e4it\u00e4 joenvarren suojassa ja ylit\u00e4 J\u00e4niskosken pauhaavat vedet riippusillan kautta. Juutuanjoki on yksi Euroopan parhaista taimenjoista.<\/p>\n\n\n\n<p class=\"has-text-color has-link-color wp-elements-04e549dff8939ff26f82f5e0ad75e3f3\" style=\"color:#ffffff\">J\u00e4niskosken upeat kosket h\u00e4mm\u00e4stytt\u00e4v\u00e4t k\u00e4vij\u00f6it\u00e4 ymp\u00e4ri vuoden. Vesi virtaa sellaisella voimalla, ett\u00e4 kosket eiv\u00e4t j\u00e4\u00e4dy koskaan, edes kylmimmill\u00e4 talvipakkasilla. J\u00e4niskosken yli kulkee riippusilta, ja joen ylityksen j\u00e4lkeen voit ihailla virtaa joenvarren suojapaikalta. Puoliv\u00e4liss\u00e4 polkua sijaitseva suojapaikka on ihanteellinen taukopaikka.<\/p>\n\n\n\n<p class=\"has-text-color has-link-color wp-elements-760b2be5ac8700eda43dc366fd5d1360\" style=\"color:#ffffff\">Juutua Trail sopii erinomaisesti perheille ja sopii kaikenlaisille p\u00e4iv\u00e4retkeilij\u00f6ille. Polun etel\u00e4osa on valaistu ja avoinna talvella, ja leve\u00e4t sorapolut mahdollistavat sen kulkemisen lastenvaunujen ja py\u00f6r\u00e4tuolien kanssa. Sen sijaan pohjoisosaa valaisee vain luonnonvalo, ja siell\u00e4 on kapeita polkuja tihe\u00e4ss\u00e4 mets\u00e4ss\u00e4.<\/p>\n\n\n\n<p class=\"has-text-color has-link-color wp-elements-24f19afaeb0d2805de543ecb32c19637\" style=\"color:#fffefe\">Juutuan rannat ovat aina olleet ihmisille elinehto, joka on tarjonnut rikkaita kalansaaliita ja tarinoita, joita on kerrottu jokivarren kivien keskell\u00e4. Polulla on luontotauluja, jotka on suunniteltu innostamaan syvemp\u00e4\u00e4n ymp\u00e4rist\u00f6n arvostamiseen. Kuvitukset on askarrellut inarilainen taiteilija Merja Aletta Ranttila.<\/p>\n\n\n\n<ul class=\"wp-block-list\">\n<li class=\"has-kenta-primary-active-color has-text-color has-link-color wp-elements-e5998741592f615ccf6ba10a1f40f7c8\"><strong>Kesto:<\/strong> 3 tuntia<\/li>\n<\/ul>\n\n\n\n<ul class=\"wp-block-list\">\n<li class=\"has-kenta-primary-active-color has-text-color has-link-color wp-elements-460cecf1e5577535c7c4ff6979814c18\"><strong>Hinta:<\/strong> 50 \u20ac\/henkil\u00f6\/kuljetus (enint\u00e4\u00e4n 4 henke\u00e4 \/ v\u00e4hint\u00e4\u00e4n 2 henke\u00e4 per suunta).<\/li>\n<\/ul>\n\n\n\n<ul class=\"wp-block-list\">\n<li class=\"has-kenta-primary-active-color has-text-color has-link-color wp-elements-71b46b2ed6ad09c9f82cdb32edd71dc3\"><a href=\"https:\/\/paadarauroravillas.com\/fi\/varausehdot\/\">Varaus- ja peruutusehdot<\/a><\/li>\n<\/ul>\n\n\n\n<div class=\"wp-block-columns is-layout-flex wp-container-core-columns-is-layout-28f84493 wp-block-columns-is-layout-flex\">\n<div class=\"wp-block-column is-layout-flow wp-block-column-is-layout-flow\">\n<figure class=\"wp-block-image\"><img decoding=\"async\" src=\"https:\/\/lh7-rt.googleusercontent.com\/docsz\/AD_4nXdyA6gADZyOqPNzKdb46Stq_eEtG6vdLv2l8ZnTm7TosHOH-kM2K56nNyQbFoSuylET0r10XyniurONdg1cCslowRGB9C1mjTfARnzZ6F3KBZTlRcUrvSC54zpJ0cdhTo2iJWg5zg?key=QuGAegPTcuiA9rDIhmqy6zPe\" alt=\"Punahattuinen henkil\u00f6 veneess\u00e4AI:n tuottama sis\u00e4lt\u00f6 voi olla virheellist\u00e4.\"\/><\/figure>\n<\/div>\n\n\n\n<div class=\"wp-block-column is-layout-flow wp-block-column-is-layout-flow\">\n<figure class=\"wp-block-image\"><img decoding=\"async\" src=\"https:\/\/lh7-rt.googleusercontent.com\/docsz\/AD_4nXe-HX0Q4VbgaiLepDzJOa3-s7WnglX4WJPQDNFMmybAHYdvvpK4X-YUSouWkm94ysKv_yfl4m9rXS6s8qKoOxj7ih91riOA__WFXQlAKz99SsbutpuhPLyGhuLpYoiCVCFoRViuGQ?key=QuGAegPTcuiA9rDIhmqy6zPe\" alt=\"Vesist\u00f6, jossa on pilvi\u00e4 ja sininen taivasAI:n luoma sis\u00e4lt\u00f6 voi olla virheellinen.\"\/><\/figure>\n<\/div>\n<\/div>\n\n\n\n<p><\/p>","protected":false},"excerpt":{"rendered":"<p>Hiking on the Juutua Trail By request Enjoy hiking along the Juutua Trail (6.3 km): Listen to the whitewater rapids of Juutua River, savor snacks at the riverside shelter, and cross over J\u00e4niskoski&#8217;s roaring waters via a suspension bridge. Juutua River is one of Europe&#8217;s best trout rivers. J\u00e4niskoski&#8217;s magnificent rapids amaze visitors year-round. The [&hellip;]<\/p>\n","protected":false},"author":1,"featured_media":0,"parent":0,"menu_order":0,"comment_status":"closed","ping_status":"closed","template":"","meta":{"_seopress_robots_primary_cat":"","_seopress_titles_title":"","_seopress_titles_desc":"","_seopress_robots_index":"","site-container-style":"default","site-container-layout":"default","site-sidebar-layout":"default","site-transparent-header":"default","disable-article-header":"default","disable-site-header":"default","disable-site-footer":"default","disable-content-area-spacing":"default","footnotes":""},"class_list":["post-570","page","type-page","status-publish","hentry"],"_links":{"self":[{"href":"https:\/\/paadarauroravillas.com\/fi\/wp-json\/wp\/v2\/pages\/570","targetHints":{"allow":["GET"]}}],"collection":[{"href":"https:\/\/paadarauroravillas.com\/fi\/wp-json\/wp\/v2\/pages"}],"about":[{"href":"https:\/\/paadarauroravillas.com\/fi\/wp-json\/wp\/v2\/types\/page"}],"author":[{"embeddable":true,"href":"https:\/\/paadarauroravillas.com\/fi\/wp-json\/wp\/v2\/users\/1"}],"replies":[{"embeddable":true,"href":"https:\/\/paadarauroravillas.com\/fi\/wp-json\/wp\/v2\/comments?post=570"}],"version-history":[{"count":1,"href":"https:\/\/paadarauroravillas.com\/fi\/wp-json\/wp\/v2\/pages\/570\/revisions"}],"predecessor-version":[{"id":573,"href":"https:\/\/paadarauroravillas.com\/fi\/wp-json\/wp\/v2\/pages\/570\/revisions\/573"}],"wp:attachment":[{"href":"https:\/\/paadarauroravillas.com\/fi\/wp-json\/wp\/v2\/media?parent=570"}],"curies":[{"name":"wp","href":"https:\/\/api.w.org\/{rel}","templated":true}]}}