{"id":566,"date":"2025-04-16T12:41:24","date_gmt":"2025-04-16T12:41:24","guid":{"rendered":"https:\/\/paadarauroravillas.com\/?page_id=566"},"modified":"2025-04-16T12:41:24","modified_gmt":"2025-04-16T12:41:24","slug":"vaellus-lemmenjoen-kansallispuistossa","status":"publish","type":"page","link":"https:\/\/paadarauroravillas.com\/fi\/hiking-in-lemmenjoki-national-park\/","title":{"rendered":"Retkeily Lemmenjoen kansallispuistossa"},"content":{"rendered":"<div style=\"height:17px\" aria-hidden=\"true\" class=\"wp-block-spacer\"><\/div>\n\n\n\n<h2 class=\"wp-block-heading has-kenta-primary-color has-text-color has-link-color wp-elements-231f4966ce27ef0f48cc93a6e4e06708\">Retkeily Lemmenjoen kansallispuistossa<\/h2>\n\n\n\n<p class=\"has-text-color has-link-color wp-elements-30fc74e88c64f636dbc199cb25303f6b\" style=\"color:#fffefe\"><strong>Pyynn\u00f6st\u00e4<\/strong><\/p>\n\n\n\n<p class=\"has-text-color has-link-color wp-elements-0c5f8b125a42cd1f735f1e76f1013f73\" style=\"color:#fffefe\">Vaellusretki Lemmenjoen kansallispuistoon, jossa on mahdollisuus vierailla puiston tiedotuskeskuksessa. Voit valita kahden reitin v\u00e4lill\u00e4:<\/p>\n\n\n\n<p class=\"has-text-color has-link-color wp-elements-4c019195c1af76a9cc0afec51a89d4a6\" style=\"color:#ffffff\"><strong>Lemmenjoen luontopolku (4,5 km):<\/strong> Alkaa Njurkulahdesta ja seuraa Lemmenjoen uomaa. Polun alussa on vanhoja poronpyyntikuoppia ja harjumuodostelmia. Muutaman kilometrin j\u00e4lkeen polku k\u00e4\u00e4ntyy it\u00e4\u00e4n ja kiemurtelee kumpuilevien m\u00e4ntymetsien halki takaisin l\u00e4ht\u00f6pisteeseen. Matkan varrella on nuotiopaikkoja ja infotauluja.<\/p>\n\n\n\n<p class=\"has-text-color has-link-color wp-elements-b2ba0c09800777641fe89b6434a5bedf\" style=\"color:#fffefe\"><strong>Joenkielinen silmukka (18 km):<\/strong> T\u00e4m\u00e4 reitti alkaa Njurkulahdesta ja suuntautuu kohti Joenkielisen tunturia, jonka huipulla odottavat henke\u00e4salpaavat n\u00e4kym\u00e4t Lemmenjoen kansallispuistoon ja Hammastunturin er\u00e4maa-alueelle. Paluumatkalla Njurkulahteen reitti seuraa Lemmenjokea. Reitin varrella on nelj\u00e4 nuotiopaikkaa ja perinteinen lappilainen kota (lapinkota).<\/p>\n\n\n\n<ul class=\"wp-block-list\">\n<li class=\"has-kenta-primary-active-color has-text-color has-link-color wp-elements-b9be018352b235547de942d02b45d1fe\"><strong>Kesto:<\/strong> <\/li>\n<\/ul>\n\n\n\n<ul class=\"wp-block-list\">\n<li class=\"has-kenta-primary-active-color has-text-color has-link-color wp-elements-bce584ee6d526c3eb5e02fb8edda30e0\"><strong>Hinta<\/strong>: 50 \u20ac\/henkil\u00f6\/kuljetus (enint\u00e4\u00e4n 4 henke\u00e4 \/ v\u00e4hint\u00e4\u00e4n 2 henke\u00e4 per suunta).<\/li>\n<\/ul>\n\n\n\n<ul class=\"wp-block-list\">\n<li class=\"has-kenta-primary-active-color has-text-color has-link-color wp-elements-71b46b2ed6ad09c9f82cdb32edd71dc3\"><a href=\"https:\/\/paadarauroravillas.com\/fi\/varausehdot\/\">Varaus- ja peruutusehdot<\/a><\/li>\n<\/ul>\n\n\n\n<div class=\"wp-block-columns is-layout-flex wp-container-core-columns-is-layout-28f84493 wp-block-columns-is-layout-flex\">\n<div class=\"wp-block-column is-layout-flow wp-block-column-is-layout-flow\">\n<figure class=\"wp-block-image\"><img decoding=\"async\" src=\"https:\/\/lh7-rt.googleusercontent.com\/docsz\/AD_4nXfVj92YOOSgKAFMajYBbxGYw247-o1jQM80MVwONSqLfewkhMm-mGZ7dfOpCafDhaIDdjndRz3Jx433XodFtTpEx5EkZjFI2QWWfnnD-6IDEd5Cjes_5HkNmDHMtfwhVmhorSHkyw?key=QuGAegPTcuiA9rDIhmqy6zPe\" alt=\"Kyltti mets\u00e4ss\u00e4AI:n luoma sis\u00e4lt\u00f6 voi olla virheellist\u00e4.\"\/><\/figure>\n<\/div>\n\n\n\n<div class=\"wp-block-column is-layout-flow wp-block-column-is-layout-flow\">\n<figure class=\"wp-block-image\"><img decoding=\"async\" src=\"https:\/\/lh7-rt.googleusercontent.com\/docsz\/AD_4nXcdB4JN8EOTG8BoDpNebth2wI02_fStODe26jRdoSomcjg7Qn_TTsXwJtQvAsp9Vky13i-IvWeQM3-RPx252GPq7_lVrMWsd1JGX1vRJKC15s6bBQfXv6kRxmIu9y_iV3eBxEbIdA?key=QuGAegPTcuiA9rDIhmqy6zPe\" alt=\"Tuli palaa nuotiopaikassaAI:n luoma sis\u00e4lt\u00f6 voi olla virheellist\u00e4.\"\/><\/figure>\n<\/div>\n<\/div>\n\n\n\n<p><\/p>","protected":false},"excerpt":{"rendered":"<p>Hiking in Lemmenjoki National Park By request Hiking trip to Lemmenjoki National Park with the opportunity to visit the park&#8217;s information center. You can choose between two routes: Lemmenjoki Nature Trail (4.5 km): Starts in Njurkulahti and follows the course of the Lemmenjoki River. At the beginning of the trail, you&#8217;ll find old reindeer hunting [&hellip;]<\/p>\n","protected":false},"author":1,"featured_media":0,"parent":0,"menu_order":0,"comment_status":"closed","ping_status":"closed","template":"","meta":{"_seopress_robots_primary_cat":"","_seopress_titles_title":"","_seopress_titles_desc":"","_seopress_robots_index":"","site-container-style":"default","site-container-layout":"default","site-sidebar-layout":"default","site-transparent-header":"default","disable-article-header":"default","disable-site-header":"default","disable-site-footer":"default","disable-content-area-spacing":"default","footnotes":""},"class_list":["post-566","page","type-page","status-publish","hentry"],"_links":{"self":[{"href":"https:\/\/paadarauroravillas.com\/fi\/wp-json\/wp\/v2\/pages\/566","targetHints":{"allow":["GET"]}}],"collection":[{"href":"https:\/\/paadarauroravillas.com\/fi\/wp-json\/wp\/v2\/pages"}],"about":[{"href":"https:\/\/paadarauroravillas.com\/fi\/wp-json\/wp\/v2\/types\/page"}],"author":[{"embeddable":true,"href":"https:\/\/paadarauroravillas.com\/fi\/wp-json\/wp\/v2\/users\/1"}],"replies":[{"embeddable":true,"href":"https:\/\/paadarauroravillas.com\/fi\/wp-json\/wp\/v2\/comments?post=566"}],"version-history":[{"count":1,"href":"https:\/\/paadarauroravillas.com\/fi\/wp-json\/wp\/v2\/pages\/566\/revisions"}],"predecessor-version":[{"id":569,"href":"https:\/\/paadarauroravillas.com\/fi\/wp-json\/wp\/v2\/pages\/566\/revisions\/569"}],"wp:attachment":[{"href":"https:\/\/paadarauroravillas.com\/fi\/wp-json\/wp\/v2\/media?parent=566"}],"curies":[{"name":"wp","href":"https:\/\/api.w.org\/{rel}","templated":true}]}}