{"id":562,"date":"2025-04-16T12:39:01","date_gmt":"2025-04-16T12:39:01","guid":{"rendered":"https:\/\/paadarauroravillas.com\/?page_id=562"},"modified":"2025-04-16T12:39:02","modified_gmt":"2025-04-16T12:39:02","slug":"siidan-ja-inarijarven-risteily","status":"publish","type":"page","link":"https:\/\/paadarauroravillas.com\/fi\/siida-and-lake-inari-cruise\/","title":{"rendered":"Siidan ja Inarij\u00e4rven risteily"},"content":{"rendered":"<div style=\"height:17px\" aria-hidden=\"true\" class=\"wp-block-spacer\"><\/div>\n\n\n\n<h2 class=\"wp-block-heading has-kenta-primary-color has-text-color has-link-color wp-elements-df679b7544091e7af7257360db5a6745\">Siidan ja Inarij\u00e4rven risteily<\/h2>\n\n\n\n<p class=\"has-text-color has-link-color wp-elements-30fc74e88c64f636dbc199cb25303f6b\" style=\"color:#fffefe\"><strong>Pyynn\u00f6st\u00e4<\/strong><\/p>\n\n\n\n<p class=\"has-text-color has-link-color wp-elements-ceca25c5172af50f6b653719a3307c8c\" style=\"color:#fffefe\">Vieraile Siidassa - Lapin saamelaismuseossa ja luontokeskuksessa - itsen\u00e4isesti. N\u00e4yttelyiss\u00e4 esitell\u00e4\u00e4n, miten luonto ja ihmiset ovat sopeutuneet pohjoisen ymp\u00e4rist\u00f6n \u00e4\u00e4riolosuhteisiin. Upeat valokuvat, videot, dioraamat, \u00e4\u00e4nimaisemat ja aidot esineet johdattavat sinut l\u00e4pi vuodenaikojen ja menneisyyden. Kahvi tai lounas Siidan Sarritissa on omakustanteinen. Kesto: 1: 3-4 tuntia.<\/p>\n\n\n\n<p class=\"has-text-color has-link-color wp-elements-eb4031c07748a7a957706c8ea477d9f0\" style=\"color:#fffefe\">L\u00e4hde klo 13:00 risteilylle Inarij\u00e4rvelle, joka on kaunis er\u00e4maaj\u00e4rvi, jossa on 3 318 saarta. Vierailet yhdell\u00e4 niist\u00e4, kuuluisalla Ukko-saarella (\u00c4ijih), joka on inarinsaamelaisten muinainen uhripaikka. Kesto: 2 tuntia.<\/p>\n\n\n\n<p class=\"has-text-color has-link-color wp-elements-af0234d0448a982742cf502ea1cd28b1\" style=\"color:#ffffff\">Vapaa-aikaa Inarin k\u00e4sity\u00f6l\u00e4isliikkeisiin ja kyl\u00e4\u00e4n tutustumiseen.<\/p>\n\n\n\n<ul class=\"wp-block-list\">\n<li class=\"has-kenta-primary-active-color has-text-color has-link-color wp-elements-e0fabb97be9a35735cd15c18cebb3648\">S\u00e4\u00e4n salliessa. <\/li>\n<\/ul>\n\n\n\n<ul class=\"wp-block-list\">\n<li class=\"has-kenta-primary-active-color has-text-color has-link-color wp-elements-0480baf3671de372114d0d1ae501b471\"><strong>Kokonaiskesto<\/strong>: 5 tuntia<\/li>\n<\/ul>\n\n\n\n<ul class=\"wp-block-list\">\n<li class=\"has-kenta-primary-active-color has-text-color has-link-color wp-elements-fad17a3005e76787db3f6b00ba3d7a69\">Hinta: 220 \u20ac\/henkil\u00f6 (enint\u00e4\u00e4n 4 henke\u00e4 \/ v\u00e4hint\u00e4\u00e4n 2 henke\u00e4).<\/li>\n<\/ul>\n\n\n\n<ul class=\"wp-block-list\">\n<li class=\"has-kenta-primary-active-color has-text-color has-link-color wp-elements-71b46b2ed6ad09c9f82cdb32edd71dc3\"><a href=\"https:\/\/paadarauroravillas.com\/fi\/varausehdot\/\">Varaus- ja peruutusehdot<\/a><\/li>\n<\/ul>\n\n\n\n<div class=\"wp-block-columns is-layout-flex wp-container-core-columns-is-layout-28f84493 wp-block-columns-is-layout-flex\">\n<div class=\"wp-block-column is-layout-flow wp-block-column-is-layout-flow\">\n<figure class=\"wp-block-image\"><img decoding=\"async\" src=\"https:\/\/lh7-rt.googleusercontent.com\/docsz\/AD_4nXdz4QnEpAb9F046iZdLI0IW9iOEquhPqlKA8mFOc9UU-EdIlZhlvdqAhneYznj0zI2EHNhlgxzmnQEj9bdHfYcS1Z0jW1K0QfqsbK2UgiAwmFnCMXcmdZs0YhjKzICJZ78MuA37XQ?key=QuGAegPTcuiA9rDIhmqy6zPe\" alt=\"\"\/><\/figure>\n<\/div>\n\n\n\n<div class=\"wp-block-column is-layout-flow wp-block-column-is-layout-flow\">\n<figure class=\"wp-block-image\"><img decoding=\"async\" src=\"https:\/\/lh7-rt.googleusercontent.com\/docsz\/AD_4nXePQY692TX19hY9UdZ9_Qadj4ZdN_1lnQnkQOZp08Iv4rjRrZ7bbW2CGcZAYMtFYHfXyqCKujvplJG7KFW6HMg2WJ28cyJRg5_Y09VtUC7xrL1H7ZvF9-fej5jXMnmYr2Qq8NmG?key=QuGAegPTcuiA9rDIhmqy6zPe\" alt=\"Huone, jossa on vitriini ja sen edess\u00e4 seisova henkil\u00f6AI:n luoma sis\u00e4lt\u00f6 voi olla virheellist\u00e4.\"\/><\/figure>\n<\/div>\n<\/div>\n\n\n\n<p><\/p>","protected":false},"excerpt":{"rendered":"<p>Siida and Lake Inari Cruise By request Visit Siida \u2013 the S\u00e1mi Museum and Nature Center of Lapland \u2013 independently. The exhibitions showcase how nature and people have adapted to the extreme conditions of the northern environment. Stunning photographs, videos, dioramas, soundscapes, and authentic artifacts guide you through the seasons and the past. Coffee or [&hellip;]<\/p>\n","protected":false},"author":1,"featured_media":0,"parent":0,"menu_order":0,"comment_status":"closed","ping_status":"closed","template":"","meta":{"_seopress_robots_primary_cat":"","_seopress_titles_title":"","_seopress_titles_desc":"","_seopress_robots_index":"","site-container-style":"default","site-container-layout":"default","site-sidebar-layout":"default","site-transparent-header":"default","disable-article-header":"default","disable-site-header":"default","disable-site-footer":"default","disable-content-area-spacing":"default","footnotes":""},"class_list":["post-562","page","type-page","status-publish","hentry"],"_links":{"self":[{"href":"https:\/\/paadarauroravillas.com\/fi\/wp-json\/wp\/v2\/pages\/562","targetHints":{"allow":["GET"]}}],"collection":[{"href":"https:\/\/paadarauroravillas.com\/fi\/wp-json\/wp\/v2\/pages"}],"about":[{"href":"https:\/\/paadarauroravillas.com\/fi\/wp-json\/wp\/v2\/types\/page"}],"author":[{"embeddable":true,"href":"https:\/\/paadarauroravillas.com\/fi\/wp-json\/wp\/v2\/users\/1"}],"replies":[{"embeddable":true,"href":"https:\/\/paadarauroravillas.com\/fi\/wp-json\/wp\/v2\/comments?post=562"}],"version-history":[{"count":1,"href":"https:\/\/paadarauroravillas.com\/fi\/wp-json\/wp\/v2\/pages\/562\/revisions"}],"predecessor-version":[{"id":565,"href":"https:\/\/paadarauroravillas.com\/fi\/wp-json\/wp\/v2\/pages\/562\/revisions\/565"}],"wp:attachment":[{"href":"https:\/\/paadarauroravillas.com\/fi\/wp-json\/wp\/v2\/media?parent=562"}],"curies":[{"name":"wp","href":"https:\/\/api.w.org\/{rel}","templated":true}]}}