{"id":558,"date":"2025-04-16T12:37:09","date_gmt":"2025-04-16T12:37:09","guid":{"rendered":"https:\/\/paadarauroravillas.com\/?page_id=558"},"modified":"2025-04-16T12:37:09","modified_gmt":"2025-04-16T12:37:09","slug":"kelohonka-saunan-vuokraus","status":"publish","type":"page","link":"https:\/\/paadarauroravillas.com\/fi\/rental-of-kelohonka-sauna\/","title":{"rendered":"Kelohonkan saunan vuokraus"},"content":{"rendered":"<div style=\"height:17px\" aria-hidden=\"true\" class=\"wp-block-spacer\"><\/div>\n\n\n\n<h2 class=\"wp-block-heading has-kenta-primary-color has-text-color has-link-color wp-elements-77e9ec4e4001eb6b6c1b5c4d29c6f8d7\"><strong>Kelohonkan saunan vuokraus<\/strong><\/h2>\n\n\n\n<p class=\"has-text-color has-link-color wp-elements-30fc74e88c64f636dbc199cb25303f6b\" style=\"color:#fffefe\"><strong>Pyynn\u00f6st\u00e4<\/strong><\/p>\n\n\n\n<p class=\"has-text-color has-link-color wp-elements-1744f515f4341b1534d3a9e48e633c83\" style=\"color:#fffefe\">Kelohonka-saunan vuokraus Paadarj\u00e4rven rannalla. Sis\u00e4lt\u00e4\u00e4 pyyhkeet ja hygieniatuotteet.<\/p>\n\n\n\n<ul class=\"wp-block-list\">\n<li class=\"has-kenta-primary-active-color has-text-color has-link-color wp-elements-81c326422f3d54922fcbc6570d7b6e25\"><strong>Kesto<\/strong>: 4 tuntia<\/li>\n<\/ul>\n\n\n\n<ul class=\"wp-block-list\">\n<li class=\"has-kenta-primary-active-color has-text-color has-link-color wp-elements-f6c7bc2b9c5f4d29f0d25758a5315bcf\">Hinta: 30 \u20ac\/henkil\u00f6 (enint\u00e4\u00e4n 8 henke\u00e4 \/ v\u00e4hint\u00e4\u00e4n 2 henke\u00e4).<\/li>\n<\/ul>\n\n\n\n<ul class=\"wp-block-list\">\n<li class=\"has-kenta-primary-active-color has-text-color has-link-color wp-elements-71b46b2ed6ad09c9f82cdb32edd71dc3\"><a href=\"https:\/\/paadarauroravillas.com\/fi\/varausehdot\/\">Varaus- ja peruutusehdot<\/a><\/li>\n<\/ul>\n\n\n\n<div class=\"wp-block-columns is-layout-flex wp-container-core-columns-is-layout-28f84493 wp-block-columns-is-layout-flex\">\n<div class=\"wp-block-column is-layout-flow wp-block-column-is-layout-flow\">\n<figure class=\"wp-block-image\"><img decoding=\"async\" src=\"https:\/\/lh7-rt.googleusercontent.com\/docsz\/AD_4nXc602oftdmSCxKKxD5KygvXBuPzC9gk52ubJSMLbaWdGmwY3x0R9XCPjry234u0hHIQk0tc7Ifpg6c6101GexnBrnuwZ89Z1kn9UKnyIBOi2Q0qm-MABOANdIvN1SVTw9kiTqE4BA?key=QuGAegPTcuiA9rDIhmqy6zPe\" alt=\"Puinen huone, jossa on penkki ja \u00e4mp\u00e4riAI:n luoma sis\u00e4lt\u00f6 voi olla virheellinen.\"\/><\/figure>\n<\/div>\n<\/div>\n\n\n\n<p><\/p>","protected":false},"excerpt":{"rendered":"<p>Rental of Kelohonka Sauna By request Rental of a Kelohonka sauna by the shores of Lake Paadarj\u00e4rvi. Includes towels and toiletries.<\/p>","protected":false},"author":1,"featured_media":0,"parent":0,"menu_order":0,"comment_status":"closed","ping_status":"closed","template":"","meta":{"_seopress_robots_primary_cat":"","_seopress_titles_title":"","_seopress_titles_desc":"","_seopress_robots_index":"","site-container-style":"default","site-container-layout":"default","site-sidebar-layout":"default","site-transparent-header":"default","disable-article-header":"default","disable-site-header":"default","disable-site-footer":"default","disable-content-area-spacing":"default","footnotes":""},"class_list":["post-558","page","type-page","status-publish","hentry"],"_links":{"self":[{"href":"https:\/\/paadarauroravillas.com\/fi\/wp-json\/wp\/v2\/pages\/558","targetHints":{"allow":["GET"]}}],"collection":[{"href":"https:\/\/paadarauroravillas.com\/fi\/wp-json\/wp\/v2\/pages"}],"about":[{"href":"https:\/\/paadarauroravillas.com\/fi\/wp-json\/wp\/v2\/types\/page"}],"author":[{"embeddable":true,"href":"https:\/\/paadarauroravillas.com\/fi\/wp-json\/wp\/v2\/users\/1"}],"replies":[{"embeddable":true,"href":"https:\/\/paadarauroravillas.com\/fi\/wp-json\/wp\/v2\/comments?post=558"}],"version-history":[{"count":1,"href":"https:\/\/paadarauroravillas.com\/fi\/wp-json\/wp\/v2\/pages\/558\/revisions"}],"predecessor-version":[{"id":561,"href":"https:\/\/paadarauroravillas.com\/fi\/wp-json\/wp\/v2\/pages\/558\/revisions\/561"}],"wp:attachment":[{"href":"https:\/\/paadarauroravillas.com\/fi\/wp-json\/wp\/v2\/media?parent=558"}],"curies":[{"name":"wp","href":"https:\/\/api.w.org\/{rel}","templated":true}]}}