{"id":523,"date":"2025-04-16T12:19:09","date_gmt":"2025-04-16T12:19:09","guid":{"rendered":"https:\/\/paadarauroravillas.com\/?page_id=523"},"modified":"2025-04-16T12:43:21","modified_gmt":"2025-04-16T12:43:21","slug":"kesasyksyn-aktiviteetit","status":"publish","type":"page","link":"https:\/\/paadarauroravillas.com\/fi\/summerautumn-activities\/","title":{"rendered":"Kes\u00e4n ja syksyn aktiviteetit"},"content":{"rendered":"<p><\/p>\n\n\n\n\n\n\n\n\n\n<div class=\"wp-block-kenta-blocks-group kb-group-d6d46ad5 kb-group\"><div class=\"kb-group-inner-container\">\n<p class=\"has-text-align-center has-kenta-primary-color has-text-color has-link-color wp-elements-1562073af028c556a7e5f32d3c0a9cab\" style=\"margin-top:0;margin-bottom:0;font-style:normal;font-weight:700;text-transform:uppercase\">Mit\u00e4 me teemme<\/p>\n\n\n\n<h2 class=\"wp-block-heading has-text-align-center has-kenta-font-large-font-size\" style=\"margin-top:0;margin-bottom:0\">KES\u00c4N JA SYKSYN AKTIVITEETIT<\/h2>\n\n\n\n<div class=\"wp-block-columns is-layout-flex wp-container-core-columns-is-layout-f196b389 wp-block-columns-is-layout-flex\" style=\"margin-top:0;margin-bottom:0;padding-top:var(--wp--preset--spacing--50);padding-bottom:var(--wp--preset--spacing--50)\">\n<div class=\"wp-block-column has-border-color has-kenta-base-200-border-color is-layout-flow wp-block-column-is-layout-flow\">\n<div class=\"wp-block-group has-kenta-base-background-color has-background has-global-padding is-layout-constrained wp-block-group-is-layout-constrained\" style=\"border-radius:24px\">\n<figure class=\"wp-block-image has-custom-border is-style-default\" style=\"margin-top:0;margin-bottom:0\"><img decoding=\"async\" src=\"https:\/\/lh7-rt.googleusercontent.com\/docsz\/AD_4nXe-HX0Q4VbgaiLepDzJOa3-s7WnglX4WJPQDNFMmybAHYdvvpK4X-YUSouWkm94ysKv_yfl4m9rXS6s8qKoOxj7ih91riOA__WFXQlAKz99SsbutpuhPLyGhuLpYoiCVCFoRViuGQ?key=QuGAegPTcuiA9rDIhmqy6zPe\" alt=\"Vesist\u00f6, jossa on pilvi\u00e4 ja sininen taivasAI:n luoma sis\u00e4lt\u00f6 voi olla virheellinen.\" style=\"border-radius:16px\"\/><\/figure>\n\n\n\n<div class=\"wp-block-group has-global-padding is-layout-constrained wp-container-core-group-is-layout-c7e4baee wp-block-group-is-layout-constrained\" style=\"padding-top:0;padding-right:var(--wp--preset--spacing--50);padding-bottom:var(--wp--preset--spacing--50);padding-left:var(--wp--preset--spacing--50)\">\n<h3 class=\"wp-block-heading has-kenta-font-medium-font-size\" style=\"margin-top:0;margin-bottom:0\"><strong>Venematka Paadar-j\u00e4rvell\u00e4<\/strong><\/h3>\n\n\n\n<p>Koe upea Paadarj\u00e4rvi l\u00e4hd\u00f6ss\u00e4 opastetulle veneretkelle. <\/p>\n\n\n\n<p><a href=\"https:\/\/paadarauroravillas.com\/fi\/venematka-paadar-jarvella\/\">Lue lis\u00e4\u00e4 \u2192<\/a><\/p>\n<\/div>\n<\/div>\n<\/div>\n\n\n\n<div class=\"wp-block-column has-border-color has-kenta-base-200-border-color is-layout-flow wp-block-column-is-layout-flow\">\n<div class=\"wp-block-group has-kenta-base-background-color has-background has-global-padding is-layout-constrained wp-block-group-is-layout-constrained\" style=\"border-radius:24px\">\n<figure class=\"wp-block-image has-custom-border\"><img decoding=\"async\" src=\"https:\/\/lh7-rt.googleusercontent.com\/docsz\/AD_4nXfex6-uTtwa4p37Y0jIk525IZKz3fpDyHXBI5Lim-kJElJJREXrvmIYnSVMj3mn9ILYsTwBpf97QgUDkVFxlhVp9l83hjr69fDhE7sYIXD-CmPfkp4Ha4_nBtLgRTEulW7ez1CQYw?key=QuGAegPTcuiA9rDIhmqy6zPe\" alt=\"Auringonlasku vesist\u00f6n yll\u00e4AI:n luoma sis\u00e4lt\u00f6 voi olla virheellinen.\" style=\"border-radius:16px\"\/><\/figure>\n\n\n\n<div class=\"wp-block-group has-global-padding is-layout-constrained wp-container-core-group-is-layout-c7e4baee wp-block-group-is-layout-constrained\" style=\"padding-top:0;padding-right:var(--wp--preset--spacing--50);padding-bottom:var(--wp--preset--spacing--50);padding-left:var(--wp--preset--spacing--50)\">\n<h3 class=\"wp-block-heading has-kenta-font-medium-font-size\" style=\"margin-top:0;margin-bottom:0\"><strong>Keskiy\u00f6n laivamatka<\/strong><\/h3>\n\n\n\n<p>L\u00e4hde matkalle ihailemaan keskiy\u00f6n aurinkoa Paadarj\u00e4rven yll\u00e4. Aurinko pysyy horisontin yl\u00e4puolella koko y\u00f6n.<\/p>\n\n\n\n<p><a href=\"https:\/\/paadarauroravillas.com\/fi\/keskiyon-veneretki\/\">Lue lis\u00e4\u00e4 \u2192<\/a><\/p>\n<\/div>\n<\/div>\n<\/div>\n<\/div>\n\n\n\n<div class=\"wp-block-columns is-layout-flex wp-container-core-columns-is-layout-f196b389 wp-block-columns-is-layout-flex\" style=\"margin-top:0;margin-bottom:0;padding-top:var(--wp--preset--spacing--50);padding-bottom:var(--wp--preset--spacing--50)\">\n<div class=\"wp-block-column has-border-color has-kenta-base-200-border-color is-layout-flow wp-block-column-is-layout-flow\">\n<div class=\"wp-block-group has-kenta-base-background-color has-background has-global-padding is-layout-constrained wp-block-group-is-layout-constrained\" style=\"border-radius:24px\">\n<figure class=\"wp-block-image has-custom-border\"><img decoding=\"async\" src=\"https:\/\/lh7-rt.googleusercontent.com\/docsz\/AD_4nXc9BITC1Ne4el8Txae6kyz2N0kcZpFcxkglapKhuZkcIwKPVIfcCl6Q0yT19BZaA0qem0dhqso4EeppBq-QDi7SVZlTdT6_5KS1h7B1VUC0EuA40-9oYxBo3tUtJOJLe-0ExKHv?key=QuGAegPTcuiA9rDIhmqy6zPe\" alt=\"Pelastusliiviss\u00e4 oleva henkil\u00f6, joka pit\u00e4\u00e4 kalaa veneess\u00e4AI:n luoma sis\u00e4lt\u00f6 voi olla virheellist\u00e4.\" style=\"border-radius:16px\"\/><\/figure>\n\n\n\n<div class=\"wp-block-group has-global-padding is-layout-constrained wp-container-core-group-is-layout-c7e4baee wp-block-group-is-layout-constrained\" style=\"padding-top:0;padding-right:var(--wp--preset--spacing--50);padding-bottom:var(--wp--preset--spacing--50);padding-left:var(--wp--preset--spacing--50)\">\n<h3 class=\"wp-block-heading has-kenta-font-medium-font-size\" style=\"margin-top:0;margin-bottom:0\"><strong>Kalastusmatka<\/strong><\/h3>\n\n\n\n<p>Kalastus on olennainen osa el\u00e4m\u00e4\u00e4 Paadarj\u00e4rven rannalla. T\u00e4m\u00e4 er\u00e4mainen j\u00e4rvi tarjoaa lukemattomia kalastuspaikkoja ja henke\u00e4salpaavia maisemia.<\/p>\n\n\n\n<p><a href=\"https:\/\/paadarauroravillas.com\/fi\/kalastusmatka\/\">Lue lis\u00e4\u00e4 \u2192<\/a><\/p>\n<\/div>\n<\/div>\n<\/div>\n\n\n\n<div class=\"wp-block-column has-border-color has-kenta-base-200-border-color is-layout-flow wp-block-column-is-layout-flow\">\n<div class=\"wp-block-group has-kenta-base-background-color has-background has-global-padding is-layout-constrained wp-block-group-is-layout-constrained\" style=\"border-radius:24px\">\n<figure class=\"wp-block-image has-custom-border\"><img decoding=\"async\" src=\"https:\/\/lh7-rt.googleusercontent.com\/docsz\/AD_4nXdq4aOM1kieJ3HXY3-fXLt9ticSIdugYxrhWOLDA_CAvpvkU6krLxCuRuYp4La93h3LChEGtDSHgfhmwxxx5NAva3R074HDSHXI7TzZGusWaNno9Z2EkTwd103k5SmiC390xm7m?key=QuGAegPTcuiA9rDIhmqy6zPe\" alt=\"Vene trailerilla j\u00e4rvell\u00e4AI:n luoma sis\u00e4lt\u00f6 voi olla virheellist\u00e4.\" style=\"border-radius:16px\"\/><\/figure>\n\n\n\n<div class=\"wp-block-group has-global-padding is-layout-constrained wp-container-core-group-is-layout-c7e4baee wp-block-group-is-layout-constrained\" style=\"padding-top:0;padding-right:var(--wp--preset--spacing--50);padding-bottom:var(--wp--preset--spacing--50);padding-left:var(--wp--preset--spacing--50)\">\n<h3 class=\"wp-block-heading has-kenta-font-medium-font-size\" style=\"margin-top:0;margin-bottom:0\"><strong>Moottoriveneen vuokraus<\/strong><\/h3>\n\n\n\n<p>Kalastustietokoneella varustetulla moottoriveneell\u00e4 voit tutustua lukemattomiin kalastuspaikkoihin ja nauttia henke\u00e4salpaavista maisemista.<\/p>\n\n\n\n<p><a href=\"https:\/\/paadarauroravillas.com\/fi\/moottoriveneen-vuokraus\/\">Lue lis\u00e4\u00e4 \u2192<\/a><\/p>\n<\/div>\n<\/div>\n<\/div>\n<\/div>\n\n\n\n<div class=\"wp-block-columns is-layout-flex wp-container-core-columns-is-layout-f196b389 wp-block-columns-is-layout-flex\" style=\"margin-top:0;margin-bottom:0;padding-top:var(--wp--preset--spacing--50);padding-bottom:var(--wp--preset--spacing--50)\">\n<div class=\"wp-block-column has-border-color has-kenta-base-200-border-color is-layout-flow wp-block-column-is-layout-flow\">\n<div class=\"wp-block-group has-kenta-base-background-color has-background has-global-padding is-layout-constrained wp-block-group-is-layout-constrained\" style=\"border-radius:24px\">\n<figure class=\"wp-block-image has-custom-border\"><img decoding=\"async\" src=\"https:\/\/lh7-rt.googleusercontent.com\/docsz\/AD_4nXc602oftdmSCxKKxD5KygvXBuPzC9gk52ubJSMLbaWdGmwY3x0R9XCPjry234u0hHIQk0tc7Ifpg6c6101GexnBrnuwZ89Z1kn9UKnyIBOi2Q0qm-MABOANdIvN1SVTw9kiTqE4BA?key=QuGAegPTcuiA9rDIhmqy6zPe\" alt=\"Puinen huone, jossa on penkki ja \u00e4mp\u00e4riAI:n luoma sis\u00e4lt\u00f6 voi olla virheellinen.\" style=\"border-radius:16px\"\/><\/figure>\n\n\n\n<div class=\"wp-block-group has-global-padding is-layout-constrained wp-container-core-group-is-layout-c7e4baee wp-block-group-is-layout-constrained\" style=\"padding-top:0;padding-right:var(--wp--preset--spacing--50);padding-bottom:var(--wp--preset--spacing--50);padding-left:var(--wp--preset--spacing--50)\">\n<h3 class=\"wp-block-heading has-kenta-font-medium-font-size\" style=\"margin-top:0;margin-bottom:0\"><strong><strong>Kelohonkan saunan vuokraus<\/strong><\/strong><\/h3>\n\n\n\n<p>Kelohonka-saunan vuokraus Paadarj\u00e4rven rannalla. Sis\u00e4lt\u00e4\u00e4 pyyhkeet ja hygieniatarvikkeet, kuten shampoon ja muut tarvittavat tarvikkeet.<\/p>\n\n\n\n<p><a href=\"https:\/\/paadarauroravillas.com\/fi\/kelohonka-saunan-vuokraus\/\">Lue lis\u00e4\u00e4 \u2192<\/a><\/p>\n<\/div>\n<\/div>\n<\/div>\n\n\n\n<div class=\"wp-block-column has-border-color has-kenta-base-200-border-color is-layout-flow wp-block-column-is-layout-flow\">\n<div class=\"wp-block-group has-kenta-base-background-color has-background has-global-padding is-layout-constrained wp-block-group-is-layout-constrained\" style=\"border-radius:24px\">\n<figure class=\"wp-block-image has-custom-border\"><img decoding=\"async\" src=\"https:\/\/lh7-rt.googleusercontent.com\/docsz\/AD_4nXdz4QnEpAb9F046iZdLI0IW9iOEquhPqlKA8mFOc9UU-EdIlZhlvdqAhneYznj0zI2EHNhlgxzmnQEj9bdHfYcS1Z0jW1K0QfqsbK2UgiAwmFnCMXcmdZs0YhjKzICJZ78MuA37XQ?key=QuGAegPTcuiA9rDIhmqy6zPe\" alt=\"\" style=\"border-radius:16px\"\/><\/figure>\n\n\n\n<div class=\"wp-block-group has-global-padding is-layout-constrained wp-container-core-group-is-layout-c7e4baee wp-block-group-is-layout-constrained\" style=\"padding-top:0;padding-right:var(--wp--preset--spacing--50);padding-bottom:var(--wp--preset--spacing--50);padding-left:var(--wp--preset--spacing--50)\">\n<h3 class=\"wp-block-heading has-kenta-font-medium-font-size\" style=\"margin-top:0;margin-bottom:0\"><strong><strong>Siidan ja Inarij\u00e4rven risteily<\/strong><\/strong><\/h3>\n\n\n\n<p>Vieraile Siidassa - Lapin saamelaismuseossa ja luontokeskuksessa - itsen\u00e4isesti.<\/p>\n\n\n\n<p><a href=\"https:\/\/paadarauroravillas.com\/fi\/siidan-ja-inarijarven-risteily\/\">Lue lis\u00e4\u00e4 \u2192<\/a><\/p>\n<\/div>\n<\/div>\n<\/div>\n<\/div>\n\n\n\n<div class=\"wp-block-columns is-layout-flex wp-container-core-columns-is-layout-f196b389 wp-block-columns-is-layout-flex\" style=\"margin-top:0;margin-bottom:0;padding-top:var(--wp--preset--spacing--50);padding-bottom:var(--wp--preset--spacing--50)\">\n<div class=\"wp-block-column has-border-color has-kenta-base-200-border-color is-layout-flow wp-block-column-is-layout-flow\">\n<div class=\"wp-block-group has-kenta-base-background-color has-background has-global-padding is-layout-constrained wp-block-group-is-layout-constrained\" style=\"border-radius:24px\">\n<figure class=\"wp-block-image has-custom-border\"><img decoding=\"async\" src=\"https:\/\/lh7-rt.googleusercontent.com\/docsz\/AD_4nXcdB4JN8EOTG8BoDpNebth2wI02_fStODe26jRdoSomcjg7Qn_TTsXwJtQvAsp9Vky13i-IvWeQM3-RPx252GPq7_lVrMWsd1JGX1vRJKC15s6bBQfXv6kRxmIu9y_iV3eBxEbIdA?key=QuGAegPTcuiA9rDIhmqy6zPe\" alt=\"Tuli palaa nuotiopaikassaAI:n luoma sis\u00e4lt\u00f6 voi olla virheellist\u00e4.\" style=\"border-radius:16px\"\/><\/figure>\n\n\n\n<div class=\"wp-block-group has-global-padding is-layout-constrained wp-container-core-group-is-layout-c7e4baee wp-block-group-is-layout-constrained\" style=\"padding-top:0;padding-right:var(--wp--preset--spacing--50);padding-bottom:var(--wp--preset--spacing--50);padding-left:var(--wp--preset--spacing--50)\">\n<h3 class=\"wp-block-heading has-kenta-font-medium-font-size\" style=\"margin-top:0;margin-bottom:0\"><strong><strong>Retkeily Lemmenjoen kansallispuistossa<\/strong><\/strong><\/h3>\n\n\n\n<p>Tutustu Lemmenjoen kansallispuiston kauneuteen vaellusretkell\u00e4.<\/p>\n\n\n\n<p><a href=\"https:\/\/paadarauroravillas.com\/fi\/vaellus-lemmenjoen-kansallispuistossa\/\">Lue lis\u00e4\u00e4 \u2192<\/a><\/p>\n<\/div>\n<\/div>\n<\/div>\n\n\n\n<div class=\"wp-block-column has-border-color has-kenta-base-200-border-color is-layout-flow wp-block-column-is-layout-flow\">\n<div class=\"wp-block-group has-kenta-base-background-color has-background has-global-padding is-layout-constrained wp-block-group-is-layout-constrained\" style=\"border-radius:24px\">\n<figure class=\"wp-block-image has-custom-border\"><img decoding=\"async\" src=\"https:\/\/lh7-rt.googleusercontent.com\/docsz\/AD_4nXfGI1b0LxMLbg4OzvwVlQW44EbgNpgOMpF_KlokQd2a0D9WgGMjj1yr9uGF8Ei_8cxs7fEUjmQk5fH7EAO4afxks2n5t548n3S1FEnDABjGPgO0BmoPo1mFNwj0wsCXS_v23q987w?key=QuGAegPTcuiA9rDIhmqy6zPe\" alt=\"Joki, jossa on puita ja kivi\u00e4AI:n luoma sis\u00e4lt\u00f6 voi olla virheellist\u00e4.\" style=\"border-radius:16px\"\/><\/figure>\n\n\n\n<div class=\"wp-block-group has-global-padding is-layout-constrained wp-container-core-group-is-layout-c7e4baee wp-block-group-is-layout-constrained\" style=\"padding-top:0;padding-right:var(--wp--preset--spacing--50);padding-bottom:var(--wp--preset--spacing--50);padding-left:var(--wp--preset--spacing--50)\">\n<h3 class=\"wp-block-heading has-kenta-font-medium-font-size\" style=\"margin-top:0;margin-bottom:0\"><strong><strong>Patikointi Juutuan polulla<\/strong><\/strong><\/h3>\n\n\n\n<p>J\u00e4niskoski vaikuttavine koskineen kiehtoo k\u00e4vij\u00f6it\u00e4 sek\u00e4 kes\u00e4ll\u00e4 ett\u00e4 talvella. Vesi virtaa sellaisella voimalla, ett\u00e4 koski ei j\u00e4\u00e4dy koskaan, ei edes kovimpien talvipakkasten aikana.<\/p>\n\n\n\n<p><a href=\"https:\/\/paadarauroravillas.com\/fi\/vaellus-juutuan-polulla\/\">Lue lis\u00e4\u00e4 \u2192<\/a><\/p>\n<\/div>\n<\/div>\n<\/div>\n<\/div>\n<\/div><\/div>\n\n\n\n<p><\/p>","protected":false},"excerpt":{"rendered":"","protected":false},"author":1,"featured_media":0,"parent":0,"menu_order":0,"comment_status":"closed","ping_status":"closed","template":"","meta":{"_seopress_robots_primary_cat":"","_seopress_titles_title":"Paadar Aurora Villas Summer & Autumn Activities","_seopress_titles_desc":"Paadar Aurora Villas Summer & Autumn Activities","_seopress_robots_index":"","site-container-style":"default","site-container-layout":"default","site-sidebar-layout":"default","site-transparent-header":"default","disable-article-header":"default","disable-site-header":"default","disable-site-footer":"default","disable-content-area-spacing":"default","footnotes":""},"class_list":["post-523","page","type-page","status-publish","hentry"],"_links":{"self":[{"href":"https:\/\/paadarauroravillas.com\/fi\/wp-json\/wp\/v2\/pages\/523","targetHints":{"allow":["GET"]}}],"collection":[{"href":"https:\/\/paadarauroravillas.com\/fi\/wp-json\/wp\/v2\/pages"}],"about":[{"href":"https:\/\/paadarauroravillas.com\/fi\/wp-json\/wp\/v2\/types\/page"}],"author":[{"embeddable":true,"href":"https:\/\/paadarauroravillas.com\/fi\/wp-json\/wp\/v2\/users\/1"}],"replies":[{"embeddable":true,"href":"https:\/\/paadarauroravillas.com\/fi\/wp-json\/wp\/v2\/comments?post=523"}],"version-history":[{"count":7,"href":"https:\/\/paadarauroravillas.com\/fi\/wp-json\/wp\/v2\/pages\/523\/revisions"}],"predecessor-version":[{"id":634,"href":"https:\/\/paadarauroravillas.com\/fi\/wp-json\/wp\/v2\/pages\/523\/revisions\/634"}],"wp:attachment":[{"href":"https:\/\/paadarauroravillas.com\/fi\/wp-json\/wp\/v2\/media?parent=523"}],"curies":[{"name":"wp","href":"https:\/\/api.w.org\/{rel}","templated":true}]}}