{"id":514,"date":"2025-04-16T10:57:31","date_gmt":"2025-04-16T10:57:31","guid":{"rendered":"https:\/\/paadarauroravillas.com\/?page_id=514"},"modified":"2025-04-16T11:58:24","modified_gmt":"2025-04-16T11:58:24","slug":"varausehdot","status":"publish","type":"page","link":"https:\/\/paadarauroravillas.com\/fi\/varausehdot\/","title":{"rendered":"Varaus- ja peruutusehdot"},"content":{"rendered":"<h1 class=\"wp-block-heading has-kenta-primary-color has-text-color has-link-color wp-elements-2922e2b66f952ec1e706d4442844641d\"><br>VARAUKSET JA MAKSUT<\/h1>\n\n\n\n<h2 class=\"wp-block-heading\">Maksuehdot<\/h2>\n\n\n\n<p>Varaukset on maksettava ennen saapumista seuraavasti:<\/p>\n\n\n\n<h6 class=\"wp-block-heading\">Majoitus-, aktiviteetti- ja kuljetusvaraukset:<\/h6>\n\n\n\n<ul class=\"wp-block-list\">\n<li>Varaushetkell\u00e4 varauksen koko summa.<\/li>\n<\/ul>\n\n\n\n<p><strong>Muina aikoina<\/strong><\/p>\n\n\n\n<ul class=\"wp-block-list\">\n<li>Varaushetkell\u00e4 30% varauksen kokonaissummasta.<\/li>\n\n\n\n<li>30 p\u00e4iv\u00e4\u00e4 ennen varausp\u00e4iv\u00e4\u00e4, j\u00e4ljell\u00e4 olevan summan maksaminen.<\/li>\n<\/ul>\n\n\n\n<p>Varaus katsotaan vahvistetuksi, kun ennakkomaksu tai loppumaksu on suoritettu. Pankkimaksut on suoritettava er\u00e4p\u00e4iv\u00e4\u00e4n menness\u00e4. Paadar Aurora Villas pid\u00e4tt\u00e4\u00e4 oikeuden peruuttaa varauksen, jos maksua ei suoriteta er\u00e4p\u00e4iv\u00e4\u00e4n menness\u00e4 tai jos varaaja ei anna luottokorttitietoja vahvistuksen varmistamiseksi.<\/p>\n\n\n\n<h3 class=\"wp-block-heading\"><strong>Maksutavat:<\/strong><\/h3>\n\n\n\n<ul class=\"wp-block-list\">\n<li>Maksulinkit<\/li>\n\n\n\n<li>Visa &amp; Mastercard<\/li>\n\n\n\n<li>Suomalaiset verkkopankit<\/li>\n<\/ul>\n\n\n\n<h3 class=\"wp-block-heading\">Peruutusehdot:<\/h3>\n\n\n\n<p>Kaikki peruutukset ja peruutuksiin liittyv\u00e4t tiedustelut on l\u00e4hetett\u00e4v\u00e4 s\u00e4hk\u00f6postitse osoitteeseen sales@paadarauroravillas.com.\u00a0<\/p>\n\n\n\n<h4 class=\"wp-block-heading\">Majoitus-, aktiviteetti- ja kuljetusvaraukset:<\/h4>\n\n\n\n<p>Jos asiakas peruuttaa varauksen ennen varausajan alkamista:<\/p>\n\n\n\n<ul class=\"wp-block-list\">\n<li>V\u00e4hint\u00e4\u00e4n 90 p\u00e4iv\u00e4\u00e4 ennen: 50 \u20ac toimistomaksu.<\/li>\n\n\n\n<li>V\u00e4hint\u00e4\u00e4n 30 p\u00e4iv\u00e4\u00e4 ennen: 30% peruutusmaksu varauksen kokonaissummasta.<\/li>\n<\/ul>\n\n\n\n<h4 class=\"wp-block-heading\">L\u00e4\u00e4ketieteelliset tapaukset:<\/h4>\n\n\n\n<p>Sairaustapauksissa sovelletaan yleisi\u00e4 peruutusehtoja. Suosittelemme matkavakuutusta kaikille asiakkaillemme.<\/p>\n\n\n\n<h4 class=\"wp-block-heading\">Vastuu:<\/h4>\n\n\n\n<ul class=\"wp-block-list\">\n<li>Paadar Aurora Villas ei ole vastuussa mist\u00e4\u00e4n menetyksist\u00e4 tai kuluista, jotka johtuvat lentojen my\u00f6h\u00e4stymisist\u00e4 tai muutoksista, onnettomuuksista, vahingoista, huolimattomuudesta, sairaudesta, s\u00e4\u00e4st\u00e4 tai muista odottamattomista syist\u00e4.<\/li>\n\n\n\n<li>Kiertomatkojen kesto on suuntaa-antava ohjelman keskim\u00e4\u00e4r\u00e4isest\u00e4 kestosta. Kierroksen kesto voi muuttua tie-, s\u00e4\u00e4- tai muiden ennakoimattomien olosuhteiden vuoksi. Visit Inari ei ole vastuussa, jos osallistujille aiheutuu lis\u00e4kustannuksia viiv\u00e4stysten vuoksi.<\/li>\n\n\n\n<li>Villa Paadar Auroralla on oikeus peruuttaa matka ylivoimaisen esteen sattuessa (esim. sota, lakko, s\u00e4\u00e4, lumiolosuhteet tai muut luonnonolosuhteisiin liittyv\u00e4t esteet jne.). T\u00e4llaisessa tapauksessa osallistujilla on oikeus t\u00e4yteen hyvitykseen.<\/li>\n\n\n\n<li>Jos palvelua ei ole maksettu kokonaan er\u00e4p\u00e4iv\u00e4\u00e4n menness\u00e4 tai jos luottokorttitiedot ovat puutteelliset tai virheelliset, palvelua ei tarjota.<\/li>\n<\/ul>\n\n\n\n<h4 class=\"wp-block-heading\">Vakuutukset ja vastuu:<\/h4>\n\n\n\n<p><strong>Moottorikelkkailu:<\/strong><\/p>\n\n\n\n<ul class=\"wp-block-list\">\n<li>Moottorikelkat on vakuutettu Suomen lains\u00e4\u00e4d\u00e4nn\u00f6n mukaisesti. Vakuutus kattaa kuljettajan ja matkustajan onnettomuuden sattuessa. Vakuutus kattaa my\u00f6s muille henkil\u00f6ille ja ajoneuvoille aiheutuneet vahingot.<br><\/li>\n\n\n\n<li>Moottorikelkan kuljettajan on oltava v\u00e4hint\u00e4\u00e4n 18-vuotias ja h\u00e4nell\u00e4 on oltava voimassa oleva ajokortti.<br><\/li>\n\n\n\n<li>Alle 12-vuotiaat lapset matkustavat oppaan reess\u00e4 moottorikelkkasafareilla.<br><\/li>\n\n\n\n<li>Osallistujat ovat t\u00e4ysin vastuussa heille luovutetusta moottorikelkasta ja sille mahdollisesti aiheutuvista vahingoista. Vahinkojen omavastuu on enint\u00e4\u00e4n 900 euroa\/kelkka\/tapaus.<br><\/li>\n\n\n\n<li>Osallistujat voivat ostaa 28 eurolla omavastuuvapautuksen, joka v\u00e4hent\u00e4\u00e4 omavastuun 900 eurosta 150 euroon.<br><\/li>\n\n\n\n<li>Suomen laki kielt\u00e4\u00e4 ajoneuvon kuljettamisen alkoholin, p\u00e4ihteiden tai huumeiden vaikutuksen alaisena.<br><\/li>\n\n\n\n<li>Kaikkien on k\u00e4ytett\u00e4v\u00e4 kyp\u00e4r\u00e4\u00e4 moottorikelkkasafareilla.<\/li>\n<\/ul>\n\n\n\n<h3 class=\"wp-block-heading\">Sovellettava laki ja toimivalta:<\/h3>\n\n\n\n<p>Erimielisyydet ratkaistaan osapuolten v\u00e4lisill\u00e4 neuvotteluilla. Jos sopimukseen ei p\u00e4\u00e4st\u00e4 neuvottelemalla, riidat ratkaistaan Helsingin k\u00e4r\u00e4j\u00e4oikeudessa. Sopimukseen sovelletaan Suomen lakia.<\/p>\n\n\n\n<p><\/p>","protected":false},"excerpt":{"rendered":"<p>RESERVATIONS AND PAYMENTS Payment terms Reservations must be paid prior to arrival as follows: Accommodation, Activities, and Transportation Reservations: Other times The reservation is considered confirmed when the deposit or final payment is made. Payments through the bank must be completed by the due date. Paadar Aurora Villas reserves the right to cancel the reservation [&hellip;]<\/p>\n","protected":false},"author":1,"featured_media":0,"parent":0,"menu_order":0,"comment_status":"closed","ping_status":"closed","template":"","meta":{"_seopress_robots_primary_cat":"","_seopress_titles_title":"","_seopress_titles_desc":"","_seopress_robots_index":"","site-container-style":"default","site-container-layout":"default","site-sidebar-layout":"default","site-transparent-header":"default","disable-article-header":"default","disable-site-header":"default","disable-site-footer":"default","disable-content-area-spacing":"default","footnotes":""},"class_list":["post-514","page","type-page","status-publish","hentry"],"_links":{"self":[{"href":"https:\/\/paadarauroravillas.com\/fi\/wp-json\/wp\/v2\/pages\/514","targetHints":{"allow":["GET"]}}],"collection":[{"href":"https:\/\/paadarauroravillas.com\/fi\/wp-json\/wp\/v2\/pages"}],"about":[{"href":"https:\/\/paadarauroravillas.com\/fi\/wp-json\/wp\/v2\/types\/page"}],"author":[{"embeddable":true,"href":"https:\/\/paadarauroravillas.com\/fi\/wp-json\/wp\/v2\/users\/1"}],"replies":[{"embeddable":true,"href":"https:\/\/paadarauroravillas.com\/fi\/wp-json\/wp\/v2\/comments?post=514"}],"version-history":[{"count":2,"href":"https:\/\/paadarauroravillas.com\/fi\/wp-json\/wp\/v2\/pages\/514\/revisions"}],"predecessor-version":[{"id":530,"href":"https:\/\/paadarauroravillas.com\/fi\/wp-json\/wp\/v2\/pages\/514\/revisions\/530"}],"wp:attachment":[{"href":"https:\/\/paadarauroravillas.com\/fi\/wp-json\/wp\/v2\/media?parent=514"}],"curies":[{"name":"wp","href":"https:\/\/api.w.org\/{rel}","templated":true}]}}