{"id":320,"date":"2024-04-30T09:29:47","date_gmt":"2024-04-30T09:29:47","guid":{"rendered":"https:\/\/paadarauroravillas.com\/?page_id=320"},"modified":"2024-07-12T06:15:40","modified_gmt":"2024-07-12T06:15:40","slug":"palvelut","status":"publish","type":"page","link":"https:\/\/paadarauroravillas.com\/fi\/paadar-aurora-villages\/services\/","title":{"rendered":"Palvelut"},"content":{"rendered":"<h1 class=\"wp-block-heading has-text-align-center\">Palvelut<\/h1>\n\n\n\n<div class=\"wp-block-group alignfull has-global-padding is-layout-constrained wp-block-group-is-layout-constrained\" style=\"padding-top:var(--wp--preset--spacing--80);padding-bottom:var(--wp--preset--spacing--80)\">\n<div class=\"wp-block-media-text has-media-on-the-right is-stacked-on-mobile\"><div class=\"wp-block-media-text__content\">\n<div class=\"wp-block-kenta-blocks-heading kb-heading kb-heading-h2 kb-heading-f648e618\"><h2 class=\"\"><strong><strong>Yksityinen lumikenk\u00e4ilyseikkailu - Koe talven taika ja kalaverkkojen salaisuudet! <\/strong><\/strong><\/h2><\/div>\n\n\n\n<p>Osallistu unohtumattomalle lumikenk\u00e4ilyretkelle, joka vie sinut Lapin upeisiin maisemiin. T\u00e4m\u00e4 yksityinen retki on suunniteltu yksinomaan ryhm\u00e4llesi. Retken kesto on noin 3 tuntia, jonka aikana koet lumikenk\u00e4ilyn lis\u00e4ksi my\u00f6s perinteisten talvikalastusverkkojen salaisuudet. Oppaamme, joka on kokenut kalastaja, tutustuttaa teid\u00e4t talvikalastusverkkojen maailmaan ja selitt\u00e4\u00e4, miten ne toimivat. N\u00e4et oppaan kanssa, onko verkoissa kalaa. Noin puolessa v\u00e4liss\u00e4 matkaa pys\u00e4hdymme leirinuotion \u00e4\u00e4relle nauttimaan l\u00e4mmitt\u00e4vi\u00e4 juomia ja herkullisia v\u00e4lipaloja, jotka kuuluvat matkan hintaan.<\/p>\n\n\n\n<div class=\"wp-block-kenta-blocks-heading kb-heading kb-heading-h2 kb-heading-df0dcbb2\"><h2 class=\"\">Matkan yksityiskohdat<\/h2><\/div>\n\n\n\n<ul class=\"wp-block-list\">\n<li>Kesto: Noin 3 tuntia<\/li>\n\n\n\n<li>Available:1.12.2024\u201315.4.2025<\/li>\n\n\n\n<li>Hintaan sis\u00e4ltyy yksityinen retki vain ryhm\u00e4llesi, lumikeng\u00e4t, englanninkielinen opas sek\u00e4 pieni v\u00e4lipala ja kuuma juoma avotulen \u00e4\u00e4rell\u00e4.<\/li>\n\n\n\n<li>Ryhm\u00e4n koko: min. 2 henkil\u00f6\u00e4, max. 16 henkil\u00f6\u00e4 -Huomaa, ett\u00e4 matka ei sovi alle 8-vuotiaille lapsille.<\/li>\n<\/ul>\n\n\n\n<p>Tule lumikenk\u00e4ilem\u00e4\u00e4n ja uppoutumaan&nbsp;<\/p>\n<\/div><figure class=\"wp-block-media-text__media\"><img loading=\"lazy\" decoding=\"async\" width=\"1024\" height=\"1024\" src=\"https:\/\/paadarauroravillas.com\/wp-content\/uploads\/2024\/05\/SnowShoe.jpeg\" alt=\"\" class=\"wp-image-342 size-full\" srcset=\"https:\/\/paadarauroravillas.com\/wp-content\/uploads\/2024\/05\/SnowShoe.jpeg 1024w, https:\/\/paadarauroravillas.com\/wp-content\/uploads\/2024\/05\/SnowShoe-300x300.jpeg 300w, https:\/\/paadarauroravillas.com\/wp-content\/uploads\/2024\/05\/SnowShoe-150x150.jpeg 150w, https:\/\/paadarauroravillas.com\/wp-content\/uploads\/2024\/05\/SnowShoe-768x768.jpeg 768w, https:\/\/paadarauroravillas.com\/wp-content\/uploads\/2024\/05\/SnowShoe-12x12.jpeg 12w\" sizes=\"auto, (max-width: 1024px) 100vw, 1024px\" \/><\/figure><\/div>\n<\/div>\n\n\n\n<div class=\"wp-block-group alignfull has-global-padding is-layout-constrained wp-block-group-is-layout-constrained\" style=\"padding-top:var(--wp--preset--spacing--80);padding-bottom:var(--wp--preset--spacing--80)\">\n<div class=\"wp-block-media-text is-stacked-on-mobile\"><figure class=\"wp-block-media-text__media\"><img loading=\"lazy\" decoding=\"async\" width=\"1024\" height=\"1024\" src=\"https:\/\/paadarauroravillas.com\/wp-content\/uploads\/2024\/05\/SnowShoeAurora.jpeg\" alt=\"\" class=\"wp-image-344 size-full\" srcset=\"https:\/\/paadarauroravillas.com\/wp-content\/uploads\/2024\/05\/SnowShoeAurora.jpeg 1024w, https:\/\/paadarauroravillas.com\/wp-content\/uploads\/2024\/05\/SnowShoeAurora-300x300.jpeg 300w, https:\/\/paadarauroravillas.com\/wp-content\/uploads\/2024\/05\/SnowShoeAurora-150x150.jpeg 150w, https:\/\/paadarauroravillas.com\/wp-content\/uploads\/2024\/05\/SnowShoeAurora-768x768.jpeg 768w, https:\/\/paadarauroravillas.com\/wp-content\/uploads\/2024\/05\/SnowShoeAurora-12x12.jpeg 12w\" sizes=\"auto, (max-width: 1024px) 100vw, 1024px\" \/><\/figure><div class=\"wp-block-media-text__content\">\n<div class=\"wp-block-kenta-blocks-heading kb-heading kb-heading-h2 kb-heading-bd92023e\"><h2 class=\"\"><strong><strong>Maaginen y\u00f6 lumikenk\u00e4vaellus<\/strong><\/strong><\/h2><\/div>\n\n\n\n<p>Koe unohtumaton lumikenk\u00e4ilyretki l\u00e4pi Lapin lumoavien j\u00e4rvimaisemien ja y\u00f6n kauneuden. T\u00e4m\u00e4 yksityinen retki on suunniteltu yksinomaan ryhm\u00e4llesi. Astu lumiin lumikenkien ohjaamana ja uppoa taianomaiseen ymp\u00e4rist\u00f6\u00f6n, jossa t\u00e4htitaivas ja mahdollisuus n\u00e4hd\u00e4 revontulia luovat unohtumattoman kokemuksen. Noin matkan puoliv\u00e4liss\u00e4 pys\u00e4hdymme leirinuotion \u00e4\u00e4relle nauttimaan l\u00e4mmitt\u00e4vist\u00e4 juomista ja herkullisista v\u00e4lipaloista, jotka kuuluvat matkan hintaan.<\/p>\n\n\n\n<div class=\"wp-block-kenta-blocks-heading kb-heading kb-heading-h2 kb-heading-33036357\"><h2 class=\"\">Matkan yksityiskohdat<\/h2><\/div>\n\n\n\n<ul class=\"wp-block-list\">\n<li>Kesto: Kesto: Noin 2,5 tuntia<\/li>\n\n\n\n<li>Saatavilla: 1.12.2024 -15.4.2025<\/li>\n\n\n\n<li>Matkan aikataulu: 19.30-22.00<\/li>\n\n\n\n<li>Hintaan sis\u00e4ltyy yksityinen retki vain ryhm\u00e4llesi, englanninkielinen opas sek\u00e4 pieni v\u00e4lipala ja kuuma juoma avotulen \u00e4\u00e4rell\u00e4.<\/li>\n\n\n\n<li>Ryhm\u00e4n koko: min. 2 henkil\u00f6\u00e4, max. 10 henkil\u00f6\u00e4 -Huomaa, ett\u00e4 matka ei sovi alle 8-vuotiaille lapsille.<\/li>\n<\/ul>\n\n\n\n<p>Liity mukaan t\u00e4h\u00e4n ikimuistoiseen seikkailuun, jossa luonto paljastaa parhaat puolensa - ehk\u00e4 juuri sin\u00e4 y\u00f6n\u00e4 revontulet koristavat taivasta aivan yl\u00e4puolellasi.<\/p>\n\n\n\n<p><em>Huomaa, ett\u00e4 revontulten n\u00e4keminen riippuu luonnonolosuhteista, eik\u00e4 sit\u00e4 voida taata.<\/em><\/p>\n<\/div><\/div>\n<\/div>\n\n\n\n<div class=\"wp-block-group alignfull has-global-padding is-layout-constrained wp-block-group-is-layout-constrained\" style=\"padding-top:var(--wp--preset--spacing--80);padding-bottom:var(--wp--preset--spacing--80)\">\n<div class=\"wp-block-media-text has-media-on-the-right is-stacked-on-mobile\"><div class=\"wp-block-media-text__content\">\n<div class=\"wp-block-kenta-blocks-heading kb-heading kb-heading-h2 kb-heading-361e0048\"><h2 class=\"\"><strong><strong>Maaginen y\u00f6k\u00e4vely Paadar-j\u00e4rvell\u00e4<br><\/strong><\/strong><\/h2><\/div>\n\n\n\n<p>Koe unohtumaton lumikenk\u00e4ilyretki l\u00e4pi Lapin lumoavien j\u00e4rvimaisemien ja y\u00f6n kauneuden. Astu lumeen ja uppoa taianomaiseen ymp\u00e4rist\u00f6\u00f6n, jossa t\u00e4htitaivas ja mahdollisuus n\u00e4hd\u00e4 revontulia luovat unohtumattoman kokemuksen leirinuotion \u00e4\u00e4rell\u00e4 nauttien l\u00e4mmitt\u00e4vist\u00e4 juomista ja matkan hintaan sis\u00e4ltyvist\u00e4 herkullisista v\u00e4lipaloista.<\/p>\n\n\n\n<div class=\"wp-block-kenta-blocks-heading kb-heading kb-heading-h2 kb-heading-b0574c87\"><h2 class=\"\">Matkan yksityiskohdat<\/h2><\/div>\n\n\n\n<ul class=\"wp-block-list\">\n<li>Kesto: Kesto: Noin 2,5 tuntia<\/li>\n\n\n\n<li>Saatavilla: 1.12.2024 -15.4.2025<\/li>\n\n\n\n<li>Matkan aikataulu: 19.30-22.00<\/li>\n\n\n\n<li>Hintaan sis\u00e4ltyy yksityinen retki vain ryhm\u00e4llesi, englanninkielinen opas sek\u00e4 pieni v\u00e4lipala ja kuuma juoma avotulen \u00e4\u00e4rell\u00e4.<\/li>\n\n\n\n<li>Ryhm\u00e4n koko: min. 2 henkil\u00f6\u00e4, max. 10 henkil\u00f6\u00e4 -Huomaa, ett\u00e4 matka ei sovi alle 8-vuotiaille lapsille.<\/li>\n<\/ul>\n\n\n\n<p>Liity mukaan t\u00e4h\u00e4n ikimuistoiseen seikkailuun, jossa luonto paljastaa parhaat puolensa - ehk\u00e4 juuri sin\u00e4 y\u00f6n\u00e4 revontulet koristavat taivasta aivan yl\u00e4puolellasi.<\/p>\n\n\n\n<p><em>Huomaa, ett\u00e4 revontulten n\u00e4keminen riippuu luonnonolosuhteista, eik\u00e4 sit\u00e4 voida taata.<\/em><\/p>\n<\/div><figure class=\"wp-block-media-text__media\"><img loading=\"lazy\" decoding=\"async\" width=\"1024\" height=\"1024\" src=\"https:\/\/paadarauroravillas.com\/wp-content\/uploads\/2024\/05\/SnowShoeAuroraPaadar.jpeg\" alt=\"\" class=\"wp-image-343 size-full\" srcset=\"https:\/\/paadarauroravillas.com\/wp-content\/uploads\/2024\/05\/SnowShoeAuroraPaadar.jpeg 1024w, https:\/\/paadarauroravillas.com\/wp-content\/uploads\/2024\/05\/SnowShoeAuroraPaadar-300x300.jpeg 300w, https:\/\/paadarauroravillas.com\/wp-content\/uploads\/2024\/05\/SnowShoeAuroraPaadar-150x150.jpeg 150w, https:\/\/paadarauroravillas.com\/wp-content\/uploads\/2024\/05\/SnowShoeAuroraPaadar-768x768.jpeg 768w, https:\/\/paadarauroravillas.com\/wp-content\/uploads\/2024\/05\/SnowShoeAuroraPaadar-12x12.jpeg 12w\" sizes=\"auto, (max-width: 1024px) 100vw, 1024px\" \/><\/figure><\/div>\n<\/div>\n\n\n\n<div class=\"wp-block-group alignfull has-global-padding is-layout-constrained wp-block-group-is-layout-constrained\" style=\"padding-top:var(--wp--preset--spacing--80);padding-bottom:var(--wp--preset--spacing--80)\">\n<div class=\"wp-block-media-text is-stacked-on-mobile\"><figure class=\"wp-block-media-text__media\"><img loading=\"lazy\" decoding=\"async\" width=\"1024\" height=\"1024\" src=\"https:\/\/paadarauroravillas.com\/wp-content\/uploads\/2024\/05\/Catering.jpeg\" alt=\"\" class=\"wp-image-345 size-full\" srcset=\"https:\/\/paadarauroravillas.com\/wp-content\/uploads\/2024\/05\/Catering.jpeg 1024w, https:\/\/paadarauroravillas.com\/wp-content\/uploads\/2024\/05\/Catering-300x300.jpeg 300w, https:\/\/paadarauroravillas.com\/wp-content\/uploads\/2024\/05\/Catering-150x150.jpeg 150w, https:\/\/paadarauroravillas.com\/wp-content\/uploads\/2024\/05\/Catering-768x768.jpeg 768w, https:\/\/paadarauroravillas.com\/wp-content\/uploads\/2024\/05\/Catering-12x12.jpeg 12w\" sizes=\"auto, (max-width: 1024px) 100vw, 1024px\" \/><\/figure><div class=\"wp-block-media-text__content\">\n<div class=\"wp-block-kenta-blocks-heading kb-heading kb-heading-h2 kb-heading-60316211\"><h2 class=\"\">Ateriapalvelut - aamiainen, lounas, p\u00e4iv\u00e4llinen.&nbsp;<\/h2><\/div>\n\n\n\n<p>Tarjoamme ateriapalvelua aamiaisesta illalliseen. Voit valita toimituksen suoraan majapaikkaasi tai noutaa tilauksesi itse.<\/p>\n\n\n\n<div class=\"wp-block-buttons is-layout-flex wp-block-buttons-is-layout-flex\"><\/div>\n<\/div><\/div>\n<\/div>","protected":false},"excerpt":{"rendered":"<p>Services Join an unforgettable snowshoeing excursion that will take you to Lapland&#8217;s stunning landscapes. This private excursion is exclusively designed for your group. The duration of the trip is approximately 3 hours, during which you&#8217;ll not only experience snowshoeing but also uncover the secrets of traditional winter fishing nets. Our guide, who is an experienced [&hellip;]<\/p>\n","protected":false},"author":1,"featured_media":0,"parent":22,"menu_order":0,"comment_status":"closed","ping_status":"closed","template":"","meta":{"_seopress_robots_primary_cat":"","_seopress_titles_title":"Paadar Aurora Villas Services","_seopress_titles_desc":"Services- Paadar Aurora Villas","_seopress_robots_index":"","site-container-style":"default","site-container-layout":"default","site-sidebar-layout":"default","site-transparent-header":"default","disable-article-header":"default","disable-site-header":"default","disable-site-footer":"default","disable-content-area-spacing":"default","footnotes":""},"class_list":["post-320","page","type-page","status-publish","hentry"],"_links":{"self":[{"href":"https:\/\/paadarauroravillas.com\/fi\/wp-json\/wp\/v2\/pages\/320","targetHints":{"allow":["GET"]}}],"collection":[{"href":"https:\/\/paadarauroravillas.com\/fi\/wp-json\/wp\/v2\/pages"}],"about":[{"href":"https:\/\/paadarauroravillas.com\/fi\/wp-json\/wp\/v2\/types\/page"}],"author":[{"embeddable":true,"href":"https:\/\/paadarauroravillas.com\/fi\/wp-json\/wp\/v2\/users\/1"}],"replies":[{"embeddable":true,"href":"https:\/\/paadarauroravillas.com\/fi\/wp-json\/wp\/v2\/comments?post=320"}],"version-history":[{"count":8,"href":"https:\/\/paadarauroravillas.com\/fi\/wp-json\/wp\/v2\/pages\/320\/revisions"}],"predecessor-version":[{"id":489,"href":"https:\/\/paadarauroravillas.com\/fi\/wp-json\/wp\/v2\/pages\/320\/revisions\/489"}],"up":[{"embeddable":true,"href":"https:\/\/paadarauroravillas.com\/fi\/wp-json\/wp\/v2\/pages\/22"}],"wp:attachment":[{"href":"https:\/\/paadarauroravillas.com\/fi\/wp-json\/wp\/v2\/media?parent=320"}],"curies":[{"name":"wp","href":"https:\/\/api.w.org\/{rel}","templated":true}]}}