{"id":240,"date":"2024-04-22T09:16:34","date_gmt":"2024-04-22T09:16:34","guid":{"rendered":"https:\/\/paadarauroravillas.com\/?page_id=240"},"modified":"2024-05-23T10:07:18","modified_gmt":"2024-05-23T10:07:18","slug":"tietosuojaseloste","status":"publish","type":"page","link":"https:\/\/paadarauroravillas.com\/fi\/privacy-statement\/","title":{"rendered":"Tietosuojaseloste"},"content":{"rendered":"<p><strong>T\u00e4m\u00e4 on Paadar Aurora Villas -rekisteri ja tietosuojaseloste EU:n yleisen tietosuoja-asetuksen (GDPR) mukaisesti. Luotu 23.05.2024. Viimeksi muokattu 23.05.2024.<\/strong><\/p>\n\n\n\n<ol class=\"wp-block-list\">\n<li><strong>Rekisterinpit\u00e4j\u00e4<\/strong><br><strong>TK Kimara<\/strong>, <strong>Rantalantie 52 A<\/strong>, <strong>91600 Utaj\u00e4rvi<\/strong><\/li>\n\n\n\n<li><strong>Rekisterist\u00e4 vastaava yhteyshenkil\u00f6<br><\/strong>Tero Kemil\u00e4, sales@paadarauroravillas.com<\/li>\n\n\n\n<li><strong>Rekisterin nimi<br><\/strong>Asiakasrekisteri, markkinointirekisteri<\/li>\n\n\n\n<li><strong>Henkil\u00f6tietojen k\u00e4sittelyn oikeusperusta ja tarkoitus<br><\/strong>EU:n yleisen tietosuoja-asetuksen mukainen oikeusperusta henkil\u00f6tietojen k\u00e4sittelylle on:<br>- Henkil\u00f6n suostumus<br>Henkil\u00f6tietojen k\u00e4sittelyn tarkoituksena on yhteydenpito asiakkaisiin ja markkinointi.<br>Tietoja ei k\u00e4ytet\u00e4 automaattiseen p\u00e4\u00e4t\u00f6ksentekoon tai profilointiin.<\/li>\n\n\n\n<li><strong>Rekisterin tietosis\u00e4lt\u00f6<br><\/strong>Rekisteriin tallennettuja tietoja ovat: henkil\u00f6n nimi, asema, yritys\/organisaatio, yhteystiedot (puhelinnumero, s\u00e4hk\u00f6postiosoite), verkkosivuston osoitteet, verkkoyhteyden IP-osoite, tunnukset\/profiilit sosiaalisen median palveluissa, tiedot tilatuista palveluista ja niiden muutoksista, laskutustiedot, muut asiakassuhteeseen ja tilattuihin palveluihin liittyv\u00e4t tiedot.<br><br>Tietojen enimm\u00e4iss\u00e4ilytysaika on yksi vuosi.<br><br>Verkkosivuston k\u00e4vij\u00f6iden IP-osoitteita ja palvelun toiminnoissa tarvittavia ev\u00e4steit\u00e4 k\u00e4sitell\u00e4\u00e4n oikeutetun edun perusteella, esimerkiksi tietoturvan varmistamiseksi ja tilastotietojen ker\u00e4\u00e4miseksi verkkosivuston k\u00e4vij\u00f6ist\u00e4 tapauksissa, joissa niit\u00e4 voidaan pit\u00e4\u00e4 henkil\u00f6tietoina. Tarvittaessa suostumus pyydet\u00e4\u00e4n erikseen kolmansien osapuolten ev\u00e4steiden osalta.<\/li>\n\n\n\n<li><strong>S\u00e4\u00e4nn\u00f6lliset tietol\u00e4hteet<br><\/strong>Rekisteriin tallennetut tiedot saadaan asiakkaalta esimerkiksi verkkolomakkeilla, s\u00e4hk\u00f6postitse, puhelimitse, sosiaalisen median palveluissa, sopimuksissa, asiakastapaamisissa ja muissa tilanteissa, joissa asiakas luovuttaa tietojaan.<br>Yritysten ja muiden organisaatioiden yhteyshenkil\u00f6it\u00e4 koskevia tietoja voidaan ker\u00e4t\u00e4 my\u00f6s julkisista l\u00e4hteist\u00e4, kuten verkkosivustoilta, hakemistopalveluista ja muista yrityksist\u00e4.<\/li>\n\n\n\n<li><strong>S\u00e4\u00e4nn\u00f6llinen tietojen luovuttaminen ja tietojen siirt\u00e4minen EU:n tai ETA:n ulkopuolelle.<\/strong><br>Tietoja ei luovuteta s\u00e4\u00e4nn\u00f6llisesti muille osapuolille. Tietoja voidaan julkaista asiakkaan kanssa sovitussa laajuudessa.<br>Rekisterinpit\u00e4j\u00e4 voi siirt\u00e4\u00e4 tietoja my\u00f6s EU:n tai ETA:n ulkopuolelle.<br>Verkkosivusto k\u00e4ytt\u00e4\u00e4 Google Analyticsia.<\/li>\n\n\n\n<li><strong>Rekisterin suojauksen periaatteet<br><\/strong>Rekisteri\u00e4 k\u00e4sitell\u00e4\u00e4n huolellisesti, ja tietoj\u00e4rjestelmien avulla k\u00e4sitelt\u00e4v\u00e4t tiedot suojataan asianmukaisesti. Kun rekisteritietoja tallennetaan Internet-palvelimille, niiden laitteiston fyysisest\u00e4 ja digitaalisesta turvallisuudesta huolehditaan asianmukaisesti.<br>Rekisterinpit\u00e4j\u00e4 varmistaa, ett\u00e4 tallennettuja tietoja, palvelimen k\u00e4ytt\u00f6oikeuksia ja muita henkil\u00f6tietojen turvallisuuden kannalta kriittisi\u00e4 tietoja k\u00e4sittelev\u00e4t luottamuksellisesti ja ainoastaan ne ty\u00f6ntekij\u00e4t, joiden toimenkuvaan ne kuuluvat.<\/li>\n\n\n\n<li><strong>Tarkastusoikeus ja oikeus pyyt\u00e4\u00e4 tietojen oikaisemista<br><\/strong>Jokaisella rekisteriss\u00e4 olevalla henkil\u00f6ll\u00e4 on oikeus tarkistaa rekisteriin tallennetut tietonsa ja vaatia virheellisten tietojen korjaamista tai puutteellisten tietojen t\u00e4ydent\u00e4mist\u00e4. Jos henkil\u00f6 haluaa tarkistaa h\u00e4nest\u00e4 tallennetut tiedot tai vaatia niiden korjaamista, pyynt\u00f6 on l\u00e4hetett\u00e4v\u00e4 kirjallisesti rekisterinpit\u00e4j\u00e4lle, joka voi tarvittaessa pyyt\u00e4\u00e4 hakijaa todistamaan henkil\u00f6llisyytens\u00e4. Rekisterinpit\u00e4j\u00e4 vastaa asiakkaalle EU:n yleisen tietosuoja-asetuksen asettamassa m\u00e4\u00e4r\u00e4ajassa (yleens\u00e4 kuukauden kuluessa).<br><\/li>\n\n\n\n<li><strong>Muut henkil\u00f6tietojen k\u00e4sittelyyn liittyv\u00e4t oikeudet<br><\/strong>Rekisteriss\u00e4 olevalla henkil\u00f6ll\u00e4 on oikeus pyyt\u00e4\u00e4 h\u00e4nt\u00e4 koskevien henkil\u00f6tietojen poistamista rekisterist\u00e4 (\"oikeus tulla unohdetuksi\"). Rekister\u00f6idyill\u00e4 on my\u00f6s muita EU:n yleisen tietosuoja-asetuksen mukaisia oikeuksia, kuten oikeus rajoittaa henkil\u00f6tietojen k\u00e4sittely\u00e4 tietyiss\u00e4 tilanteissa. Pyynn\u00f6t on l\u00e4hetett\u00e4v\u00e4 kirjallisesti rekisterinpit\u00e4j\u00e4lle. Rekisterinpit\u00e4j\u00e4 voi tarvittaessa pyyt\u00e4\u00e4 hakijaa todistamaan henkil\u00f6llisyytens\u00e4. Rekisterinpit\u00e4j\u00e4 vastaa asiakkaalle EU:n yleisen tietosuoja-asetuksen asettamassa m\u00e4\u00e4r\u00e4ajassa (yleens\u00e4 kuukauden kuluessa).<\/li>\n<\/ol>","protected":false},"excerpt":{"rendered":"<p>This is Paadar Aurora Villas register and privacy statement in accordance with the EU&#8217;s General Data Protection Regulation (GDPR). Created on 23.05.2024. Last modified 23.05.2024.<\/p>","protected":false},"author":1,"featured_media":0,"parent":0,"menu_order":0,"comment_status":"closed","ping_status":"closed","template":"","meta":{"_seopress_robots_primary_cat":"","_seopress_titles_title":"","_seopress_titles_desc":"","_seopress_robots_index":"","site-container-style":"default","site-container-layout":"default","site-sidebar-layout":"default","site-transparent-header":"default","disable-article-header":"default","disable-site-header":"default","disable-site-footer":"default","disable-content-area-spacing":"default","footnotes":""},"class_list":["post-240","page","type-page","status-publish","hentry"],"_links":{"self":[{"href":"https:\/\/paadarauroravillas.com\/fi\/wp-json\/wp\/v2\/pages\/240","targetHints":{"allow":["GET"]}}],"collection":[{"href":"https:\/\/paadarauroravillas.com\/fi\/wp-json\/wp\/v2\/pages"}],"about":[{"href":"https:\/\/paadarauroravillas.com\/fi\/wp-json\/wp\/v2\/types\/page"}],"author":[{"embeddable":true,"href":"https:\/\/paadarauroravillas.com\/fi\/wp-json\/wp\/v2\/users\/1"}],"replies":[{"embeddable":true,"href":"https:\/\/paadarauroravillas.com\/fi\/wp-json\/wp\/v2\/comments?post=240"}],"version-history":[{"count":3,"href":"https:\/\/paadarauroravillas.com\/fi\/wp-json\/wp\/v2\/pages\/240\/revisions"}],"predecessor-version":[{"id":463,"href":"https:\/\/paadarauroravillas.com\/fi\/wp-json\/wp\/v2\/pages\/240\/revisions\/463"}],"wp:attachment":[{"href":"https:\/\/paadarauroravillas.com\/fi\/wp-json\/wp\/v2\/media?parent=240"}],"curies":[{"name":"wp","href":"https:\/\/api.w.org\/{rel}","templated":true}]}}