{"id":671,"date":"2025-07-14T09:17:55","date_gmt":"2025-07-14T09:17:55","guid":{"rendered":"https:\/\/paadarauroravillas.com\/?page_id=671"},"modified":"2025-07-14T09:17:55","modified_gmt":"2025-07-14T09:17:55","slug":"villa-hakala","status":"publish","type":"page","link":"https:\/\/paadarauroravillas.com\/de\/villa-hakala\/","title":{"rendered":"Villa Hakala"},"content":{"rendered":"<div class=\"wp-block-kenta-blocks-heading kb-heading kb-heading-h1 kb-heading-15b72f82\"><h1 class=\"\"><strong>Villa Hakala<\/strong><\/h1><\/div>\n\n\n\n<p class=\"has-text-align-center\"><strong>Villa Hakala<\/strong> ist ein atemberaubender R\u00fcckzugsort am See in Utaj\u00e4rvi und bietet klimatisierte Unterk\u00fcnfte mit einem Pool mit Seeblick, einem privaten Balkon und luxuri\u00f6sen Wellnesseinrichtungen. Diese hochwertige Villa mit 2 Schlafzimmern ist ideal f\u00fcr Paare, Familien oder kleine Gruppen, die Ruhe, Komfort und ein aktives Leben im Freien suchen.<br>Die 95 Quadratmeter gro\u00dfe Villa verf\u00fcgt \u00fcber einen eigenen Eingang, Schallschutz und ein ger\u00e4umiges Interieur mit einer voll ausgestatteten K\u00fcche mit Mikrowelle und K\u00fchlschrank. Der gem\u00fctliche Wohnbereich verf\u00fcgt \u00fcber einen Flachbildfernseher, bequeme Sitzgelegenheiten und zwei moderne B\u00e4der, eines davon mit Whirlpool. Handt\u00fccher und Bettw\u00e4sche sind vorhanden.<br>Zu den Wellnessangeboten der Villa geh\u00f6ren eine Sauna, ein Whirlpool und ein Pool mit Aussicht - perfekt zum Entspannen nach einem Tag im Freien. Die Sonnenterrasse l\u00e4dt die G\u00e4ste ein, sich in aller Ruhe zu entspannen und dabei die nat\u00fcrliche Sch\u00f6nheit des umliegenden Sees und Waldes zu genie\u00dfen.<\/p>\n\n\n\n<p class=\"has-text-align-center\">F\u00fcr aktive G\u00e4ste ist die Villa Hakala gut ausgestattet: Es gibt einen Skiraum, Wassersportm\u00f6glichkeiten, Billard und einen Fahrradverleih. Die Gegend ist das ganze Jahr \u00fcber ideal zum Wandern, Skifahren und Radfahren.<\/p>\n\n\n\n<p class=\"has-text-align-center\">Die Villa Hakala ist leicht zu erreichen und liegt nur 82 km vom Flughafen Oulu entfernt. Kostenloses WLAN, kostenlose Privatparkpl\u00e4tze und eine EV-Ladestation sorgen f\u00fcr einen reibungslosen und komfortablen Aufenthalt.<br>Buchen Sie einen erholsamen Urlaub am See bei <strong>Villa Hakala<\/strong>wo ruhige Natur auf luxuri\u00f6se Annehmlichkeiten trifft.<\/p>\n\n\n\n<div class=\"wp-block-kenta-blocks-section kb-section-3ae174bd kb-section\">\n<div class=\"wp-block-kenta-blocks-column kb-column-wrapper kb-column-wrapper-625ca79e\"><div class=\"kb-column kb-column-625ca79e\"><div class=\"kb-column-content\"><div class=\"n2-section-smartslider fitvidsignore  n2_clear\" data-ssid=\"14\"><div id=\"n2-ss-14-align\" class=\"n2-ss-align\"><div class=\"n2-padding\"><div id=\"n2-ss-14\" data-creator=\"Smart Slider 3\" data-responsive=\"auto\" class=\"n2-ss-slider n2-ow n2-has-hover n2notransition\"><div class=\"n2-ss-slider-wrapper-inside\">\n        <div class=\"n2-ss-slider-1 n2_ss__touch_element n2-ow\">\n            <div class=\"n2-ss-slider-2 n2-ow\">\n                                                <div class=\"n2-ss-slider-3 n2-ow\">\n\n                    <div class=\"n2-ss-slide-backgrounds n2-ow-all\"><div class=\"n2-ss-slide-background\" data-public-id=\"1\" data-mode=\"fill\"><div class=\"n2-ss-slide-background-image\" data-blur=\"0\" data-opacity=\"100\" data-x=\"50\" data-y=\"50\" data-alt=\"\" data-title=\"\"><picture class=\"skip-lazy\" data-skip-lazy=\"1\"><img decoding=\"async\" src=\"\/\/paadarauroravillas.com\/wp-content\/uploads\/2025\/07\/577268422.jpg\" alt=\"\" title=\"\" loading=\"lazy\" class=\"skip-lazy\" data-skip-lazy=\"1\"><\/picture><\/div><div data-color=\"RGBA(255,255,255,0)\" style=\"background-color: RGBA(255,255,255,0);\" class=\"n2-ss-slide-background-color\"><\/div><\/div><div class=\"n2-ss-slide-background\" data-public-id=\"2\" data-mode=\"fill\" aria-hidden=\"true\"><div class=\"n2-ss-slide-background-image\" data-blur=\"0\" data-opacity=\"100\" data-x=\"50\" data-y=\"50\" data-alt=\"\" data-title=\"\"><picture class=\"skip-lazy\" data-skip-lazy=\"1\"><img decoding=\"async\" src=\"\/\/paadarauroravillas.com\/wp-content\/uploads\/2025\/07\/699542037.jpg\" alt=\"\" title=\"\" loading=\"lazy\" class=\"skip-lazy\" data-skip-lazy=\"1\"><\/picture><\/div><div data-color=\"RGBA(255,255,255,0)\" style=\"background-color: RGBA(255,255,255,0);\" class=\"n2-ss-slide-background-color\"><\/div><\/div><div class=\"n2-ss-slide-background\" data-public-id=\"3\" data-mode=\"fill\" aria-hidden=\"true\"><div class=\"n2-ss-slide-background-image\" data-blur=\"0\" data-opacity=\"100\" data-x=\"50\" data-y=\"50\" data-alt=\"\" data-title=\"\"><picture class=\"skip-lazy\" data-skip-lazy=\"1\"><img decoding=\"async\" src=\"\/\/paadarauroravillas.com\/wp-content\/uploads\/2025\/07\/577268430.jpg\" alt=\"\" title=\"\" loading=\"lazy\" class=\"skip-lazy\" data-skip-lazy=\"1\"><\/picture><\/div><div data-color=\"RGBA(255,255,255,0)\" style=\"background-color: RGBA(255,255,255,0);\" class=\"n2-ss-slide-background-color\"><\/div><\/div><div class=\"n2-ss-slide-background\" data-public-id=\"4\" data-mode=\"fill\" aria-hidden=\"true\"><div class=\"n2-ss-slide-background-image\" data-blur=\"0\" data-opacity=\"100\" data-x=\"50\" data-y=\"50\" data-alt=\"\" data-title=\"\"><picture class=\"skip-lazy\" data-skip-lazy=\"1\"><img decoding=\"async\" src=\"\/\/paadarauroravillas.com\/wp-content\/uploads\/2025\/07\/577268407.jpg\" alt=\"\" title=\"\" loading=\"lazy\" class=\"skip-lazy\" data-skip-lazy=\"1\"><\/picture><\/div><div data-color=\"RGBA(255,255,255,0)\" style=\"background-color: RGBA(255,255,255,0);\" class=\"n2-ss-slide-background-color\"><\/div><\/div><div class=\"n2-ss-slide-background\" data-public-id=\"5\" data-mode=\"fill\" aria-hidden=\"true\"><div class=\"n2-ss-slide-background-image\" data-blur=\"0\" data-opacity=\"100\" data-x=\"50\" data-y=\"50\" data-alt=\"\" data-title=\"\"><picture class=\"skip-lazy\" data-skip-lazy=\"1\"><img decoding=\"async\" src=\"\/\/paadarauroravillas.com\/wp-content\/uploads\/2025\/07\/669299911.jpg\" alt=\"\" title=\"\" loading=\"lazy\" class=\"skip-lazy\" data-skip-lazy=\"1\"><\/picture><\/div><div data-color=\"RGBA(255,255,255,0)\" style=\"background-color: RGBA(255,255,255,0);\" class=\"n2-ss-slide-background-color\"><\/div><\/div><\/div>                    <div class=\"n2-ss-slider-4 n2-ow\">\n                        <svg xmlns=\"http:\/\/www.w3.org\/2000\/svg\" viewbox=\"0 0 1200 600\" data-related-device=\"desktopPortrait\" class=\"n2-ow n2-ss-preserve-size n2-ss-preserve-size--slider n2-ss-slide-limiter\"><\/svg><div data-first=\"1\" data-slide-duration=\"0\" data-id=\"120\" data-slide-public-id=\"1\" data-title=\"577268422\" class=\"n2-ss-slide n2-ow  n2-ss-slide-120\"><div role=\"note\" class=\"n2-ss-slide--focus\" tabindex=\"-1\">577268422<\/div><div class=\"n2-ss-layers-container n2-ss-slide-limiter n2-ow\"><div class=\"n2-ss-layer n2-ow n-uc-JBtit7GH0Erw\" data-sstype=\"slide\" data-pm=\"default\"><\/div><\/div><\/div><div data-slide-duration=\"0\" data-id=\"123\" data-slide-public-id=\"2\" aria-hidden=\"true\" data-title=\"699542037\" class=\"n2-ss-slide n2-ow  n2-ss-slide-123\"><div role=\"note\" class=\"n2-ss-slide--focus\" tabindex=\"-1\">699542037<\/div><div class=\"n2-ss-layers-container n2-ss-slide-limiter n2-ow\"><div class=\"n2-ss-layer n2-ow n-uc-C5iCmKzidsWj\" data-sstype=\"slide\" data-pm=\"default\"><\/div><\/div><\/div><div data-slide-duration=\"0\" data-id=\"121\" data-slide-public-id=\"3\" aria-hidden=\"true\" data-title=\"577268430\" class=\"n2-ss-slide n2-ow  n2-ss-slide-121\"><div role=\"note\" class=\"n2-ss-slide--focus\" tabindex=\"-1\">577268430<\/div><div class=\"n2-ss-layers-container n2-ss-slide-limiter n2-ow\"><div class=\"n2-ss-layer n2-ow n-uc-7rwAYh29e3oo\" data-sstype=\"slide\" data-pm=\"default\"><\/div><\/div><\/div><div data-slide-duration=\"0\" data-id=\"119\" data-slide-public-id=\"4\" aria-hidden=\"true\" data-title=\"577268407\" class=\"n2-ss-slide n2-ow  n2-ss-slide-119\"><div role=\"note\" class=\"n2-ss-slide--focus\" tabindex=\"-1\">577268407<\/div><div class=\"n2-ss-layers-container n2-ss-slide-limiter n2-ow\"><div class=\"n2-ss-layer n2-ow n-uc-CkbgSxDaOOta\" data-sstype=\"slide\" data-pm=\"default\"><\/div><\/div><\/div><div data-slide-duration=\"0\" data-id=\"122\" data-slide-public-id=\"5\" aria-hidden=\"true\" data-title=\"669299911\" class=\"n2-ss-slide n2-ow  n2-ss-slide-122\"><div role=\"note\" class=\"n2-ss-slide--focus\" tabindex=\"-1\">669299911<\/div><div class=\"n2-ss-layers-container n2-ss-slide-limiter n2-ow\"><div class=\"n2-ss-layer n2-ow n-uc-FeTds5AIsZM8\" data-sstype=\"slide\" data-pm=\"default\"><\/div><\/div><\/div>                    <\/div>\n\n                                    <\/div>\n            <\/div>\n        <\/div>\n        <div class=\"n2-ss-slider-controls n2-ss-slider-controls-absolute-left-center\"><div style=\"--widget-offset:15px;\" class=\"n2-ss-widget nextend-arrow n2-ow-all nextend-arrow-previous  nextend-arrow-animated-fade\" data-hide-mobileportrait=\"1\" id=\"n2-ss-14-arrow-previous\" role=\"button\" aria-label=\"vorheriger Pfeil\" tabindex=\"0\"><img loading=\"lazy\" decoding=\"async\" width=\"32\" height=\"32\" class=\"skip-lazy\" data-skip-lazy=\"1\" src=\"data:image\/svg+xml;base64,PHN2ZyB3aWR0aD0iMzIiIGhlaWdodD0iMzIiIHZpZXdCb3g9IjAgMCAzMiAzMiIgeG1sbnM9Imh0dHA6Ly93d3cudzMub3JnLzIwMDAvc3ZnIj4KICAgIDxwYXRoIGQ9Ik0xMS40MzMgMTUuOTkyTDIyLjY5IDUuNzEyYy4zOTMtLjM5LjM5My0xLjAzIDAtMS40Mi0uMzkzLS4zOS0xLjAzLS4zOS0xLjQyMyAwbC0xMS45OCAxMC45NGMtLjIxLjIxLS4zLjQ5LS4yODUuNzYtLjAxNS4yOC4wNzUuNTYuMjg0Ljc3bDExLjk4IDEwLjk0Yy4zOTMuMzkgMS4wMy4zOSAxLjQyNCAwIC4zOTMtLjQuMzkzLTEuMDMgMC0xLjQybC0xMS4yNTctMTAuMjkiCiAgICAgICAgICBmaWxsPSIjZmZmZmZmIiBvcGFjaXR5PSIwLjgiIGZpbGwtcnVsZT0iZXZlbm9kZCIvPgo8L3N2Zz4=\" alt=\"vorheriger Pfeil\"><\/div><\/div><div class=\"n2-ss-slider-controls n2-ss-slider-controls-absolute-right-center\"><div style=\"--widget-offset:15px;\" class=\"n2-ss-widget nextend-arrow n2-ow-all nextend-arrow-next  nextend-arrow-animated-fade\" data-hide-mobileportrait=\"1\" id=\"n2-ss-14-arrow-next\" role=\"button\" aria-label=\"n\u00e4chster Pfeil\" tabindex=\"0\"><img loading=\"lazy\" decoding=\"async\" width=\"32\" height=\"32\" class=\"skip-lazy\" data-skip-lazy=\"1\" src=\"data:image\/svg+xml;base64,PHN2ZyB3aWR0aD0iMzIiIGhlaWdodD0iMzIiIHZpZXdCb3g9IjAgMCAzMiAzMiIgeG1sbnM9Imh0dHA6Ly93d3cudzMub3JnLzIwMDAvc3ZnIj4KICAgIDxwYXRoIGQ9Ik0xMC43MjIgNC4yOTNjLS4zOTQtLjM5LTEuMDMyLS4zOS0xLjQyNyAwLS4zOTMuMzktLjM5MyAxLjAzIDAgMS40MmwxMS4yODMgMTAuMjgtMTEuMjgzIDEwLjI5Yy0uMzkzLjM5LS4zOTMgMS4wMiAwIDEuNDIuMzk1LjM5IDEuMDMzLjM5IDEuNDI3IDBsMTIuMDA3LTEwLjk0Yy4yMS0uMjEuMy0uNDkuMjg0LS43Ny4wMTQtLjI3LS4wNzYtLjU1LS4yODYtLjc2TDEwLjcyIDQuMjkzeiIKICAgICAgICAgIGZpbGw9IiNmZmZmZmYiIG9wYWNpdHk9IjAuOCIgZmlsbC1ydWxlPSJldmVub2RkIi8+Cjwvc3ZnPg==\" alt=\"n\u00e4chster Pfeil\"><\/div><\/div><\/div><\/div><ss3-loader><\/ss3-loader><\/div><\/div><div class=\"n2_clear\"><\/div><\/div><\/div><\/div><\/div>\n\n\n\n<div class=\"wp-block-kenta-blocks-column kb-column-wrapper kb-column-wrapper-101a3bc9\"><div class=\"kb-column kb-column-101a3bc9\"><div class=\"kb-column-content\"><div class=\"n2-section-smartslider fitvidsignore  n2_clear\" data-ssid=\"13\"><div id=\"n2-ss-13-align\" class=\"n2-ss-align\"><div class=\"n2-padding\"><div id=\"n2-ss-13\" data-creator=\"Smart Slider 3\" data-responsive=\"auto\" class=\"n2-ss-slider n2-ow n2-has-hover n2notransition\"><div class=\"n2-ss-slider-wrapper-inside\">\n        <div class=\"n2-ss-slider-1 n2_ss__touch_element n2-ow\">\n            <div class=\"n2-ss-slider-2 n2-ow\">\n                                                <div class=\"n2-ss-slider-3 n2-ow\">\n\n                    <div class=\"n2-ss-slide-backgrounds n2-ow-all\"><div class=\"n2-ss-slide-background\" data-public-id=\"1\" data-mode=\"fill\"><div class=\"n2-ss-slide-background-image\" data-blur=\"0\" data-opacity=\"100\" data-x=\"50\" data-y=\"50\" data-alt=\"\" data-title=\"\"><picture class=\"skip-lazy\" data-skip-lazy=\"1\"><img decoding=\"async\" src=\"\/\/paadarauroravillas.com\/wp-content\/uploads\/2025\/07\/577268387.jpg\" alt=\"\" title=\"\" loading=\"lazy\" class=\"skip-lazy\" data-skip-lazy=\"1\"><\/picture><\/div><div data-color=\"RGBA(255,255,255,0)\" style=\"background-color: RGBA(255,255,255,0);\" class=\"n2-ss-slide-background-color\"><\/div><\/div><div class=\"n2-ss-slide-background\" data-public-id=\"2\" data-mode=\"fill\" aria-hidden=\"true\"><div class=\"n2-ss-slide-background-image\" data-blur=\"0\" data-opacity=\"100\" data-x=\"50\" data-y=\"50\" data-alt=\"\" data-title=\"\"><picture class=\"skip-lazy\" data-skip-lazy=\"1\"><img decoding=\"async\" src=\"\/\/paadarauroravillas.com\/wp-content\/uploads\/2025\/07\/606540686.jpg\" alt=\"\" title=\"\" loading=\"lazy\" class=\"skip-lazy\" data-skip-lazy=\"1\"><\/picture><\/div><div data-color=\"RGBA(255,255,255,0)\" style=\"background-color: RGBA(255,255,255,0);\" class=\"n2-ss-slide-background-color\"><\/div><\/div><div class=\"n2-ss-slide-background\" data-public-id=\"3\" data-mode=\"fill\" aria-hidden=\"true\"><div class=\"n2-ss-slide-background-image\" data-blur=\"0\" data-opacity=\"100\" data-x=\"50\" data-y=\"50\" data-alt=\"\" data-title=\"\"><picture class=\"skip-lazy\" data-skip-lazy=\"1\"><img decoding=\"async\" src=\"\/\/paadarauroravillas.com\/wp-content\/uploads\/2025\/07\/606674220.jpg\" alt=\"\" title=\"\" loading=\"lazy\" class=\"skip-lazy\" data-skip-lazy=\"1\"><\/picture><\/div><div data-color=\"RGBA(255,255,255,0)\" style=\"background-color: RGBA(255,255,255,0);\" class=\"n2-ss-slide-background-color\"><\/div><\/div><div class=\"n2-ss-slide-background\" data-public-id=\"4\" data-mode=\"fill\" aria-hidden=\"true\"><div class=\"n2-ss-slide-background-image\" data-blur=\"0\" data-opacity=\"100\" data-x=\"50\" data-y=\"50\" data-alt=\"\" data-title=\"\"><picture class=\"skip-lazy\" data-skip-lazy=\"1\"><img decoding=\"async\" src=\"\/\/paadarauroravillas.com\/wp-content\/uploads\/2025\/07\/606674221.jpg\" alt=\"\" title=\"\" loading=\"lazy\" class=\"skip-lazy\" data-skip-lazy=\"1\"><\/picture><\/div><div data-color=\"RGBA(255,255,255,0)\" style=\"background-color: RGBA(255,255,255,0);\" class=\"n2-ss-slide-background-color\"><\/div><\/div><div class=\"n2-ss-slide-background\" data-public-id=\"5\" data-mode=\"fill\" aria-hidden=\"true\"><div class=\"n2-ss-slide-background-image\" data-blur=\"0\" data-opacity=\"100\" data-x=\"50\" data-y=\"50\" data-alt=\"\" data-title=\"\"><picture class=\"skip-lazy\" data-skip-lazy=\"1\"><img decoding=\"async\" src=\"\/\/paadarauroravillas.com\/wp-content\/uploads\/2025\/07\/614312140.jpg\" alt=\"\" title=\"\" loading=\"lazy\" class=\"skip-lazy\" data-skip-lazy=\"1\"><\/picture><\/div><div data-color=\"RGBA(255,255,255,0)\" style=\"background-color: RGBA(255,255,255,0);\" class=\"n2-ss-slide-background-color\"><\/div><\/div><div class=\"n2-ss-slide-background\" data-public-id=\"6\" data-mode=\"fill\" aria-hidden=\"true\"><div class=\"n2-ss-slide-background-image\" data-blur=\"0\" data-opacity=\"100\" data-x=\"50\" data-y=\"50\" data-alt=\"\" data-title=\"\"><picture class=\"skip-lazy\" data-skip-lazy=\"1\"><img decoding=\"async\" src=\"\/\/paadarauroravillas.com\/wp-content\/uploads\/2025\/07\/699590545.jpg\" alt=\"\" title=\"\" loading=\"lazy\" class=\"skip-lazy\" data-skip-lazy=\"1\"><\/picture><\/div><div data-color=\"RGBA(255,255,255,0)\" style=\"background-color: RGBA(255,255,255,0);\" class=\"n2-ss-slide-background-color\"><\/div><\/div><\/div>                    <div class=\"n2-ss-slider-4 n2-ow\">\n                        <svg xmlns=\"http:\/\/www.w3.org\/2000\/svg\" viewbox=\"0 0 1200 600\" data-related-device=\"desktopPortrait\" class=\"n2-ow n2-ss-preserve-size n2-ss-preserve-size--slider n2-ss-slide-limiter\"><\/svg><div data-first=\"1\" data-slide-duration=\"0\" data-id=\"107\" data-slide-public-id=\"1\" data-title=\"577268387\" class=\"n2-ss-slide n2-ow  n2-ss-slide-107\"><div role=\"note\" class=\"n2-ss-slide--focus\" tabindex=\"-1\">577268387<\/div><div class=\"n2-ss-layers-container n2-ss-slide-limiter n2-ow\"><div class=\"n2-ss-layer n2-ow n-uc-E6UFZTeJzPUH\" data-sstype=\"slide\" data-pm=\"default\"><\/div><\/div><\/div><div data-slide-duration=\"0\" data-id=\"108\" data-slide-public-id=\"2\" aria-hidden=\"true\" data-title=\"606540686\" class=\"n2-ss-slide n2-ow  n2-ss-slide-108\"><div role=\"note\" class=\"n2-ss-slide--focus\" tabindex=\"-1\">606540686<\/div><div class=\"n2-ss-layers-container n2-ss-slide-limiter n2-ow\"><div class=\"n2-ss-layer n2-ow n-uc-k3E7dva9oskF\" data-sstype=\"slide\" data-pm=\"default\"><\/div><\/div><\/div><div data-slide-duration=\"0\" data-id=\"109\" data-slide-public-id=\"3\" aria-hidden=\"true\" data-title=\"606674220\" class=\"n2-ss-slide n2-ow  n2-ss-slide-109\"><div role=\"note\" class=\"n2-ss-slide--focus\" tabindex=\"-1\">606674220<\/div><div class=\"n2-ss-layers-container n2-ss-slide-limiter n2-ow\"><div class=\"n2-ss-layer n2-ow n-uc-8MaEqcD3Ognz\" data-sstype=\"slide\" data-pm=\"default\"><\/div><\/div><\/div><div data-slide-duration=\"0\" data-id=\"110\" data-slide-public-id=\"4\" aria-hidden=\"true\" data-title=\"606674221\" class=\"n2-ss-slide n2-ow  n2-ss-slide-110\"><div role=\"note\" class=\"n2-ss-slide--focus\" tabindex=\"-1\">606674221<\/div><div class=\"n2-ss-layers-container n2-ss-slide-limiter n2-ow\"><div class=\"n2-ss-layer n2-ow n-uc-wP8sqVs0GXTK\" data-sstype=\"slide\" data-pm=\"default\"><\/div><\/div><\/div><div data-slide-duration=\"0\" data-id=\"111\" data-slide-public-id=\"5\" aria-hidden=\"true\" data-title=\"614312140\" class=\"n2-ss-slide n2-ow  n2-ss-slide-111\"><div role=\"note\" class=\"n2-ss-slide--focus\" tabindex=\"-1\">614312140<\/div><div class=\"n2-ss-layers-container n2-ss-slide-limiter n2-ow\"><div class=\"n2-ss-layer n2-ow n-uc-aPbvyP3RP6W7\" data-sstype=\"slide\" data-pm=\"default\"><\/div><\/div><\/div><div data-slide-duration=\"0\" data-id=\"112\" data-slide-public-id=\"6\" aria-hidden=\"true\" data-title=\"699590545\" class=\"n2-ss-slide n2-ow  n2-ss-slide-112\"><div role=\"note\" class=\"n2-ss-slide--focus\" tabindex=\"-1\">699590545<\/div><div class=\"n2-ss-layers-container n2-ss-slide-limiter n2-ow\"><div class=\"n2-ss-layer n2-ow n-uc-15uba8u4kVFc\" data-sstype=\"slide\" data-pm=\"default\"><\/div><\/div><\/div>                    <\/div>\n\n                                    <\/div>\n            <\/div>\n        <\/div>\n        <div class=\"n2-ss-slider-controls n2-ss-slider-controls-absolute-left-center\"><div style=\"--widget-offset:15px;\" class=\"n2-ss-widget nextend-arrow n2-ow-all nextend-arrow-previous  nextend-arrow-animated-fade\" data-hide-mobileportrait=\"1\" id=\"n2-ss-13-arrow-previous\" role=\"button\" aria-label=\"vorheriger Pfeil\" tabindex=\"0\"><img loading=\"lazy\" decoding=\"async\" width=\"32\" height=\"32\" class=\"skip-lazy\" data-skip-lazy=\"1\" src=\"data:image\/svg+xml;base64,PHN2ZyB3aWR0aD0iMzIiIGhlaWdodD0iMzIiIHZpZXdCb3g9IjAgMCAzMiAzMiIgeG1sbnM9Imh0dHA6Ly93d3cudzMub3JnLzIwMDAvc3ZnIj4KICAgIDxwYXRoIGQ9Ik0xMS40MzMgMTUuOTkyTDIyLjY5IDUuNzEyYy4zOTMtLjM5LjM5My0xLjAzIDAtMS40Mi0uMzkzLS4zOS0xLjAzLS4zOS0xLjQyMyAwbC0xMS45OCAxMC45NGMtLjIxLjIxLS4zLjQ5LS4yODUuNzYtLjAxNS4yOC4wNzUuNTYuMjg0Ljc3bDExLjk4IDEwLjk0Yy4zOTMuMzkgMS4wMy4zOSAxLjQyNCAwIC4zOTMtLjQuMzkzLTEuMDMgMC0xLjQybC0xMS4yNTctMTAuMjkiCiAgICAgICAgICBmaWxsPSIjZmZmZmZmIiBvcGFjaXR5PSIwLjgiIGZpbGwtcnVsZT0iZXZlbm9kZCIvPgo8L3N2Zz4=\" alt=\"vorheriger Pfeil\"><\/div><\/div><div class=\"n2-ss-slider-controls n2-ss-slider-controls-absolute-right-center\"><div style=\"--widget-offset:15px;\" class=\"n2-ss-widget nextend-arrow n2-ow-all nextend-arrow-next  nextend-arrow-animated-fade\" data-hide-mobileportrait=\"1\" id=\"n2-ss-13-arrow-next\" role=\"button\" aria-label=\"n\u00e4chster Pfeil\" tabindex=\"0\"><img loading=\"lazy\" decoding=\"async\" width=\"32\" height=\"32\" class=\"skip-lazy\" data-skip-lazy=\"1\" src=\"data:image\/svg+xml;base64,PHN2ZyB3aWR0aD0iMzIiIGhlaWdodD0iMzIiIHZpZXdCb3g9IjAgMCAzMiAzMiIgeG1sbnM9Imh0dHA6Ly93d3cudzMub3JnLzIwMDAvc3ZnIj4KICAgIDxwYXRoIGQ9Ik0xMC43MjIgNC4yOTNjLS4zOTQtLjM5LTEuMDMyLS4zOS0xLjQyNyAwLS4zOTMuMzktLjM5MyAxLjAzIDAgMS40MmwxMS4yODMgMTAuMjgtMTEuMjgzIDEwLjI5Yy0uMzkzLjM5LS4zOTMgMS4wMiAwIDEuNDIuMzk1LjM5IDEuMDMzLjM5IDEuNDI3IDBsMTIuMDA3LTEwLjk0Yy4yMS0uMjEuMy0uNDkuMjg0LS43Ny4wMTQtLjI3LS4wNzYtLjU1LS4yODYtLjc2TDEwLjcyIDQuMjkzeiIKICAgICAgICAgIGZpbGw9IiNmZmZmZmYiIG9wYWNpdHk9IjAuOCIgZmlsbC1ydWxlPSJldmVub2RkIi8+Cjwvc3ZnPg==\" alt=\"n\u00e4chster Pfeil\"><\/div><\/div><\/div><\/div><ss3-loader><\/ss3-loader><\/div><\/div><div class=\"n2_clear\"><\/div><\/div><\/div><\/div><\/div>\n<\/div>","protected":false},"excerpt":{"rendered":"<p>Villa Hakala is a stunning lakeside retreat located in Utaj\u00e4rvi, offering air-conditioned accommodation with a pool that opens to lake views, a private balcony, and luxurious spa features. This high-quality 2-bedroom villa is ideal for couples, families, or small groups seeking peace, comfort, and active outdoor living.The 95-square-meter villa features a private entrance, soundproofing, and [&hellip;]<\/p>\n","protected":false},"author":1,"featured_media":0,"parent":0,"menu_order":0,"comment_status":"closed","ping_status":"closed","template":"","meta":{"_seopress_robots_primary_cat":"","_seopress_titles_title":"Villa Hakala","_seopress_titles_desc":"Villa Hakala is a stunning lakeside retreat located in Utaj\u00e4rvi","_seopress_robots_index":"","site-container-style":"default","site-container-layout":"default","site-sidebar-layout":"default","site-transparent-header":"default","disable-article-header":"default","disable-site-header":"default","disable-site-footer":"default","disable-content-area-spacing":"default","footnotes":""},"class_list":["post-671","page","type-page","status-publish","hentry"],"_links":{"self":[{"href":"https:\/\/paadarauroravillas.com\/de\/wp-json\/wp\/v2\/pages\/671","targetHints":{"allow":["GET"]}}],"collection":[{"href":"https:\/\/paadarauroravillas.com\/de\/wp-json\/wp\/v2\/pages"}],"about":[{"href":"https:\/\/paadarauroravillas.com\/de\/wp-json\/wp\/v2\/types\/page"}],"author":[{"embeddable":true,"href":"https:\/\/paadarauroravillas.com\/de\/wp-json\/wp\/v2\/users\/1"}],"replies":[{"embeddable":true,"href":"https:\/\/paadarauroravillas.com\/de\/wp-json\/wp\/v2\/comments?post=671"}],"version-history":[{"count":1,"href":"https:\/\/paadarauroravillas.com\/de\/wp-json\/wp\/v2\/pages\/671\/revisions"}],"predecessor-version":[{"id":688,"href":"https:\/\/paadarauroravillas.com\/de\/wp-json\/wp\/v2\/pages\/671\/revisions\/688"}],"wp:attachment":[{"href":"https:\/\/paadarauroravillas.com\/de\/wp-json\/wp\/v2\/media?parent=671"}],"curies":[{"name":"wp","href":"https:\/\/api.w.org\/{rel}","templated":true}]}}