{"id":619,"date":"2025-04-16T13:30:36","date_gmt":"2025-04-16T13:30:36","guid":{"rendered":"https:\/\/paadarauroravillas.com\/?page_id=619"},"modified":"2025-04-23T06:20:41","modified_gmt":"2025-04-23T06:20:41","slug":"verpflegungsdienstleistungen","status":"publish","type":"page","link":"https:\/\/paadarauroravillas.com\/de\/catering-services\/","title":{"rendered":"VERPFLEGUNGSDIENSTLEISTUNGEN"},"content":{"rendered":"<div class=\"wp-block-kenta-blocks-spacer kb-spacer-217a7822 kb-spacer\" aria-hidden=\"true\"><\/div>\n\n\n\n<p><\/p>\n\n\n\n<h1 class=\"wp-block-heading has-kenta-primary-color has-text-color has-link-color wp-elements-364feb099b77cd65410d091d60003ced\"><strong>VERPFLEGUNGSDIENSTLEISTUNGEN<\/strong><\/h1>\n\n\n\n<div class=\"wp-block-columns is-layout-flex wp-container-core-columns-is-layout-28f84493 wp-block-columns-is-layout-flex\">\n<div class=\"wp-block-column is-layout-flow wp-block-column-is-layout-flow\">\n<p>Sind Sie neugierig auf einen Urlaub ohne den Druck des Kochens oder gar des Einkaufens? Oder w\u00e4re es einfach sch\u00f6n, einen Abend lang das Essen eines anderen zu genie\u00dfen? Bestellen Sie bei uns Essen direkt zu Ihnen nach Hause - Fertiggerichte oder Einkaufsservice.<\/p>\n\n\n\n<p>Wir bieten sowohl traditionelle als auch moderne Optionen in Bezug auf Essen, Service und Pr\u00e4sentation.<\/p>\n\n\n\n<p>Unser Ziel ist es, den Kunden das bestm\u00f6gliche finnische Essenserlebnis zu bieten, gepaart mit pers\u00f6nlichem Service.<\/p>\n\n\n\n<p>Alle Angebote sind auf Ihre Vorlieben zugeschnitten und werden zu einem Paket geschn\u00fcrt, das perfekt zu Ihnen passt. Keine kulinarische Herausforderung ist zu gro\u00df. Wir arrangieren gerne alle Leistungen flexibel, vom Fr\u00fchst\u00fcck bis zum Abendessen, entweder serviert oder geliefert.<\/p>\n<\/div>\n\n\n\n<div class=\"wp-block-column is-layout-flow wp-block-column-is-layout-flow\">\n<figure class=\"wp-block-image is-resized is-style-rounded\"><img decoding=\"async\" src=\"https:\/\/lh7-rt.googleusercontent.com\/slidesz\/AGV_vUfubCp6q3ab1NRqsVnvPYPSlqokR-ttpnQi8_6Ac8ui83_6_2qJMuGtYtX7ZteqhV-Lxn0jcoJOwWcuUQ2SqBvY6hZhymASk6EMdxjGUvp9GYIWGZh7b1cKg77l-OJHRAIzwLmbgQ=s2048?key=l-Xxc9x5bqX9B7YtcwjZl2nM\" alt=\"\" style=\"width:310px;height:auto\"\/><\/figure>\n\n\n\n<figure class=\"wp-block-image aligncenter is-resized is-style-rounded\"><img decoding=\"async\" src=\"https:\/\/lh7-rt.googleusercontent.com\/slidesz\/AGV_vUfd96WGtDCBeD5XW9nbb_E-EPQJVi_XA-oTfqfKp1Gb1loAczGiFYWSrcN-Ok6vdorqYiKrHA8_bb3XFywTRc3oLB-Zf6e6uXWg9bLI8tBzY93L950c5GFcxcSXwA8BztiUDnPs=s2048?key=l-Xxc9x5bqX9B7YtcwjZl2nM\" alt=\"\" style=\"width:254px;height:auto\"\/><\/figure>\n<\/div>\n<\/div>\n\n\n\n<p class=\"has-text-align-left\">Wir liefern, bauen auf und r\u00e4umen ab. Wir freuen uns darauf, f\u00fcr Ihren Anlass zu servieren oder vorzubereiten.<\/p>\n\n\n\n<p class=\"has-text-align-left\">Wir erledigen auch andere Eink\u00e4ufe als Lebensmittel bis hin zum K\u00fchlschrank.<\/p>\n\n\n\n<p class=\"has-text-align-left\">Erkundigen Sie sich nach unseren Dienstleistungen f\u00fcr Privatk\u00f6che, feinen Men\u00fcs und individuellen kulinarischen Erlebnissen.<\/p>\n\n\n\n<div style=\"height:7px\" aria-hidden=\"true\" class=\"wp-block-spacer\"><\/div>\n\n\n\n<h2 class=\"wp-block-heading has-text-align-center has-kenta-primary-active-color has-text-color has-link-color wp-elements-67c8f122c7ffbf0a9e72007eb2203480\">Fr\u00fchst\u00fcck<\/h2>\n\n\n\n<div class=\"wp-block-columns is-layout-flex wp-container-core-columns-is-layout-28f84493 wp-block-columns-is-layout-flex\">\n<div class=\"wp-block-column is-layout-flow wp-block-column-is-layout-flow\">\n<ul class=\"wp-block-list\">\n<li>Knuspriges M\u00fcsli und Joghurt des Hauses<\/li>\n\n\n\n<li>Diverse dunkle und helle Brotsorten<\/li>\n\n\n\n<li>Butter, Aufstrich<\/li>\n\n\n\n<li>gekochte Eier<\/li>\n\n\n\n<li>Schinken, Putenschnitzel, K\u00e4se<\/li>\n\n\n\n<li>Tomaten, Gurken, Paprika und Kopfsalat<\/li>\n\n\n\n<li>Brotk\u00e4se<\/li>\n\n\n\n<li>Sortiertes Obst<\/li>\n\n\n\n<li>Milch, frischer Saft und hausgemachter Preiselbeersaft<\/li>\n\n\n\n<li>Kaffee, Tee, Zucker,<\/li>\n\n\n\n<li>kleine S\u00fc\u00dfigkeiten<\/li>\n<\/ul>\n<\/div>\n\n\n\n<div class=\"wp-block-column is-layout-flow wp-block-column-is-layout-flow\">\n<figure class=\"wp-block-image\"><img decoding=\"async\" src=\"https:\/\/lh7-rt.googleusercontent.com\/slidesz\/AGV_vUfyiwscJd-SlWY8NpwhuhyR7e0oLg3UFZ4uGgzSJ8y8PQiZ6bJgbVU3KflhIi8hdFn60tLchT62TYL9Pb5fhPfhsn9hv9TBoZadsZkf5kXIuOYdWllq91NQ-44cbvrv3uB-hY87RA=s2048?key=l-Xxc9x5bqX9B7YtcwjZl2nM\" alt=\"\"\/><\/figure>\n<\/div>\n<\/div>\n\n\n\n<div style=\"height:7px\" aria-hidden=\"true\" class=\"wp-block-spacer\"><\/div>\n\n\n\n<h2 class=\"wp-block-heading has-text-align-center has-kenta-primary-active-color has-text-color has-link-color wp-elements-26d0daed54326faa430bc9381e0affbe\">Mittagessen\/Abendessen<\/h2>\n\n\n\n<div class=\"wp-block-columns is-layout-flex wp-container-core-columns-is-layout-28f84493 wp-block-columns-is-layout-flex\">\n<div class=\"wp-block-column is-layout-flow wp-block-column-is-layout-flow\">\n<figure class=\"wp-block-image\"><img decoding=\"async\" src=\"https:\/\/lh7-rt.googleusercontent.com\/slidesz\/AGV_vUe1Dh83YOob8LuU0EtmY_FqSNXbQbh-56-4_-LcrZYrujRsw7qeIZnWRo6lU7oTuBMRngm-bh6Gv4p66IwFus11tbvqf5rHCO9U7hWqEwvOrlpqcwBHZGkJ2a1F12L5jRUz7DOnRA=s2048?key=l-Xxc9x5bqX9B7YtcwjZl2nM\" alt=\"\"\/><\/figure>\n<\/div>\n\n\n\n<div class=\"wp-block-column is-layout-flow wp-block-column-is-layout-flow\">\n<ul class=\"wp-block-list\">\n<li>Cremige Lachssuppe&nbsp;<\/li>\n\n\n\n<li>Rentierfleischsuppe&nbsp;<\/li>\n\n\n\n<li>Waldpilzsuppe&nbsp;<\/li>\n\n\n\n<li>Die Versuchung des Schinkens&nbsp;<\/li>\n\n\n\n<li>Die Versuchung des Lachses&nbsp;<\/li>\n\n\n\n<li>Ger\u00e4uchertes Rentier - eine Versuchung&nbsp;<\/li>\n\n\n\n<li>Lasagne&nbsp;<\/li>\n\n\n\n<li>Fisch des Tages, Hauspilzeintopf und&nbsp;<\/li>\n\n\n\n<li>Kr\u00e4uter-Kartoffelp\u00fcree&nbsp;<\/li>\n\n\n\n<li>Schweinefilet mit cremiger Wiskysauce,&nbsp;<\/li>\n\n\n\n<li>R\u00f6stikartoffeln&nbsp;<\/li>\n\n\n\n<li>Rentierbraten, Kartoffelp\u00fcree, Haus&nbsp;<\/li>\n\n\n\n<li>Preiselbeermarmelade und Essiggurken&nbsp;<\/li>\n<\/ul>\n\n\n\n<p>Aura-K\u00e4se-H\u00e4hnchen, Sahnekartoffeln&nbsp;&nbsp;<\/p>\n<\/div>\n<\/div>\n\n\n\n<div style=\"height:7px\" aria-hidden=\"true\" class=\"wp-block-spacer\"><\/div>\n\n\n\n<h2 class=\"wp-block-heading has-text-align-center has-kenta-primary-active-color has-text-color has-link-color wp-elements-494c9438156552194872c7dee13b904c\">3-G\u00e4nge-Abendessen<\/h2>\n\n\n\n<div class=\"wp-block-columns is-layout-flex wp-container-core-columns-is-layout-28f84493 wp-block-columns-is-layout-flex\">\n<div class=\"wp-block-column is-layout-flow wp-block-column-is-layout-flow\">\n<ul class=\"wp-block-list\">\n<li>Rentierbraten, Fichtenmayonnaise, Champignons&nbsp;<\/li>\n\n\n\n<li>Langgezogene Rinderbrust mit R\u00f6stikartoffeln&nbsp;<\/li>\n\n\n\n<li>Creme Brulee und hausgemachtes Preiselbeerkompott&nbsp;<\/li>\n<\/ul>\n\n\n\n<ul class=\"wp-block-list\">\n<li>Samtige Waldpilzsuppe&nbsp;<\/li>\n\n\n\n<li>Rentier-Roastbeef, Stockkartoffelkuchen und&nbsp;<\/li>\n\n\n\n<li>dunkle Preiselbeersauce&nbsp;<\/li>\n\n\n\n<li>Hillapannacotta&nbsp;<\/li>\n<\/ul>\n\n\n\n<ul class=\"wp-block-list\">\n<li>Kalt ger\u00e4ucherte Flusskrebse, Dillsauce und&nbsp;<\/li>\n\n\n\n<li>Fenchel mit Fichtensprossen,&nbsp;<\/li>\n\n\n\n<li>H\u00e4hnchen in Knoblauchbutter gebraten&nbsp;<\/li>\n\n\n\n<li>Mousse von wei\u00dfer Schokolade mit Marmelade &nbsp;<\/li>\n<\/ul>\n<\/div>\n\n\n\n<div class=\"wp-block-column is-layout-flow wp-block-column-is-layout-flow\">\n<figure class=\"wp-block-image\"><img decoding=\"async\" src=\"https:\/\/lh7-rt.googleusercontent.com\/slidesz\/AGV_vUcXMgskf2siwuJoTZfYkNV-TyP3usZ2WbC4p-sbB68Ddq3rxpr2-cpLPg7qKeeLHuWx3Mn5A2Dbpyh06xzK2XxcPJdR5aLtMUnWO7K_izNXtIZEFvHjYjCJsv61HyMDLOSiBe7QlA=s2048?key=l-Xxc9x5bqX9B7YtcwjZl2nM\" alt=\"\"\/><\/figure>\n<\/div>\n<\/div>","protected":false},"excerpt":{"rendered":"<p>CATERING SERVICES Curious about the idea of a holiday without the pressure of cooking or even grocery shopping? Or would it simply be lovely to enjoy someone else&#8217;s food for a night? Order food from us directly to your location\u2014ready-made meals or grocery shopping services. We offer both traditional and modern options in food, service, [&hellip;]<\/p>\n","protected":false},"author":1,"featured_media":0,"parent":0,"menu_order":0,"comment_status":"closed","ping_status":"closed","template":"","meta":{"_seopress_robots_primary_cat":"","_seopress_titles_title":"","_seopress_titles_desc":"","_seopress_robots_index":"","site-container-style":"default","site-container-layout":"default","site-sidebar-layout":"default","site-transparent-header":"default","disable-article-header":"default","disable-site-header":"default","disable-site-footer":"default","disable-content-area-spacing":"default","footnotes":""},"class_list":["post-619","page","type-page","status-publish","hentry"],"_links":{"self":[{"href":"https:\/\/paadarauroravillas.com\/de\/wp-json\/wp\/v2\/pages\/619","targetHints":{"allow":["GET"]}}],"collection":[{"href":"https:\/\/paadarauroravillas.com\/de\/wp-json\/wp\/v2\/pages"}],"about":[{"href":"https:\/\/paadarauroravillas.com\/de\/wp-json\/wp\/v2\/types\/page"}],"author":[{"embeddable":true,"href":"https:\/\/paadarauroravillas.com\/de\/wp-json\/wp\/v2\/users\/1"}],"replies":[{"embeddable":true,"href":"https:\/\/paadarauroravillas.com\/de\/wp-json\/wp\/v2\/comments?post=619"}],"version-history":[{"count":3,"href":"https:\/\/paadarauroravillas.com\/de\/wp-json\/wp\/v2\/pages\/619\/revisions"}],"predecessor-version":[{"id":667,"href":"https:\/\/paadarauroravillas.com\/de\/wp-json\/wp\/v2\/pages\/619\/revisions\/667"}],"wp:attachment":[{"href":"https:\/\/paadarauroravillas.com\/de\/wp-json\/wp\/v2\/media?parent=619"}],"curies":[{"name":"wp","href":"https:\/\/api.w.org\/{rel}","templated":true}]}}