{"id":590,"date":"2025-04-16T13:08:02","date_gmt":"2025-04-16T13:08:02","guid":{"rendered":"https:\/\/paadarauroravillas.com\/?page_id=590"},"modified":"2025-04-16T13:08:03","modified_gmt":"2025-04-16T13:08:03","slug":"ein-tag-im-leben-eines-rentierzuchters","status":"publish","type":"page","link":"https:\/\/paadarauroravillas.com\/de\/a-day-in-the-life-of-a-reindeer-herder\/","title":{"rendered":"EIN TAG IM LEBEN EINES RENTIERZ\u00dcCHTERS"},"content":{"rendered":"<div style=\"height:17px\" aria-hidden=\"true\" class=\"wp-block-spacer\"><\/div>\n\n\n\n<h2 class=\"wp-block-heading has-kenta-primary-color has-text-color has-link-color wp-elements-248be9fe453657ff235b87b07da5d0f3\">EIN TAG IM LEBEN EINES RENTIERZ\u00dcCHTERS<\/h2>\n\n\n\n<p class=\"has-text-color has-link-color wp-elements-30fc74e88c64f636dbc199cb25303f6b\" style=\"color:#fffefe\"><strong>Auf Anfrage<\/strong><\/p>\n\n\n\n<p class=\"has-text-color has-link-color wp-elements-bd834e918aa841f92a82645af41c58b1\" style=\"color:#fffefe\"><strong>Erleben Sie das t\u00e4gliche Leben eines Rentierz\u00fcchters:<\/strong> Tauchen Sie ein in das authentische Leben eines Rentierz\u00fcchters, indem Sie an einer Rentierf\u00fctterung in der Wildnis teilnehmen. Der Ausflug beginnt mit einer kurzen Autofahrt zur Farm und geht weiter mit einer Schneemobil-Schlittenfahrt zur Rentierherde. Der Hirte f\u00e4hrt den Motorschlitten, w\u00e4hrend Sie die Aussicht vom Schlitten aus genie\u00dfen. Die F\u00fctterung der Rentiere bietet eine perfekte Gelegenheit, diese ruhigen Tiere zu beobachten. W\u00e4hrend Sie die Rentiere beobachten, genie\u00dfen Sie eine gem\u00fctliche Kaffeepause am offenen Feuer. Dies ist eine friedliche Zeit, die die Rentiere mit den Hirten teilen - authentisches und echtes Leben!<\/p>\n\n\n\n<p class=\"has-text-color has-link-color wp-elements-16bede6f93570476b18277787054ebc0\" style=\"color:#fffefe\">Inklusive warmer Getr\u00e4nke, Kaffee oder Tee am Lagerfeuer und anderer Snacks.<\/p>\n\n\n\n<ul class=\"wp-block-list\">\n<li class=\"has-kenta-primary-active-color has-text-color has-link-color wp-elements-e5998741592f615ccf6ba10a1f40f7c8\"><strong>Dauer:<\/strong> 3 Stunden<\/li>\n<\/ul>\n\n\n\n<ul class=\"wp-block-list\">\n<li class=\"has-kenta-primary-active-color has-text-color has-link-color wp-elements-4ed3ed2af5ef64801d8e9db39437561f\"><strong>Preis:<\/strong> 200 \u20ac pro Person (mindestens 2 Personen)<\/li>\n<\/ul>\n\n\n\n<ul class=\"wp-block-list\">\n<li class=\"has-kenta-primary-active-color has-text-color has-link-color wp-elements-71b46b2ed6ad09c9f82cdb32edd71dc3\"><a href=\"https:\/\/paadarauroravillas.com\/de\/varausehdot\/\">Buchungs- und Stornierungsbedingungen<\/a><\/li>\n<\/ul>\n\n\n\n<div class=\"wp-block-columns is-layout-flex wp-container-core-columns-is-layout-28f84493 wp-block-columns-is-layout-flex\">\n<div class=\"wp-block-column is-layout-flow wp-block-column-is-layout-flow\">\n<figure class=\"wp-block-image\"><img decoding=\"async\" src=\"https:\/\/lh7-rt.googleusercontent.com\/docsz\/AD_4nXeRhTGVbn-_S-uQsX4CHhUAfQUYu8zVr8tMobp5_j9Ljc20NbJ1_VVXQjz0dRyFdKTWZPexTxPqoxWODl_6RljKvY-_ji2OHoC8Yp0KzjepKQeJFt2luqpx46pzgjrmMYrpi8oqaw?key=UuR9w2vYqIiEYx13kPdF6NWl\" alt=\"Ein Rentier mit Geweih im SchneeAI-generierte Inhalte k\u00f6nnen falsch sein.\"\/><\/figure>\n<\/div>\n\n\n\n<div class=\"wp-block-column is-layout-flow wp-block-column-is-layout-flow\">\n<figure class=\"wp-block-image\"><img decoding=\"async\" src=\"https:\/\/lh7-rt.googleusercontent.com\/docsz\/AD_4nXcbKLpeIS6pmJfM1JCesC86lnFAG4TnlGdV0xNAbPh-8rcWy-cM90QPG68REJuCF7pU6WqMEfzw_6gvxS7edySE6ODyCfwT8AbgzjPQtUbivSiYMvAx0Wv96nF5dUybcwen-O72?key=UuR9w2vYqIiEYx13kPdF6NWl\" alt=\"Ein Kind, das neben einem Rentier steht - von der KI erstellte Inhalte k\u00f6nnen falsch sein.\"\/><\/figure>\n<\/div>\n<\/div>\n\n\n\n<p><\/p>","protected":false},"excerpt":{"rendered":"<p>A DAY IN THE LIFE OF A REINDEER HERDER By request Experience the daily life of a reindeer herder: Immerse yourself in the authentic life of a reindeer herder by participating in reindeer feeding in the wilderness. The trip begins with a short car ride to the farm and continues with a snowmobile sleigh ride [&hellip;]<\/p>\n","protected":false},"author":1,"featured_media":0,"parent":0,"menu_order":0,"comment_status":"closed","ping_status":"closed","template":"","meta":{"_seopress_robots_primary_cat":"","_seopress_titles_title":"","_seopress_titles_desc":"","_seopress_robots_index":"","_seopress_analysis_target_kw":"","site-container-style":"default","site-container-layout":"default","site-sidebar-layout":"default","site-transparent-header":"default","disable-article-header":"default","disable-site-header":"default","disable-site-footer":"default","disable-content-area-spacing":"default","footnotes":""},"class_list":["post-590","page","type-page","status-publish","hentry"],"_links":{"self":[{"href":"https:\/\/paadarauroravillas.com\/de\/wp-json\/wp\/v2\/pages\/590","targetHints":{"allow":["GET"]}}],"collection":[{"href":"https:\/\/paadarauroravillas.com\/de\/wp-json\/wp\/v2\/pages"}],"about":[{"href":"https:\/\/paadarauroravillas.com\/de\/wp-json\/wp\/v2\/types\/page"}],"author":[{"embeddable":true,"href":"https:\/\/paadarauroravillas.com\/de\/wp-json\/wp\/v2\/users\/1"}],"replies":[{"embeddable":true,"href":"https:\/\/paadarauroravillas.com\/de\/wp-json\/wp\/v2\/comments?post=590"}],"version-history":[{"count":1,"href":"https:\/\/paadarauroravillas.com\/de\/wp-json\/wp\/v2\/pages\/590\/revisions"}],"predecessor-version":[{"id":593,"href":"https:\/\/paadarauroravillas.com\/de\/wp-json\/wp\/v2\/pages\/590\/revisions\/593"}],"wp:attachment":[{"href":"https:\/\/paadarauroravillas.com\/de\/wp-json\/wp\/v2\/media?parent=590"}],"curies":[{"name":"wp","href":"https:\/\/api.w.org\/{rel}","templated":true}]}}