{"id":582,"date":"2025-04-16T12:54:46","date_gmt":"2025-04-16T12:54:46","guid":{"rendered":"https:\/\/paadarauroravillas.com\/?page_id=582"},"modified":"2025-04-16T12:54:47","modified_gmt":"2025-04-16T12:54:47","slug":"schneemobil-safari","status":"publish","type":"page","link":"https:\/\/paadarauroravillas.com\/de\/snowmobile-safari\/","title":{"rendered":"SCHNEEMOBIL-SAFARI"},"content":{"rendered":"<div style=\"height:17px\" aria-hidden=\"true\" class=\"wp-block-spacer\"><\/div>\n\n\n\n<h2 class=\"wp-block-heading has-kenta-primary-color has-text-color has-link-color wp-elements-05744781cc9751465b0c5468fe9e3cf7\">SCHNEEMOBIL-SAFARI<\/h2>\n\n\n\n<p class=\"has-text-color has-link-color wp-elements-30fc74e88c64f636dbc199cb25303f6b\" style=\"color:#fffefe\"><strong>Auf Anfrage<\/strong><\/p>\n\n\n\n<p class=\"has-text-color has-link-color wp-elements-ce6dc89e89eee2e53d25761759a5133f\" style=\"color:#fffefe\">Eine Schneemobilsafari, bei der Sie die Grundlagen in der Winterlandschaft erlernen. Nach einer anf\u00e4nglichen Einf\u00fchrung machen wir uns auf, um die verschneite Landschaft zu erkunden. W\u00e4hrend der Fahrt genie\u00dfen wir ein warmes Getr\u00e4nk.<\/p>\n\n\n\n<ul class=\"wp-block-list\">\n<li class=\"has-kenta-primary-active-color has-text-color has-link-color wp-elements-5736dfa9f799291e50209569cbdf048c\"><strong>Abfahrtszeit:<\/strong> 13:00 Uhr (zwischen 1. Dezember und 15. April)<\/li>\n<\/ul>\n\n\n\n<ul class=\"wp-block-list\">\n<li class=\"has-kenta-primary-active-color has-text-color has-link-color wp-elements-e0fabb97be9a35735cd15c18cebb3648\">Wenn das Wetter es zul\u00e4sst. <\/li>\n<\/ul>\n\n\n\n<ul class=\"wp-block-list\">\n<li class=\"has-kenta-primary-active-color has-text-color has-link-color wp-elements-501e78415d84c7a694395261755587ed\"><strong>Dauer:<\/strong> 2<\/li>\n<\/ul>\n\n\n\n<ul class=\"wp-block-list\">\n<li class=\"has-kenta-primary-active-color has-text-color has-link-color wp-elements-0cb66c8de2448fbefece4b5833b41ca7\"><strong>Preis:<\/strong> 200 \u20ac pro Person (2 Personen pro Motorschlitten) und 230 \u20ac pro Person (1 Person pro Motorschlitten).<\/li>\n<\/ul>\n\n\n\n<ul class=\"wp-block-list\">\n<li class=\"has-kenta-primary-active-color has-text-color has-link-color wp-elements-71b46b2ed6ad09c9f82cdb32edd71dc3\"><a href=\"https:\/\/paadarauroravillas.com\/de\/varausehdot\/\">Buchungs- und Stornierungsbedingungen<\/a><\/li>\n<\/ul>\n\n\n\n<div class=\"wp-block-columns is-layout-flex wp-container-core-columns-is-layout-28f84493 wp-block-columns-is-layout-flex\">\n<div class=\"wp-block-column is-layout-flow wp-block-column-is-layout-flow\">\n<figure class=\"wp-block-image\"><img decoding=\"async\" src=\"https:\/\/lh7-rt.googleusercontent.com\/docsz\/AD_4nXeCFgXKGQvNV1fjAACQoS_LZnonxIauqAdrpzaEbSR_BRLWICwDcJcLDMMS-6sLtvFEx4U_QwQH9_zrCdpPE3eYfalUXpt014dmB9MCpx8fGklUYOHOauA9r7w0bmulB1cnEyfYkw?key=UuR9w2vYqIiEYx13kPdF6NWl\" alt=\"Eine Person, die neben einem Schneemobil kniet, kann mit Hilfe von KI generierte Inhalte falsch darstellen.\"\/><\/figure>\n<\/div>\n\n\n\n<div class=\"wp-block-column is-layout-flow wp-block-column-is-layout-flow\">\n<figure class=\"wp-block-image\"><img decoding=\"async\" src=\"https:\/\/lh7-rt.googleusercontent.com\/docsz\/AD_4nXf6TnhNZrNDqDlH9wr4N9ECTGpMVlR6DCn78yBtbuJk5eGWpsksSLH5Cfoj9scdpt26KNBBJEKec19hnOhP8SvMpxcC10_8ru6ACcb5IBfbYrR-iuk4VPtrcYTE2bUjlTEGPKrQnA?key=UuR9w2vYqIiEYx13kPdF6NWl\" alt=\"Eine Person auf einem Schneemobil - von der KI generierte Inhalte k\u00f6nnen falsch sein.\"\/><\/figure>\n<\/div>\n<\/div>\n\n\n\n<p><\/p>","protected":false},"excerpt":{"rendered":"<p>SNOWMOBILE SAFARI By request A snowmobile safari where you learn the basics in winter landscapes. After an initial introduction, we head out to explore the snowy scenery. During the trip, we enjoy a warm beverage.<\/p>","protected":false},"author":1,"featured_media":0,"parent":0,"menu_order":0,"comment_status":"closed","ping_status":"closed","template":"","meta":{"_seopress_robots_primary_cat":"","_seopress_titles_title":"","_seopress_titles_desc":"","_seopress_robots_index":"","site-container-style":"default","site-container-layout":"default","site-sidebar-layout":"default","site-transparent-header":"default","disable-article-header":"default","disable-site-header":"default","disable-site-footer":"default","disable-content-area-spacing":"default","footnotes":""},"class_list":["post-582","page","type-page","status-publish","hentry"],"_links":{"self":[{"href":"https:\/\/paadarauroravillas.com\/de\/wp-json\/wp\/v2\/pages\/582","targetHints":{"allow":["GET"]}}],"collection":[{"href":"https:\/\/paadarauroravillas.com\/de\/wp-json\/wp\/v2\/pages"}],"about":[{"href":"https:\/\/paadarauroravillas.com\/de\/wp-json\/wp\/v2\/types\/page"}],"author":[{"embeddable":true,"href":"https:\/\/paadarauroravillas.com\/de\/wp-json\/wp\/v2\/users\/1"}],"replies":[{"embeddable":true,"href":"https:\/\/paadarauroravillas.com\/de\/wp-json\/wp\/v2\/comments?post=582"}],"version-history":[{"count":1,"href":"https:\/\/paadarauroravillas.com\/de\/wp-json\/wp\/v2\/pages\/582\/revisions"}],"predecessor-version":[{"id":585,"href":"https:\/\/paadarauroravillas.com\/de\/wp-json\/wp\/v2\/pages\/582\/revisions\/585"}],"wp:attachment":[{"href":"https:\/\/paadarauroravillas.com\/de\/wp-json\/wp\/v2\/media?parent=582"}],"curies":[{"name":"wp","href":"https:\/\/api.w.org\/{rel}","templated":true}]}}