{"id":579,"date":"2025-04-16T13:11:35","date_gmt":"2025-04-16T13:11:35","guid":{"rendered":"https:\/\/paadarauroravillas.com\/?page_id=579"},"modified":"2025-04-23T06:21:18","modified_gmt":"2025-04-23T06:21:18","slug":"winteraktivitaten","status":"publish","type":"page","link":"https:\/\/paadarauroravillas.com\/de\/winter-activities\/","title":{"rendered":"Aktivit\u00e4ten im Winter"},"content":{"rendered":"<p><\/p>\n\n\n\n\n\n\n\n\n\n<div class=\"wp-block-kenta-blocks-group kb-group-d6d46ad5 kb-group\"><div class=\"kb-group-inner-container\">\n<p class=\"has-text-align-center has-kenta-primary-color has-text-color has-link-color wp-elements-1562073af028c556a7e5f32d3c0a9cab\" style=\"margin-top:0;margin-bottom:0;font-style:normal;font-weight:700;text-transform:uppercase\">Was wir tun<\/p>\n\n\n\n<h2 class=\"wp-block-heading has-text-align-center has-kenta-font-large-font-size\" style=\"margin-top:0;margin-bottom:0\">WINTERAKTIVIT\u00c4TEN<\/h2>\n\n\n\n<div class=\"wp-block-columns is-layout-flex wp-container-core-columns-is-layout-f196b389 wp-block-columns-is-layout-flex\" style=\"margin-top:0;margin-bottom:0;padding-top:var(--wp--preset--spacing--50);padding-bottom:var(--wp--preset--spacing--50)\">\n<div class=\"wp-block-column has-border-color has-kenta-base-200-border-color is-layout-flow wp-block-column-is-layout-flow\">\n<div class=\"wp-block-group has-kenta-base-background-color has-background has-global-padding is-layout-constrained wp-block-group-is-layout-constrained\" style=\"border-radius:24px\">\n<figure class=\"wp-block-image\"><img decoding=\"async\" src=\"https:\/\/lh7-rt.googleusercontent.com\/docsz\/AD_4nXeCFgXKGQvNV1fjAACQoS_LZnonxIauqAdrpzaEbSR_BRLWICwDcJcLDMMS-6sLtvFEx4U_QwQH9_zrCdpPE3eYfalUXpt014dmB9MCpx8fGklUYOHOauA9r7w0bmulB1cnEyfYkw?key=UuR9w2vYqIiEYx13kPdF6NWl\" alt=\"Eine Person, die neben einem Schneemobil kniet, kann mit Hilfe von KI generierte Inhalte falsch darstellen.\"\/><\/figure>\n\n\n\n<div class=\"wp-block-group has-global-padding is-layout-constrained wp-container-core-group-is-layout-c7e4baee wp-block-group-is-layout-constrained\" style=\"padding-top:0;padding-right:var(--wp--preset--spacing--50);padding-bottom:var(--wp--preset--spacing--50);padding-left:var(--wp--preset--spacing--50)\">\n<h3 class=\"wp-block-heading has-kenta-font-medium-font-size\" style=\"margin-top:0;margin-bottom:0\"><strong>SCHNEEMOBIL-SAFARI<\/strong><\/h3>\n\n\n\n<p>Eine Schneemobilsafari, bei der Sie die Grundlagen in der Winterlandschaft erlernen. Nach einer anf\u00e4nglichen Einf\u00fchrung machen wir uns auf, um die verschneite Landschaft zu erkunden. W\u00e4hrend der Fahrt genie\u00dfen wir ein warmes Getr\u00e4nk.<\/p>\n\n\n\n<p><a href=\"https:\/\/paadarauroravillas.com\/de\/schneemobil-safari\/\">Mehr lesen \u2192<\/a><\/p>\n<\/div>\n<\/div>\n<\/div>\n\n\n\n<div class=\"wp-block-column has-border-color has-kenta-base-200-border-color is-layout-flow wp-block-column-is-layout-flow\">\n<div class=\"wp-block-group has-kenta-base-background-color has-background has-global-padding is-layout-constrained wp-block-group-is-layout-constrained\" style=\"border-radius:24px\">\n<figure class=\"wp-block-image\"><img decoding=\"async\" src=\"https:\/\/lh7-rt.googleusercontent.com\/docsz\/AD_4nXeLSG6njV_vClGv74pFkzIBR9jOE2avnSudy1tojQSTkq42jo_mchKqEK1EhbxZZf0CpYthp81j7fYcjVxwZa_qR3QKlPM_A-MZ68D_RX6hhu81FS0xwR0QDHvKJ9Xn_A3tQ1yFig?key=UuR9w2vYqIiEYx13kPdF6NWl\" alt=\"Eine Person h\u00e4lt einen Fisch in die Luft KI-generierte Inhalte k\u00f6nnen falsch sein.\"\/><\/figure>\n\n\n\n<div class=\"wp-block-group has-global-padding is-layout-constrained wp-container-core-group-is-layout-c7e4baee wp-block-group-is-layout-constrained\" style=\"padding-top:0;padding-right:var(--wp--preset--spacing--50);padding-bottom:var(--wp--preset--spacing--50);padding-left:var(--wp--preset--spacing--50)\">\n<h3 class=\"wp-block-heading has-kenta-font-medium-font-size\" style=\"margin-top:0;margin-bottom:0\"><strong>ARKTISCHE ANGELTOUR<\/strong><\/h3>\n\n\n\n<p>Genie\u00dfen Sie einen unterhaltsamen Tag in Paattari, nur zehn Minuten n\u00f6rdlich von Villa Paadari, wo Sie die Grundlagen des traditionellen Eisfischens erlernen und eine k\u00f6stliche Mahlzeit genie\u00dfen k\u00f6nnen!<\/p>\n\n\n\n<p><a href=\"https:\/\/paadarauroravillas.com\/de\/mitternachts-bootsfahrt\/\">Mehr lesen \u2192<\/a><\/p>\n<\/div>\n<\/div>\n<\/div>\n<\/div>\n\n\n\n<div class=\"wp-block-columns is-layout-flex wp-container-core-columns-is-layout-f196b389 wp-block-columns-is-layout-flex\" style=\"margin-top:0;margin-bottom:0;padding-top:var(--wp--preset--spacing--50);padding-bottom:var(--wp--preset--spacing--50)\">\n<div class=\"wp-block-column has-border-color has-kenta-base-200-border-color is-layout-flow wp-block-column-is-layout-flow\">\n<div class=\"wp-block-group has-kenta-base-background-color has-background has-global-padding is-layout-constrained wp-block-group-is-layout-constrained\" style=\"border-radius:24px\">\n<figure class=\"wp-block-image\"><img decoding=\"async\" src=\"https:\/\/lh7-rt.googleusercontent.com\/docsz\/AD_4nXeRhTGVbn-_S-uQsX4CHhUAfQUYu8zVr8tMobp5_j9Ljc20NbJ1_VVXQjz0dRyFdKTWZPexTxPqoxWODl_6RljKvY-_ji2OHoC8Yp0KzjepKQeJFt2luqpx46pzgjrmMYrpi8oqaw?key=UuR9w2vYqIiEYx13kPdF6NWl\" alt=\"Ein Rentier mit Geweih im SchneeAI-generierte Inhalte k\u00f6nnen falsch sein.\"\/><\/figure>\n\n\n\n<div class=\"wp-block-group has-global-padding is-layout-constrained wp-container-core-group-is-layout-c7e4baee wp-block-group-is-layout-constrained\" style=\"padding-top:0;padding-right:var(--wp--preset--spacing--50);padding-bottom:var(--wp--preset--spacing--50);padding-left:var(--wp--preset--spacing--50)\">\n<h3 class=\"wp-block-heading has-kenta-font-medium-font-size\" style=\"margin-top:0;margin-bottom:0\"><strong>EIN TAG IM LEBEN EINES RENTIERZ\u00dcCHTERS<\/strong><\/h3>\n\n\n\n<p><strong>Erleben Sie das t\u00e4gliche Leben eines Rentierz\u00fcchters:<\/strong> Tauchen Sie ein in das authentische Leben eines Rentierz\u00fcchters, indem Sie an einer Rentierf\u00fctterung in der Wildnis teilnehmen.<\/p>\n\n\n\n<p><a href=\"https:\/\/paadarauroravillas.com\/de\/ein-tag-im-leben-eines-rentierzuchters\/\">Mehr lesen \u2192<\/a><\/p>\n<\/div>\n<\/div>\n<\/div>\n\n\n\n<div class=\"wp-block-column has-border-color has-kenta-base-200-border-color is-layout-flow wp-block-column-is-layout-flow\">\n<div class=\"wp-block-group has-kenta-base-background-color has-background has-global-padding is-layout-constrained wp-block-group-is-layout-constrained\" style=\"border-radius:24px\">\n<figure class=\"wp-block-image\"><img decoding=\"async\" src=\"https:\/\/lh7-rt.googleusercontent.com\/docsz\/AD_4nXff8SWlvXW1n4Kb-NM_Hl4ojeBmLyelvTNSGmQsp5wlohoyZUArzfJxaC5NRZ5BT1TP7Navek-fici1Q8kFPh2zGwZm8_fqRRSs-o6AtXrlqR80Ekse3VLYFZf-R3t-8xKjw186tA?key=UuR9w2vYqIiEYx13kPdF6NWl\" alt=\"Eine Person, die im Schnee spazieren gehtAI-generierte Inhalte k\u00f6nnen falsch sein.\"\/><\/figure>\n\n\n\n<div class=\"wp-block-group has-global-padding is-layout-constrained wp-container-core-group-is-layout-c7e4baee wp-block-group-is-layout-constrained\" style=\"padding-top:0;padding-right:var(--wp--preset--spacing--50);padding-bottom:var(--wp--preset--spacing--50);padding-left:var(--wp--preset--spacing--50)\">\n<h3 class=\"wp-block-heading has-kenta-font-medium-font-size\" style=\"margin-top:0;margin-bottom:0\"><strong>SCHNEESCHUHABENTEUER<\/strong><\/h3>\n\n\n\n<p>Abenteuer - Erleben Sie den Zauber des Winters und die Geheimnisse der Fischernetze!<\/p>\n\n\n\n<p><a href=\"https:\/\/paadarauroravillas.com\/de\/schneeschuhabenteuer\/\">Mehr lesen \u2192<\/a><\/p>\n<\/div>\n<\/div>\n<\/div>\n<\/div>\n\n\n\n<div class=\"wp-block-columns is-layout-flex wp-container-core-columns-is-layout-f196b389 wp-block-columns-is-layout-flex\" style=\"margin-top:0;margin-bottom:0;padding-top:var(--wp--preset--spacing--50);padding-bottom:var(--wp--preset--spacing--50)\">\n<div class=\"wp-block-column has-border-color has-kenta-base-200-border-color is-layout-flow wp-block-column-is-layout-flow\">\n<div class=\"wp-block-group has-kenta-base-background-color has-background has-global-padding is-layout-constrained wp-block-group-is-layout-constrained\" style=\"border-radius:24px\">\n<figure class=\"wp-block-image size-large\"><img loading=\"lazy\" decoding=\"async\" width=\"1024\" height=\"768\" src=\"https:\/\/paadarauroravillas.com\/wp-content\/uploads\/2025\/04\/IMG-20240416-WA0004-1-1024x768.jpg\" alt=\"\" class=\"wp-image-645\" srcset=\"https:\/\/paadarauroravillas.com\/wp-content\/uploads\/2025\/04\/IMG-20240416-WA0004-1-1024x768.jpg 1024w, https:\/\/paadarauroravillas.com\/wp-content\/uploads\/2025\/04\/IMG-20240416-WA0004-1-300x225.jpg 300w, https:\/\/paadarauroravillas.com\/wp-content\/uploads\/2025\/04\/IMG-20240416-WA0004-1-768x576.jpg 768w, https:\/\/paadarauroravillas.com\/wp-content\/uploads\/2025\/04\/IMG-20240416-WA0004-1-1536x1152.jpg 1536w, https:\/\/paadarauroravillas.com\/wp-content\/uploads\/2025\/04\/IMG-20240416-WA0004-1-16x12.jpg 16w, https:\/\/paadarauroravillas.com\/wp-content\/uploads\/2025\/04\/IMG-20240416-WA0004-1.jpg 1600w\" sizes=\"auto, (max-width: 1024px) 100vw, 1024px\" \/><\/figure>\n\n\n\n<div class=\"wp-block-group has-global-padding is-layout-constrained wp-container-core-group-is-layout-c7e4baee wp-block-group-is-layout-constrained\" style=\"padding-top:0;padding-right:var(--wp--preset--spacing--50);padding-bottom:var(--wp--preset--spacing--50);padding-left:var(--wp--preset--spacing--50)\">\n<h3 class=\"wp-block-heading has-kenta-font-medium-font-size\" style=\"margin-top:0;margin-bottom:0\"><strong>Husky-Safari<\/strong><\/h3>\n\n\n\n<p><strong>Erleben Sie die Husky-Safari:<\/strong> Dieses Programm, das f\u00fcr Familien mit Kindern geeignet ist, beginnt mit Fahrstunden, nach denen Sie lernen, wie Sie selbst einen Hundeschlitten sicher lenken k\u00f6nnen.<\/p>\n\n\n\n<p><a href=\"https:\/\/paadarauroravillas.com\/de\/husky-safari\/\">Mehr lesen \u2192<\/a><\/p>\n<\/div>\n<\/div>\n<\/div>\n\n\n\n<div class=\"wp-block-column has-border-color has-kenta-base-200-border-color is-layout-flow wp-block-column-is-layout-flow\"><\/div>\n<\/div>\n<\/div><\/div>\n\n\n\n<p><\/p>","protected":false},"excerpt":{"rendered":"","protected":false},"author":1,"featured_media":0,"parent":0,"menu_order":0,"comment_status":"closed","ping_status":"closed","template":"","meta":{"_seopress_robots_primary_cat":"","_seopress_titles_title":"Paadar Aurora Villas Winter Activities","_seopress_titles_desc":"Paadar Aurora Villas Winter Activities","_seopress_robots_index":"","site-container-style":"default","site-container-layout":"default","site-sidebar-layout":"default","site-transparent-header":"default","disable-article-header":"default","disable-site-header":"default","disable-site-footer":"default","disable-content-area-spacing":"default","footnotes":""},"class_list":["post-579","page","type-page","status-publish","hentry"],"_links":{"self":[{"href":"https:\/\/paadarauroravillas.com\/de\/wp-json\/wp\/v2\/pages\/579","targetHints":{"allow":["GET"]}}],"collection":[{"href":"https:\/\/paadarauroravillas.com\/de\/wp-json\/wp\/v2\/pages"}],"about":[{"href":"https:\/\/paadarauroravillas.com\/de\/wp-json\/wp\/v2\/types\/page"}],"author":[{"embeddable":true,"href":"https:\/\/paadarauroravillas.com\/de\/wp-json\/wp\/v2\/users\/1"}],"replies":[{"embeddable":true,"href":"https:\/\/paadarauroravillas.com\/de\/wp-json\/wp\/v2\/comments?post=579"}],"version-history":[{"count":4,"href":"https:\/\/paadarauroravillas.com\/de\/wp-json\/wp\/v2\/pages\/579\/revisions"}],"predecessor-version":[{"id":668,"href":"https:\/\/paadarauroravillas.com\/de\/wp-json\/wp\/v2\/pages\/579\/revisions\/668"}],"wp:attachment":[{"href":"https:\/\/paadarauroravillas.com\/de\/wp-json\/wp\/v2\/media?parent=579"}],"curies":[{"name":"wp","href":"https:\/\/api.w.org\/{rel}","templated":true}]}}