{"id":575,"date":"2025-04-16T12:48:56","date_gmt":"2025-04-16T12:48:56","guid":{"rendered":"https:\/\/paadarauroravillas.com\/?page_id=575"},"modified":"2025-04-17T10:39:47","modified_gmt":"2025-04-17T10:39:47","slug":"paadar-aurora-villen-winterprogramm","status":"publish","type":"page","link":"https:\/\/paadarauroravillas.com\/de\/paadar-aurora-villas-winter-program\/","title":{"rendered":"Paadar Aurora Villas Winter Program"},"content":{"rendered":"<h1 class=\"wp-block-heading has-kenta-primary-color has-text-color has-link-color wp-elements-6c4f803461118240a348f823274de89f\"><strong>\u00dcberblick \u00fcber das Nordlichtprogramm Paadar Aurora Villas:<\/strong><\/h1>\n\n\n\n<p>Nehmen Sie Ihre Liebsten mit auf eine romantische und aktive Auszeit vom hektischen Alltag. Erleben Sie einen einzigartigen Aufenthalt in den Paadar Aurora Villas und beobachten Sie, wie die Nordlichter \u00fcber den dunklen Himmel tanzen. Mit einer gro\u00dfen Auswahl an Aktivit\u00e4ten wie (Links) <strong>Schneemobilsafaris, der Alltag eines Rentierz\u00fcchters, Schneeschuhwandern, arktisches Eisfischen<\/strong>und Nordlichterjagd erleben Sie ein wahrhaft einzigartiges Winterwunderland in einer wundersch\u00f6nen, einzigartigen und romantischen Wildnis, wie sie nur in Finnisch-Lappland zu finden ist.<\/p>\n\n\n\n<p class=\"has-kenta-primary-active-color has-text-color has-link-color wp-elements-e52fa8fa9b02480623c7726d5f61fc4b\">Der Preis ist f\u00fcr <strong>\"<\/strong><strong>Arktische Abenteuer &amp; Nordlichter\" <\/strong>Safaris \u20ac<strong> 990 pro Person<\/strong>\u00a0je nach Verf\u00fcgbarkeit.\u00a0<\/p>\n\n\n\n<p>*Outdoor-Aktivit\u00e4ten sind wetterabh\u00e4ngig, insbesondere zu Beginn der Saison (November) und am Ende der Saison (April).<\/p>\n\n\n\n<p class=\"has-kenta-primary-active-color has-text-color has-link-color wp-elements-4ad91df2d717d001ba183f76c3970e67\"><strong>Reiseroute:<\/strong><\/p>\n\n\n\n<h2 class=\"wp-block-heading has-kenta-primary-color has-text-color has-link-color wp-elements-5b9afc6e751529abb79e55c911a544d4\"><strong>Tag 1: Willkommen in Paadar Aurora Villas<\/strong><\/h2>\n\n\n\n<p>Paadar Aurora Villen<strong>&nbsp;<\/strong>ist ein einzigartiger R\u00fcckzugsort in der Wildnis, der eine perfekte Mischung aus arktischer Natur und modernem Komfort bietet und so konzipiert ist, dass man das Nordlicht optimal beobachten kann. Die Paadar Aurora Villas bieten eine Vielzahl von Winteraktivit\u00e4ten wie Husky-Schlittenfahrten, Schneemobilfahren und Rentierreiten. Paadar Aurora Villas garantiert einen unvergesslichen Aufenthalt in Finnisch-Lappland.<\/p>\n\n\n\n<h2 class=\"wp-block-heading has-kenta-primary-color has-text-color has-link-color wp-elements-19962b6c16fd14845a4ab12fe83b8c86\"><strong>Tag 2 und weiter: Arktische Abenteuer &amp; Nordlichter<\/strong><\/h2>\n\n\n\n<p>Paadar Aurora Villas bietet eine breite Palette von Aktivit\u00e4ten wie Schneeschuhwanderungen, Eisfischen, Nordlichtjagd, Rentier- und Schneemobilsafaris. Sehen Sie sich die separate Liste der Aktivit\u00e4ten an, so dass Sie entweder im Voraus oder ein fertiges Programm wie unten w\u00e4hlen k\u00f6nnen, um sich f\u00fcr die Au\u00dfenwelt zu erholen.<\/p>\n\n\n\n<p>Der Aufenthalt in einer Paadar Aurora Villa ist eine bemerkenswerte Gelegenheit, das Nordlicht wie nie zuvor zu erleben. Die sch\u00f6nen H\u00fctten verf\u00fcgen \u00fcber eine Sauna und einen Au\u00dfenwhirlpool mit freiem Blick auf das Nordlicht durch die Fenster der Villa oder vom warmen Au\u00dfenwhirlpool aus.<\/p>\n\n\n\n<p><strong><\/strong><strong> &nbsp; <\/strong><strong>Programm Paadar Aurora Villas<\/strong><\/p>\n\n\n\n<p class=\"has-kenta-primary-active-color has-text-color has-link-color wp-elements-254c9fffa986c67720ae885536b690c1\"><strong>Wir haben f\u00fcr den Preis von \"Arctic Adventures &amp; Northern Lights\" enthalten:<\/strong><\/p>\n\n\n\n<h3 class=\"wp-block-heading has-kenta-primary-color has-text-color has-link-color wp-elements-9f2edcfcfeb4c380944f337f0437d152\"><strong>Schneemobil-Safari:<\/strong><\/h3>\n\n\n\n<p>Begeben Sie sich auf ein aufregendes Schneemobil-Abenteuer in der arktischen Wildnis! Durchqueren Sie frostbedeckte W\u00e4lder und gefrorene S\u00fcmpfe, wobei jede Jahreszeit ihren ganz eigenen Charme entfaltet. Sp\u00fcren Sie die Gelassenheit der unber\u00fchrten Landschaften Lapplands, w\u00e4hrend Sie auf verschlungenen Pfaden die Sorgen des Alltags hinter sich lassen. Dies ist eine unvergessliche Reise durch das Winterwunderland der Natur!<\/p>\n\n\n\n<h3 class=\"wp-block-heading has-kenta-primary-color has-text-color has-link-color wp-elements-a13366e95507d97089f24e0539d24128\"><strong>Das Alltagsleben eines Rentierz\u00fcchters:<\/strong><\/h3>\n\n\n\n<p>Erleben Sie den Alltag eines Rentierz\u00fcchters, indem Sie bei der F\u00fctterung seiner Rentiere in der Wildnis mitmachen. Die Tour beginnt mit einem kurzen Autotransfer zur Farm und wird mit einem Schneemobil-Schlitten zur Rentierherde fortgesetzt. Der Rentierz\u00fcchter wird das Schneemobil fahren, w\u00e4hrend Sie die Landschaft vom Schlitten aus genie\u00dfen k\u00f6nnen. Beim F\u00fcttern der Rentiere haben Sie die perfekte Gelegenheit, diese friedlichen Tiere zu beobachten. W\u00e4hrend Sie die Rentiere beobachten, genie\u00dfen Sie eine gem\u00fctliche Kaffeepause am offenen Feuer. Dies ist eine ruhige Zeit f\u00fcr Rentiere und Hirten zusammen; echtes und echtes Leben!<\/p>\n\n\n\n<h3 class=\"wp-block-heading has-kenta-primary-color has-text-color has-link-color wp-elements-ebd5b6542e0f1e265a2451486730c118\"><strong>Husky-Safari:<\/strong><\/h3>\n\n\n\n<p>Erleben Sie den Zauber Lapplands auf einer 5-10 km langen Husky-Safari! Lernen Sie die begeisterten Hunde kennen, machen Sie Fotos und erfahren Sie mehr \u00fcber ihren arktischen Lebensstil, bevor Sie von erfahrenen Mushern angeleitet werden. Dann \u00fcbernehmen Sie die Kontrolle \u00fcber Ihren Schlitten, w\u00e4hrend die Huskys durch die atemberaubende Schneelandschaft rasen.<\/p>\n\n\n\n<h3 class=\"wp-block-heading has-kenta-primary-color has-text-color has-link-color wp-elements-b69762844dc5e56dbe8f66e65af69d25\"><strong>Arktisches Eisfischen<\/strong><\/h3>\n\n\n\n<p>Genie\u00dfen Sie einen vergn\u00fcglichen Tag am Paatari-See, nur zehn Minuten n\u00f6rdlich der Villa Paadari, wo Sie die Grundlagen des traditionellen Winterangelns erlernen und ein leckeres Essen genie\u00dfen k\u00f6nnen!<\/p>\n\n\n\n<p>Unsere fachkundigen F\u00fchrer bringen Ihnen authentische lappl\u00e4ndische Eisangeltechniken bei, wie z. B.:<\/p>\n\n\n\n<ul class=\"wp-block-list\">\n<li>Eisbohren (\"kairaaminen\")<\/li>\n\n\n\n<li>Traditionelles Eisfischen (\"pilkkiminen\")<\/li>\n\n\n\n<li>Netzfischerei unter dem Eis (\"juomustus\")<\/li>\n\n\n\n<li>Demonstration der Fischzubereitung<\/li>\n\n\n\n<li>Snacks und Platz zum Aufw\u00e4rmen<\/li>\n\n\n\n<li>Besuch der traditionellen finnischen Rauchsauna<\/li>\n<\/ul>\n\n\n\n<p>Dieses Erlebnis ist perfekt f\u00fcr Freunde, Paare und Familien. Die Kinder k\u00f6nnen sich bei Aktivit\u00e4ten wie Rodeln und Schlittenfahren vergn\u00fcgen, so dass jeder ein unvergessliches Erlebnis hat.<\/p>\n\n\n\n<p>Unser kaltes, klares Wasser macht den Fisch unglaublich frisch. Begleiten Sie uns zu diesem unglaublichen Wintererlebnis.<\/p>","protected":false},"excerpt":{"rendered":"<p>Overview of the Northern Lights Paadar Aurora Villas Program: Take your loved ones on a romantic and active get-away from the busy everyday life. Experience a unique stay at Paadar Aurora Villas to watch the&nbsp;Northern Lights dance across the dark skies. With a wide selection of activities such as (links) snowmobile safaris, A reindeer herder&#8217;s [&hellip;]<\/p>\n","protected":false},"author":1,"featured_media":0,"parent":0,"menu_order":0,"comment_status":"closed","ping_status":"closed","template":"","meta":{"_seopress_robots_primary_cat":"","_seopress_titles_title":"Northern Lights Paadar Aurora Villas Program","_seopress_titles_desc":"Take your loved ones on a romantic and active get-away from the busy everyday life. Experience a unique stay at Paadar Aurora Villas to watch the\u00a0Northern Lights dance across the dark skies. With a wide selection of activities such as (links) snowmobile safaris, A reindeer herder's everyday life, snowshoeing,\u00a0Arctic icefishing, and northern lights chasing, you will experience a truly unique winter wonderland setting in the beautiful, unique and romantic wilderness surroundings only found in Finnish Lapland.","_seopress_robots_index":"","site-container-style":"default","site-container-layout":"default","site-sidebar-layout":"default","site-transparent-header":"default","disable-article-header":"default","disable-site-header":"default","disable-site-footer":"default","disable-content-area-spacing":"default","footnotes":""},"class_list":["post-575","page","type-page","status-publish","hentry"],"_links":{"self":[{"href":"https:\/\/paadarauroravillas.com\/de\/wp-json\/wp\/v2\/pages\/575","targetHints":{"allow":["GET"]}}],"collection":[{"href":"https:\/\/paadarauroravillas.com\/de\/wp-json\/wp\/v2\/pages"}],"about":[{"href":"https:\/\/paadarauroravillas.com\/de\/wp-json\/wp\/v2\/types\/page"}],"author":[{"embeddable":true,"href":"https:\/\/paadarauroravillas.com\/de\/wp-json\/wp\/v2\/users\/1"}],"replies":[{"embeddable":true,"href":"https:\/\/paadarauroravillas.com\/de\/wp-json\/wp\/v2\/comments?post=575"}],"version-history":[{"count":4,"href":"https:\/\/paadarauroravillas.com\/de\/wp-json\/wp\/v2\/pages\/575\/revisions"}],"predecessor-version":[{"id":630,"href":"https:\/\/paadarauroravillas.com\/de\/wp-json\/wp\/v2\/pages\/575\/revisions\/630"}],"wp:attachment":[{"href":"https:\/\/paadarauroravillas.com\/de\/wp-json\/wp\/v2\/media?parent=575"}],"curies":[{"name":"wp","href":"https:\/\/api.w.org\/{rel}","templated":true}]}}