{"id":570,"date":"2025-04-16T12:42:53","date_gmt":"2025-04-16T12:42:53","guid":{"rendered":"https:\/\/paadarauroravillas.com\/?page_id=570"},"modified":"2025-04-16T12:42:53","modified_gmt":"2025-04-16T12:42:53","slug":"wandern-auf-dem-juutua-trail","status":"publish","type":"page","link":"https:\/\/paadarauroravillas.com\/de\/hiking-on-the-juutua-trail\/","title":{"rendered":"Wandern auf dem Juutua Trail"},"content":{"rendered":"<div style=\"height:17px\" aria-hidden=\"true\" class=\"wp-block-spacer\"><\/div>\n\n\n\n<h2 class=\"wp-block-heading has-kenta-primary-color has-text-color has-link-color wp-elements-00d1dd76269e1b1fbcd66f904aa10550\"><strong>Wandern auf dem Juutua Trail<\/strong><\/h2>\n\n\n\n<p class=\"has-text-color has-link-color wp-elements-30fc74e88c64f636dbc199cb25303f6b\" style=\"color:#fffefe\"><strong>Auf Anfrage<\/strong><\/p>\n\n\n\n<p class=\"has-text-color has-link-color wp-elements-9b69127fd91aa411e8924f4c1a7147f1\" style=\"color:#fffefe\">Genie\u00dfen Sie eine Wanderung auf dem Juutua Trail (6,3 km): Lauschen Sie den Wildwasser-Stromschnellen des Juutua-Flusses, genie\u00dfen Sie einen Imbiss in der Schutzh\u00fctte am Flussufer und \u00fcberqueren Sie das tosende Wasser des J\u00e4niskoski \u00fcber eine H\u00e4ngebr\u00fccke. Der Juutua River ist einer der besten Forellenfl\u00fcsse Europas.<\/p>\n\n\n\n<p class=\"has-text-color has-link-color wp-elements-04e549dff8939ff26f82f5e0ad75e3f3\" style=\"color:#ffffff\">Die herrlichen Stromschnellen von J\u00e4niskoski versetzen die Besucher das ganze Jahr \u00fcber in Erstaunen. Das Wasser flie\u00dft mit einer solchen Kraft, dass die Stromschnellen selbst im k\u00e4ltesten Winterfrost nicht gefrieren. Eine H\u00e4ngebr\u00fccke f\u00fchrt \u00fcber den J\u00e4niskoski, und nach der \u00dcberquerung des Flusses kann man den Strom von einer Schutzh\u00fctte am Ufer aus bewundern. Die Schutzh\u00fctte auf halber Strecke des Weges ist ein idealer Ort f\u00fcr eine Pause.<\/p>\n\n\n\n<p class=\"has-text-color has-link-color wp-elements-760b2be5ac8700eda43dc366fd5d1360\" style=\"color:#ffffff\">Der Juutua Trail ist ideal f\u00fcr Familien und eignet sich f\u00fcr Tageswanderer aller Art. Der s\u00fcdliche Teil des Weges ist beleuchtet und wird auch im Winter offen gehalten. Die breiten Schotterwege sind f\u00fcr Kinderwagen und Rollst\u00fchle geeignet. Der n\u00f6rdliche Teil hingegen wird nur von nat\u00fcrlichem Licht beleuchtet und f\u00fchrt \u00fcber schmale Pfade durch dichte W\u00e4lder.<\/p>\n\n\n\n<p class=\"has-text-color has-link-color wp-elements-24f19afaeb0d2805de543ecb32c19637\" style=\"color:#fffefe\">Die Ufer des Juutua waren schon immer eine Lebensader f\u00fcr die Menschen, die hier reiche Fischf\u00e4nge machten und sich zwischen den Steinen am Flussufer Geschichten erz\u00e4hlten. Der Pfad enth\u00e4lt Naturtafeln, die zu einem tieferen Verst\u00e4ndnis der Umgebung anregen sollen. Die Illustrationen wurden von der K\u00fcnstlerin Merja Aletta Ranttila aus Inari angefertigt.<\/p>\n\n\n\n<ul class=\"wp-block-list\">\n<li class=\"has-kenta-primary-active-color has-text-color has-link-color wp-elements-e5998741592f615ccf6ba10a1f40f7c8\"><strong>Dauer:<\/strong> 3 Stunden<\/li>\n<\/ul>\n\n\n\n<ul class=\"wp-block-list\">\n<li class=\"has-kenta-primary-active-color has-text-color has-link-color wp-elements-460cecf1e5577535c7c4ff6979814c18\"><strong>Preis:<\/strong> 50 \u20ac pro Person\/Bef\u00f6rderung (maximal 4 Personen\/mindestens 2 Personen pro Richtung)<\/li>\n<\/ul>\n\n\n\n<ul class=\"wp-block-list\">\n<li class=\"has-kenta-primary-active-color has-text-color has-link-color wp-elements-71b46b2ed6ad09c9f82cdb32edd71dc3\"><a href=\"https:\/\/paadarauroravillas.com\/de\/varausehdot\/\">Buchungs- und Stornierungsbedingungen<\/a><\/li>\n<\/ul>\n\n\n\n<div class=\"wp-block-columns is-layout-flex wp-container-core-columns-is-layout-28f84493 wp-block-columns-is-layout-flex\">\n<div class=\"wp-block-column is-layout-flow wp-block-column-is-layout-flow\">\n<figure class=\"wp-block-image\"><img decoding=\"async\" src=\"https:\/\/lh7-rt.googleusercontent.com\/docsz\/AD_4nXdyA6gADZyOqPNzKdb46Stq_eEtG6vdLv2l8ZnTm7TosHOH-kM2K56nNyQbFoSuylET0r10XyniurONdg1cCslowRGB9C1mjTfARnzZ6F3KBZTlRcUrvSC54zpJ0cdhTo2iJWg5zg?key=QuGAegPTcuiA9rDIhmqy6zPe\" alt=\"Eine Person mit rotem Hut auf einem Boot Von der KI generierte Inhalte k\u00f6nnen falsch sein.\"\/><\/figure>\n<\/div>\n\n\n\n<div class=\"wp-block-column is-layout-flow wp-block-column-is-layout-flow\">\n<figure class=\"wp-block-image\"><img decoding=\"async\" src=\"https:\/\/lh7-rt.googleusercontent.com\/docsz\/AD_4nXe-HX0Q4VbgaiLepDzJOa3-s7WnglX4WJPQDNFMmybAHYdvvpK4X-YUSouWkm94ysKv_yfl4m9rXS6s8qKoOxj7ih91riOA__WFXQlAKz99SsbutpuhPLyGhuLpYoiCVCFoRViuGQ?key=QuGAegPTcuiA9rDIhmqy6zPe\" alt=\"Ein Gew\u00e4sser mit Wolken und blauem Himmel - von der K\u00fcnstlichen Intelligenz (KI) erzeugte Inhalte k\u00f6nnen falsch sein.\"\/><\/figure>\n<\/div>\n<\/div>\n\n\n\n<p><\/p>","protected":false},"excerpt":{"rendered":"<p>Hiking on the Juutua Trail By request Enjoy hiking along the Juutua Trail (6.3 km): Listen to the whitewater rapids of Juutua River, savor snacks at the riverside shelter, and cross over J\u00e4niskoski&#8217;s roaring waters via a suspension bridge. Juutua River is one of Europe&#8217;s best trout rivers. J\u00e4niskoski&#8217;s magnificent rapids amaze visitors year-round. The [&hellip;]<\/p>\n","protected":false},"author":1,"featured_media":0,"parent":0,"menu_order":0,"comment_status":"closed","ping_status":"closed","template":"","meta":{"_seopress_robots_primary_cat":"","_seopress_titles_title":"","_seopress_titles_desc":"","_seopress_robots_index":"","site-container-style":"default","site-container-layout":"default","site-sidebar-layout":"default","site-transparent-header":"default","disable-article-header":"default","disable-site-header":"default","disable-site-footer":"default","disable-content-area-spacing":"default","footnotes":""},"class_list":["post-570","page","type-page","status-publish","hentry"],"_links":{"self":[{"href":"https:\/\/paadarauroravillas.com\/de\/wp-json\/wp\/v2\/pages\/570","targetHints":{"allow":["GET"]}}],"collection":[{"href":"https:\/\/paadarauroravillas.com\/de\/wp-json\/wp\/v2\/pages"}],"about":[{"href":"https:\/\/paadarauroravillas.com\/de\/wp-json\/wp\/v2\/types\/page"}],"author":[{"embeddable":true,"href":"https:\/\/paadarauroravillas.com\/de\/wp-json\/wp\/v2\/users\/1"}],"replies":[{"embeddable":true,"href":"https:\/\/paadarauroravillas.com\/de\/wp-json\/wp\/v2\/comments?post=570"}],"version-history":[{"count":1,"href":"https:\/\/paadarauroravillas.com\/de\/wp-json\/wp\/v2\/pages\/570\/revisions"}],"predecessor-version":[{"id":573,"href":"https:\/\/paadarauroravillas.com\/de\/wp-json\/wp\/v2\/pages\/570\/revisions\/573"}],"wp:attachment":[{"href":"https:\/\/paadarauroravillas.com\/de\/wp-json\/wp\/v2\/media?parent=570"}],"curies":[{"name":"wp","href":"https:\/\/api.w.org\/{rel}","templated":true}]}}