{"id":566,"date":"2025-04-16T12:41:24","date_gmt":"2025-04-16T12:41:24","guid":{"rendered":"https:\/\/paadarauroravillas.com\/?page_id=566"},"modified":"2025-04-16T12:41:24","modified_gmt":"2025-04-16T12:41:24","slug":"wandern-im-nationalpark-lemmenjoki","status":"publish","type":"page","link":"https:\/\/paadarauroravillas.com\/de\/hiking-in-lemmenjoki-national-park\/","title":{"rendered":"Wandern im Lemmenjoki-Nationalpark"},"content":{"rendered":"<div style=\"height:17px\" aria-hidden=\"true\" class=\"wp-block-spacer\"><\/div>\n\n\n\n<h2 class=\"wp-block-heading has-kenta-primary-color has-text-color has-link-color wp-elements-231f4966ce27ef0f48cc93a6e4e06708\">Wandern im Lemmenjoki-Nationalpark<\/h2>\n\n\n\n<p class=\"has-text-color has-link-color wp-elements-30fc74e88c64f636dbc199cb25303f6b\" style=\"color:#fffefe\"><strong>Auf Anfrage<\/strong><\/p>\n\n\n\n<p class=\"has-text-color has-link-color wp-elements-0c5f8b125a42cd1f735f1e76f1013f73\" style=\"color:#fffefe\">Wanderausflug zum Lemmenjoki-Nationalpark mit der M\u00f6glichkeit, das Informationszentrum des Parks zu besuchen. Sie k\u00f6nnen zwischen zwei Routen w\u00e4hlen:<\/p>\n\n\n\n<p class=\"has-text-color has-link-color wp-elements-4c019195c1af76a9cc0afec51a89d4a6\" style=\"color:#ffffff\"><strong>Naturlehrpfad Lemmenjoki (4,5 km):<\/strong> Der Weg beginnt in Njurkulahti und folgt dem Lauf des Lemmenjoki-Flusses. Am Anfang des Weges finden Sie alte Rentierjagdgruben und Kammformationen. Nach einigen Kilometern biegt der Weg nach Osten ab und schl\u00e4ngelt sich durch h\u00fcgelige Kiefernw\u00e4lder zur\u00fcck zu seinem Ausgangspunkt. Entlang des Weges gibt es Feuerstellen und Informationstafeln.<\/p>\n\n\n\n<p class=\"has-text-color has-link-color wp-elements-b2ba0c09800777641fe89b6434a5bedf\" style=\"color:#fffefe\"><strong>Joenkielinen-Schleife (18 km):<\/strong> Diese Route beginnt in Njurkulahti und f\u00fchrt zum Joenkielinen-Fjell, wo auf dem Gipfel eine atemberaubende Aussicht auf den Lemmenjoki-Nationalpark und das Wildnisgebiet Hammastunturi wartet. Auf dem R\u00fcckweg nach Njurkulahti folgt die Route dem Lemmenjoki-Fluss. Entlang des Weges gibt es vier Feuerstellen und eine traditionelle lappl\u00e4ndische H\u00fctte (Lapinkota).<\/p>\n\n\n\n<ul class=\"wp-block-list\">\n<li class=\"has-kenta-primary-active-color has-text-color has-link-color wp-elements-b9be018352b235547de942d02b45d1fe\"><strong>Dauer:<\/strong> <\/li>\n<\/ul>\n\n\n\n<ul class=\"wp-block-list\">\n<li class=\"has-kenta-primary-active-color has-text-color has-link-color wp-elements-bce584ee6d526c3eb5e02fb8edda30e0\"><strong>Preis<\/strong>50 \u20ac pro Person\/Bef\u00f6rderung (maximal 4 Personen\/mindestens 2 Personen pro Richtung)<\/li>\n<\/ul>\n\n\n\n<ul class=\"wp-block-list\">\n<li class=\"has-kenta-primary-active-color has-text-color has-link-color wp-elements-71b46b2ed6ad09c9f82cdb32edd71dc3\"><a href=\"https:\/\/paadarauroravillas.com\/de\/varausehdot\/\">Buchungs- und Stornierungsbedingungen<\/a><\/li>\n<\/ul>\n\n\n\n<div class=\"wp-block-columns is-layout-flex wp-container-core-columns-is-layout-28f84493 wp-block-columns-is-layout-flex\">\n<div class=\"wp-block-column is-layout-flow wp-block-column-is-layout-flow\">\n<figure class=\"wp-block-image\"><img decoding=\"async\" src=\"https:\/\/lh7-rt.googleusercontent.com\/docsz\/AD_4nXfVj92YOOSgKAFMajYBbxGYw247-o1jQM80MVwONSqLfewkhMm-mGZ7dfOpCafDhaIDdjndRz3Jx433XodFtTpEx5EkZjFI2QWWfnnD-6IDEd5Cjes_5HkNmDHMtfwhVmhorSHkyw?key=QuGAegPTcuiA9rDIhmqy6zPe\" alt=\"Ein Schild im WaldAI-generierte Inhalte k\u00f6nnen falsch sein.\"\/><\/figure>\n<\/div>\n\n\n\n<div class=\"wp-block-column is-layout-flow wp-block-column-is-layout-flow\">\n<figure class=\"wp-block-image\"><img decoding=\"async\" src=\"https:\/\/lh7-rt.googleusercontent.com\/docsz\/AD_4nXcdB4JN8EOTG8BoDpNebth2wI02_fStODe26jRdoSomcjg7Qn_TTsXwJtQvAsp9Vky13i-IvWeQM3-RPx252GPq7_lVrMWsd1JGX1vRJKC15s6bBQfXv6kRxmIu9y_iV3eBxEbIdA?key=QuGAegPTcuiA9rDIhmqy6zPe\" alt=\"Ein Feuer, das in einer Feuerstelle brennt. Der von der KI generierte Inhalt kann falsch sein.\"\/><\/figure>\n<\/div>\n<\/div>\n\n\n\n<p><\/p>","protected":false},"excerpt":{"rendered":"<p>Hiking in Lemmenjoki National Park By request Hiking trip to Lemmenjoki National Park with the opportunity to visit the park&#8217;s information center. You can choose between two routes: Lemmenjoki Nature Trail (4.5 km): Starts in Njurkulahti and follows the course of the Lemmenjoki River. At the beginning of the trail, you&#8217;ll find old reindeer hunting [&hellip;]<\/p>\n","protected":false},"author":1,"featured_media":0,"parent":0,"menu_order":0,"comment_status":"closed","ping_status":"closed","template":"","meta":{"_seopress_robots_primary_cat":"","_seopress_titles_title":"","_seopress_titles_desc":"","_seopress_robots_index":"","site-container-style":"default","site-container-layout":"default","site-sidebar-layout":"default","site-transparent-header":"default","disable-article-header":"default","disable-site-header":"default","disable-site-footer":"default","disable-content-area-spacing":"default","footnotes":""},"class_list":["post-566","page","type-page","status-publish","hentry"],"_links":{"self":[{"href":"https:\/\/paadarauroravillas.com\/de\/wp-json\/wp\/v2\/pages\/566","targetHints":{"allow":["GET"]}}],"collection":[{"href":"https:\/\/paadarauroravillas.com\/de\/wp-json\/wp\/v2\/pages"}],"about":[{"href":"https:\/\/paadarauroravillas.com\/de\/wp-json\/wp\/v2\/types\/page"}],"author":[{"embeddable":true,"href":"https:\/\/paadarauroravillas.com\/de\/wp-json\/wp\/v2\/users\/1"}],"replies":[{"embeddable":true,"href":"https:\/\/paadarauroravillas.com\/de\/wp-json\/wp\/v2\/comments?post=566"}],"version-history":[{"count":1,"href":"https:\/\/paadarauroravillas.com\/de\/wp-json\/wp\/v2\/pages\/566\/revisions"}],"predecessor-version":[{"id":569,"href":"https:\/\/paadarauroravillas.com\/de\/wp-json\/wp\/v2\/pages\/566\/revisions\/569"}],"wp:attachment":[{"href":"https:\/\/paadarauroravillas.com\/de\/wp-json\/wp\/v2\/media?parent=566"}],"curies":[{"name":"wp","href":"https:\/\/api.w.org\/{rel}","templated":true}]}}