{"id":562,"date":"2025-04-16T12:39:01","date_gmt":"2025-04-16T12:39:01","guid":{"rendered":"https:\/\/paadarauroravillas.com\/?page_id=562"},"modified":"2025-04-16T12:39:02","modified_gmt":"2025-04-16T12:39:02","slug":"kreuzfahrt-auf-dem-siida-und-inarisee","status":"publish","type":"page","link":"https:\/\/paadarauroravillas.com\/de\/siida-and-lake-inari-cruise\/","title":{"rendered":"Kreuzfahrt auf dem Siida- und Inari-See"},"content":{"rendered":"<div style=\"height:17px\" aria-hidden=\"true\" class=\"wp-block-spacer\"><\/div>\n\n\n\n<h2 class=\"wp-block-heading has-kenta-primary-color has-text-color has-link-color wp-elements-df679b7544091e7af7257360db5a6745\">Kreuzfahrt auf dem Siida- und Inari-See<\/h2>\n\n\n\n<p class=\"has-text-color has-link-color wp-elements-30fc74e88c64f636dbc199cb25303f6b\" style=\"color:#fffefe\"><strong>Auf Anfrage<\/strong><\/p>\n\n\n\n<p class=\"has-text-color has-link-color wp-elements-ceca25c5172af50f6b653719a3307c8c\" style=\"color:#fffefe\">Besuchen Sie Siida - das samische Museum und Naturzentrum von Lappland - auf eigene Faust. Die Ausstellungen zeigen, wie sich Natur und Menschen an die extremen Bedingungen der n\u00f6rdlichen Umwelt angepasst haben. Atemberaubende Fotos, Videos, Dioramen, Klanglandschaften und authentische Artefakte f\u00fchren Sie durch die Jahreszeiten und die Vergangenheit. Kaffee oder Mittagessen bei Sarrit in Siida ist selbst zu bezahlen. Dauer: 3-4 Stunden.<\/p>\n\n\n\n<p class=\"has-text-color has-link-color wp-elements-eb4031c07748a7a957706c8ea477d9f0\" style=\"color:#fffefe\">Um 13:00 Uhr unternehmen Sie eine Kreuzfahrt auf dem Inari-See, einem wundersch\u00f6nen Wildnissee mit 3.318 Inseln. Sie besuchen eine von ihnen, die ber\u00fchmte Insel \"Ukko\" (\u00c4ijih), eine alte Opferst\u00e4tte des Inari-S\u00e1mi-Volkes. Dauer: 2 Stunden.<\/p>\n\n\n\n<p class=\"has-text-color has-link-color wp-elements-af0234d0448a982742cf502ea1cd28b1\" style=\"color:#ffffff\">Freie Zeit f\u00fcr die Kunsthandwerksl\u00e4den von Inari und die Erkundung des Dorfes.<\/p>\n\n\n\n<ul class=\"wp-block-list\">\n<li class=\"has-kenta-primary-active-color has-text-color has-link-color wp-elements-e0fabb97be9a35735cd15c18cebb3648\">Wenn das Wetter es zul\u00e4sst. <\/li>\n<\/ul>\n\n\n\n<ul class=\"wp-block-list\">\n<li class=\"has-kenta-primary-active-color has-text-color has-link-color wp-elements-0480baf3671de372114d0d1ae501b471\"><strong>Gesamtdauer<\/strong>: 5 Stunden<\/li>\n<\/ul>\n\n\n\n<ul class=\"wp-block-list\">\n<li class=\"has-kenta-primary-active-color has-text-color has-link-color wp-elements-fad17a3005e76787db3f6b00ba3d7a69\">Preis: 220 \u20ac pro Person (maximal 4 Personen\/minimal 2 Personen)<\/li>\n<\/ul>\n\n\n\n<ul class=\"wp-block-list\">\n<li class=\"has-kenta-primary-active-color has-text-color has-link-color wp-elements-71b46b2ed6ad09c9f82cdb32edd71dc3\"><a href=\"https:\/\/paadarauroravillas.com\/de\/varausehdot\/\">Buchungs- und Stornierungsbedingungen<\/a><\/li>\n<\/ul>\n\n\n\n<div class=\"wp-block-columns is-layout-flex wp-container-core-columns-is-layout-28f84493 wp-block-columns-is-layout-flex\">\n<div class=\"wp-block-column is-layout-flow wp-block-column-is-layout-flow\">\n<figure class=\"wp-block-image\"><img decoding=\"async\" src=\"https:\/\/lh7-rt.googleusercontent.com\/docsz\/AD_4nXdz4QnEpAb9F046iZdLI0IW9iOEquhPqlKA8mFOc9UU-EdIlZhlvdqAhneYznj0zI2EHNhlgxzmnQEj9bdHfYcS1Z0jW1K0QfqsbK2UgiAwmFnCMXcmdZs0YhjKzICJZ78MuA37XQ?key=QuGAegPTcuiA9rDIhmqy6zPe\" alt=\"\"\/><\/figure>\n<\/div>\n\n\n\n<div class=\"wp-block-column is-layout-flow wp-block-column-is-layout-flow\">\n<figure class=\"wp-block-image\"><img decoding=\"async\" src=\"https:\/\/lh7-rt.googleusercontent.com\/docsz\/AD_4nXePQY692TX19hY9UdZ9_Qadj4ZdN_1lnQnkQOZp08Iv4rjRrZ7bbW2CGcZAYMtFYHfXyqCKujvplJG7KFW6HMg2WJ28cyJRg5_Y09VtUC7xrL1H7ZvF9-fej5jXMnmYr2Qq8NmG?key=QuGAegPTcuiA9rDIhmqy6zPe\" alt=\"Ein Raum mit einer Vitrine, vor der eine Person steht, und KI-generierte Inhalte k\u00f6nnen falsch sein.\"\/><\/figure>\n<\/div>\n<\/div>\n\n\n\n<p><\/p>","protected":false},"excerpt":{"rendered":"<p>Siida and Lake Inari Cruise By request Visit Siida \u2013 the S\u00e1mi Museum and Nature Center of Lapland \u2013 independently. The exhibitions showcase how nature and people have adapted to the extreme conditions of the northern environment. Stunning photographs, videos, dioramas, soundscapes, and authentic artifacts guide you through the seasons and the past. Coffee or [&hellip;]<\/p>\n","protected":false},"author":1,"featured_media":0,"parent":0,"menu_order":0,"comment_status":"closed","ping_status":"closed","template":"","meta":{"_seopress_robots_primary_cat":"","_seopress_titles_title":"","_seopress_titles_desc":"","_seopress_robots_index":"","site-container-style":"default","site-container-layout":"default","site-sidebar-layout":"default","site-transparent-header":"default","disable-article-header":"default","disable-site-header":"default","disable-site-footer":"default","disable-content-area-spacing":"default","footnotes":""},"class_list":["post-562","page","type-page","status-publish","hentry"],"_links":{"self":[{"href":"https:\/\/paadarauroravillas.com\/de\/wp-json\/wp\/v2\/pages\/562","targetHints":{"allow":["GET"]}}],"collection":[{"href":"https:\/\/paadarauroravillas.com\/de\/wp-json\/wp\/v2\/pages"}],"about":[{"href":"https:\/\/paadarauroravillas.com\/de\/wp-json\/wp\/v2\/types\/page"}],"author":[{"embeddable":true,"href":"https:\/\/paadarauroravillas.com\/de\/wp-json\/wp\/v2\/users\/1"}],"replies":[{"embeddable":true,"href":"https:\/\/paadarauroravillas.com\/de\/wp-json\/wp\/v2\/comments?post=562"}],"version-history":[{"count":1,"href":"https:\/\/paadarauroravillas.com\/de\/wp-json\/wp\/v2\/pages\/562\/revisions"}],"predecessor-version":[{"id":565,"href":"https:\/\/paadarauroravillas.com\/de\/wp-json\/wp\/v2\/pages\/562\/revisions\/565"}],"wp:attachment":[{"href":"https:\/\/paadarauroravillas.com\/de\/wp-json\/wp\/v2\/media?parent=562"}],"curies":[{"name":"wp","href":"https:\/\/api.w.org\/{rel}","templated":true}]}}