{"id":554,"date":"2025-04-16T12:35:27","date_gmt":"2025-04-16T12:35:27","guid":{"rendered":"https:\/\/paadarauroravillas.com\/?page_id=554"},"modified":"2025-04-16T12:35:27","modified_gmt":"2025-04-16T12:35:27","slug":"motorbootverleih","status":"publish","type":"page","link":"https:\/\/paadarauroravillas.com\/de\/motorboat-rental\/","title":{"rendered":"Motorbootverleih"},"content":{"rendered":"<div style=\"height:17px\" aria-hidden=\"true\" class=\"wp-block-spacer\"><\/div>\n\n\n\n<h2 class=\"wp-block-heading has-kenta-primary-color has-text-color has-link-color wp-elements-153c2d12c328e14ef5a1bacb9b1ae6f7\"><strong>Motorbootverleih<\/strong><\/h2>\n\n\n\n<p class=\"has-text-color has-link-color wp-elements-30fc74e88c64f636dbc199cb25303f6b\" style=\"color:#fffefe\"><strong>Auf Anfrage<\/strong><\/p>\n\n\n\n<p class=\"has-text-color has-link-color wp-elements-9b76e5d63cd8cf4658a854d192b8e48d\" style=\"color:#fffefe\">Mit einem Motorboot, das mit einem Fischfinder ausgestattet ist, k\u00f6nnen Sie unz\u00e4hlige Angelpl\u00e4tze und atemberaubende Landschaften erkunden.<\/p>\n\n\n\n<ul class=\"wp-block-list\">\n<li class=\"has-kenta-primary-active-color has-text-color has-link-color wp-elements-dd6f2f246ddecd97bebccb572883a47a\">Je nach Wetterlage. Dauer: Von 1 Tag bis 1 Woche Preis:\n<ul class=\"wp-block-list\">\n<li class=\"has-kenta-primary-active-color has-text-color has-link-color wp-elements-825e3335e82db2f924edc4cc26d1f71b\">700 \u20ac pro Woche<\/li>\n\n\n\n<li class=\"has-kenta-primary-active-color has-text-color has-link-color wp-elements-a130deec0efeaab8cd0389822e546b1d\">500 \u20ac f\u00fcr 4 Tage<\/li>\n\n\n\n<li class=\"has-kenta-primary-active-color has-text-color has-link-color wp-elements-6df5c0da65c46b024d3fb7f81230e179\">300 \u20ac f\u00fcr 2 Tage<\/li>\n\n\n\n<li class=\"has-kenta-primary-active-color has-text-color has-link-color wp-elements-23dd124a3538e13d24d1da9c20019cfa\">200 \u20ac f\u00fcr 1 Tag<br><\/li>\n<\/ul>\n<\/li>\n\n\n\n<li class=\"has-kenta-primary-active-color has-text-color has-link-color wp-elements-84554ac874d3b1abb6e44959bc011edf\">Inklusive Treibstoff und Schwimmwesten. Das Boot ist mit einem Fischfinder und einem Kartenplotter f\u00fcr Bootfahren und Angeln ausgestattet.<\/li>\n<\/ul>\n\n\n\n<ul class=\"wp-block-list\">\n<li class=\"has-kenta-primary-active-color has-text-color has-link-color wp-elements-71b46b2ed6ad09c9f82cdb32edd71dc3\"><a href=\"https:\/\/paadarauroravillas.com\/de\/varausehdot\/\">Buchungs- und Stornierungsbedingungen<\/a><\/li>\n<\/ul>\n\n\n\n<div class=\"wp-block-columns is-layout-flex wp-container-core-columns-is-layout-28f84493 wp-block-columns-is-layout-flex\">\n<div class=\"wp-block-column is-layout-flow wp-block-column-is-layout-flow\">\n<figure class=\"wp-block-image\"><img decoding=\"async\" src=\"https:\/\/lh7-rt.googleusercontent.com\/docsz\/AD_4nXdq4aOM1kieJ3HXY3-fXLt9ticSIdugYxrhWOLDA_CAvpvkU6krLxCuRuYp4La93h3LChEGtDSHgfhmwxxx5NAva3R074HDSHXI7TzZGusWaNno9Z2EkTwd103k5SmiC390xm7m?key=QuGAegPTcuiA9rDIhmqy6zPe\" alt=\"Ein Boot auf einem Anh\u00e4nger auf einem See: KI-generierte Inhalte k\u00f6nnen falsch sein.\"\/><\/figure>\n<\/div>\n<\/div>\n\n\n\n<p><\/p>","protected":false},"excerpt":{"rendered":"<p>Motorboat Rental By request With a motorboat equipped with a fish finder, you can explore countless fishing spots and breathtaking scenery.<\/p>","protected":false},"author":1,"featured_media":0,"parent":0,"menu_order":0,"comment_status":"closed","ping_status":"closed","template":"","meta":{"_seopress_robots_primary_cat":"","_seopress_titles_title":"","_seopress_titles_desc":"","_seopress_robots_index":"","site-container-style":"default","site-container-layout":"default","site-sidebar-layout":"default","site-transparent-header":"default","disable-article-header":"default","disable-site-header":"default","disable-site-footer":"default","disable-content-area-spacing":"default","footnotes":""},"class_list":["post-554","page","type-page","status-publish","hentry"],"_links":{"self":[{"href":"https:\/\/paadarauroravillas.com\/de\/wp-json\/wp\/v2\/pages\/554","targetHints":{"allow":["GET"]}}],"collection":[{"href":"https:\/\/paadarauroravillas.com\/de\/wp-json\/wp\/v2\/pages"}],"about":[{"href":"https:\/\/paadarauroravillas.com\/de\/wp-json\/wp\/v2\/types\/page"}],"author":[{"embeddable":true,"href":"https:\/\/paadarauroravillas.com\/de\/wp-json\/wp\/v2\/users\/1"}],"replies":[{"embeddable":true,"href":"https:\/\/paadarauroravillas.com\/de\/wp-json\/wp\/v2\/comments?post=554"}],"version-history":[{"count":1,"href":"https:\/\/paadarauroravillas.com\/de\/wp-json\/wp\/v2\/pages\/554\/revisions"}],"predecessor-version":[{"id":557,"href":"https:\/\/paadarauroravillas.com\/de\/wp-json\/wp\/v2\/pages\/554\/revisions\/557"}],"wp:attachment":[{"href":"https:\/\/paadarauroravillas.com\/de\/wp-json\/wp\/v2\/media?parent=554"}],"curies":[{"name":"wp","href":"https:\/\/api.w.org\/{rel}","templated":true}]}}