{"id":539,"date":"2025-04-16T12:27:42","date_gmt":"2025-04-16T12:27:42","guid":{"rendered":"https:\/\/paadarauroravillas.com\/?page_id=539"},"modified":"2025-04-16T12:28:12","modified_gmt":"2025-04-16T12:28:12","slug":"bootsfahrt-auf-dem-paadar-see","status":"publish","type":"page","link":"https:\/\/paadarauroravillas.com\/de\/boat-trip-on-lake-paadar\/","title":{"rendered":"Bootsfahrt auf dem Paadar-See"},"content":{"rendered":"<div style=\"height:17px\" aria-hidden=\"true\" class=\"wp-block-spacer\"><\/div>\n\n\n\n<h2 class=\"wp-block-heading has-kenta-primary-color has-text-color has-link-color wp-elements-f87a4c32ed41c4ee0d419080ea184509\">Bootsfahrt auf dem Paadar-See<\/h2>\n\n\n\n<p class=\"has-text-color has-link-color wp-elements-30fc74e88c64f636dbc199cb25303f6b\" style=\"color:#fffefe\"><strong>Auf Anfrage<\/strong><\/p>\n\n\n\n<p class=\"has-text-color has-link-color wp-elements-9be0d9016e79a8a52b53baf56eb83ad5\" style=\"color:#fffefe\">Erleben Sie den herrlichen Paadarj\u00e4rvi-See auf einer gef\u00fchrten Bootsfahrt. W\u00e4hrend der Fahrt werden wir die Sch\u00f6nheit des wilden Sees bewundern, die Sandstr\u00e4nde von Lemmenjoki sowie alte und neue Geb\u00e4udekomplexe entlang des Ufers sehen, die eine vielf\u00e4ltige Lebensweise widerspiegeln. <\/p>\n\n\n\n<p class=\"has-text-color has-link-color wp-elements-1e74d5b161a2407689ea05ec6377b22a\" style=\"color:#fffefe\">Wir werden eine Pause einlegen, um Kaffee und Snacks zu genie\u00dfen, bevor wir die Tour fortsetzen.<\/p>\n\n\n\n<ul class=\"wp-block-list\">\n<li class=\"has-kenta-primary-active-color has-text-color has-link-color wp-elements-918c8dfe52ac9c00eb4969f9b6f2f526\"><strong>Abfahrtszeit: <\/strong>17:00 Uhr vom 10. Juni bis 15. September<\/li>\n<\/ul>\n\n\n\n<ul class=\"wp-block-list\">\n<li class=\"has-kenta-primary-active-color has-text-color has-link-color wp-elements-e0fabb97be9a35735cd15c18cebb3648\">Wenn das Wetter es zul\u00e4sst. <\/li>\n<\/ul>\n\n\n\n<ul class=\"wp-block-list\">\n<li class=\"has-kenta-primary-active-color has-text-color has-link-color wp-elements-5ae049cdc8af8fa9b79934b554c9ff84\"><strong>Dauer:<\/strong> 2,5-3 Stunden <\/li>\n<\/ul>\n\n\n\n<ul class=\"wp-block-list\">\n<li class=\"has-kenta-primary-active-color has-text-color has-link-color wp-elements-e1f2c7934170310291b8c0933f882bc8\"><strong>Preis:<\/strong> 200 \u20ac pro Person (maximal 4 Personen\/mindestens 2 Personen)<\/li>\n<\/ul>\n\n\n\n<ul class=\"wp-block-list\">\n<li class=\"has-kenta-primary-active-color has-text-color has-link-color wp-elements-71b46b2ed6ad09c9f82cdb32edd71dc3\"><a href=\"https:\/\/paadarauroravillas.com\/de\/varausehdot\/\">Buchungs- und Stornierungsbedingungen<\/a><\/li>\n<\/ul>\n\n\n\n<div class=\"wp-block-columns is-layout-flex wp-container-core-columns-is-layout-28f84493 wp-block-columns-is-layout-flex\">\n<div class=\"wp-block-column is-layout-flow wp-block-column-is-layout-flow\">\n<figure class=\"wp-block-image\"><img decoding=\"async\" src=\"https:\/\/lh7-rt.googleusercontent.com\/docsz\/AD_4nXdyA6gADZyOqPNzKdb46Stq_eEtG6vdLv2l8ZnTm7TosHOH-kM2K56nNyQbFoSuylET0r10XyniurONdg1cCslowRGB9C1mjTfARnzZ6F3KBZTlRcUrvSC54zpJ0cdhTo2iJWg5zg?key=QuGAegPTcuiA9rDIhmqy6zPe\" alt=\"Eine Person mit rotem Hut auf einem Boot Von der KI generierte Inhalte k\u00f6nnen falsch sein.\"\/><\/figure>\n<\/div>\n\n\n\n<div class=\"wp-block-column is-layout-flow wp-block-column-is-layout-flow\">\n<figure class=\"wp-block-image\"><img decoding=\"async\" src=\"https:\/\/lh7-rt.googleusercontent.com\/docsz\/AD_4nXe-HX0Q4VbgaiLepDzJOa3-s7WnglX4WJPQDNFMmybAHYdvvpK4X-YUSouWkm94ysKv_yfl4m9rXS6s8qKoOxj7ih91riOA__WFXQlAKz99SsbutpuhPLyGhuLpYoiCVCFoRViuGQ?key=QuGAegPTcuiA9rDIhmqy6zPe\" alt=\"Ein Gew\u00e4sser mit Wolken und blauem Himmel - von der K\u00fcnstlichen Intelligenz (KI) erzeugte Inhalte k\u00f6nnen falsch sein.\"\/><\/figure>\n<\/div>\n<\/div>\n\n\n\n<p><\/p>","protected":false},"excerpt":{"rendered":"<p>Boat Trip on Lake Paadar By request Experience the magnificent Lake Paadarj\u00e4rvi on a guided boat trip. During the journey, we will admire the beauty of the wilderness lake, see the sandy beaches of Lemmenjoki, as well as old and new building complexes along the shore, which reflect a diverse way of life. We will [&hellip;]<\/p>\n","protected":false},"author":1,"featured_media":0,"parent":0,"menu_order":0,"comment_status":"closed","ping_status":"closed","template":"","meta":{"_seopress_robots_primary_cat":"","_seopress_titles_title":"","_seopress_titles_desc":"","_seopress_robots_index":"","site-container-style":"default","site-container-layout":"default","site-sidebar-layout":"default","site-transparent-header":"default","disable-article-header":"default","disable-site-header":"default","disable-site-footer":"default","disable-content-area-spacing":"default","footnotes":""},"class_list":["post-539","page","type-page","status-publish","hentry"],"_links":{"self":[{"href":"https:\/\/paadarauroravillas.com\/de\/wp-json\/wp\/v2\/pages\/539","targetHints":{"allow":["GET"]}}],"collection":[{"href":"https:\/\/paadarauroravillas.com\/de\/wp-json\/wp\/v2\/pages"}],"about":[{"href":"https:\/\/paadarauroravillas.com\/de\/wp-json\/wp\/v2\/types\/page"}],"author":[{"embeddable":true,"href":"https:\/\/paadarauroravillas.com\/de\/wp-json\/wp\/v2\/users\/1"}],"replies":[{"embeddable":true,"href":"https:\/\/paadarauroravillas.com\/de\/wp-json\/wp\/v2\/comments?post=539"}],"version-history":[{"count":3,"href":"https:\/\/paadarauroravillas.com\/de\/wp-json\/wp\/v2\/pages\/539\/revisions"}],"predecessor-version":[{"id":544,"href":"https:\/\/paadarauroravillas.com\/de\/wp-json\/wp\/v2\/pages\/539\/revisions\/544"}],"wp:attachment":[{"href":"https:\/\/paadarauroravillas.com\/de\/wp-json\/wp\/v2\/media?parent=539"}],"curies":[{"name":"wp","href":"https:\/\/api.w.org\/{rel}","templated":true}]}}