{"id":523,"date":"2025-04-16T12:19:09","date_gmt":"2025-04-16T12:19:09","guid":{"rendered":"https:\/\/paadarauroravillas.com\/?page_id=523"},"modified":"2025-04-16T12:43:21","modified_gmt":"2025-04-16T12:43:21","slug":"sommer-herbst-aktivitaten","status":"publish","type":"page","link":"https:\/\/paadarauroravillas.com\/de\/summerautumn-activities\/","title":{"rendered":"Sommer\/Herbst Aktivit\u00e4ten"},"content":{"rendered":"<p><\/p>\n\n\n\n\n\n\n\n\n\n<div class=\"wp-block-kenta-blocks-group kb-group-d6d46ad5 kb-group\"><div class=\"kb-group-inner-container\">\n<p class=\"has-text-align-center has-kenta-primary-color has-text-color has-link-color wp-elements-1562073af028c556a7e5f32d3c0a9cab\" style=\"margin-top:0;margin-bottom:0;font-style:normal;font-weight:700;text-transform:uppercase\">Was wir tun<\/p>\n\n\n\n<h2 class=\"wp-block-heading has-text-align-center has-kenta-font-large-font-size\" style=\"margin-top:0;margin-bottom:0\">AKTIVIT\u00c4TEN IM SOMMER UND HERBST<\/h2>\n\n\n\n<div class=\"wp-block-columns is-layout-flex wp-container-core-columns-is-layout-f196b389 wp-block-columns-is-layout-flex\" style=\"margin-top:0;margin-bottom:0;padding-top:var(--wp--preset--spacing--50);padding-bottom:var(--wp--preset--spacing--50)\">\n<div class=\"wp-block-column has-border-color has-kenta-base-200-border-color is-layout-flow wp-block-column-is-layout-flow\">\n<div class=\"wp-block-group has-kenta-base-background-color has-background has-global-padding is-layout-constrained wp-block-group-is-layout-constrained\" style=\"border-radius:24px\">\n<figure class=\"wp-block-image has-custom-border is-style-default\" style=\"margin-top:0;margin-bottom:0\"><img decoding=\"async\" src=\"https:\/\/lh7-rt.googleusercontent.com\/docsz\/AD_4nXe-HX0Q4VbgaiLepDzJOa3-s7WnglX4WJPQDNFMmybAHYdvvpK4X-YUSouWkm94ysKv_yfl4m9rXS6s8qKoOxj7ih91riOA__WFXQlAKz99SsbutpuhPLyGhuLpYoiCVCFoRViuGQ?key=QuGAegPTcuiA9rDIhmqy6zPe\" alt=\"Ein Gew\u00e4sser mit Wolken und blauem Himmel - von der K\u00fcnstlichen Intelligenz (KI) erzeugte Inhalte k\u00f6nnen falsch sein.\" style=\"border-radius:16px\"\/><\/figure>\n\n\n\n<div class=\"wp-block-group has-global-padding is-layout-constrained wp-container-core-group-is-layout-c7e4baee wp-block-group-is-layout-constrained\" style=\"padding-top:0;padding-right:var(--wp--preset--spacing--50);padding-bottom:var(--wp--preset--spacing--50);padding-left:var(--wp--preset--spacing--50)\">\n<h3 class=\"wp-block-heading has-kenta-font-medium-font-size\" style=\"margin-top:0;margin-bottom:0\"><strong>Bootsfahrt auf dem Paadar-See<\/strong><\/h3>\n\n\n\n<p>Erleben Sie den atemberaubenden Paadarj\u00e4rvi-See auf einer gef\u00fchrten Bootsfahrt. <\/p>\n\n\n\n<p><a href=\"https:\/\/paadarauroravillas.com\/de\/bootsfahrt-auf-dem-paadar-see\/\">Mehr lesen \u2192<\/a><\/p>\n<\/div>\n<\/div>\n<\/div>\n\n\n\n<div class=\"wp-block-column has-border-color has-kenta-base-200-border-color is-layout-flow wp-block-column-is-layout-flow\">\n<div class=\"wp-block-group has-kenta-base-background-color has-background has-global-padding is-layout-constrained wp-block-group-is-layout-constrained\" style=\"border-radius:24px\">\n<figure class=\"wp-block-image has-custom-border\"><img decoding=\"async\" src=\"https:\/\/lh7-rt.googleusercontent.com\/docsz\/AD_4nXfex6-uTtwa4p37Y0jIk525IZKz3fpDyHXBI5Lim-kJElJJREXrvmIYnSVMj3mn9ILYsTwBpf97QgUDkVFxlhVp9l83hjr69fDhE7sYIXD-CmPfkp4Ha4_nBtLgRTEulW7ez1CQYw?key=QuGAegPTcuiA9rDIhmqy6zPe\" alt=\"Ein Sonnenuntergang \u00fcber einem Gew\u00e4sserAI-generierte Inhalte k\u00f6nnen falsch sein.\" style=\"border-radius:16px\"\/><\/figure>\n\n\n\n<div class=\"wp-block-group has-global-padding is-layout-constrained wp-container-core-group-is-layout-c7e4baee wp-block-group-is-layout-constrained\" style=\"padding-top:0;padding-right:var(--wp--preset--spacing--50);padding-bottom:var(--wp--preset--spacing--50);padding-left:var(--wp--preset--spacing--50)\">\n<h3 class=\"wp-block-heading has-kenta-font-medium-font-size\" style=\"margin-top:0;margin-bottom:0\"><strong>Mitternachts-Bootsfahrt<\/strong><\/h3>\n\n\n\n<p>Begeben Sie sich auf eine Reise, um die Mitternachtssonne \u00fcber dem Paadarj\u00e4rvi-See zu bewundern. Die Sonne bleibt die ganze Nacht \u00fcber dem Horizont.<\/p>\n\n\n\n<p><a href=\"https:\/\/paadarauroravillas.com\/de\/mitternachts-bootsfahrt\/\">Mehr lesen \u2192<\/a><\/p>\n<\/div>\n<\/div>\n<\/div>\n<\/div>\n\n\n\n<div class=\"wp-block-columns is-layout-flex wp-container-core-columns-is-layout-f196b389 wp-block-columns-is-layout-flex\" style=\"margin-top:0;margin-bottom:0;padding-top:var(--wp--preset--spacing--50);padding-bottom:var(--wp--preset--spacing--50)\">\n<div class=\"wp-block-column has-border-color has-kenta-base-200-border-color is-layout-flow wp-block-column-is-layout-flow\">\n<div class=\"wp-block-group has-kenta-base-background-color has-background has-global-padding is-layout-constrained wp-block-group-is-layout-constrained\" style=\"border-radius:24px\">\n<figure class=\"wp-block-image has-custom-border\"><img decoding=\"async\" src=\"https:\/\/lh7-rt.googleusercontent.com\/docsz\/AD_4nXc9BITC1Ne4el8Txae6kyz2N0kcZpFcxkglapKhuZkcIwKPVIfcCl6Q0yT19BZaA0qem0dhqso4EeppBq-QDi7SVZlTdT6_5KS1h7B1VUC0EuA40-9oYxBo3tUtJOJLe-0ExKHv?key=QuGAegPTcuiA9rDIhmqy6zPe\" alt=\"Eine Person in einer Schwimmweste, die einen Fisch in einem Boot h\u00e4lt - von einer k\u00fcnstlichen Intelligenz erzeugte Inhalte k\u00f6nnen falsch sein.\" style=\"border-radius:16px\"\/><\/figure>\n\n\n\n<div class=\"wp-block-group has-global-padding is-layout-constrained wp-container-core-group-is-layout-c7e4baee wp-block-group-is-layout-constrained\" style=\"padding-top:0;padding-right:var(--wp--preset--spacing--50);padding-bottom:var(--wp--preset--spacing--50);padding-left:var(--wp--preset--spacing--50)\">\n<h3 class=\"wp-block-heading has-kenta-font-medium-font-size\" style=\"margin-top:0;margin-bottom:0\"><strong>Angelausflug<\/strong><\/h3>\n\n\n\n<p>Angeln ist ein wesentlicher Bestandteil des Lebens an den Ufern des Paadarj\u00e4rvi-Sees. Dieser See in der Wildnis bietet unz\u00e4hlige Angelpl\u00e4tze und eine atemberaubende Landschaft.<\/p>\n\n\n\n<p><a href=\"https:\/\/paadarauroravillas.com\/de\/angelausflug\/\">Mehr lesen \u2192<\/a><\/p>\n<\/div>\n<\/div>\n<\/div>\n\n\n\n<div class=\"wp-block-column has-border-color has-kenta-base-200-border-color is-layout-flow wp-block-column-is-layout-flow\">\n<div class=\"wp-block-group has-kenta-base-background-color has-background has-global-padding is-layout-constrained wp-block-group-is-layout-constrained\" style=\"border-radius:24px\">\n<figure class=\"wp-block-image has-custom-border\"><img decoding=\"async\" src=\"https:\/\/lh7-rt.googleusercontent.com\/docsz\/AD_4nXdq4aOM1kieJ3HXY3-fXLt9ticSIdugYxrhWOLDA_CAvpvkU6krLxCuRuYp4La93h3LChEGtDSHgfhmwxxx5NAva3R074HDSHXI7TzZGusWaNno9Z2EkTwd103k5SmiC390xm7m?key=QuGAegPTcuiA9rDIhmqy6zPe\" alt=\"Ein Boot auf einem Anh\u00e4nger auf einem See: KI-generierte Inhalte k\u00f6nnen falsch sein.\" style=\"border-radius:16px\"\/><\/figure>\n\n\n\n<div class=\"wp-block-group has-global-padding is-layout-constrained wp-container-core-group-is-layout-c7e4baee wp-block-group-is-layout-constrained\" style=\"padding-top:0;padding-right:var(--wp--preset--spacing--50);padding-bottom:var(--wp--preset--spacing--50);padding-left:var(--wp--preset--spacing--50)\">\n<h3 class=\"wp-block-heading has-kenta-font-medium-font-size\" style=\"margin-top:0;margin-bottom:0\"><strong>Motorbootverleih<\/strong><\/h3>\n\n\n\n<p>Mit einem Motorboot, das mit einem Fischfinder ausgestattet ist, k\u00f6nnen Sie unz\u00e4hlige Angelpl\u00e4tze erkunden und die atemberaubende Landschaft genie\u00dfen.<\/p>\n\n\n\n<p><a href=\"https:\/\/paadarauroravillas.com\/de\/motorbootverleih\/\">Mehr lesen \u2192<\/a><\/p>\n<\/div>\n<\/div>\n<\/div>\n<\/div>\n\n\n\n<div class=\"wp-block-columns is-layout-flex wp-container-core-columns-is-layout-f196b389 wp-block-columns-is-layout-flex\" style=\"margin-top:0;margin-bottom:0;padding-top:var(--wp--preset--spacing--50);padding-bottom:var(--wp--preset--spacing--50)\">\n<div class=\"wp-block-column has-border-color has-kenta-base-200-border-color is-layout-flow wp-block-column-is-layout-flow\">\n<div class=\"wp-block-group has-kenta-base-background-color has-background has-global-padding is-layout-constrained wp-block-group-is-layout-constrained\" style=\"border-radius:24px\">\n<figure class=\"wp-block-image has-custom-border\"><img decoding=\"async\" src=\"https:\/\/lh7-rt.googleusercontent.com\/docsz\/AD_4nXc602oftdmSCxKKxD5KygvXBuPzC9gk52ubJSMLbaWdGmwY3x0R9XCPjry234u0hHIQk0tc7Ifpg6c6101GexnBrnuwZ89Z1kn9UKnyIBOi2Q0qm-MABOANdIvN1SVTw9kiTqE4BA?key=QuGAegPTcuiA9rDIhmqy6zPe\" alt=\"Ein h\u00f6lzerner Raum mit einer Bank und einem Eimer - von der KI generierte Inhalte k\u00f6nnen falsch sein.\" style=\"border-radius:16px\"\/><\/figure>\n\n\n\n<div class=\"wp-block-group has-global-padding is-layout-constrained wp-container-core-group-is-layout-c7e4baee wp-block-group-is-layout-constrained\" style=\"padding-top:0;padding-right:var(--wp--preset--spacing--50);padding-bottom:var(--wp--preset--spacing--50);padding-left:var(--wp--preset--spacing--50)\">\n<h3 class=\"wp-block-heading has-kenta-font-medium-font-size\" style=\"margin-top:0;margin-bottom:0\"><strong><strong>Vermietung von Kelohonka Sauna<\/strong><\/strong><\/h3>\n\n\n\n<p>Miete einer Kelohonka-Sauna am Ufer des Paadarj\u00e4rvi-Sees. Inklusive Handt\u00fccher und Toilettenartikel, wie Shampoo und andere wichtige Dinge.<\/p>\n\n\n\n<p><a href=\"https:\/\/paadarauroravillas.com\/de\/vermietung-der-kelohonka-sauna\/\">Mehr lesen \u2192<\/a><\/p>\n<\/div>\n<\/div>\n<\/div>\n\n\n\n<div class=\"wp-block-column has-border-color has-kenta-base-200-border-color is-layout-flow wp-block-column-is-layout-flow\">\n<div class=\"wp-block-group has-kenta-base-background-color has-background has-global-padding is-layout-constrained wp-block-group-is-layout-constrained\" style=\"border-radius:24px\">\n<figure class=\"wp-block-image has-custom-border\"><img decoding=\"async\" src=\"https:\/\/lh7-rt.googleusercontent.com\/docsz\/AD_4nXdz4QnEpAb9F046iZdLI0IW9iOEquhPqlKA8mFOc9UU-EdIlZhlvdqAhneYznj0zI2EHNhlgxzmnQEj9bdHfYcS1Z0jW1K0QfqsbK2UgiAwmFnCMXcmdZs0YhjKzICJZ78MuA37XQ?key=QuGAegPTcuiA9rDIhmqy6zPe\" alt=\"\" style=\"border-radius:16px\"\/><\/figure>\n\n\n\n<div class=\"wp-block-group has-global-padding is-layout-constrained wp-container-core-group-is-layout-c7e4baee wp-block-group-is-layout-constrained\" style=\"padding-top:0;padding-right:var(--wp--preset--spacing--50);padding-bottom:var(--wp--preset--spacing--50);padding-left:var(--wp--preset--spacing--50)\">\n<h3 class=\"wp-block-heading has-kenta-font-medium-font-size\" style=\"margin-top:0;margin-bottom:0\"><strong><strong>Kreuzfahrt auf dem Siida- und Inari-See<\/strong><\/strong><\/h3>\n\n\n\n<p>Besuchen Sie Siida - das samische Museum und Naturzentrum von Lappland - auf eigene Faust.<\/p>\n\n\n\n<p><a href=\"https:\/\/paadarauroravillas.com\/de\/kreuzfahrt-auf-dem-siida-und-inarisee\/\">Mehr lesen \u2192<\/a><\/p>\n<\/div>\n<\/div>\n<\/div>\n<\/div>\n\n\n\n<div class=\"wp-block-columns is-layout-flex wp-container-core-columns-is-layout-f196b389 wp-block-columns-is-layout-flex\" style=\"margin-top:0;margin-bottom:0;padding-top:var(--wp--preset--spacing--50);padding-bottom:var(--wp--preset--spacing--50)\">\n<div class=\"wp-block-column has-border-color has-kenta-base-200-border-color is-layout-flow wp-block-column-is-layout-flow\">\n<div class=\"wp-block-group has-kenta-base-background-color has-background has-global-padding is-layout-constrained wp-block-group-is-layout-constrained\" style=\"border-radius:24px\">\n<figure class=\"wp-block-image has-custom-border\"><img decoding=\"async\" src=\"https:\/\/lh7-rt.googleusercontent.com\/docsz\/AD_4nXcdB4JN8EOTG8BoDpNebth2wI02_fStODe26jRdoSomcjg7Qn_TTsXwJtQvAsp9Vky13i-IvWeQM3-RPx252GPq7_lVrMWsd1JGX1vRJKC15s6bBQfXv6kRxmIu9y_iV3eBxEbIdA?key=QuGAegPTcuiA9rDIhmqy6zPe\" alt=\"Ein Feuer, das in einer Feuerstelle brennt. Der von der KI generierte Inhalt kann falsch sein.\" style=\"border-radius:16px\"\/><\/figure>\n\n\n\n<div class=\"wp-block-group has-global-padding is-layout-constrained wp-container-core-group-is-layout-c7e4baee wp-block-group-is-layout-constrained\" style=\"padding-top:0;padding-right:var(--wp--preset--spacing--50);padding-bottom:var(--wp--preset--spacing--50);padding-left:var(--wp--preset--spacing--50)\">\n<h3 class=\"wp-block-heading has-kenta-font-medium-font-size\" style=\"margin-top:0;margin-bottom:0\"><strong><strong>Wandern im Lemmenjoki-Nationalpark<\/strong><\/strong><\/h3>\n\n\n\n<p>Erkunden Sie die Sch\u00f6nheit des Lemmenjoki-Nationalparks bei einer Wanderung.<\/p>\n\n\n\n<p><a href=\"https:\/\/paadarauroravillas.com\/de\/wandern-im-nationalpark-lemmenjoki\/\">Mehr lesen \u2192<\/a><\/p>\n<\/div>\n<\/div>\n<\/div>\n\n\n\n<div class=\"wp-block-column has-border-color has-kenta-base-200-border-color is-layout-flow wp-block-column-is-layout-flow\">\n<div class=\"wp-block-group has-kenta-base-background-color has-background has-global-padding is-layout-constrained wp-block-group-is-layout-constrained\" style=\"border-radius:24px\">\n<figure class=\"wp-block-image has-custom-border\"><img decoding=\"async\" src=\"https:\/\/lh7-rt.googleusercontent.com\/docsz\/AD_4nXfGI1b0LxMLbg4OzvwVlQW44EbgNpgOMpF_KlokQd2a0D9WgGMjj1yr9uGF8Ei_8cxs7fEUjmQk5fH7EAO4afxks2n5t548n3S1FEnDABjGPgO0BmoPo1mFNwj0wsCXS_v23q987w?key=QuGAegPTcuiA9rDIhmqy6zPe\" alt=\"Ein Fluss mit B\u00e4umen und Felsen - von der K\u00fcnstlichen Intelligenz (KI) erzeugte Inhalte k\u00f6nnen falsch sein.\" style=\"border-radius:16px\"\/><\/figure>\n\n\n\n<div class=\"wp-block-group has-global-padding is-layout-constrained wp-container-core-group-is-layout-c7e4baee wp-block-group-is-layout-constrained\" style=\"padding-top:0;padding-right:var(--wp--preset--spacing--50);padding-bottom:var(--wp--preset--spacing--50);padding-left:var(--wp--preset--spacing--50)\">\n<h3 class=\"wp-block-heading has-kenta-font-medium-font-size\" style=\"margin-top:0;margin-bottom:0\"><strong><strong>Wandern auf dem Juutua Trail<\/strong><\/strong><\/h3>\n\n\n\n<p>Der J\u00e4niskoski mit seinen beeindruckenden Stromschnellen zieht sowohl im Sommer als auch im Winter die Besucher in seinen Bann. Das Wasser flie\u00dft mit einer solchen Kraft, dass die Stromschnellen selbst im h\u00e4rtesten Winterfrost nicht einfrieren.<\/p>\n\n\n\n<p><a href=\"https:\/\/paadarauroravillas.com\/de\/wandern-auf-dem-juutua-trail\/\">Mehr lesen \u2192<\/a><\/p>\n<\/div>\n<\/div>\n<\/div>\n<\/div>\n<\/div><\/div>\n\n\n\n<p><\/p>","protected":false},"excerpt":{"rendered":"","protected":false},"author":1,"featured_media":0,"parent":0,"menu_order":0,"comment_status":"closed","ping_status":"closed","template":"","meta":{"_seopress_robots_primary_cat":"","_seopress_titles_title":"Paadar Aurora Villas Summer & Autumn Activities","_seopress_titles_desc":"Paadar Aurora Villas Summer & Autumn Activities","_seopress_robots_index":"","site-container-style":"default","site-container-layout":"default","site-sidebar-layout":"default","site-transparent-header":"default","disable-article-header":"default","disable-site-header":"default","disable-site-footer":"default","disable-content-area-spacing":"default","footnotes":""},"class_list":["post-523","page","type-page","status-publish","hentry"],"_links":{"self":[{"href":"https:\/\/paadarauroravillas.com\/de\/wp-json\/wp\/v2\/pages\/523","targetHints":{"allow":["GET"]}}],"collection":[{"href":"https:\/\/paadarauroravillas.com\/de\/wp-json\/wp\/v2\/pages"}],"about":[{"href":"https:\/\/paadarauroravillas.com\/de\/wp-json\/wp\/v2\/types\/page"}],"author":[{"embeddable":true,"href":"https:\/\/paadarauroravillas.com\/de\/wp-json\/wp\/v2\/users\/1"}],"replies":[{"embeddable":true,"href":"https:\/\/paadarauroravillas.com\/de\/wp-json\/wp\/v2\/comments?post=523"}],"version-history":[{"count":7,"href":"https:\/\/paadarauroravillas.com\/de\/wp-json\/wp\/v2\/pages\/523\/revisions"}],"predecessor-version":[{"id":634,"href":"https:\/\/paadarauroravillas.com\/de\/wp-json\/wp\/v2\/pages\/523\/revisions\/634"}],"wp:attachment":[{"href":"https:\/\/paadarauroravillas.com\/de\/wp-json\/wp\/v2\/media?parent=523"}],"curies":[{"name":"wp","href":"https:\/\/api.w.org\/{rel}","templated":true}]}}