{"id":520,"date":"2025-04-16T12:02:49","date_gmt":"2025-04-16T12:02:49","guid":{"rendered":"https:\/\/paadarauroravillas.com\/?page_id=520"},"modified":"2025-04-17T11:36:50","modified_gmt":"2025-04-17T11:36:50","slug":"sommer-herbst-programm","status":"publish","type":"page","link":"https:\/\/paadarauroravillas.com\/de\/summer-autumn-program\/","title":{"rendered":"Sommer- und Herbstpakete"},"content":{"rendered":"<h1 class=\"wp-block-heading has-kenta-primary-color has-text-color has-link-color wp-elements-b030eeb38fefa716681afc484409e79d\"><strong>\u00dcberblick \u00fcber das Mid Sun Paadar Aurora Villas Programm:<\/strong><\/h1>\n\n\n\n<p>Nehmen Sie Ihre Liebsten mit auf eine romantische und aktive Auszeit vom hektischen Alltag. Erleben Sie einen einzigartigen Aufenthalt in Paadar Aurora Villas, um die Mitternachtssonne zu erleben. Mit einer gro\u00dfen Auswahl an Aktivit\u00e4ten wie (Links) <strong>Bootsfahrt auf dem Paadar-See, Angeln und Bootsfahrt auf dem Fluss, Huskies, Siida ja Kreuzfahrt auf dem Inari-See und Wanderausflug<\/strong>erleben Sie ein wahrhaft einzigartiges Sommerwunderland in einer wundersch\u00f6nen, einzigartigen und romantischen Wildnis, wie man sie nur in Finnisch-Lappland findet.<\/p>\n\n\n\n<p class=\"has-kenta-primary-active-color has-text-color has-link-color wp-elements-23fb947a469d0180593f736b180c0a37\">Der Preis ist f\u00fcr <strong>\"Sommerabenteuer &amp; Mitternachtssonne\" <\/strong>\u20ac<strong> 890 pro Person<\/strong>\u00a0je nach Verf\u00fcgbarkeit.\u00a0<\/p>\n\n\n\n<p>*Sommeraktivit\u00e4ten sind wetterabh\u00e4ngig&nbsp;<\/p>\n\n\n\n<p class=\"has-kenta-primary-active-color has-text-color has-link-color wp-elements-4ad91df2d717d001ba183f76c3970e67\"><strong>Reiseroute:<\/strong><\/p>\n\n\n\n<h2 class=\"wp-block-heading has-kenta-primary-color has-text-color has-link-color wp-elements-5b9afc6e751529abb79e55c911a544d4\"><strong>Tag 1: Willkommen in Paadar Aurora Villas<\/strong><\/h2>\n\n\n\n<p>Paadar Aurora Villen<strong>&nbsp;<\/strong>ist ein einzigartiger R\u00fcckzugsort in der Wildnis, der eine perfekte Mischung aus Natur und modernem Komfort bietet und so konzipiert ist, dass er den Blick auf die Mitternachtssonne maximiert. Die Paadar Aurora Villas bieten eine Vielzahl von Sommeraktivit\u00e4ten wie Flussbootfahrten auf dem Paadar-See, Angelausfl\u00fcge, Huskys und Kreuzfahrten auf dem Inari-See. Paadar Aurora Villas garantiert einen unvergesslichen Aufenthalt in Finnisch-Lappland.<\/p>\n\n\n\n<h2 class=\"wp-block-heading has-kenta-primary-color has-text-color has-link-color wp-elements-f3d8feea5d4e70adf11d39532787b41b\"><strong>Tag 2 und weiter: Sommerabenteuer &amp; Mitternachtssonne<\/strong>&nbsp;<\/h2>\n\n\n\n<p>Paadar Aurora Villas bietet eine breite Palette von Sommeraktivit\u00e4ten. Siehe die separate Liste der Aktivit\u00e4ten und Dienstleistungen, so dass Sie entweder im Voraus oder vorgefertigte Programm wie unten w\u00e4hlen k\u00f6nnen, um f\u00fcr die Au\u00dfenwelt zu erholen.<\/p>\n\n\n\n<p>Der Aufenthalt in einer Paadar Aurora Villa ist eine bemerkenswerte Gelegenheit, die Mitternachtssonne wie nie zuvor zu erleben, mit sch\u00f6nen Kabinen mit Sauna und Au\u00dfen-Jacuzzi mit einem ungehinderten Blick auf die Mitternachtssonne durch die Fenster der Villa oder aus dem warmen Au\u00dfen-Jacuzzi.<\/p>\n\n\n\n<p><strong><\/strong><strong> &nbsp; <\/strong><strong>Programm Paadar Aurora Villas<\/strong><\/p>\n\n\n\n<p class=\"has-kenta-primary-active-color has-text-color has-link-color wp-elements-88bd20e3df5f5c8fbfac99be9b391b1c\"><strong>Wir haben f\u00fcr den Preis von \"Summer Adventures &amp; Mid Night Sun\" enthalten:<\/strong><\/p>\n\n\n\n<h3 class=\"wp-block-heading has-kenta-primary-color has-text-color has-link-color wp-elements-171160b7b5b647c6336e2ac2bcf0ff7e\">Kreuzfahrt auf dem Paadar-See, Angelabenteuer oder Mitternachtssonnenkreuzfahrt<\/h3>\n\n\n\n<p>Erleben Sie den atemberaubenden Paadar-See auf einer gef\u00fchrten Bootstour. W\u00e4hrend der Fahrt werden Sie von der ruhigen Sch\u00f6nheit dieses wilden Sees mit seinen Sandstr\u00e4nden entlang des Flusses Lemmenjoki und den historischen Geb\u00e4uden am Ufer, die eine reiche und vielf\u00e4ltige Lebensweise widerspiegeln, fasziniert sein. Wir machen eine Pause f\u00fcr Kaffee und Snacks, bevor wir unsere Reise fortsetzen.<\/p>\n\n\n\n<h3 class=\"wp-block-heading has-kenta-primary-color has-text-color has-link-color wp-elements-736b55318bd70254181d01ba1dffcfe8\"><strong>Huskies<\/strong><\/h3>\n\n\n\n<p>Begeben Sie sich auf ein Husky-Abenteuer, bei dem unsere Hunde Sie tief in die Wildnis Finnisch-Lapplands f\u00fchren und Ihnen die atemberaubende Sch\u00f6nheit der Region zeigen. Jeder Gast wird mit seinem eigenen Husky-Begleiter f\u00fcr die Wanderung eingeteilt, wobei unser erfahrener F\u00fchrer den Weg vorgibt. Auch unsere \u00e4lteren Hunde freuen sich darauf, sich dem Rudel anzuschlie\u00dfen und genie\u00dfen die Aufmerksamkeit und Zuneigung, die sie w\u00e4hrend der Reise erhalten. W\u00e4hrend der Tour werden wir eine Pause einlegen, um Snacks und Getr\u00e4nke zu genie\u00dfen, w\u00e4hrend der F\u00fchrer faszinierende Einblicke in das Leben unserer geliebten Huskys gew\u00e4hrt.<\/p>\n\n\n\n<h3 class=\"wp-block-heading has-kenta-primary-color has-text-color has-link-color wp-elements-7b94c6b6c31c385f7d83cf34f1ec6efe\"><strong>SIIDA und Inari-See-Kreuzfahrt:&nbsp;<\/strong><\/h3>\n\n\n\n<p>Besuchen Sie Siida - das S\u00e1mi-Museum und das Lappland-Besucherzentrum auf eigene Faust. Die Ausstellungen zeigen, wie sich Natur und Menschen an die extremen Bedingungen der n\u00f6rdlichen Umwelt angepasst haben. Atemberaubende Fotos, Videos, Dioramen, Klanglandschaften und Originalobjekte f\u00fchren Sie durch die Jahreszeiten und die Vergangenheit.&nbsp;<\/p>\n\n\n\n<p>Begeben Sie sich auf eine Kreuzfahrt \u00fcber den Inari-See, einen unber\u00fchrten Wildnis-See mit 3.318 Inseln. W\u00e4hrend der Fahrt besuchen Sie die ber\u00fchmte Insel \"Ukko\" (\u00c4ijih), eine uralte heilige St\u00e4tte, die einst f\u00fcr Opferrituale der Samen genutzt wurde.<\/p>\n\n\n\n<h3 class=\"wp-block-heading has-kenta-primary-color has-text-color has-link-color wp-elements-b60f85008958c0f6aebbda4629edc60a\"><strong>Wanderausflug zum Lemmenjoki-Nationalpark<\/strong><\/h3>\n\n\n\n<p>Es besteht die M\u00f6glichkeit, das Informationszentrum des Parks zu besuchen.&nbsp;<\/p>\n\n\n\n<p>Lemmenjoki-Naturlehrpfad 4,5 km: Er beginnt in Njurkulahti und folgt dem Lauf des Flusses Lemmenjoki. Am Anfang des Weges befinden sich alte Gruben f\u00fcr die Hirschjagd und Kammformationen. Nach einigen Kilometern biegt die Route nach Osten ab und schl\u00e4ngelt sich durch h\u00fcgelige Kiefernw\u00e4lder zur\u00fcck zu ihrem Ausgangspunkt. Dort gibt es eine Lagerfeuerstelle und Informationstafeln.<\/p>\n\n\n\n<p><\/p>","protected":false},"excerpt":{"rendered":"<p>Overview of the Mid Sun Paadar Aurora Villas Program: Take your loved ones on a romantic and active get-away from the busy everyday life. Experience a unique stay at Paadar Aurora Villas to experience the Mid Night Sun. With a wide selection of activities such as (links) Lake Paadar boat trip, Fishing and river boat [&hellip;]<\/p>\n","protected":false},"author":1,"featured_media":0,"parent":0,"menu_order":0,"comment_status":"closed","ping_status":"closed","template":"","meta":{"_seopress_robots_primary_cat":"","_seopress_titles_title":"The Mid Sun Paadar Aurora Villas Program","_seopress_titles_desc":"Experience a unique stay at Paadar Aurora Villas to experience the Mid Night Sun. With a wide selection of activities such as (links) Lake Paadar boat trip, Fishing and river boat trip, Huskiis, Siida ja Lake Inari Cruising and hiking trip, you will experience a truly unique summer wonderland setting in the beautiful, unique and romantic wilderness surroundings only found in Finnish Lapland.","_seopress_robots_index":"","site-container-style":"default","site-container-layout":"default","site-sidebar-layout":"default","site-transparent-header":"default","disable-article-header":"default","disable-site-header":"default","disable-site-footer":"default","disable-content-area-spacing":"default","footnotes":""},"class_list":["post-520","page","type-page","status-publish","hentry"],"_links":{"self":[{"href":"https:\/\/paadarauroravillas.com\/de\/wp-json\/wp\/v2\/pages\/520","targetHints":{"allow":["GET"]}}],"collection":[{"href":"https:\/\/paadarauroravillas.com\/de\/wp-json\/wp\/v2\/pages"}],"about":[{"href":"https:\/\/paadarauroravillas.com\/de\/wp-json\/wp\/v2\/types\/page"}],"author":[{"embeddable":true,"href":"https:\/\/paadarauroravillas.com\/de\/wp-json\/wp\/v2\/users\/1"}],"replies":[{"embeddable":true,"href":"https:\/\/paadarauroravillas.com\/de\/wp-json\/wp\/v2\/comments?post=520"}],"version-history":[{"count":4,"href":"https:\/\/paadarauroravillas.com\/de\/wp-json\/wp\/v2\/pages\/520\/revisions"}],"predecessor-version":[{"id":638,"href":"https:\/\/paadarauroravillas.com\/de\/wp-json\/wp\/v2\/pages\/520\/revisions\/638"}],"wp:attachment":[{"href":"https:\/\/paadarauroravillas.com\/de\/wp-json\/wp\/v2\/media?parent=520"}],"curies":[{"name":"wp","href":"https:\/\/api.w.org\/{rel}","templated":true}]}}