{"id":514,"date":"2025-04-16T10:57:31","date_gmt":"2025-04-16T10:57:31","guid":{"rendered":"https:\/\/paadarauroravillas.com\/?page_id=514"},"modified":"2025-04-16T11:58:24","modified_gmt":"2025-04-16T11:58:24","slug":"varausehdot","status":"publish","type":"page","link":"https:\/\/paadarauroravillas.com\/de\/varausehdot\/","title":{"rendered":"Buchungs- und Stornierungsbedingungen"},"content":{"rendered":"<h1 class=\"wp-block-heading has-kenta-primary-color has-text-color has-link-color wp-elements-2922e2b66f952ec1e706d4442844641d\"><br>RESERVIERUNGEN UND ZAHLUNGEN<\/h1>\n\n\n\n<h2 class=\"wp-block-heading\">Zahlungsbedingungen<\/h2>\n\n\n\n<p>Reservierungen m\u00fcssen vor der Ankunft wie folgt bezahlt werden:<\/p>\n\n\n\n<h6 class=\"wp-block-heading\">Unterkunft, Aktivit\u00e4ten und Transportreservierungen:<\/h6>\n\n\n\n<ul class=\"wp-block-list\">\n<li>Zum Zeitpunkt der Buchung, den vollen Betrag der Reservierung.<\/li>\n<\/ul>\n\n\n\n<p><strong>Andere Zeiten<\/strong><\/p>\n\n\n\n<ul class=\"wp-block-list\">\n<li>Zum Zeitpunkt der Buchung, 30% des gesamten Buchungsbetrags.<\/li>\n\n\n\n<li>30 Tage vor dem Reservierungsdatum, Zahlung des Restbetrags.<\/li>\n<\/ul>\n\n\n\n<p>Die Reservierung gilt als best\u00e4tigt, wenn die Anzahlung oder die Restzahlung erfolgt ist. Zahlungen \u00fcber die Bank m\u00fcssen bis zum F\u00e4lligkeitsdatum abgeschlossen sein. Paadar Aurora Villas beh\u00e4lt sich das Recht vor, die Reservierung zu stornieren, wenn die Zahlung nicht bis zum F\u00e4lligkeitsdatum erfolgt ist oder wenn der Bucher die Kreditkartendaten nicht zur Verf\u00fcgung stellt, um die Best\u00e4tigung zu gew\u00e4hrleisten.<\/p>\n\n\n\n<h3 class=\"wp-block-heading\"><strong>Zahlungsarten:<\/strong><\/h3>\n\n\n\n<ul class=\"wp-block-list\">\n<li>Links zur Bezahlung<\/li>\n\n\n\n<li>Visa und Mastercard<\/li>\n\n\n\n<li>Finnische Online-Banken<\/li>\n<\/ul>\n\n\n\n<h3 class=\"wp-block-heading\">Stornierungsbedingungen:<\/h3>\n\n\n\n<p>Alle Stornierungen und Anfragen im Zusammenhang mit Stornierungen m\u00fcssen per E-Mail an sales@paadarauroravillas.com gesendet werden.\u00a0<\/p>\n\n\n\n<h4 class=\"wp-block-heading\">Unterkunft, Aktivit\u00e4ten und Transportreservierungen:<\/h4>\n\n\n\n<p>Wenn der Kunde die Reservierung vor Beginn der Reservierungsfrist storniert:<\/p>\n\n\n\n<ul class=\"wp-block-list\">\n<li>Mindestens 90 Tage vorher: 50 \u20ac B\u00fcrogeb\u00fchr<\/li>\n\n\n\n<li>Mindestens 30 Tage vorher: 30% Stornogeb\u00fchr des Gesamtbetrags der Reservierung<\/li>\n<\/ul>\n\n\n\n<h4 class=\"wp-block-heading\">Medizinische F\u00e4lle:<\/h4>\n\n\n\n<p>Im Krankheitsfall gelten die allgemeinen Stornobedingungen. Wir empfehlen allen unseren Kunden eine Reiseversicherung.<\/p>\n\n\n\n<h4 class=\"wp-block-heading\">Haftung:<\/h4>\n\n\n\n<ul class=\"wp-block-list\">\n<li>Paadar Aurora Villas ist nicht verantwortlich f\u00fcr Verluste oder Kosten, die durch Versp\u00e4tungen oder \u00c4nderungen von Fl\u00fcgen, Unf\u00e4lle, Sch\u00e4den, Fahrl\u00e4ssigkeit, Krankheit, Wetter oder andere unerwartete Gr\u00fcnde entstehen.<\/li>\n\n\n\n<li>Die Dauer der Touren ist ein Richtwert f\u00fcr die durchschnittliche Programmdauer. Die Dauer der Tour kann sich aufgrund von Stra\u00dfen-, Wetter- oder anderen unvorhergesehenen Bedingungen \u00e4ndern. Visit Inari haftet nicht, wenn den Teilnehmern aufgrund von Verz\u00f6gerungen zus\u00e4tzliche Kosten entstehen.<\/li>\n\n\n\n<li>Die Villa Paadar Aurora beh\u00e4lt sich das Recht vor, die Veranstaltung im Falle h\u00f6herer Gewalt zu stornieren (z. B. Krieg, Streik, Wetter, Schneeverh\u00e4ltnisse oder andere Hindernisse im Zusammenhang mit nat\u00fcrlichen Gegebenheiten usw.). In solchen F\u00e4llen haben die Teilnehmer Anspruch auf eine vollst\u00e4ndige R\u00fcckerstattung.<\/li>\n\n\n\n<li>Wird die Leistung nicht bis zum F\u00e4lligkeitsdatum vollst\u00e4ndig bezahlt oder sind die Kreditkartenangaben unvollst\u00e4ndig oder falsch, wird die Leistung nicht erbracht.<\/li>\n<\/ul>\n\n\n\n<h4 class=\"wp-block-heading\">Versicherung und Haftung:<\/h4>\n\n\n\n<p><strong>Schneemobilfahren:<\/strong><\/p>\n\n\n\n<ul class=\"wp-block-list\">\n<li>Schneemobile sind nach finnischem Recht versichert. Diese Versicherung deckt Fahrer und Beifahrer im Falle eines Unfalls. Die Versicherung deckt auch Sch\u00e4den, die anderen Personen und Fahrzeugen zugef\u00fcgt werden.<br><\/li>\n\n\n\n<li>Der Motorschlittenfahrer muss mindestens 18 Jahre alt und im Besitz eines g\u00fcltigen F\u00fchrerscheins sein.<br><\/li>\n\n\n\n<li>Kinder unter 12 Jahren reisen auf Schneemobilsafaris im Schlitten des Reiseleiters.<br><\/li>\n\n\n\n<li>Die Teilnehmer tragen die volle Verantwortung f\u00fcr das ihnen \u00fcberlassene Schneemobil und eventuelle Sch\u00e4den daran. Die Selbstbeteiligung im Falle von Sch\u00e4den betr\u00e4gt bis zu 900 \u20ac\/Schneemobil\/Fall.<br><\/li>\n\n\n\n<li>Die Teilnehmer k\u00f6nnen f\u00fcr 28 \u20ac eine Befreiung von der Selbstbeteiligung erwerben, wodurch sich der Selbstbehalt von 900 \u20ac auf 150 \u20ac verringert.<br><\/li>\n\n\n\n<li>Nach finnischem Recht ist das F\u00fchren von Fahrzeugen unter dem Einfluss von Alkohol, Rauschmitteln oder Drogen verboten.<br><\/li>\n\n\n\n<li>Bei Schneemobilsafaris besteht f\u00fcr alle Teilnehmer Helmpflicht.<\/li>\n<\/ul>\n\n\n\n<h3 class=\"wp-block-heading\">Anwendbares Recht und Gerichtsstand:<\/h3>\n\n\n\n<p>Streitigkeiten werden durch Verhandlungen zwischen den Parteien beigelegt. Kann auf dem Verhandlungsweg keine Einigung erzielt werden, werden die Streitigkeiten vor dem Bezirksgericht Helsinki beigelegt. F\u00fcr die Vereinbarung gilt finnisches Recht.<\/p>\n\n\n\n<p><\/p>","protected":false},"excerpt":{"rendered":"<p>RESERVATIONS AND PAYMENTS Payment terms Reservations must be paid prior to arrival as follows: Accommodation, Activities, and Transportation Reservations: Other times The reservation is considered confirmed when the deposit or final payment is made. Payments through the bank must be completed by the due date. Paadar Aurora Villas reserves the right to cancel the reservation [&hellip;]<\/p>\n","protected":false},"author":1,"featured_media":0,"parent":0,"menu_order":0,"comment_status":"closed","ping_status":"closed","template":"","meta":{"_seopress_robots_primary_cat":"","_seopress_titles_title":"","_seopress_titles_desc":"","_seopress_robots_index":"","_seopress_analysis_target_kw":"","site-container-style":"default","site-container-layout":"default","site-sidebar-layout":"default","site-transparent-header":"default","disable-article-header":"default","disable-site-header":"default","disable-site-footer":"default","disable-content-area-spacing":"default","footnotes":""},"class_list":["post-514","page","type-page","status-publish","hentry"],"_links":{"self":[{"href":"https:\/\/paadarauroravillas.com\/de\/wp-json\/wp\/v2\/pages\/514","targetHints":{"allow":["GET"]}}],"collection":[{"href":"https:\/\/paadarauroravillas.com\/de\/wp-json\/wp\/v2\/pages"}],"about":[{"href":"https:\/\/paadarauroravillas.com\/de\/wp-json\/wp\/v2\/types\/page"}],"author":[{"embeddable":true,"href":"https:\/\/paadarauroravillas.com\/de\/wp-json\/wp\/v2\/users\/1"}],"replies":[{"embeddable":true,"href":"https:\/\/paadarauroravillas.com\/de\/wp-json\/wp\/v2\/comments?post=514"}],"version-history":[{"count":2,"href":"https:\/\/paadarauroravillas.com\/de\/wp-json\/wp\/v2\/pages\/514\/revisions"}],"predecessor-version":[{"id":530,"href":"https:\/\/paadarauroravillas.com\/de\/wp-json\/wp\/v2\/pages\/514\/revisions\/530"}],"wp:attachment":[{"href":"https:\/\/paadarauroravillas.com\/de\/wp-json\/wp\/v2\/media?parent=514"}],"curies":[{"name":"wp","href":"https:\/\/api.w.org\/{rel}","templated":true}]}}