{"id":240,"date":"2024-04-22T09:16:34","date_gmt":"2024-04-22T09:16:34","guid":{"rendered":"https:\/\/paadarauroravillas.com\/?page_id=240"},"modified":"2024-05-23T10:07:18","modified_gmt":"2024-05-23T10:07:18","slug":"erklarung-zum-datenschutz","status":"publish","type":"page","link":"https:\/\/paadarauroravillas.com\/de\/privacy-statement\/","title":{"rendered":"Erkl\u00e4rung zum Datenschutz"},"content":{"rendered":"<p><strong>Dies ist das Register und die Datenschutzerkl\u00e4rung von Paadar Aurora Villas in \u00dcbereinstimmung mit der Allgemeinen Datenschutzverordnung der EU (GDPR). Erstellt am 23.05.2024. Zuletzt ge\u00e4ndert am 23.05.2024.<\/strong><\/p>\n\n\n\n<ol class=\"wp-block-list\">\n<li><strong>Verantwortlicher f\u00fcr die Datenverarbeitung<\/strong><br><strong>TK Kimara<\/strong>, <strong>Rantalantie 52 A<\/strong>, <strong>91600 Utaj\u00e4rvi<\/strong><\/li>\n\n\n\n<li><strong>F\u00fcr das Register zust\u00e4ndige Kontaktperson<br><\/strong>Tero Kemil\u00e4, sales@paadarauroravillas.com<\/li>\n\n\n\n<li><strong>Name des Registers<br><\/strong>Kundenregister, Marketingregister<\/li>\n\n\n\n<li><strong>Rechtsgrundlage und Zweck der Verarbeitung personenbezogener Daten<br><\/strong>Die Rechtsgrundlage f\u00fcr die Verarbeitung personenbezogener Daten im Rahmen der Allgemeinen Datenschutzverordnung der EU ist:<br>- Einverst\u00e4ndnis der Person<br>Der Zweck der Verarbeitung personenbezogener Daten ist die Kommunikation mit Kunden und das Marketing<br>Die Daten werden nicht f\u00fcr eine automatisierte Entscheidungsfindung oder ein Profiling verwendet.<\/li>\n\n\n\n<li><strong>Dateninhalt des Registers<br><\/strong>Zu den im Register gespeicherten Informationen geh\u00f6ren: Name der Person, Position, Unternehmen\/Organisation, Kontaktinformationen (Telefonnummer, E-Mail-Adresse), Website-Adressen, IP-Adresse der Netzwerkverbindung, IDs\/Profile in Social-Media-Diensten, Informationen \u00fcber bestellte Dienstleistungen und deren \u00c4nderungen, Rechnungsinformationen, andere Informationen im Zusammenhang mit der Kundenbeziehung und den bestellten Dienstleistungen.<br><br>Die maximale Speicherdauer der Daten betr\u00e4gt ein Jahr.<br><br>Die IP-Adressen von Website-Besuchern und Cookies, die f\u00fcr die Funktionen des Dienstes erforderlich sind, werden auf der Grundlage eines berechtigten Interesses verarbeitet, z. B. um die Datensicherheit zu gew\u00e4hrleisten und um statistische Informationen \u00fcber Website-Besucher zu sammeln, wenn diese als personenbezogene Daten betrachtet werden k\u00f6nnen. F\u00fcr Cookies von Drittanbietern wird erforderlichenfalls eine gesonderte Zustimmung eingeholt.<\/li>\n\n\n\n<li><strong>Regelm\u00e4\u00dfige Informationsquellen<br><\/strong>Die im Register gespeicherten Informationen stammen vom Kunden, z. B. aus Nachrichten, die \u00fcber Webformulare, E-Mail, Telefon, Social-Media-Dienste, Vertr\u00e4ge, Kundengespr\u00e4che und andere Situationen, in denen der Kunde seine Daten preisgibt.<br>Informationen \u00fcber die Kontaktpersonen von Unternehmen und anderen Organisationen k\u00f6nnen auch aus \u00f6ffentlichen Quellen, wie Websites, Verzeichnisdiensten und anderen Unternehmen, stammen.<\/li>\n\n\n\n<li><strong>Regelm\u00e4\u00dfige Offenlegung von Daten und \u00dcbermittlung von Daten au\u00dferhalb der EU oder des EWR<\/strong><br>Die Daten werden nicht regelm\u00e4\u00dfig an andere Parteien weitergegeben. Die Informationen k\u00f6nnen in dem mit dem Kunden vereinbarten Umfang ver\u00f6ffentlicht werden.<br>Die Daten k\u00f6nnen von dem f\u00fcr die Verarbeitung Verantwortlichen auch au\u00dferhalb der EU oder des EWR \u00fcbermittelt werden.<br>Die Website verwendet Google Analytics.<\/li>\n\n\n\n<li><strong>Grunds\u00e4tze des Registerschutzes<br><\/strong>Das Register wird mit Sorgfalt behandelt und die mit Hilfe von Informationssystemen verarbeiteten Daten werden angemessen gesch\u00fctzt. Wenn Registerdaten auf Internetservern gespeichert werden, wird f\u00fcr die physische und digitale Sicherheit ihrer Hardware angemessen gesorgt.<br>Der f\u00fcr die Verarbeitung Verantwortliche stellt sicher, dass die gespeicherten Daten, die Zugriffsrechte auf den Server und andere Informationen, die f\u00fcr die Sicherheit personenbezogener Daten entscheidend sind, vertraulich und nur von den Mitarbeitern verarbeitet werden, zu deren Aufgabenbereich sie geh\u00f6ren.<\/li>\n\n\n\n<li><strong>Recht auf Einsichtnahme und Recht auf Berichtigung der Daten<br><\/strong>Jede im Register aufgef\u00fchrte Person hat das Recht, ihre im Register gespeicherten Daten zu \u00fcberpr\u00fcfen und die Berichtigung unrichtiger Daten oder die Vervollst\u00e4ndigung unvollst\u00e4ndiger Daten zu verlangen. M\u00f6chte eine Person die \u00fcber sie gespeicherten Daten \u00fcberpr\u00fcfen oder deren Berichtigung verlangen, so ist der Antrag schriftlich an den f\u00fcr die Verarbeitung Verantwortlichen zu richten, der den Antragsteller erforderlichenfalls auffordern kann, seine Identit\u00e4t nachzuweisen. Der f\u00fcr die Verarbeitung Verantwortliche wird dem Kunden innerhalb der in der EU-Datenschutz-Grundverordnung festgelegten Frist (in der Regel innerhalb eines Monats) antworten.<br><\/li>\n\n\n\n<li><strong>Sonstige Rechte im Zusammenhang mit der Verarbeitung personenbezogener Daten<br><\/strong>Eine im Register eingetragene Person hat das Recht, die L\u00f6schung der sie betreffenden personenbezogenen Daten aus dem Register zu verlangen (\"Recht auf Vergessenwerden\"). Betroffene Personen haben nach der EU-Datenschutz-Grundverordnung auch andere Rechte, wie z. B. die Einschr\u00e4nkung der Verarbeitung personenbezogener Daten in bestimmten Situationen. Die Antr\u00e4ge sind schriftlich an den f\u00fcr die Verarbeitung Verantwortlichen zu richten. Erforderlichenfalls kann der f\u00fcr die Verarbeitung Verantwortliche den Antragsteller auffordern, seine Identit\u00e4t nachzuweisen. Der f\u00fcr die Verarbeitung Verantwortliche antwortet dem Kunden innerhalb der in der EU-Datenschutzgrundverordnung festgelegten Frist (in der Regel innerhalb eines Monats).<\/li>\n<\/ol>","protected":false},"excerpt":{"rendered":"<p>This is Paadar Aurora Villas register and privacy statement in accordance with the EU&#8217;s General Data Protection Regulation (GDPR). Created on 23.05.2024. Last modified 23.05.2024.<\/p>","protected":false},"author":1,"featured_media":0,"parent":0,"menu_order":0,"comment_status":"closed","ping_status":"closed","template":"","meta":{"_seopress_robots_primary_cat":"","_seopress_titles_title":"","_seopress_titles_desc":"","_seopress_robots_index":"","_seopress_analysis_target_kw":"","site-container-style":"default","site-container-layout":"default","site-sidebar-layout":"default","site-transparent-header":"default","disable-article-header":"default","disable-site-header":"default","disable-site-footer":"default","disable-content-area-spacing":"default","footnotes":""},"class_list":["post-240","page","type-page","status-publish","hentry"],"_links":{"self":[{"href":"https:\/\/paadarauroravillas.com\/de\/wp-json\/wp\/v2\/pages\/240","targetHints":{"allow":["GET"]}}],"collection":[{"href":"https:\/\/paadarauroravillas.com\/de\/wp-json\/wp\/v2\/pages"}],"about":[{"href":"https:\/\/paadarauroravillas.com\/de\/wp-json\/wp\/v2\/types\/page"}],"author":[{"embeddable":true,"href":"https:\/\/paadarauroravillas.com\/de\/wp-json\/wp\/v2\/users\/1"}],"replies":[{"embeddable":true,"href":"https:\/\/paadarauroravillas.com\/de\/wp-json\/wp\/v2\/comments?post=240"}],"version-history":[{"count":3,"href":"https:\/\/paadarauroravillas.com\/de\/wp-json\/wp\/v2\/pages\/240\/revisions"}],"predecessor-version":[{"id":463,"href":"https:\/\/paadarauroravillas.com\/de\/wp-json\/wp\/v2\/pages\/240\/revisions\/463"}],"wp:attachment":[{"href":"https:\/\/paadarauroravillas.com\/de\/wp-json\/wp\/v2\/media?parent=240"}],"curies":[{"name":"wp","href":"https:\/\/api.w.org\/{rel}","templated":true}]}}