{"id":22,"date":"2024-04-19T10:37:23","date_gmt":"2024-04-19T10:37:23","guid":{"rendered":"https:\/\/paadarauroravillas.com\/?page_id=22"},"modified":"2025-07-21T11:41:12","modified_gmt":"2025-07-21T11:41:12","slug":"paadar-aurora-dorfer","status":"publish","type":"page","link":"https:\/\/paadarauroravillas.com\/de\/","title":{"rendered":"Startseite"},"content":{"rendered":"<div class=\"wp-block-kenta-blocks-cover kb-cover-962e5d61 kb-cover kb-cover-has-overlay\"><video playsinline class=\"kb-background-video\" autoplay loop muted src=\"https:\/\/paadarauroravillas.com\/wp-content\/uploads\/2025\/04\/VID-20240904-WA0012.mp4\" style=\"object-position:50% 65%\"><\/video><div class=\"kb-cover-inner-container\">\n<div class=\"wp-block-kenta-blocks-heading kb-heading kb-heading-h1 kb-heading-c00858b7\"><h1 class=\"\">Paadar Aurora Villen<\/h1><\/div>\n\n\n\n<p class=\"has-text-align-center has-text-color has-link-color wp-elements-297e39d8563f7a7a8f25d6f774d3258f\" style=\"color:#ffffff\"><strong>In der unber\u00fchrten Landschaft von Inari, Finnland, gelegen, bieten diese Luxusvillen im skandinavischen Stil eine exquisite Mischung aus Komfort, modernen Annehmlichkeiten und beeindruckender nat\u00fcrlicher Sch\u00f6nheit. Jede Villa - komplett mit Privatstrand, ganzj\u00e4hrig ge\u00f6ffnetem Whirlpool und Sauna - l\u00e4dt G\u00e4ste zu einem unvergesslichen R\u00fcckzug in die unber\u00fchrte Wildnis Lapplands ein.<\/strong> <br><a href=\"https:\/\/scanmagazine.co.uk\/paadar-aurora-villas-tranquil-villa-retreats-in-finlands-untouched-wilderness\/\" data-type=\"link\" data-id=\"https:\/\/scanmagazine.co.uk\/paadar-aurora-villas-tranquil-villa-retreats-in-finlands-untouched-wilderness\/\">-Nd\u00e9la Faye, Scan Magazin<\/a><\/p>\n<\/div><\/div>\n\n\n\n<div class=\"wp-block-kenta-blocks-group kb-group-d6d46ad5 kb-group\"><div class=\"kb-group-inner-container\">\n<div class=\"wp-block-columns is-layout-flex wp-container-core-columns-is-layout-f196b389 wp-block-columns-is-layout-flex\" style=\"margin-top:0;margin-bottom:0;padding-top:var(--wp--preset--spacing--50);padding-bottom:var(--wp--preset--spacing--50)\">\n<div class=\"wp-block-column has-border-color has-kenta-base-200-border-color is-layout-flow wp-block-column-is-layout-flow\">\n<div class=\"wp-block-group has-kenta-base-background-color has-background has-global-padding is-layout-constrained wp-block-group-is-layout-constrained\" style=\"border-radius:24px\">\n<figure class=\"wp-block-image size-full has-custom-border\"><a href=\"https:\/\/paadarauroravillas.com\/de\/villa-paadari\/\"><img loading=\"lazy\" decoding=\"async\" width=\"1024\" height=\"576\" src=\"https:\/\/paadarauroravillas.com\/wp-content\/uploads\/2024\/04\/Paadari.jpg\" alt=\"\" class=\"wp-image-69\" style=\"border-top-left-radius:16px;border-top-right-radius:16px;border-bottom-left-radius:0px;border-bottom-right-radius:0px\" srcset=\"https:\/\/paadarauroravillas.com\/wp-content\/uploads\/2024\/04\/Paadari.jpg 1024w, https:\/\/paadarauroravillas.com\/wp-content\/uploads\/2024\/04\/Paadari-300x169.jpg 300w, https:\/\/paadarauroravillas.com\/wp-content\/uploads\/2024\/04\/Paadari-768x432.jpg 768w, https:\/\/paadarauroravillas.com\/wp-content\/uploads\/2024\/04\/Paadari-18x10.jpg 18w\" sizes=\"auto, (max-width: 1024px) 100vw, 1024px\" \/><\/a><\/figure>\n\n\n\n<div class=\"wp-block-group has-global-padding is-layout-constrained wp-container-core-group-is-layout-c7e4baee wp-block-group-is-layout-constrained\" style=\"padding-top:0;padding-right:var(--wp--preset--spacing--50);padding-bottom:var(--wp--preset--spacing--50);padding-left:var(--wp--preset--spacing--50)\">\n<h3 class=\"wp-block-heading has-text-align-center has-kenta-font-medium-font-size\" style=\"margin-top:0;margin-bottom:0\"><a href=\"https:\/\/paadarauroravillas.com\/de\/villa-paadari\/\" title=\"Villa Paadari\">Villa Paadari<\/a><\/h3>\n\n\n\n<p class=\"has-text-align-center\"><strong>Luxus Villa Paadari<\/strong>&nbsp;l\u00e4dt Sie zu einer ruhigen Oase am Seeufer in Inari ein, mit einem 80 m\u00b2 gro\u00dfen Blockhaus mit allem modernen Komfort. Es ist der perfekte R\u00fcckzugsort f\u00fcr sechs Personen und bietet eine atemberaubende Aussicht, einen Privatstrand und einen Whirlpool - und das alles in Reichweite der Nordlichter.<\/p>\n<\/div>\n<\/div>\n<\/div>\n\n\n\n<div class=\"wp-block-column has-border-color has-kenta-base-200-border-color is-layout-flow wp-block-column-is-layout-flow\">\n<div class=\"wp-block-group has-kenta-base-background-color has-background has-global-padding is-layout-constrained wp-block-group-is-layout-constrained\" style=\"border-radius:24px\">\n<figure class=\"wp-block-image size-full has-custom-border\"><a href=\"https:\/\/paadarauroravillas.com\/de\/villa-paatari\/\"><img loading=\"lazy\" decoding=\"async\" width=\"1019\" height=\"573\" src=\"https:\/\/paadarauroravillas.com\/wp-content\/uploads\/2024\/04\/Paatari-edited.jpg\" alt=\"\" class=\"wp-image-314\" style=\"border-top-left-radius:16px;border-top-right-radius:16px;border-bottom-left-radius:0px;border-bottom-right-radius:0px\" srcset=\"https:\/\/paadarauroravillas.com\/wp-content\/uploads\/2024\/04\/Paatari-edited.jpg 1019w, https:\/\/paadarauroravillas.com\/wp-content\/uploads\/2024\/04\/Paatari-edited-300x169.jpg 300w, https:\/\/paadarauroravillas.com\/wp-content\/uploads\/2024\/04\/Paatari-edited-768x432.jpg 768w, https:\/\/paadarauroravillas.com\/wp-content\/uploads\/2024\/04\/Paatari-edited-18x10.jpg 18w\" sizes=\"auto, (max-width: 1019px) 100vw, 1019px\" \/><\/a><\/figure>\n\n\n\n<div class=\"wp-block-group has-global-padding is-layout-constrained wp-container-core-group-is-layout-c7e4baee wp-block-group-is-layout-constrained\" style=\"padding-top:0;padding-right:var(--wp--preset--spacing--50);padding-bottom:var(--wp--preset--spacing--50);padding-left:var(--wp--preset--spacing--50)\">\n<h3 class=\"wp-block-heading has-text-align-center has-kenta-font-medium-font-size\" style=\"margin-top:0;margin-bottom:0\"><a href=\"https:\/\/paadarauroravillas.com\/de\/villa-paatari\/\" title=\"Villa Paatari\">Villa Paatari<\/a><\/h3>\n\n\n\n<p class=\"has-text-align-center\"><strong>Villa Paatari<\/strong>&nbsp;bietet einen ruhigen Zufluchtsort am See in Inari mit einem 80 m\u00b2 gro\u00dfen Blockhaus und einem 35 m\u00b2 gro\u00dfen Apartment, das mit modernen Annehmlichkeiten, einem Privatstrand und einem Au\u00dfen-Whirlpool ausgestattet ist. Es ist ideal f\u00fcr zehn G\u00e4ste und ein perfekter Ort, um die Natur und die Nordlichter zu genie\u00dfen.<\/p>\n<\/div>\n<\/div>\n<\/div>\n<\/div>\n\n\n\n<div class=\"wp-block-columns is-layout-flex wp-container-core-columns-is-layout-f196b389 wp-block-columns-is-layout-flex\" style=\"margin-top:0;margin-bottom:0;padding-top:var(--wp--preset--spacing--50);padding-bottom:var(--wp--preset--spacing--50)\">\n<div class=\"wp-block-column has-border-color has-kenta-base-200-border-color is-layout-flow wp-block-column-is-layout-flow\">\n<div class=\"wp-block-group has-kenta-base-background-color has-background has-global-padding is-layout-constrained wp-block-group-is-layout-constrained\" style=\"border-radius:24px\">\n<figure class=\"wp-block-image size-full has-custom-border\"><a href=\"https:\/\/paadarauroravillas.com\/de\/villa-paadari-haus\/\"><img loading=\"lazy\" decoding=\"async\" width=\"1024\" height=\"576\" src=\"https:\/\/paadarauroravillas.com\/wp-content\/uploads\/2024\/04\/Paadari-House-edited.jpg\" alt=\"\" class=\"wp-image-313\" style=\"border-top-left-radius:16px;border-top-right-radius:16px;border-bottom-left-radius:0px;border-bottom-right-radius:0px\" srcset=\"https:\/\/paadarauroravillas.com\/wp-content\/uploads\/2024\/04\/Paadari-House-edited.jpg 1024w, https:\/\/paadarauroravillas.com\/wp-content\/uploads\/2024\/04\/Paadari-House-edited-300x169.jpg 300w, https:\/\/paadarauroravillas.com\/wp-content\/uploads\/2024\/04\/Paadari-House-edited-768x432.jpg 768w, https:\/\/paadarauroravillas.com\/wp-content\/uploads\/2024\/04\/Paadari-House-edited-18x10.jpg 18w\" sizes=\"auto, (max-width: 1024px) 100vw, 1024px\" \/><\/a><\/figure>\n\n\n\n<div class=\"wp-block-group has-global-padding is-layout-constrained wp-container-core-group-is-layout-c7e4baee wp-block-group-is-layout-constrained\" style=\"padding-top:0;padding-right:var(--wp--preset--spacing--50);padding-bottom:var(--wp--preset--spacing--50);padding-left:var(--wp--preset--spacing--50)\">\n<h3 class=\"wp-block-heading has-text-align-center has-kenta-font-medium-font-size\" style=\"margin-top:0;margin-bottom:0\"><a href=\"https:\/\/paadarauroravillas.com\/de\/villa-paadari-haus\/\" title=\"Villa Paadari Haus\">Villa Paadari Haus<\/a><\/h3>\n\n\n\n<p class=\"has-text-align-center\"><strong>Villa Paadarin Haus<\/strong>\u00a0ist ein charmantes 40 m\u00b2 gro\u00dfes Blockhaus in Inari, perfekt f\u00fcr vier G\u00e4ste. Es bietet einen atemberaubenden Blick auf den See, einen Privatstrand und eine Sauna, mit einfachem Zugang von den lokalen Flugh\u00e4fen und optionalen Dienstleistungen f\u00fcr einen unvergesslichen Aufenthalt.<\/p>\n<\/div>\n<\/div>\n<\/div>\n\n\n\n<div class=\"wp-block-column has-border-color has-kenta-base-200-border-color is-layout-flow wp-block-column-is-layout-flow\">\n<div class=\"wp-block-group has-kenta-base-background-color has-background has-global-padding is-layout-constrained wp-block-group-is-layout-constrained\" style=\"border-radius:24px\">\n<figure class=\"wp-block-gallery has-nested-images columns-default is-cropped wp-block-gallery-1 is-layout-flex wp-block-gallery-is-layout-flex\">\n<figure class=\"wp-block-image size-full has-custom-border\"><a href=\"https:\/\/paadarauroravillas.com\/de\/villa-paadar\/\"><img loading=\"lazy\" decoding=\"async\" width=\"1024\" height=\"576\" data-id=\"312\" src=\"https:\/\/paadarauroravillas.com\/wp-content\/uploads\/2024\/04\/Paadar-edited-1.jpg\" alt=\"\" class=\"wp-image-312\" style=\"border-top-left-radius:16px;border-top-right-radius:16px;border-bottom-left-radius:0px;border-bottom-right-radius:0px\" srcset=\"https:\/\/paadarauroravillas.com\/wp-content\/uploads\/2024\/04\/Paadar-edited-1.jpg 1024w, https:\/\/paadarauroravillas.com\/wp-content\/uploads\/2024\/04\/Paadar-edited-1-300x169.jpg 300w, https:\/\/paadarauroravillas.com\/wp-content\/uploads\/2024\/04\/Paadar-edited-1-768x432.jpg 768w, https:\/\/paadarauroravillas.com\/wp-content\/uploads\/2024\/04\/Paadar-edited-1-18x10.jpg 18w\" sizes=\"auto, (max-width: 1024px) 100vw, 1024px\" \/><\/a><\/figure>\n<\/figure>\n\n\n\n<div class=\"wp-block-group has-global-padding is-layout-constrained wp-container-core-group-is-layout-c7e4baee wp-block-group-is-layout-constrained\" style=\"padding-top:0;padding-right:var(--wp--preset--spacing--50);padding-bottom:var(--wp--preset--spacing--50);padding-left:var(--wp--preset--spacing--50)\">\n<h3 class=\"wp-block-heading has-text-align-center has-kenta-font-medium-font-size\" style=\"margin-top:0;margin-bottom:0\"><a href=\"https:\/\/paadarauroravillas.com\/de\/villa-paadar\/\" title=\"Villa Paadar\">Villa Paadar<\/a><\/h3>\n\n\n\n<p class=\"has-text-align-center\">Flucht nach <strong>Villa Paadar<\/strong>eine luxuri\u00f6se Blockhausvilla am Paatari-See, Inari. Platz f\u00fcr acht Personen mit Annehmlichkeiten, Sauna und Jacuzzi. In der N\u00e4he von Lemmenjoki National Park, Abenteuer erwartet.<\/p>\n<\/div>\n<\/div>\n<\/div>\n<\/div>\n\n\n\n<div class=\"wp-block-columns is-layout-flex wp-container-core-columns-is-layout-f196b389 wp-block-columns-is-layout-flex\" style=\"margin-top:0;margin-bottom:0;padding-top:var(--wp--preset--spacing--50);padding-bottom:var(--wp--preset--spacing--50)\">\n<div class=\"wp-block-column has-border-color has-kenta-base-200-border-color is-layout-flow wp-block-column-is-layout-flow\">\n<div class=\"wp-block-group has-kenta-base-background-color has-background has-global-padding is-layout-constrained wp-block-group-is-layout-constrained\" style=\"border-radius:24px\">\n<figure class=\"wp-block-image size-full has-custom-border\"><img loading=\"lazy\" decoding=\"async\" width=\"1024\" height=\"498\" src=\"https:\/\/paadarauroravillas.com\/wp-content\/uploads\/2025\/07\/577268422.jpg\" alt=\"\" class=\"wp-image-682\" style=\"border-top-left-radius:16px;border-top-right-radius:16px;border-bottom-left-radius:0px;border-bottom-right-radius:0px\" srcset=\"https:\/\/paadarauroravillas.com\/wp-content\/uploads\/2025\/07\/577268422.jpg 1024w, https:\/\/paadarauroravillas.com\/wp-content\/uploads\/2025\/07\/577268422-300x146.jpg 300w, https:\/\/paadarauroravillas.com\/wp-content\/uploads\/2025\/07\/577268422-768x374.jpg 768w, https:\/\/paadarauroravillas.com\/wp-content\/uploads\/2025\/07\/577268422-18x9.jpg 18w\" sizes=\"auto, (max-width: 1024px) 100vw, 1024px\" \/><\/figure>\n\n\n\n<div class=\"wp-block-group has-global-padding is-layout-constrained wp-container-core-group-is-layout-c7e4baee wp-block-group-is-layout-constrained\" style=\"padding-top:0;padding-right:var(--wp--preset--spacing--50);padding-bottom:var(--wp--preset--spacing--50);padding-left:var(--wp--preset--spacing--50)\">\n<h3 class=\"wp-block-heading has-text-align-center has-kenta-font-medium-font-size\" style=\"margin-top:0;margin-bottom:0\"><a href=\"https:\/\/paadarauroravillas.com\/de\/villa-hakala\/\">Villa Hakala<\/a><\/h3>\n\n\n\n<p class=\"has-text-align-center\">Flucht nach <strong>Villa Hakala<\/strong>ein moderner R\u00fcckzugsort am See in Utaj\u00e4rvi. Es bietet Platz f\u00fcr vier G\u00e4ste mit atemberaubendem Seeblick, einer Sauna, einem Whirlpool und einem Pool. Umgeben von Natur und in der N\u00e4he von Outdoor-Abenteuern ist dies der perfekte Ort f\u00fcr einen Urlaub in Finnland.<\/p>\n<\/div>\n<\/div>\n<\/div>\n\n\n\n<div class=\"wp-block-column has-border-color has-kenta-base-200-border-color is-layout-flow wp-block-column-is-layout-flow\"><\/div>\n<\/div>\n<\/div><\/div>","protected":false},"excerpt":{"rendered":"","protected":false},"author":1,"featured_media":0,"parent":0,"menu_order":0,"comment_status":"closed","ping_status":"closed","template":"","meta":{"_seopress_robots_primary_cat":"","_seopress_titles_title":"Paadar Aurora Villas","_seopress_titles_desc":"Experience Lapland in one of our Exclusive Villas","_seopress_robots_index":"","site-container-style":"default","site-container-layout":"default","site-sidebar-layout":"default","site-transparent-header":"default","disable-article-header":"default","disable-site-header":"default","disable-site-footer":"default","disable-content-area-spacing":"default","footnotes":""},"class_list":["post-22","page","type-page","status-publish","hentry"],"_links":{"self":[{"href":"https:\/\/paadarauroravillas.com\/de\/wp-json\/wp\/v2\/pages\/22","targetHints":{"allow":["GET"]}}],"collection":[{"href":"https:\/\/paadarauroravillas.com\/de\/wp-json\/wp\/v2\/pages"}],"about":[{"href":"https:\/\/paadarauroravillas.com\/de\/wp-json\/wp\/v2\/types\/page"}],"author":[{"embeddable":true,"href":"https:\/\/paadarauroravillas.com\/de\/wp-json\/wp\/v2\/users\/1"}],"replies":[{"embeddable":true,"href":"https:\/\/paadarauroravillas.com\/de\/wp-json\/wp\/v2\/comments?post=22"}],"version-history":[{"count":23,"href":"https:\/\/paadarauroravillas.com\/de\/wp-json\/wp\/v2\/pages\/22\/revisions"}],"predecessor-version":[{"id":700,"href":"https:\/\/paadarauroravillas.com\/de\/wp-json\/wp\/v2\/pages\/22\/revisions\/700"}],"wp:attachment":[{"href":"https:\/\/paadarauroravillas.com\/de\/wp-json\/wp\/v2\/media?parent=22"}],"curies":[{"name":"wp","href":"https:\/\/api.w.org\/{rel}","templated":true}]}}